{"id":32431,"date":"2022-04-27T15:53:38","date_gmt":"2022-04-27T13:53:38","guid":{"rendered":"https:\/\/cortaflex.si\/izdelek\/itch-eeze-capsules-for-dogs-50g\/"},"modified":"2024-08-19T18:47:06","modified_gmt":"2024-08-19T16:47:06","slug":"itch-eeze-capsules-for-dogs-50g","status":"publish","type":"product","link":"https:\/\/tetraktis.si\/en\/izdelek\/itch-eeze-capsules-for-dogs-50g\/","title":{"rendered":"Itch Eeze  Capsules for Dogs &#8211; 50g"},"content":{"rendered":"<p>The powder is encapsulate to ensure that this product is easy to use. Each Capsule can easily be pulled apart and sprinkled\u00a0<span class=\"details\">onto any wet feed or fed whole with a piece of your dogs favourite meat.<br \/>\n<\/span><br \/>\n<strong>Itch Eeze<\/strong> <span class=\"details\">Encapsulated Powder Composition: Cinnamon, Garlic, Common Thyme, Fennel, Peppermint, Cleavers, Nettle, Slippery Elm, Quassia, Cayenne, Echincea Angustifolia.<\/span><\/p>\n<h4><span class=\"details\">How often do I feed the <strong>Itch Eeze<\/strong><strong>\u00a0<\/strong>Capsules?<\/span><\/h4>\n<ul>\n<li><span class=\"details\">Feed 1-2 Capsules per day.<\/span><\/li>\n<\/ul>\n<p><span class=\"details\">Feed every day throughout the year for continual effectiveness.<\/span><\/p>\n<p>Available in 1 size: 50g,\u00a050g will last 1 dog up to 5 months.<\/p>\n","protected":false},"excerpt":{"rendered":"<p><strong>Itch Eeze<\/strong> (previusly called Allergy-X) for Dogs has been developed in the new form of a 100% pure encapsulated blend of the herbs to assist with areas of<strong> itching and scratching on your dog.<\/strong><br \/>\nThis exciting and powerful formulation has been created by excluding <strong>potential triggers<\/strong> such as brown rice, chicken fat and potato starch that were in a previous biscuit form resulting in a more effective <strong>allergen-free product.<\/strong><\/p>\n","protected":false},"featured_media":24489,"comment_status":"open","ping_status":"closed","template":"","meta":[],"product_brand":[],"product_cat":[3323],"product_tag":[],"class_list":{"0":"post-32431","1":"product","2":"type-product","3":"status-publish","4":"has-post-thumbnail","6":"product_cat-dogs-cats","9":"first","10":"instock","11":"sale","12":"taxable","13":"shipping-taxable","14":"purchasable","15":"product-type-simple"},"yoast_head":"<!-- This site is optimized with the Yoast SEO Premium plugin v20.10 (Yoast SEO v27.3) - https:\/\/yoast.com\/product\/yoast-seo-premium-wordpress\/ -->\n<title>Itch Eeze Capsules for Dogs - 50g - Tetraktis- Equine America, Dorwest, Excel<\/title>\n<meta name=\"robots\" content=\"index, follow, max-snippet:-1, max-image-preview:large, max-video-preview:-1\" \/>\n<link rel=\"canonical\" href=\"https:\/\/tetraktis.si\/en\/izdelek\/itch-eeze-capsules-for-dogs-50g\/\" \/>\n<meta property=\"og:locale\" content=\"en_US\" \/>\n<meta property=\"og:type\" content=\"article\" \/>\n<meta property=\"og:title\" content=\"Itch Eeze Capsules for Dogs - 50g - Tetraktis- Equine America, Dorwest, Excel\" \/>\n<meta property=\"og:description\" content=\"Itch Eeze (previusly called Allergy-X) for Dogs has been developed in the new form of a 100% pure encapsulated blend of the herbs to assist with areas of itching and scratching on your dog. This exciting and powerful formulation has been created by excluding potential triggers such as brown rice, chicken fat and potato starch that were in a previous biscuit form resulting in a more effective allergen-free product.\" \/>\n<meta property=\"og:url\" content=\"https:\/\/tetraktis.si\/en\/izdelek\/itch-eeze-capsules-for-dogs-50g\/\" \/>\n<meta property=\"og:site_name\" content=\"Tetraktis- Equine America, Dorwest, Excel\" \/>\n<meta property=\"article:publisher\" content=\"https:\/\/business.facebook.com\/equineamericashop\/?business_id=193323571192825\" \/>\n<meta property=\"article:modified_time\" content=\"2024-08-19T16:47:06+00:00\" \/>\n<meta property=\"og:image\" content=\"https:\/\/tetraktis.si\/wp-content\/uploads\/2022\/04\/Dog_ItchEeze_Capsules_50g_460x.png\" \/>\n\t<meta property=\"og:image:width\" content=\"460\" \/>\n\t<meta property=\"og:image:height\" content=\"460\" \/>\n\t<meta property=\"og:image:type\" content=\"image\/png\" \/>\n<meta name=\"twitter:card\" content=\"summary_large_image\" \/>\n<meta name=\"twitter:site\" content=\"@TetraktisInfo\" \/>\n<script type=\"application\/ld+json\" class=\"yoast-schema-graph\">{\"@context\":\"https:\\\/\\\/schema.org\",\"@graph\":[{\"@type\":\"WebPage\",\"@id\":\"https:\\\/\\\/tetraktis.si\\\/en\\\/izdelek\\\/itch-eeze-capsules-for-dogs-50g\\\/\",\"url\":\"https:\\\/\\\/tetraktis.si\\\/en\\\/izdelek\\\/itch-eeze-capsules-for-dogs-50g\\\/\",\"name\":\"Itch Eeze Capsules for Dogs - 50g - Tetraktis- Equine America, Dorwest, Excel\",\"isPartOf\":{\"@id\":\"https:\\\/\\\/tetraktis.si\\\/en\\\/#website\"},\"primaryImageOfPage\":{\"@id\":\"https:\\\/\\\/tetraktis.si\\\/en\\\/izdelek\\\/itch-eeze-capsules-for-dogs-50g\\\/#primaryimage\"},\"image\":{\"@id\":\"https:\\\/\\\/tetraktis.si\\\/en\\\/izdelek\\\/itch-eeze-capsules-for-dogs-50g\\\/#primaryimage\"},\"thumbnailUrl\":\"https:\\\/\\\/tetraktis.si\\\/wp-content\\\/uploads\\\/2022\\\/04\\\/Dog_ItchEeze_Capsules_50g_460x.png\",\"datePublished\":\"2022-04-27T13:53:38+00:00\",\"dateModified\":\"2024-08-19T16:47:06+00:00\",\"breadcrumb\":{\"@id\":\"https:\\\/\\\/tetraktis.si\\\/en\\\/izdelek\\\/itch-eeze-capsules-for-dogs-50g\\\/#breadcrumb\"},\"inLanguage\":\"en-US\",\"potentialAction\":[{\"@type\":\"ReadAction\",\"target\":[\"https:\\\/\\\/tetraktis.si\\\/en\\\/izdelek\\\/itch-eeze-capsules-for-dogs-50g\\\/\"]}]},{\"@type\":\"ImageObject\",\"inLanguage\":\"en-US\",\"@id\":\"https:\\\/\\\/tetraktis.si\\\/en\\\/izdelek\\\/itch-eeze-capsules-for-dogs-50g\\\/#primaryimage\",\"url\":\"https:\\\/\\\/tetraktis.si\\\/wp-content\\\/uploads\\\/2022\\\/04\\\/Dog_ItchEeze_Capsules_50g_460x.png\",\"contentUrl\":\"https:\\\/\\\/tetraktis.si\\\/wp-content\\\/uploads\\\/2022\\\/04\\\/Dog_ItchEeze_Capsules_50g_460x.png\",\"width\":460,\"height\":460},{\"@type\":\"BreadcrumbList\",\"@id\":\"https:\\\/\\\/tetraktis.si\\\/en\\\/izdelek\\\/itch-eeze-capsules-for-dogs-50g\\\/#breadcrumb\",\"itemListElement\":[{\"@type\":\"ListItem\",\"position\":1,\"name\":\"Shop\",\"item\":\"https:\\\/\\\/tetraktis.si\\\/en\\\/shop-3\\\/\"},{\"@type\":\"ListItem\",\"position\":2,\"name\":\"Itch Eeze Capsules for Dogs &#8211; 50g\"}]},{\"@type\":\"WebSite\",\"@id\":\"https:\\\/\\\/tetraktis.si\\\/en\\\/#website\",\"url\":\"https:\\\/\\\/tetraktis.si\\\/en\\\/\",\"name\":\"Tetraktis- Equine America, Dorwest, Excel\",\"description\":\"Samo najbolj\u0161e za va\u0161e \u017eivali\",\"publisher\":{\"@id\":\"https:\\\/\\\/tetraktis.si\\\/en\\\/#organization\"},\"potentialAction\":[{\"@type\":\"SearchAction\",\"target\":{\"@type\":\"EntryPoint\",\"urlTemplate\":\"https:\\\/\\\/tetraktis.si\\\/en\\\/?s={search_term_string}\"},\"query-input\":{\"@type\":\"PropertyValueSpecification\",\"valueRequired\":true,\"valueName\":\"search_term_string\"}}],\"inLanguage\":\"en-US\"},{\"@type\":\"Organization\",\"@id\":\"https:\\\/\\\/tetraktis.si\\\/en\\\/#organization\",\"name\":\"Tetraktis\",\"url\":\"https:\\\/\\\/tetraktis.si\\\/en\\\/\",\"logo\":{\"@type\":\"ImageObject\",\"inLanguage\":\"en-US\",\"@id\":\"https:\\\/\\\/tetraktis.si\\\/en\\\/#\\\/schema\\\/logo\\\/image\\\/\",\"url\":\"https:\\\/\\\/tetraktis.si\\\/wp-content\\\/uploads\\\/2022\\\/06\\\/logo.webp\",\"contentUrl\":\"https:\\\/\\\/tetraktis.si\\\/wp-content\\\/uploads\\\/2022\\\/06\\\/logo.webp\",\"width\":400,\"height\":211,\"caption\":\"Tetraktis\"},\"image\":{\"@id\":\"https:\\\/\\\/tetraktis.si\\\/en\\\/#\\\/schema\\\/logo\\\/image\\\/\"},\"sameAs\":[\"https:\\\/\\\/business.facebook.com\\\/equineamericashop\\\/?business_id=193323571192825\",\"https:\\\/\\\/x.com\\\/TetraktisInfo\",\"https:\\\/\\\/www.instagram.com\\\/tetraktisslovenija\\\/\",\"https:\\\/\\\/www.youtube.com\\\/channel\\\/UCk_PdKMdtpZ4pf0RRFL1vYA\"]}]}<\/script>\n<!-- \/ Yoast SEO Premium plugin. -->","yoast_head_json":{"title":"Itch Eeze Capsules for Dogs - 50g - Tetraktis- Equine America, Dorwest, Excel","robots":{"index":"index","follow":"follow","max-snippet":"max-snippet:-1","max-image-preview":"max-image-preview:large","max-video-preview":"max-video-preview:-1"},"canonical":"https:\/\/tetraktis.si\/en\/izdelek\/itch-eeze-capsules-for-dogs-50g\/","og_locale":"en_US","og_type":"article","og_title":"Itch Eeze Capsules for Dogs - 50g - Tetraktis- Equine America, Dorwest, Excel","og_description":"Itch Eeze (previusly called Allergy-X) for Dogs has been developed in the new form of a 100% pure encapsulated blend of the herbs to assist with areas of itching and scratching on your dog. This exciting and powerful formulation has been created by excluding potential triggers such as brown rice, chicken fat and potato starch that were in a previous biscuit form resulting in a more effective allergen-free product.","og_url":"https:\/\/tetraktis.si\/en\/izdelek\/itch-eeze-capsules-for-dogs-50g\/","og_site_name":"Tetraktis- Equine America, Dorwest, Excel","article_publisher":"https:\/\/business.facebook.com\/equineamericashop\/?business_id=193323571192825","article_modified_time":"2024-08-19T16:47:06+00:00","og_image":[{"width":460,"height":460,"url":"https:\/\/tetraktis.si\/wp-content\/uploads\/2022\/04\/Dog_ItchEeze_Capsules_50g_460x.png","type":"image\/png"}],"twitter_card":"summary_large_image","twitter_site":"@TetraktisInfo","schema":{"@context":"https:\/\/schema.org","@graph":[{"@type":"WebPage","@id":"https:\/\/tetraktis.si\/en\/izdelek\/itch-eeze-capsules-for-dogs-50g\/","url":"https:\/\/tetraktis.si\/en\/izdelek\/itch-eeze-capsules-for-dogs-50g\/","name":"Itch Eeze Capsules for Dogs - 50g - Tetraktis- Equine America, Dorwest, Excel","isPartOf":{"@id":"https:\/\/tetraktis.si\/en\/#website"},"primaryImageOfPage":{"@id":"https:\/\/tetraktis.si\/en\/izdelek\/itch-eeze-capsules-for-dogs-50g\/#primaryimage"},"image":{"@id":"https:\/\/tetraktis.si\/en\/izdelek\/itch-eeze-capsules-for-dogs-50g\/#primaryimage"},"thumbnailUrl":"https:\/\/tetraktis.si\/wp-content\/uploads\/2022\/04\/Dog_ItchEeze_Capsules_50g_460x.png","datePublished":"2022-04-27T13:53:38+00:00","dateModified":"2024-08-19T16:47:06+00:00","breadcrumb":{"@id":"https:\/\/tetraktis.si\/en\/izdelek\/itch-eeze-capsules-for-dogs-50g\/#breadcrumb"},"inLanguage":"en-US","potentialAction":[{"@type":"ReadAction","target":["https:\/\/tetraktis.si\/en\/izdelek\/itch-eeze-capsules-for-dogs-50g\/"]}]},{"@type":"ImageObject","inLanguage":"en-US","@id":"https:\/\/tetraktis.si\/en\/izdelek\/itch-eeze-capsules-for-dogs-50g\/#primaryimage","url":"https:\/\/tetraktis.si\/wp-content\/uploads\/2022\/04\/Dog_ItchEeze_Capsules_50g_460x.png","contentUrl":"https:\/\/tetraktis.si\/wp-content\/uploads\/2022\/04\/Dog_ItchEeze_Capsules_50g_460x.png","width":460,"height":460},{"@type":"BreadcrumbList","@id":"https:\/\/tetraktis.si\/en\/izdelek\/itch-eeze-capsules-for-dogs-50g\/#breadcrumb","itemListElement":[{"@type":"ListItem","position":1,"name":"Shop","item":"https:\/\/tetraktis.si\/en\/shop-3\/"},{"@type":"ListItem","position":2,"name":"Itch Eeze Capsules for Dogs &#8211; 50g"}]},{"@type":"WebSite","@id":"https:\/\/tetraktis.si\/en\/#website","url":"https:\/\/tetraktis.si\/en\/","name":"Tetraktis- Equine America, Dorwest, Excel","description":"Samo najbolj\u0161e za va\u0161e \u017eivali","publisher":{"@id":"https:\/\/tetraktis.si\/en\/#organization"},"potentialAction":[{"@type":"SearchAction","target":{"@type":"EntryPoint","urlTemplate":"https:\/\/tetraktis.si\/en\/?s={search_term_string}"},"query-input":{"@type":"PropertyValueSpecification","valueRequired":true,"valueName":"search_term_string"}}],"inLanguage":"en-US"},{"@type":"Organization","@id":"https:\/\/tetraktis.si\/en\/#organization","name":"Tetraktis","url":"https:\/\/tetraktis.si\/en\/","logo":{"@type":"ImageObject","inLanguage":"en-US","@id":"https:\/\/tetraktis.si\/en\/#\/schema\/logo\/image\/","url":"https:\/\/tetraktis.si\/wp-content\/uploads\/2022\/06\/logo.webp","contentUrl":"https:\/\/tetraktis.si\/wp-content\/uploads\/2022\/06\/logo.webp","width":400,"height":211,"caption":"Tetraktis"},"image":{"@id":"https:\/\/tetraktis.si\/en\/#\/schema\/logo\/image\/"},"sameAs":["https:\/\/business.facebook.com\/equineamericashop\/?business_id=193323571192825","https:\/\/x.com\/TetraktisInfo","https:\/\/www.instagram.com\/tetraktisslovenija\/","https:\/\/www.youtube.com\/channel\/UCk_PdKMdtpZ4pf0RRFL1vYA"]}]}},"_links":{"self":[{"href":"https:\/\/tetraktis.si\/en\/wp-json\/wp\/v2\/product\/32431","targetHints":{"allow":["GET"]}}],"collection":[{"href":"https:\/\/tetraktis.si\/en\/wp-json\/wp\/v2\/product"}],"about":[{"href":"https:\/\/tetraktis.si\/en\/wp-json\/wp\/v2\/types\/product"}],"replies":[{"embeddable":true,"href":"https:\/\/tetraktis.si\/en\/wp-json\/wp\/v2\/comments?post=32431"}],"version-history":[{"count":3,"href":"https:\/\/tetraktis.si\/en\/wp-json\/wp\/v2\/product\/32431\/revisions"}],"predecessor-version":[{"id":35528,"href":"https:\/\/tetraktis.si\/en\/wp-json\/wp\/v2\/product\/32431\/revisions\/35528"}],"wp:featuredmedia":[{"embeddable":true,"href":"https:\/\/tetraktis.si\/en\/wp-json\/wp\/v2\/media\/24489"}],"wp:attachment":[{"href":"https:\/\/tetraktis.si\/en\/wp-json\/wp\/v2\/media?parent=32431"}],"wp:term":[{"taxonomy":"product_brand","embeddable":true,"href":"https:\/\/tetraktis.si\/en\/wp-json\/wp\/v2\/product_brand?post=32431"},{"taxonomy":"product_cat","embeddable":true,"href":"https:\/\/tetraktis.si\/en\/wp-json\/wp\/v2\/product_cat?post=32431"},{"taxonomy":"product_tag","embeddable":true,"href":"https:\/\/tetraktis.si\/en\/wp-json\/wp\/v2\/product_tag?post=32431"}],"curies":[{"name":"wp","href":"https:\/\/api.w.org\/{rel}","templated":true}]}}