{"id":32429,"date":"2022-04-27T15:52:58","date_gmt":"2022-04-27T13:52:58","guid":{"rendered":"https:\/\/cortaflex.si\/izdelek\/no-more-moods-solution-1-ltr\/"},"modified":"2023-03-28T09:02:23","modified_gmt":"2023-03-28T07:02:23","slug":"no-more-moods-solution-1-ltr","status":"publish","type":"product","link":"https:\/\/tetraktis.si\/en\/izdelek\/no-more-moods-solution-1-ltr\/","title":{"rendered":"No more moods solution 1 ltr"},"content":{"rendered":"<div id=\"ProductHeading\">\n<p>Hormone imbalances in mares can lead to &#8216;stroppy&#8217;, unwilling behavior, sometimes making a horse difficult to handle and resulting in a reduction in performance.<\/p>\n<h2>What are the benefits of No More Moods\u2122 Solution?<\/h2>\n<p>Hormonal balance (chaste tree extract)<br \/>\nMuscle tension (magnesium)<br \/>\nNerve function (vitamin B1)<\/p>\n<p>A healthy <strong>hormone level<\/strong> in <strong>mares<\/strong> may avoid stroppy, unwilling behavior, which sometimes makes a<strong> horse<\/strong> difficult to handle and results in a reduction in performance.<\/p>\n<p>Similarly, a healthy <strong>hormone<\/strong> level in a <strong>stallion<\/strong> may reduce aggression.<\/p>\n<\/div>\n<div class=\"prodContent\">\n<p><strong>No more moods<\/strong> contain liquid Chaste Berry, a plant that has been recognized for many years for its benefits in supporting <strong>correct hormone levels<\/strong>.<\/p>\n<p>Use <strong>No More Moods<\/strong> daily to<strong> calm your stallion<\/strong> or turn your <strong>\u2018nightmare into a nice mare\u2019.<\/strong><\/p>\n<p>Available in 1000 ml (a two-month supply).<\/p>\n<p><strong>Directions for use<\/strong>: For 500kg horse; for initial five days: 30ml per day. Thereafter; 15ml per day. Maximum: 30ml per day.<\/p>\n<p><strong>Key Ingredients per 15ml Maintenance Serving<\/strong>: Vitamin B150mg,Magnesium 500mg, Chastetree Extract 2,500mg.<\/p>\n<p><strong>Additives (per litre)<\/strong>: Nutritional additives: Vitamins: Vitamin B1 (3a820) 3300mg. Sensory additives: 2b Chastetree extract 166,700mg.<\/p>\n<p><strong>Composition<\/strong>: Water, Magnesium Sulphate (4.55%), Dextrose.<\/p>\n<p><strong>Analytical Constituents<\/strong>: Moisture 91.7%, Crude Ash 2.1%, Crude Oils &amp; Fats &lt;0.3%, Crude Protein 3.8%, Crude Fibre &lt;0.1%, Sodium &lt;1.0%<\/p>\n<p><strong>Not suitable for pregnant mares.<\/strong><\/p>\n<\/div>\n","protected":false},"excerpt":{"rendered":"<div id=\"ProductHeading\">\n<h2>Nightmare to Nice Mare!<\/h2>\n<\/div>\n<div class=\"prodContent\">\n<p><strong>No more moods<\/strong> contains liquid<strong> Chaste Berry,<\/strong> a plant which has been recognised for many years for its benefits in supporting correct <strong>hormone<\/strong> levels .<\/p>\n<p>&nbsp;<\/p>\n<\/div>\n","protected":false},"featured_media":24361,"comment_status":"open","ping_status":"closed","template":"","meta":[],"product_brand":[322],"product_cat":[3338,3326,3315],"product_tag":[],"class_list":{"0":"post-32429","1":"product","2":"type-product","3":"status-publish","4":"has-post-thumbnail","6":"product_brand-equine-america","7":"product_cat-behavioural","8":"product_cat-products-onsale-horses","9":"product_cat-wellbeing","12":"first","13":"instock","14":"taxable","15":"shipping-taxable","16":"purchasable","17":"product-type-simple"},"yoast_head":"<!-- This site is optimized with the Yoast SEO Premium plugin v20.10 (Yoast SEO v27.3) - https:\/\/yoast.com\/product\/yoast-seo-premium-wordpress\/ -->\n<title>No more moods solution 1 ltr -<\/title>\n<meta name=\"description\" content=\"No more moods contain liquid Chaste Berry, a plant that has been recognized for many years for its benefits in supporting hormone levels.\" \/>\n<meta name=\"robots\" content=\"index, follow, max-snippet:-1, max-image-preview:large, max-video-preview:-1\" \/>\n<link rel=\"canonical\" href=\"https:\/\/tetraktis.si\/en\/izdelek\/no-more-moods-solution-1-ltr\/\" \/>\n<meta property=\"og:locale\" content=\"en_US\" \/>\n<meta property=\"og:type\" content=\"article\" \/>\n<meta property=\"og:title\" content=\"No more moods solution 1 ltr -\" \/>\n<meta property=\"og:description\" content=\"No more moods contain liquid Chaste Berry, a plant that has been recognized for many years for its benefits in supporting hormone levels.\" \/>\n<meta property=\"og:url\" content=\"https:\/\/tetraktis.si\/en\/izdelek\/no-more-moods-solution-1-ltr\/\" \/>\n<meta property=\"og:site_name\" content=\"Tetraktis- Equine America, Dorwest, Excel\" \/>\n<meta property=\"article:publisher\" content=\"https:\/\/business.facebook.com\/equineamericashop\/?business_id=193323571192825\" \/>\n<meta property=\"article:modified_time\" content=\"2023-03-28T07:02:23+00:00\" \/>\n<meta property=\"og:image\" content=\"https:\/\/tetraktis.si\/wp-content\/uploads\/2022\/04\/No-More-Moods-Sirup-1lt.jpg\" \/>\n\t<meta property=\"og:image:width\" content=\"924\" \/>\n\t<meta property=\"og:image:height\" content=\"924\" \/>\n\t<meta property=\"og:image:type\" content=\"image\/jpeg\" \/>\n<meta name=\"twitter:card\" content=\"summary_large_image\" \/>\n<meta name=\"twitter:site\" content=\"@TetraktisInfo\" \/>\n<meta name=\"twitter:label1\" content=\"Est. reading time\" \/>\n\t<meta name=\"twitter:data1\" content=\"1 minute\" \/>\n<script type=\"application\/ld+json\" class=\"yoast-schema-graph\">{\"@context\":\"https:\\\/\\\/schema.org\",\"@graph\":[{\"@type\":\"WebPage\",\"@id\":\"https:\\\/\\\/tetraktis.si\\\/en\\\/izdelek\\\/no-more-moods-solution-1-ltr\\\/\",\"url\":\"https:\\\/\\\/tetraktis.si\\\/en\\\/izdelek\\\/no-more-moods-solution-1-ltr\\\/\",\"name\":\"No more moods solution 1 ltr -\",\"isPartOf\":{\"@id\":\"https:\\\/\\\/tetraktis.si\\\/en\\\/#website\"},\"primaryImageOfPage\":{\"@id\":\"https:\\\/\\\/tetraktis.si\\\/en\\\/izdelek\\\/no-more-moods-solution-1-ltr\\\/#primaryimage\"},\"image\":{\"@id\":\"https:\\\/\\\/tetraktis.si\\\/en\\\/izdelek\\\/no-more-moods-solution-1-ltr\\\/#primaryimage\"},\"thumbnailUrl\":\"https:\\\/\\\/tetraktis.si\\\/wp-content\\\/uploads\\\/2022\\\/04\\\/No-More-Moods-Sirup-1lt.jpg\",\"datePublished\":\"2022-04-27T13:52:58+00:00\",\"dateModified\":\"2023-03-28T07:02:23+00:00\",\"description\":\"No more moods contain liquid Chaste Berry, a plant that has been recognized for many years for its benefits in supporting hormone levels.\",\"breadcrumb\":{\"@id\":\"https:\\\/\\\/tetraktis.si\\\/en\\\/izdelek\\\/no-more-moods-solution-1-ltr\\\/#breadcrumb\"},\"inLanguage\":\"en-US\",\"potentialAction\":[{\"@type\":\"ReadAction\",\"target\":[\"https:\\\/\\\/tetraktis.si\\\/en\\\/izdelek\\\/no-more-moods-solution-1-ltr\\\/\"]}]},{\"@type\":\"ImageObject\",\"inLanguage\":\"en-US\",\"@id\":\"https:\\\/\\\/tetraktis.si\\\/en\\\/izdelek\\\/no-more-moods-solution-1-ltr\\\/#primaryimage\",\"url\":\"https:\\\/\\\/tetraktis.si\\\/wp-content\\\/uploads\\\/2022\\\/04\\\/No-More-Moods-Sirup-1lt.jpg\",\"contentUrl\":\"https:\\\/\\\/tetraktis.si\\\/wp-content\\\/uploads\\\/2022\\\/04\\\/No-More-Moods-Sirup-1lt.jpg\",\"width\":924,\"height\":924,\"caption\":\"No more moods za muhaste kobile od Equine America\"},{\"@type\":\"BreadcrumbList\",\"@id\":\"https:\\\/\\\/tetraktis.si\\\/en\\\/izdelek\\\/no-more-moods-solution-1-ltr\\\/#breadcrumb\",\"itemListElement\":[{\"@type\":\"ListItem\",\"position\":1,\"name\":\"Shop\",\"item\":\"https:\\\/\\\/tetraktis.si\\\/en\\\/shop-3\\\/\"},{\"@type\":\"ListItem\",\"position\":2,\"name\":\"No more moods solution 1 ltr\"}]},{\"@type\":\"WebSite\",\"@id\":\"https:\\\/\\\/tetraktis.si\\\/en\\\/#website\",\"url\":\"https:\\\/\\\/tetraktis.si\\\/en\\\/\",\"name\":\"Tetraktis- Equine America, Dorwest, Excel\",\"description\":\"Samo najbolj\u0161e za va\u0161e \u017eivali\",\"publisher\":{\"@id\":\"https:\\\/\\\/tetraktis.si\\\/en\\\/#organization\"},\"potentialAction\":[{\"@type\":\"SearchAction\",\"target\":{\"@type\":\"EntryPoint\",\"urlTemplate\":\"https:\\\/\\\/tetraktis.si\\\/en\\\/?s={search_term_string}\"},\"query-input\":{\"@type\":\"PropertyValueSpecification\",\"valueRequired\":true,\"valueName\":\"search_term_string\"}}],\"inLanguage\":\"en-US\"},{\"@type\":\"Organization\",\"@id\":\"https:\\\/\\\/tetraktis.si\\\/en\\\/#organization\",\"name\":\"Tetraktis\",\"url\":\"https:\\\/\\\/tetraktis.si\\\/en\\\/\",\"logo\":{\"@type\":\"ImageObject\",\"inLanguage\":\"en-US\",\"@id\":\"https:\\\/\\\/tetraktis.si\\\/en\\\/#\\\/schema\\\/logo\\\/image\\\/\",\"url\":\"https:\\\/\\\/tetraktis.si\\\/wp-content\\\/uploads\\\/2022\\\/06\\\/logo.webp\",\"contentUrl\":\"https:\\\/\\\/tetraktis.si\\\/wp-content\\\/uploads\\\/2022\\\/06\\\/logo.webp\",\"width\":400,\"height\":211,\"caption\":\"Tetraktis\"},\"image\":{\"@id\":\"https:\\\/\\\/tetraktis.si\\\/en\\\/#\\\/schema\\\/logo\\\/image\\\/\"},\"sameAs\":[\"https:\\\/\\\/business.facebook.com\\\/equineamericashop\\\/?business_id=193323571192825\",\"https:\\\/\\\/x.com\\\/TetraktisInfo\",\"https:\\\/\\\/www.instagram.com\\\/tetraktisslovenija\\\/\",\"https:\\\/\\\/www.youtube.com\\\/channel\\\/UCk_PdKMdtpZ4pf0RRFL1vYA\"]}]}<\/script>\n<!-- \/ Yoast SEO Premium plugin. -->","yoast_head_json":{"title":"No more moods solution 1 ltr -","description":"No more moods contain liquid Chaste Berry, a plant that has been recognized for many years for its benefits in supporting hormone levels.","robots":{"index":"index","follow":"follow","max-snippet":"max-snippet:-1","max-image-preview":"max-image-preview:large","max-video-preview":"max-video-preview:-1"},"canonical":"https:\/\/tetraktis.si\/en\/izdelek\/no-more-moods-solution-1-ltr\/","og_locale":"en_US","og_type":"article","og_title":"No more moods solution 1 ltr -","og_description":"No more moods contain liquid Chaste Berry, a plant that has been recognized for many years for its benefits in supporting hormone levels.","og_url":"https:\/\/tetraktis.si\/en\/izdelek\/no-more-moods-solution-1-ltr\/","og_site_name":"Tetraktis- Equine America, Dorwest, Excel","article_publisher":"https:\/\/business.facebook.com\/equineamericashop\/?business_id=193323571192825","article_modified_time":"2023-03-28T07:02:23+00:00","og_image":[{"width":924,"height":924,"url":"https:\/\/tetraktis.si\/wp-content\/uploads\/2022\/04\/No-More-Moods-Sirup-1lt.jpg","type":"image\/jpeg"}],"twitter_card":"summary_large_image","twitter_site":"@TetraktisInfo","twitter_misc":{"Est. reading time":"1 minute"},"schema":{"@context":"https:\/\/schema.org","@graph":[{"@type":"WebPage","@id":"https:\/\/tetraktis.si\/en\/izdelek\/no-more-moods-solution-1-ltr\/","url":"https:\/\/tetraktis.si\/en\/izdelek\/no-more-moods-solution-1-ltr\/","name":"No more moods solution 1 ltr -","isPartOf":{"@id":"https:\/\/tetraktis.si\/en\/#website"},"primaryImageOfPage":{"@id":"https:\/\/tetraktis.si\/en\/izdelek\/no-more-moods-solution-1-ltr\/#primaryimage"},"image":{"@id":"https:\/\/tetraktis.si\/en\/izdelek\/no-more-moods-solution-1-ltr\/#primaryimage"},"thumbnailUrl":"https:\/\/tetraktis.si\/wp-content\/uploads\/2022\/04\/No-More-Moods-Sirup-1lt.jpg","datePublished":"2022-04-27T13:52:58+00:00","dateModified":"2023-03-28T07:02:23+00:00","description":"No more moods contain liquid Chaste Berry, a plant that has been recognized for many years for its benefits in supporting hormone levels.","breadcrumb":{"@id":"https:\/\/tetraktis.si\/en\/izdelek\/no-more-moods-solution-1-ltr\/#breadcrumb"},"inLanguage":"en-US","potentialAction":[{"@type":"ReadAction","target":["https:\/\/tetraktis.si\/en\/izdelek\/no-more-moods-solution-1-ltr\/"]}]},{"@type":"ImageObject","inLanguage":"en-US","@id":"https:\/\/tetraktis.si\/en\/izdelek\/no-more-moods-solution-1-ltr\/#primaryimage","url":"https:\/\/tetraktis.si\/wp-content\/uploads\/2022\/04\/No-More-Moods-Sirup-1lt.jpg","contentUrl":"https:\/\/tetraktis.si\/wp-content\/uploads\/2022\/04\/No-More-Moods-Sirup-1lt.jpg","width":924,"height":924,"caption":"No more moods za muhaste kobile od Equine America"},{"@type":"BreadcrumbList","@id":"https:\/\/tetraktis.si\/en\/izdelek\/no-more-moods-solution-1-ltr\/#breadcrumb","itemListElement":[{"@type":"ListItem","position":1,"name":"Shop","item":"https:\/\/tetraktis.si\/en\/shop-3\/"},{"@type":"ListItem","position":2,"name":"No more moods solution 1 ltr"}]},{"@type":"WebSite","@id":"https:\/\/tetraktis.si\/en\/#website","url":"https:\/\/tetraktis.si\/en\/","name":"Tetraktis- Equine America, Dorwest, Excel","description":"Samo najbolj\u0161e za va\u0161e \u017eivali","publisher":{"@id":"https:\/\/tetraktis.si\/en\/#organization"},"potentialAction":[{"@type":"SearchAction","target":{"@type":"EntryPoint","urlTemplate":"https:\/\/tetraktis.si\/en\/?s={search_term_string}"},"query-input":{"@type":"PropertyValueSpecification","valueRequired":true,"valueName":"search_term_string"}}],"inLanguage":"en-US"},{"@type":"Organization","@id":"https:\/\/tetraktis.si\/en\/#organization","name":"Tetraktis","url":"https:\/\/tetraktis.si\/en\/","logo":{"@type":"ImageObject","inLanguage":"en-US","@id":"https:\/\/tetraktis.si\/en\/#\/schema\/logo\/image\/","url":"https:\/\/tetraktis.si\/wp-content\/uploads\/2022\/06\/logo.webp","contentUrl":"https:\/\/tetraktis.si\/wp-content\/uploads\/2022\/06\/logo.webp","width":400,"height":211,"caption":"Tetraktis"},"image":{"@id":"https:\/\/tetraktis.si\/en\/#\/schema\/logo\/image\/"},"sameAs":["https:\/\/business.facebook.com\/equineamericashop\/?business_id=193323571192825","https:\/\/x.com\/TetraktisInfo","https:\/\/www.instagram.com\/tetraktisslovenija\/","https:\/\/www.youtube.com\/channel\/UCk_PdKMdtpZ4pf0RRFL1vYA"]}]}},"_links":{"self":[{"href":"https:\/\/tetraktis.si\/en\/wp-json\/wp\/v2\/product\/32429","targetHints":{"allow":["GET"]}}],"collection":[{"href":"https:\/\/tetraktis.si\/en\/wp-json\/wp\/v2\/product"}],"about":[{"href":"https:\/\/tetraktis.si\/en\/wp-json\/wp\/v2\/types\/product"}],"replies":[{"embeddable":true,"href":"https:\/\/tetraktis.si\/en\/wp-json\/wp\/v2\/comments?post=32429"}],"version-history":[{"count":1,"href":"https:\/\/tetraktis.si\/en\/wp-json\/wp\/v2\/product\/32429\/revisions"}],"predecessor-version":[{"id":37097,"href":"https:\/\/tetraktis.si\/en\/wp-json\/wp\/v2\/product\/32429\/revisions\/37097"}],"wp:featuredmedia":[{"embeddable":true,"href":"https:\/\/tetraktis.si\/en\/wp-json\/wp\/v2\/media\/24361"}],"wp:attachment":[{"href":"https:\/\/tetraktis.si\/en\/wp-json\/wp\/v2\/media?parent=32429"}],"wp:term":[{"taxonomy":"product_brand","embeddable":true,"href":"https:\/\/tetraktis.si\/en\/wp-json\/wp\/v2\/product_brand?post=32429"},{"taxonomy":"product_cat","embeddable":true,"href":"https:\/\/tetraktis.si\/en\/wp-json\/wp\/v2\/product_cat?post=32429"},{"taxonomy":"product_tag","embeddable":true,"href":"https:\/\/tetraktis.si\/en\/wp-json\/wp\/v2\/product_tag?post=32429"}],"curies":[{"name":"wp","href":"https:\/\/api.w.org\/{rel}","templated":true}]}}