{"id":32411,"date":"2022-04-27T15:52:58","date_gmt":"2022-04-27T13:52:58","guid":{"rendered":"https:\/\/cortaflex.si\/izdelek\/tye-gard-solution-vitamin-e-selenium\/"},"modified":"2024-09-06T11:42:10","modified_gmt":"2024-09-06T09:42:10","slug":"tye-gard-solution-vitamin-e-selenium","status":"publish","type":"product","link":"https:\/\/tetraktis.si\/en\/izdelek\/tye-gard-solution-vitamin-e-selenium\/","title":{"rendered":"Tye Gard\u00ae Solution (vitamin E, selenium)"},"content":{"rendered":"<h1><strong>TYE GARD- <\/strong><strong>\u00a0\u00a0<\/strong>FOR HEALTHY EQUINE MUSCLE FUNCTION<\/h1>\n<p>Tye Gard contains highly absorbable human grade <strong>Vitamin E and Selenium<\/strong>, which are involved in the health of muscle tissue, allowing the muscle to work more effectively at full capacity.<\/p>\n<p>Fast exercise produces lactic acid in the muscle and as a result, many horses suffer from muscle stiffness or cramps during, or after work, leaving the horses looking \u2018tucked up\u2019.<\/p>\n<p>The recommended serving conforms to the EU limits for Selenium supplementation.<\/p>\n<p>Use Tye Gard daily for horses in high levels of training or competition to ensure optimum muscle health.<\/p>\n<p>Available in 1 Ltr (33 days supply at maintenance) and also 5ltr .<\/p>\n<p><strong>Please note the\u00a0new colour,\u00a0 Our UK NOPS approved manufacturers do not use any artificail colourings.<\/strong><\/p>\n<h2>Tye Gard- A complementary feed for horses designed to support muscle function as part of a balanced diet.<\/h2>\n<p><strong>Feeding Directions:<\/strong> For a 500kg horse; 30ml per day. Day before and morning of event: 60ml. Thereafter; 30ml per day.<\/p>\n<p><strong>Additives (per litre):<\/strong> Nutritional additives: Trace elements: Copper 1700mg (Copper (II) chelate of glycine hydrate (liquid) 3b414), Selenium 25mg (sodium selenite 3b801). Vitamins: Vitamin E<br \/>\n(3a700) 33,333mg. Sensory additives: Glycine (2b17034) 33,300mg.<\/p>\n<p><strong>Composition:<\/strong> Melon Pulp, Beetroot Powder, Calcium Gluconate.<\/p>\n<p><strong>Analytical Constituents<\/strong>: Crude Protein 9.0%, Crude Oil &lt;1.0%, Sodium &lt;1.0%, Crude Fibre &lt;1.0%, Crude Ash &lt;1.0%, Moisture 71.5%.<\/p>\n","protected":false},"excerpt":{"rendered":"<p>Fast exercise produces <strong>lactic acid<\/strong> in the <strong>muscle<\/strong> and as a result, many <strong>horses<\/strong> suffer from <strong>muscle stiffness<\/strong> or <strong>cramps<\/strong> during, or after work, leaving the <strong>horses<\/strong> looking &#8216;tucked up&#8217;.<\/p>\n<p><strong>Tye-Gard\u00ae<\/strong> contains a highly absorbable human grade <strong>Vitamin E and Selenium,<\/strong> two vitamins involved in the health of muscle tissue, allowing the muscle to work more effectively at full capacity.<\/p>\n","protected":false},"featured_media":24380,"comment_status":"open","ping_status":"closed","template":"","meta":[],"product_brand":[322],"product_cat":[3312,3313,3326],"product_tag":[],"class_list":{"0":"post-32411","1":"product","2":"type-product","3":"status-publish","4":"has-post-thumbnail","6":"product_brand-equine-america","7":"product_cat-bones-muscles","8":"product_cat-competition","9":"product_cat-products-onsale-horses","12":"first","13":"instock","14":"taxable","15":"shipping-taxable","16":"purchasable","17":"product-type-variable","18":"has-default-attributes"},"yoast_head":"<!-- This site is optimized with the Yoast SEO Premium plugin v20.10 (Yoast SEO v27.3) - https:\/\/yoast.com\/product\/yoast-seo-premium-wordpress\/ -->\n<title>Tye Gard (Vitamin E and selenium) for muscle stiffness or cramps<\/title>\n<meta name=\"description\" content=\"Tye Gard contains a highly absorbable human grade Vitamin E and Selenium, tissue, two vitamins involved in the health of muscle tissue.\" \/>\n<meta name=\"robots\" content=\"index, follow, max-snippet:-1, max-image-preview:large, max-video-preview:-1\" \/>\n<link rel=\"canonical\" href=\"https:\/\/tetraktis.si\/en\/izdelek\/tye-gard-solution-vitamin-e-selenium\/\" \/>\n<meta property=\"og:locale\" content=\"en_US\" \/>\n<meta property=\"og:type\" content=\"article\" \/>\n<meta property=\"og:title\" content=\"Tye Gard (Vitamin E and selenium) for muscle stiffness or cramps\" \/>\n<meta property=\"og:description\" content=\"Tye Gard contains a highly absorbable human grade Vitamin E and Selenium, tissue, two vitamins involved in the health of muscle tissue.\" \/>\n<meta property=\"og:url\" content=\"https:\/\/tetraktis.si\/en\/izdelek\/tye-gard-solution-vitamin-e-selenium\/\" \/>\n<meta property=\"og:site_name\" content=\"Tetraktis- Equine America, Dorwest, Excel\" \/>\n<meta property=\"article:publisher\" content=\"https:\/\/business.facebook.com\/equineamericashop\/?business_id=193323571192825\" \/>\n<meta property=\"article:modified_time\" content=\"2024-09-06T09:42:10+00:00\" \/>\n<meta property=\"og:image\" content=\"https:\/\/tetraktis.si\/wp-content\/uploads\/2022\/04\/TYE-GARD.jpg\" \/>\n\t<meta property=\"og:image:width\" content=\"924\" \/>\n\t<meta property=\"og:image:height\" content=\"924\" \/>\n\t<meta property=\"og:image:type\" content=\"image\/jpeg\" \/>\n<meta name=\"twitter:card\" content=\"summary_large_image\" \/>\n<meta name=\"twitter:site\" content=\"@TetraktisInfo\" \/>\n<meta name=\"twitter:label1\" content=\"Est. reading time\" \/>\n\t<meta name=\"twitter:data1\" content=\"1 minute\" \/>\n<script type=\"application\/ld+json\" class=\"yoast-schema-graph\">{\"@context\":\"https:\\\/\\\/schema.org\",\"@graph\":[{\"@type\":\"WebPage\",\"@id\":\"https:\\\/\\\/tetraktis.si\\\/en\\\/izdelek\\\/tye-gard-solution-vitamin-e-selenium\\\/\",\"url\":\"https:\\\/\\\/tetraktis.si\\\/en\\\/izdelek\\\/tye-gard-solution-vitamin-e-selenium\\\/\",\"name\":\"Tye Gard (Vitamin E and selenium) for muscle stiffness or cramps\",\"isPartOf\":{\"@id\":\"https:\\\/\\\/tetraktis.si\\\/en\\\/#website\"},\"primaryImageOfPage\":{\"@id\":\"https:\\\/\\\/tetraktis.si\\\/en\\\/izdelek\\\/tye-gard-solution-vitamin-e-selenium\\\/#primaryimage\"},\"image\":{\"@id\":\"https:\\\/\\\/tetraktis.si\\\/en\\\/izdelek\\\/tye-gard-solution-vitamin-e-selenium\\\/#primaryimage\"},\"thumbnailUrl\":\"https:\\\/\\\/tetraktis.si\\\/wp-content\\\/uploads\\\/2022\\\/04\\\/TYE-GARD.jpg\",\"datePublished\":\"2022-04-27T13:52:58+00:00\",\"dateModified\":\"2024-09-06T09:42:10+00:00\",\"description\":\"Tye Gard contains a highly absorbable human grade Vitamin E and Selenium, tissue, two vitamins involved in the health of muscle tissue.\",\"breadcrumb\":{\"@id\":\"https:\\\/\\\/tetraktis.si\\\/en\\\/izdelek\\\/tye-gard-solution-vitamin-e-selenium\\\/#breadcrumb\"},\"inLanguage\":\"en-US\",\"potentialAction\":[{\"@type\":\"ReadAction\",\"target\":[\"https:\\\/\\\/tetraktis.si\\\/en\\\/izdelek\\\/tye-gard-solution-vitamin-e-selenium\\\/\"]}]},{\"@type\":\"ImageObject\",\"inLanguage\":\"en-US\",\"@id\":\"https:\\\/\\\/tetraktis.si\\\/en\\\/izdelek\\\/tye-gard-solution-vitamin-e-selenium\\\/#primaryimage\",\"url\":\"https:\\\/\\\/tetraktis.si\\\/wp-content\\\/uploads\\\/2022\\\/04\\\/TYE-GARD.jpg\",\"contentUrl\":\"https:\\\/\\\/tetraktis.si\\\/wp-content\\\/uploads\\\/2022\\\/04\\\/TYE-GARD.jpg\",\"width\":924,\"height\":924,\"caption\":\"Vitamin E in selen\"},{\"@type\":\"BreadcrumbList\",\"@id\":\"https:\\\/\\\/tetraktis.si\\\/en\\\/izdelek\\\/tye-gard-solution-vitamin-e-selenium\\\/#breadcrumb\",\"itemListElement\":[{\"@type\":\"ListItem\",\"position\":1,\"name\":\"Shop\",\"item\":\"https:\\\/\\\/tetraktis.si\\\/en\\\/shop-3\\\/\"},{\"@type\":\"ListItem\",\"position\":2,\"name\":\"Tye Gard\u00ae Solution (vitamin E, selenium)\"}]},{\"@type\":\"WebSite\",\"@id\":\"https:\\\/\\\/tetraktis.si\\\/en\\\/#website\",\"url\":\"https:\\\/\\\/tetraktis.si\\\/en\\\/\",\"name\":\"Tetraktis- Equine America, Dorwest, Excel\",\"description\":\"Samo najbolj\u0161e za va\u0161e \u017eivali\",\"publisher\":{\"@id\":\"https:\\\/\\\/tetraktis.si\\\/en\\\/#organization\"},\"potentialAction\":[{\"@type\":\"SearchAction\",\"target\":{\"@type\":\"EntryPoint\",\"urlTemplate\":\"https:\\\/\\\/tetraktis.si\\\/en\\\/?s={search_term_string}\"},\"query-input\":{\"@type\":\"PropertyValueSpecification\",\"valueRequired\":true,\"valueName\":\"search_term_string\"}}],\"inLanguage\":\"en-US\"},{\"@type\":\"Organization\",\"@id\":\"https:\\\/\\\/tetraktis.si\\\/en\\\/#organization\",\"name\":\"Tetraktis\",\"url\":\"https:\\\/\\\/tetraktis.si\\\/en\\\/\",\"logo\":{\"@type\":\"ImageObject\",\"inLanguage\":\"en-US\",\"@id\":\"https:\\\/\\\/tetraktis.si\\\/en\\\/#\\\/schema\\\/logo\\\/image\\\/\",\"url\":\"https:\\\/\\\/tetraktis.si\\\/wp-content\\\/uploads\\\/2022\\\/06\\\/logo.webp\",\"contentUrl\":\"https:\\\/\\\/tetraktis.si\\\/wp-content\\\/uploads\\\/2022\\\/06\\\/logo.webp\",\"width\":400,\"height\":211,\"caption\":\"Tetraktis\"},\"image\":{\"@id\":\"https:\\\/\\\/tetraktis.si\\\/en\\\/#\\\/schema\\\/logo\\\/image\\\/\"},\"sameAs\":[\"https:\\\/\\\/business.facebook.com\\\/equineamericashop\\\/?business_id=193323571192825\",\"https:\\\/\\\/x.com\\\/TetraktisInfo\",\"https:\\\/\\\/www.instagram.com\\\/tetraktisslovenija\\\/\",\"https:\\\/\\\/www.youtube.com\\\/channel\\\/UCk_PdKMdtpZ4pf0RRFL1vYA\"]}]}<\/script>\n<!-- \/ Yoast SEO Premium plugin. -->","yoast_head_json":{"title":"Tye Gard (Vitamin E and selenium) for muscle stiffness or cramps","description":"Tye Gard contains a highly absorbable human grade Vitamin E and Selenium, tissue, two vitamins involved in the health of muscle tissue.","robots":{"index":"index","follow":"follow","max-snippet":"max-snippet:-1","max-image-preview":"max-image-preview:large","max-video-preview":"max-video-preview:-1"},"canonical":"https:\/\/tetraktis.si\/en\/izdelek\/tye-gard-solution-vitamin-e-selenium\/","og_locale":"en_US","og_type":"article","og_title":"Tye Gard (Vitamin E and selenium) for muscle stiffness or cramps","og_description":"Tye Gard contains a highly absorbable human grade Vitamin E and Selenium, tissue, two vitamins involved in the health of muscle tissue.","og_url":"https:\/\/tetraktis.si\/en\/izdelek\/tye-gard-solution-vitamin-e-selenium\/","og_site_name":"Tetraktis- Equine America, Dorwest, Excel","article_publisher":"https:\/\/business.facebook.com\/equineamericashop\/?business_id=193323571192825","article_modified_time":"2024-09-06T09:42:10+00:00","og_image":[{"width":924,"height":924,"url":"https:\/\/tetraktis.si\/wp-content\/uploads\/2022\/04\/TYE-GARD.jpg","type":"image\/jpeg"}],"twitter_card":"summary_large_image","twitter_site":"@TetraktisInfo","twitter_misc":{"Est. reading time":"1 minute"},"schema":{"@context":"https:\/\/schema.org","@graph":[{"@type":"WebPage","@id":"https:\/\/tetraktis.si\/en\/izdelek\/tye-gard-solution-vitamin-e-selenium\/","url":"https:\/\/tetraktis.si\/en\/izdelek\/tye-gard-solution-vitamin-e-selenium\/","name":"Tye Gard (Vitamin E and selenium) for muscle stiffness or cramps","isPartOf":{"@id":"https:\/\/tetraktis.si\/en\/#website"},"primaryImageOfPage":{"@id":"https:\/\/tetraktis.si\/en\/izdelek\/tye-gard-solution-vitamin-e-selenium\/#primaryimage"},"image":{"@id":"https:\/\/tetraktis.si\/en\/izdelek\/tye-gard-solution-vitamin-e-selenium\/#primaryimage"},"thumbnailUrl":"https:\/\/tetraktis.si\/wp-content\/uploads\/2022\/04\/TYE-GARD.jpg","datePublished":"2022-04-27T13:52:58+00:00","dateModified":"2024-09-06T09:42:10+00:00","description":"Tye Gard contains a highly absorbable human grade Vitamin E and Selenium, tissue, two vitamins involved in the health of muscle tissue.","breadcrumb":{"@id":"https:\/\/tetraktis.si\/en\/izdelek\/tye-gard-solution-vitamin-e-selenium\/#breadcrumb"},"inLanguage":"en-US","potentialAction":[{"@type":"ReadAction","target":["https:\/\/tetraktis.si\/en\/izdelek\/tye-gard-solution-vitamin-e-selenium\/"]}]},{"@type":"ImageObject","inLanguage":"en-US","@id":"https:\/\/tetraktis.si\/en\/izdelek\/tye-gard-solution-vitamin-e-selenium\/#primaryimage","url":"https:\/\/tetraktis.si\/wp-content\/uploads\/2022\/04\/TYE-GARD.jpg","contentUrl":"https:\/\/tetraktis.si\/wp-content\/uploads\/2022\/04\/TYE-GARD.jpg","width":924,"height":924,"caption":"Vitamin E in selen"},{"@type":"BreadcrumbList","@id":"https:\/\/tetraktis.si\/en\/izdelek\/tye-gard-solution-vitamin-e-selenium\/#breadcrumb","itemListElement":[{"@type":"ListItem","position":1,"name":"Shop","item":"https:\/\/tetraktis.si\/en\/shop-3\/"},{"@type":"ListItem","position":2,"name":"Tye Gard\u00ae Solution (vitamin E, selenium)"}]},{"@type":"WebSite","@id":"https:\/\/tetraktis.si\/en\/#website","url":"https:\/\/tetraktis.si\/en\/","name":"Tetraktis- Equine America, Dorwest, Excel","description":"Samo najbolj\u0161e za va\u0161e \u017eivali","publisher":{"@id":"https:\/\/tetraktis.si\/en\/#organization"},"potentialAction":[{"@type":"SearchAction","target":{"@type":"EntryPoint","urlTemplate":"https:\/\/tetraktis.si\/en\/?s={search_term_string}"},"query-input":{"@type":"PropertyValueSpecification","valueRequired":true,"valueName":"search_term_string"}}],"inLanguage":"en-US"},{"@type":"Organization","@id":"https:\/\/tetraktis.si\/en\/#organization","name":"Tetraktis","url":"https:\/\/tetraktis.si\/en\/","logo":{"@type":"ImageObject","inLanguage":"en-US","@id":"https:\/\/tetraktis.si\/en\/#\/schema\/logo\/image\/","url":"https:\/\/tetraktis.si\/wp-content\/uploads\/2022\/06\/logo.webp","contentUrl":"https:\/\/tetraktis.si\/wp-content\/uploads\/2022\/06\/logo.webp","width":400,"height":211,"caption":"Tetraktis"},"image":{"@id":"https:\/\/tetraktis.si\/en\/#\/schema\/logo\/image\/"},"sameAs":["https:\/\/business.facebook.com\/equineamericashop\/?business_id=193323571192825","https:\/\/x.com\/TetraktisInfo","https:\/\/www.instagram.com\/tetraktisslovenija\/","https:\/\/www.youtube.com\/channel\/UCk_PdKMdtpZ4pf0RRFL1vYA"]}]}},"_links":{"self":[{"href":"https:\/\/tetraktis.si\/en\/wp-json\/wp\/v2\/product\/32411","targetHints":{"allow":["GET"]}}],"collection":[{"href":"https:\/\/tetraktis.si\/en\/wp-json\/wp\/v2\/product"}],"about":[{"href":"https:\/\/tetraktis.si\/en\/wp-json\/wp\/v2\/types\/product"}],"replies":[{"embeddable":true,"href":"https:\/\/tetraktis.si\/en\/wp-json\/wp\/v2\/comments?post=32411"}],"version-history":[{"count":1,"href":"https:\/\/tetraktis.si\/en\/wp-json\/wp\/v2\/product\/32411\/revisions"}],"predecessor-version":[{"id":37087,"href":"https:\/\/tetraktis.si\/en\/wp-json\/wp\/v2\/product\/32411\/revisions\/37087"}],"wp:featuredmedia":[{"embeddable":true,"href":"https:\/\/tetraktis.si\/en\/wp-json\/wp\/v2\/media\/24380"}],"wp:attachment":[{"href":"https:\/\/tetraktis.si\/en\/wp-json\/wp\/v2\/media?parent=32411"}],"wp:term":[{"taxonomy":"product_brand","embeddable":true,"href":"https:\/\/tetraktis.si\/en\/wp-json\/wp\/v2\/product_brand?post=32411"},{"taxonomy":"product_cat","embeddable":true,"href":"https:\/\/tetraktis.si\/en\/wp-json\/wp\/v2\/product_cat?post=32411"},{"taxonomy":"product_tag","embeddable":true,"href":"https:\/\/tetraktis.si\/en\/wp-json\/wp\/v2\/product_tag?post=32411"}],"curies":[{"name":"wp","href":"https:\/\/api.w.org\/{rel}","templated":true}]}}