{"id":32409,"date":"2022-04-27T15:52:58","date_gmt":"2022-04-27T13:52:58","guid":{"rendered":"https:\/\/cortaflex.si\/izdelek\/corta-vet-ha-solution\/"},"modified":"2026-03-30T08:20:08","modified_gmt":"2026-03-30T06:20:08","slug":"corta-vet-ha-solution","status":"publish","type":"product","link":"https:\/\/tetraktis.si\/en\/izdelek\/corta-vet-ha-solution\/","title":{"rendered":"Corta Vet HA Solution"},"content":{"rendered":"<p><strong>Cota Vet HA Super Strength<\/strong>\u00a0 for Horses is a unique formulation of the refined isolates of <strong>Chondroitin<\/strong> Sulphate, <strong>Glucosamine<\/strong> Sulphate\u00a0and <strong>Hyaluronic Acid<\/strong>.<\/p>\n<p><strong>Corta Vet HA<\/strong> is a highly concentrated feed supplement to promote <strong>joint health<\/strong> and flexibility.<\/p>\n<p>Ideal for young, old, active and retired horses and is especially suited for acute cases of stiffness.<\/p>\n<p>A complementary feed for horses to support healthy joint tissue in horses, as part of a balanced diet.<\/p>\n<p>Available: 1ltr <strong>CortaVet HA Super Strength <\/strong>only.<\/p>\n<p><span class=\"listingsImportant\">Per g. Corta Vet Ha provides you with at least twice as much Chondroitin Glucosamine and HA than Cortaflex; but priced at far less than twice the price.<\/span><\/p>\n<p>Feeding Directions:<br \/>\nFor a 500kg horse, per day: For hard work 7.5g. For maintenance: 3.75g (half measure). Maximum per day: 7.5g<\/p>\n<p>7.5g measure enclosed. Feed others according to body-weight &#8211; less for smaller horses and ponies, more for larger breeds or as directed by a veterinary surgeon.<\/p>\n<div class=\"fb-like\"><\/div>\n","protected":false},"excerpt":{"rendered":"<p>Veterinary <strong>Corta-Vet HA<\/strong> Super Strength Solution contains high strength <strong>Hyaluronic Acid<\/strong> and <strong>ASU<\/strong>, a key ingredient in joint lubrication fluid, essential for joint protection and cartilage support.<\/p>\n<p>&nbsp;<\/p>\n<p>&nbsp;<\/p>\n","protected":false},"featured_media":24349,"comment_status":"open","ping_status":"closed","template":"","meta":[],"product_brand":[],"product_cat":[3313,3326,3314],"product_tag":[],"class_list":{"0":"post-32409","1":"product","2":"type-product","3":"status-publish","4":"has-post-thumbnail","6":"product_cat-competition","7":"product_cat-products-onsale-horses","8":"product_cat-mobility-joints","11":"first","12":"instock","13":"taxable","14":"shipping-taxable","15":"purchasable","16":"product-type-simple"},"yoast_head":"<!-- This site is optimized with the Yoast SEO Premium plugin v20.10 (Yoast SEO v27.3) - https:\/\/yoast.com\/product\/yoast-seo-premium-wordpress\/ -->\n<title>Corta Vet HA Solution with Hialuronic Acid and ASU<\/title>\n<meta name=\"description\" content=\"Corta Vet HA Super Strength contains high strength Hyaluronic Acid and ASU, a key ingredient in joint lubrication fluid.\" \/>\n<meta name=\"robots\" content=\"index, follow, max-snippet:-1, max-image-preview:large, max-video-preview:-1\" \/>\n<link rel=\"canonical\" href=\"https:\/\/tetraktis.si\/en\/izdelek\/corta-vet-ha-solution\/\" \/>\n<meta property=\"og:locale\" content=\"en_US\" \/>\n<meta property=\"og:type\" content=\"article\" \/>\n<meta property=\"og:title\" content=\"Corta Vet HA Solution with Hialuronic Acid and ASU\" \/>\n<meta property=\"og:description\" content=\"Corta Vet HA Super Strength contains high strength Hyaluronic Acid and ASU, a key ingredient in joint lubrication fluid.\" \/>\n<meta property=\"og:url\" content=\"https:\/\/tetraktis.si\/en\/izdelek\/corta-vet-ha-solution\/\" \/>\n<meta property=\"og:site_name\" content=\"Tetraktis- Equine America, Dorwest, Excel\" \/>\n<meta property=\"article:publisher\" content=\"https:\/\/business.facebook.com\/equineamericashop\/?business_id=193323571192825\" \/>\n<meta property=\"article:modified_time\" content=\"2026-03-30T06:20:08+00:00\" \/>\n<meta property=\"og:image\" content=\"https:\/\/tetraktis.si\/wp-content\/uploads\/2022\/04\/5060343795471-equine-corta-vet-ha-super-strength-solution-1000-ml.jpg\" \/>\n\t<meta property=\"og:image:width\" content=\"924\" \/>\n\t<meta property=\"og:image:height\" content=\"924\" \/>\n\t<meta property=\"og:image:type\" content=\"image\/jpeg\" \/>\n<meta name=\"twitter:card\" content=\"summary_large_image\" \/>\n<meta name=\"twitter:site\" content=\"@TetraktisInfo\" \/>\n<meta name=\"twitter:label1\" content=\"Est. reading time\" \/>\n\t<meta name=\"twitter:data1\" content=\"1 minute\" \/>\n<script type=\"application\/ld+json\" class=\"yoast-schema-graph\">{\"@context\":\"https:\\\/\\\/schema.org\",\"@graph\":[{\"@type\":\"WebPage\",\"@id\":\"https:\\\/\\\/tetraktis.si\\\/en\\\/izdelek\\\/corta-vet-ha-solution\\\/\",\"url\":\"https:\\\/\\\/tetraktis.si\\\/en\\\/izdelek\\\/corta-vet-ha-solution\\\/\",\"name\":\"Corta Vet HA Solution with Hialuronic Acid and ASU\",\"isPartOf\":{\"@id\":\"https:\\\/\\\/tetraktis.si\\\/en\\\/#website\"},\"primaryImageOfPage\":{\"@id\":\"https:\\\/\\\/tetraktis.si\\\/en\\\/izdelek\\\/corta-vet-ha-solution\\\/#primaryimage\"},\"image\":{\"@id\":\"https:\\\/\\\/tetraktis.si\\\/en\\\/izdelek\\\/corta-vet-ha-solution\\\/#primaryimage\"},\"thumbnailUrl\":\"https:\\\/\\\/tetraktis.si\\\/wp-content\\\/uploads\\\/2022\\\/04\\\/5060343795471-equine-corta-vet-ha-super-strength-solution-1000-ml.jpg\",\"datePublished\":\"2022-04-27T13:52:58+00:00\",\"dateModified\":\"2026-03-30T06:20:08+00:00\",\"description\":\"Corta Vet HA Super Strength contains high strength Hyaluronic Acid and ASU, a key ingredient in joint lubrication fluid.\",\"breadcrumb\":{\"@id\":\"https:\\\/\\\/tetraktis.si\\\/en\\\/izdelek\\\/corta-vet-ha-solution\\\/#breadcrumb\"},\"inLanguage\":\"en-US\",\"potentialAction\":[{\"@type\":\"ReadAction\",\"target\":[\"https:\\\/\\\/tetraktis.si\\\/en\\\/izdelek\\\/corta-vet-ha-solution\\\/\"]}]},{\"@type\":\"ImageObject\",\"inLanguage\":\"en-US\",\"@id\":\"https:\\\/\\\/tetraktis.si\\\/en\\\/izdelek\\\/corta-vet-ha-solution\\\/#primaryimage\",\"url\":\"https:\\\/\\\/tetraktis.si\\\/wp-content\\\/uploads\\\/2022\\\/04\\\/5060343795471-equine-corta-vet-ha-super-strength-solution-1000-ml.jpg\",\"contentUrl\":\"https:\\\/\\\/tetraktis.si\\\/wp-content\\\/uploads\\\/2022\\\/04\\\/5060343795471-equine-corta-vet-ha-super-strength-solution-1000-ml.jpg\",\"width\":924,\"height\":924},{\"@type\":\"BreadcrumbList\",\"@id\":\"https:\\\/\\\/tetraktis.si\\\/en\\\/izdelek\\\/corta-vet-ha-solution\\\/#breadcrumb\",\"itemListElement\":[{\"@type\":\"ListItem\",\"position\":1,\"name\":\"Shop\",\"item\":\"https:\\\/\\\/tetraktis.si\\\/en\\\/shop-3\\\/\"},{\"@type\":\"ListItem\",\"position\":2,\"name\":\"Corta Vet HA Solution\"}]},{\"@type\":\"WebSite\",\"@id\":\"https:\\\/\\\/tetraktis.si\\\/en\\\/#website\",\"url\":\"https:\\\/\\\/tetraktis.si\\\/en\\\/\",\"name\":\"Tetraktis- Equine America, Dorwest, Excel\",\"description\":\"Samo najbolj\u0161e za va\u0161e \u017eivali\",\"publisher\":{\"@id\":\"https:\\\/\\\/tetraktis.si\\\/en\\\/#organization\"},\"potentialAction\":[{\"@type\":\"SearchAction\",\"target\":{\"@type\":\"EntryPoint\",\"urlTemplate\":\"https:\\\/\\\/tetraktis.si\\\/en\\\/?s={search_term_string}\"},\"query-input\":{\"@type\":\"PropertyValueSpecification\",\"valueRequired\":true,\"valueName\":\"search_term_string\"}}],\"inLanguage\":\"en-US\"},{\"@type\":\"Organization\",\"@id\":\"https:\\\/\\\/tetraktis.si\\\/en\\\/#organization\",\"name\":\"Tetraktis\",\"url\":\"https:\\\/\\\/tetraktis.si\\\/en\\\/\",\"logo\":{\"@type\":\"ImageObject\",\"inLanguage\":\"en-US\",\"@id\":\"https:\\\/\\\/tetraktis.si\\\/en\\\/#\\\/schema\\\/logo\\\/image\\\/\",\"url\":\"https:\\\/\\\/tetraktis.si\\\/wp-content\\\/uploads\\\/2022\\\/06\\\/logo.webp\",\"contentUrl\":\"https:\\\/\\\/tetraktis.si\\\/wp-content\\\/uploads\\\/2022\\\/06\\\/logo.webp\",\"width\":400,\"height\":211,\"caption\":\"Tetraktis\"},\"image\":{\"@id\":\"https:\\\/\\\/tetraktis.si\\\/en\\\/#\\\/schema\\\/logo\\\/image\\\/\"},\"sameAs\":[\"https:\\\/\\\/business.facebook.com\\\/equineamericashop\\\/?business_id=193323571192825\",\"https:\\\/\\\/x.com\\\/TetraktisInfo\",\"https:\\\/\\\/www.instagram.com\\\/tetraktisslovenija\\\/\",\"https:\\\/\\\/www.youtube.com\\\/channel\\\/UCk_PdKMdtpZ4pf0RRFL1vYA\"]}]}<\/script>\n<!-- \/ Yoast SEO Premium plugin. -->","yoast_head_json":{"title":"Corta Vet HA Solution with Hialuronic Acid and ASU","description":"Corta Vet HA Super Strength contains high strength Hyaluronic Acid and ASU, a key ingredient in joint lubrication fluid.","robots":{"index":"index","follow":"follow","max-snippet":"max-snippet:-1","max-image-preview":"max-image-preview:large","max-video-preview":"max-video-preview:-1"},"canonical":"https:\/\/tetraktis.si\/en\/izdelek\/corta-vet-ha-solution\/","og_locale":"en_US","og_type":"article","og_title":"Corta Vet HA Solution with Hialuronic Acid and ASU","og_description":"Corta Vet HA Super Strength contains high strength Hyaluronic Acid and ASU, a key ingredient in joint lubrication fluid.","og_url":"https:\/\/tetraktis.si\/en\/izdelek\/corta-vet-ha-solution\/","og_site_name":"Tetraktis- Equine America, Dorwest, Excel","article_publisher":"https:\/\/business.facebook.com\/equineamericashop\/?business_id=193323571192825","article_modified_time":"2026-03-30T06:20:08+00:00","og_image":[{"width":924,"height":924,"url":"https:\/\/tetraktis.si\/wp-content\/uploads\/2022\/04\/5060343795471-equine-corta-vet-ha-super-strength-solution-1000-ml.jpg","type":"image\/jpeg"}],"twitter_card":"summary_large_image","twitter_site":"@TetraktisInfo","twitter_misc":{"Est. reading time":"1 minute"},"schema":{"@context":"https:\/\/schema.org","@graph":[{"@type":"WebPage","@id":"https:\/\/tetraktis.si\/en\/izdelek\/corta-vet-ha-solution\/","url":"https:\/\/tetraktis.si\/en\/izdelek\/corta-vet-ha-solution\/","name":"Corta Vet HA Solution with Hialuronic Acid and ASU","isPartOf":{"@id":"https:\/\/tetraktis.si\/en\/#website"},"primaryImageOfPage":{"@id":"https:\/\/tetraktis.si\/en\/izdelek\/corta-vet-ha-solution\/#primaryimage"},"image":{"@id":"https:\/\/tetraktis.si\/en\/izdelek\/corta-vet-ha-solution\/#primaryimage"},"thumbnailUrl":"https:\/\/tetraktis.si\/wp-content\/uploads\/2022\/04\/5060343795471-equine-corta-vet-ha-super-strength-solution-1000-ml.jpg","datePublished":"2022-04-27T13:52:58+00:00","dateModified":"2026-03-30T06:20:08+00:00","description":"Corta Vet HA Super Strength contains high strength Hyaluronic Acid and ASU, a key ingredient in joint lubrication fluid.","breadcrumb":{"@id":"https:\/\/tetraktis.si\/en\/izdelek\/corta-vet-ha-solution\/#breadcrumb"},"inLanguage":"en-US","potentialAction":[{"@type":"ReadAction","target":["https:\/\/tetraktis.si\/en\/izdelek\/corta-vet-ha-solution\/"]}]},{"@type":"ImageObject","inLanguage":"en-US","@id":"https:\/\/tetraktis.si\/en\/izdelek\/corta-vet-ha-solution\/#primaryimage","url":"https:\/\/tetraktis.si\/wp-content\/uploads\/2022\/04\/5060343795471-equine-corta-vet-ha-super-strength-solution-1000-ml.jpg","contentUrl":"https:\/\/tetraktis.si\/wp-content\/uploads\/2022\/04\/5060343795471-equine-corta-vet-ha-super-strength-solution-1000-ml.jpg","width":924,"height":924},{"@type":"BreadcrumbList","@id":"https:\/\/tetraktis.si\/en\/izdelek\/corta-vet-ha-solution\/#breadcrumb","itemListElement":[{"@type":"ListItem","position":1,"name":"Shop","item":"https:\/\/tetraktis.si\/en\/shop-3\/"},{"@type":"ListItem","position":2,"name":"Corta Vet HA Solution"}]},{"@type":"WebSite","@id":"https:\/\/tetraktis.si\/en\/#website","url":"https:\/\/tetraktis.si\/en\/","name":"Tetraktis- Equine America, Dorwest, Excel","description":"Samo najbolj\u0161e za va\u0161e \u017eivali","publisher":{"@id":"https:\/\/tetraktis.si\/en\/#organization"},"potentialAction":[{"@type":"SearchAction","target":{"@type":"EntryPoint","urlTemplate":"https:\/\/tetraktis.si\/en\/?s={search_term_string}"},"query-input":{"@type":"PropertyValueSpecification","valueRequired":true,"valueName":"search_term_string"}}],"inLanguage":"en-US"},{"@type":"Organization","@id":"https:\/\/tetraktis.si\/en\/#organization","name":"Tetraktis","url":"https:\/\/tetraktis.si\/en\/","logo":{"@type":"ImageObject","inLanguage":"en-US","@id":"https:\/\/tetraktis.si\/en\/#\/schema\/logo\/image\/","url":"https:\/\/tetraktis.si\/wp-content\/uploads\/2022\/06\/logo.webp","contentUrl":"https:\/\/tetraktis.si\/wp-content\/uploads\/2022\/06\/logo.webp","width":400,"height":211,"caption":"Tetraktis"},"image":{"@id":"https:\/\/tetraktis.si\/en\/#\/schema\/logo\/image\/"},"sameAs":["https:\/\/business.facebook.com\/equineamericashop\/?business_id=193323571192825","https:\/\/x.com\/TetraktisInfo","https:\/\/www.instagram.com\/tetraktisslovenija\/","https:\/\/www.youtube.com\/channel\/UCk_PdKMdtpZ4pf0RRFL1vYA"]}]}},"_links":{"self":[{"href":"https:\/\/tetraktis.si\/en\/wp-json\/wp\/v2\/product\/32409","targetHints":{"allow":["GET"]}}],"collection":[{"href":"https:\/\/tetraktis.si\/en\/wp-json\/wp\/v2\/product"}],"about":[{"href":"https:\/\/tetraktis.si\/en\/wp-json\/wp\/v2\/types\/product"}],"replies":[{"embeddable":true,"href":"https:\/\/tetraktis.si\/en\/wp-json\/wp\/v2\/comments?post=32409"}],"version-history":[{"count":1,"href":"https:\/\/tetraktis.si\/en\/wp-json\/wp\/v2\/product\/32409\/revisions"}],"predecessor-version":[{"id":37085,"href":"https:\/\/tetraktis.si\/en\/wp-json\/wp\/v2\/product\/32409\/revisions\/37085"}],"wp:featuredmedia":[{"embeddable":true,"href":"https:\/\/tetraktis.si\/en\/wp-json\/wp\/v2\/media\/24349"}],"wp:attachment":[{"href":"https:\/\/tetraktis.si\/en\/wp-json\/wp\/v2\/media?parent=32409"}],"wp:term":[{"taxonomy":"product_brand","embeddable":true,"href":"https:\/\/tetraktis.si\/en\/wp-json\/wp\/v2\/product_brand?post=32409"},{"taxonomy":"product_cat","embeddable":true,"href":"https:\/\/tetraktis.si\/en\/wp-json\/wp\/v2\/product_cat?post=32409"},{"taxonomy":"product_tag","embeddable":true,"href":"https:\/\/tetraktis.si\/en\/wp-json\/wp\/v2\/product_tag?post=32409"}],"curies":[{"name":"wp","href":"https:\/\/api.w.org\/{rel}","templated":true}]}}