{"id":32406,"date":"2022-04-27T15:52:58","date_gmt":"2022-04-27T13:52:58","guid":{"rendered":"https:\/\/cortaflex.si\/izdelek\/derma-gel\/"},"modified":"2025-08-18T16:52:12","modified_gmt":"2025-08-18T14:52:12","slug":"derma-gel","status":"publish","type":"product","link":"https:\/\/tetraktis.si\/en\/izdelek\/derma-gel\/","title":{"rendered":"Derma Gel"},"content":{"rendered":"<h1>Derma Gel is a herbal skin hydrogel for intensive and rapid skin care.<\/h1>\n<p><strong>Derma Gel<\/strong> provides and maintains a moist epidermal environment with the ability to help clean and deride necrotic tissue, encourage natural hair re-growth and maximise skin smoothness.<\/p>\n<p><strong>Derma Gel<\/strong> does not contain steroids and is completely safe to use on a <strong>mare in foal<\/strong> and <strong>competition horses<\/strong>.<\/p>\n<ul>\n<li>Maintains a moist <strong>wound<\/strong> environment to prevent scab formation.<\/li>\n<li>Allows epithelial cells to migrate across the<strong> wound<\/strong>, multiply exponantially and enhance <strong>healing<\/strong>.<\/li>\n<li>Encourages <strong>wounds to heal<\/strong> from the sides as well as the bottom; increasing <strong>wound<\/strong> contraction rate.<\/li>\n<li>Allows for production of new epithelial cells that minimizes scarring and avoids hair discoloration.<\/li>\n<li>Does not harm <strong>the wound<\/strong>.<\/li>\n<li>Does not contain any mutagenic agents or steroids.<\/li>\n<li>Provides thermal insulation and a <strong>bacterial barrier<\/strong> (no bandage needed).<\/li>\n<li>Decreases pain and <strong>helps to\u00a0lower inflammation<\/strong>.<\/li>\n<li>Speeds up the <strong>healing process<\/strong>.<\/li>\n<\/ul>\n<h2>The Healing Process<\/h2>\n<p><strong>Derma GeL\u00ae<\/strong> provides a moist environment which\u00a0maintains epithelial cell viability to 97% and enables<strong>\u00a0healing epithelial cells<\/strong> to migrate across the wound\u00a0bed, multiply exponantially and <strong>enhance wound healing<\/strong> &#8211; increasing wound contraction speed.<\/p>\n<p>The <strong>moist\u00a0environment<\/strong> provided by Derma GeL\u00ae does not permit\u00a0the formation of a scab. These properties promote\u00a0<strong>wound healing<\/strong> from the sides as well as the bottom\u00a0of the wound.<\/p>\n<p>A wound without moisture will form a scab. In order\u00a0to heal, the epithelial cells have to migrate below the\u00a0scab to reach moisture that enables them to <strong>heal the\u00a0wound<\/strong>. <strong>Epithelial cells<\/strong> that have to migrate longer\u00a0distances do not survive well, and this delays wound healing.<\/p>\n<h2>Infection Rate<\/h2>\n<p>All <strong>wounds<\/strong> are contaminated with microorganisms.\u00a0\u00a0The difference between a <strong>contaminated wound<\/strong> and an<strong> infected wound<\/strong> is the concentration of\u00a0microorganisms present in the wound. Proper\u00a0<strong>cleansing and care of the wound<\/strong> will prevent the number of microorganisms from increasing to the\u00a0point of<strong> infection<\/strong>. It is recommended that the wound\u00a0be flushed generously with <strong>saline solution<\/strong> or <strong>warm water<\/strong>. The use of <strong>topical antibiotics<\/strong> is not recommended with <strong>Derma GeL<\/strong>.\u00a0\u00a0The protective layer and bacteriostatic properties provided by<strong> Derma GeL<\/strong>\u00a0enable the <strong>wound to heal<\/strong> without bandaging while\u00a0controlling bacterial proliferation.<\/p>\n<h2>No Bandaging Required<\/h2>\n<p>The conventional method of<strong> wound treatment<\/strong> involved\u00a0applying gauze and wraps which were thought to\u00a0protect the <strong>wound<\/strong> and speed up <strong>healing<\/strong>. Wounds covered with a <strong>hydrogel dressing<\/strong> are kept moist without\u00a0the need for bandaging. Therefore, the <strong>skin heals\u00a0faster<\/strong>, without the trauma of bandage removal and replacement.<\/p>\n<p>When <strong>Derma GeL<\/strong>\u00a0is applied, it provides an\u00a0external layer of protective film. This external layer is semi-occlusive and enables the inner layer to maintain a moist environment. The moist environment is composed of hydrophilic particles and several\u00a0active molecules, which absorb exudates from<strong> the\u00a0wound<\/strong>.\u00a0The combination of the protective film and the ability to absorb wound exudate creates an\u00a0optimal moist environment for rapid<strong> healing<\/strong>.<\/p>\n<h2>No Excessive\u00a0Tissue Granulation\u00a0or Hair Discoloration<\/h2>\n<p>The use of <strong>Derma GeL\u00ae<\/strong> with proper <strong>wound cleansing<\/strong> minimizes microbacterial concerns that the microorganism population will\u00a0not increase to<strong> infection<\/strong> levels, and that exudates\u00a0are absorbed from the<strong> wound<\/strong>, providing a<strong> moist\u00a0environment<\/strong> in which the healing epithelial cells\u00a0can work to <strong>heal the wound<\/strong>. When keeping the wound\u00a0cleansed and moist, the epithelial cells produced are identical to those prior to the\u00a0damage. <strong>Derma GeL\u00ae<\/strong> does\u00a0not contain any mutagenic\u00a0agents, which\u00a0induce the\u00a0formation of excessive\u00a0tissue granulation\u00a0and\u00a0discolored hair on regrowth.<\/p>\n<p><strong>Directions for use<\/strong>: Cleanse the affected area daily with warm water or a saline solution only, so as to preserve epithelial cells from irritation. Apply generously two or three times a day, as needed. To help prevent abnormal skin proliferation extend the application to the surrounding area. Safe to use in competition, gestation or when licked. Not for human use. Keep out of reach of children. For animal use only. Remove seal and tighten the cap. Keep cap completely closed at all times when product is not in use to prevent contamination. Keep in a cool, dark place away from heat or frost.<\/p>\n<p><strong>Composition<\/strong>: water, alcohol, propylene glyol, sorbus (pyrus sorbus) extr., glycerin, hydrocotyle (centella asiatica) extr., calendula officinalis extr., hydrogenated castor oil, sodium bicarbonate, carbomer, sweet marjoram (origanum majorana) extr., lavender (lavandula angustifolia) extr., thyme (thymus vulgaris) extr., sage (salvia officinalis) extr.<\/p>\n<h2>FAQ<\/h2>\n<p class=\"question\"><em><strong>Q: How does Derma GeL\u00ae work?<\/strong><\/em><\/p>\n<p class=\"answer\">A: <strong>Derma GeL<\/strong>\u00a0is a hydrogel\u00a0 that can provide and maintain a <strong>moist wound environment<\/strong>. By increasing moisture content, hydrogels have the ability to help cleanse and debride necrotic tissue and, if bandages are used, allow them to be removed without trauma to the <strong>healing wound.<\/strong> <strong>Derma GeL\u00ae<\/strong> also works by providing a <strong>protective film<\/strong> which prevents<strong> the wound<\/strong> from drying out and also allows for the cells within the skin to move freely as they work on the<strong> healing process<\/strong>.<\/p>\n<p class=\"answer\"><em><strong>Q: How long has Derma GeL\u00ae been available?<\/strong><\/em><\/p>\n<p class=\"answer\">A: <strong>Derma GeL<\/strong>\u00a0was first launched in 1995 in the UK and in 2000 in North America.<\/p>\n<p class=\"answer\"><em><strong>Q: What type of wound is Derma GeL\u00ae useful for?<\/strong><\/em><\/p>\n<p class=\"answer\">A: <strong>Horses:<\/strong> Some examples include <strong>wire cuts, bites, scrapes, skin loss following a trauma, surgical wounds where closure was not possible.<\/strong> Call your veterinarian immediately if the wound is very deep or is a puncture, looks too large for the sides of the wound to touch (and will probably need stitches), or it is near a <strong>tendon, ligament, or joint.<\/strong> Also, call your veterinarian if there is spurting blood or blood flow that you cannot stop within a minute or two.<\/p>\n<p class=\"answer\">A: <strong>Dogs and Cats:<\/strong> Some examples include <strong>wounds<\/strong> following trauma, <strong>bites, skin loss, surgical wound where closure was not possible<\/strong>. NOTE: Unless the wound is very superficial, <strong>dogs, cats<\/strong> and other pets should always be taken to a <strong>veterinarian<\/strong> for evaluation and treatment.<\/p>\n<p class=\"answer\"><em><strong>Q: Should I wash the wound before applying Derma GeL\u00ae?<\/strong><\/em><\/p>\n<p class=\"answer\">A: <strong>Horses:<\/strong> The ideal method is to use sterile saline, but using generous amounts of water alone is of great benefit. If using a hose, play the water at an angle to the wound and do not use high pressure.<\/p>\n<p class=\"answer\">A: <strong>Dogs and Cats:<\/strong> Washing the wound very carefully before taking the animal to the veterinarian is of benefit, however, do not lose time in getting to the veterinarian&#8217;s clinic.<\/p>\n<p class=\"answer\"><em><strong>Q: What about using bandages?<\/strong><\/em><\/p>\n<p class=\"answer\">A: Depending on the severity and location of the wound, a bandage may or may not be necessary. Some <strong>wounds<\/strong> are just impossible to bandage, especially on <strong>horses,<\/strong> due to their size and location, e.g., on a <strong>joint<\/strong>.\u00a0 However, if bandages are used, <strong>Derma GeL<\/strong>\u00a0will help prevent the bandage from sticking to the <strong>healing skin<\/strong> and causing pain and further trauma when the dressing is changed.<\/p>\n<p class=\"answer\"><em><strong>Q: When will the wound be healed?<\/strong><\/em><\/p>\n<p class=\"answer\">A: This depends on the severity of the<strong> wound<\/strong>. A superficial scrape may take only a few days, but a severe<strong> wound<\/strong> where a veterinarian has initially treated <strong>the wound<\/strong> and has recommended a management\/treatment plan, may take weeks or months. Experience has shown that <strong>wounds treated with Derma GeL\u00ae<\/strong> will <strong>heal faster<\/strong> and with less scarring than if they are left untreated or if antiseptic sprays and ointments only are used.<\/p>\n<p class=\"answer\"><em><strong>Q: Will there be hair discoloration or excessive tissue granulation?<\/strong><\/em><\/p>\n<p class=\"answer\">A: As long as used as recommended and because <strong>Derma GeL<\/strong>\u00a0is certified non-mutagenic, wounds are recovered by cells genetically identical to the cells initially available (no excessive tissue granulation or hair discoloration on regrowth).<\/p>\n<p class=\"answer\"><em><strong>Q: Will there be scarring?<\/strong><\/em><\/p>\n<p class=\"answer\">A: This depends upon the severity of <strong>the wound<\/strong>, but using <strong>Derma GeL<\/strong>\u00a0should help reduce scarring.<\/p>\n<p class=\"answer\"><em><strong>Q: How much Derma GeL\u00ae will I need?<\/strong><\/em><\/p>\n<p class=\"answer\">A: This depends on the size, location, and severity of the wound. The 10 mL&#8221;Tear N&#8217;Tuck&#8221; tube is ideal for a first-aid kit and the 100 mL is the more economical size for larger wounds or those that may take several weeks to heal.<\/p>\n<p class=\"answer\"><em><strong>Q: How often should I apply Derma GeL\u00ae?<\/strong><\/em><\/p>\n<p class=\"answer\">A: Depending on the location and severity of the wound, you may need to apply <strong>Derma GeL<\/strong>\u00a0two or three times a day. Your veterinarian can advise you on a <strong>wound management plan<\/strong>. Follow his\/her directions.<\/p>\n<p class=\"answer\"><em><strong>Q: How do I store Derma GeL\u00ae once the pack is opened?<\/strong><\/em><\/p>\n<p class=\"answer\">A: Room temperature is advised and refrigeration is not needed.<\/p>\n<p class=\"answer\"><em><strong>Q: Can it be used on exotic species such as birds, reptiles, etc?<\/strong><\/em><\/p>\n<p class=\"answer\">A: This will require consultation with your veterinarian, but <strong>Derma GeL<\/strong>\u00a0has been used successfully in zoos on birds and exotic animals under the supervision of a veterinarian.<\/p>\n<p class=\"answer\"><em><strong>Q: Is there any risk if the animal licks the Derma GeL\u00ae?<\/strong><\/em><\/p>\n<p class=\"answer\">A: No, the product is made from<strong> all-natural ingredients<\/strong> and is safe should the animal lick <strong>the wound site<\/strong>.<\/p>\n<p class=\"answer\"><em><strong>Q: Is Derma GeL\u00ae safe to use in competition, during gestation or with homeopathic remedies?<\/strong><\/em><\/p>\n<p class=\"answer\">A: Yes. <strong>Derma GeL<\/strong>\u00a0is devoid of prohibited or toxic substances and therefore\u00a0safe to use in competition or during gestation. Besides, <strong>Derma GeL<\/strong>\u00a0is compatible with homeopathic remedies and it does not contain steroids.<\/p>\n<p class=\"answer\"><em><strong>Q: Is Derma GeL\u00ae expensive?<\/strong><\/em><\/p>\n<p class=\"answer\">A: <strong>Derma GeL<\/strong>\u00a0is inexpensive because it combines: <strong>bacteriostatic<\/strong> properties, <strong>moist environment<\/strong>,<strong> soothing effect<\/strong>,\u00a0<strong>healing process<\/strong> enhancers,<strong>\u00a0insect repellent<\/strong> feature\u00a0and\u00a0a <strong>protective layer<\/strong> (no secondary dressing or bandage required). The unrivaled efficacy of this combination\u00a0reduces drastically the healing time; leading to fewer product applications.<\/p>\n<p>&nbsp;<\/p>\n<p>&nbsp;<\/p>\n","protected":false},"excerpt":{"rendered":"<h2><strong>For protection and skin care in a new easy to use squeezy tube.<\/strong><\/h2>\n<p>Derma Gel is the number one <strong>herbal skin hydrogel<\/strong>, for intensive and rapid <strong>skin care<\/strong>, plus a protective barrier effective against foreign contaminants. Ideal for very sensitive areas in a unique pump dispenser, which keeps <strong>Derma Gel<\/strong> free from contaminants and spillage.<\/p>\n","protected":false},"featured_media":24323,"comment_status":"open","ping_status":"closed","template":"","meta":[],"product_brand":[322],"product_cat":[3323,3326,3318,3333,3334,3350,3336,3320],"product_tag":[3523],"class_list":{"0":"post-32406","1":"product","2":"type-product","3":"status-publish","4":"has-post-thumbnail","6":"product_brand-equine-america","7":"product_cat-dogs-cats","8":"product_cat-products-onsale-horses","9":"product_cat-external-applications","10":"product_cat-goats-sheeps","11":"product_cat-nega-psa-en","12":"product_cat-other","13":"product_cat-pasja-dlaka-in-koza-en","14":"product_cat-first-aid","15":"product_tag-repelent-en","18":"first","19":"instock","20":"taxable","21":"shipping-taxable","22":"purchasable","23":"product-type-variable","24":"has-default-attributes"},"yoast_head":"<!-- This site is optimized with the Yoast SEO Premium plugin v20.10 (Yoast SEO v27.5) - https:\/\/yoast.com\/product\/yoast-seo-premium-wordpress\/ -->\n<title>Derma GeL\u00ae is a herbal skin hydrogel for intensive and rapid skin care.<\/title>\n<meta name=\"description\" content=\"Derma Gel provides and maintains a moist epidermal environment with the ability to help clean and deride necrotic tissue.\" \/>\n<meta name=\"robots\" content=\"index, follow, max-snippet:-1, max-image-preview:large, max-video-preview:-1\" \/>\n<link rel=\"canonical\" href=\"https:\/\/tetraktis.si\/en\/izdelek\/derma-gel\/\" \/>\n<meta property=\"og:locale\" content=\"en_US\" \/>\n<meta property=\"og:type\" content=\"article\" \/>\n<meta property=\"og:title\" content=\"Derma GeL\u00ae is a herbal skin hydrogel for intensive and rapid skin care.\" \/>\n<meta property=\"og:description\" content=\"Derma Gel provides and maintains a moist epidermal environment with the ability to help clean and deride necrotic tissue.\" \/>\n<meta property=\"og:url\" content=\"https:\/\/tetraktis.si\/en\/izdelek\/derma-gel\/\" \/>\n<meta property=\"og:site_name\" content=\"Tetraktis- Equine America, Dorwest, Excel\" \/>\n<meta property=\"article:publisher\" content=\"https:\/\/business.facebook.com\/equineamericashop\/?business_id=193323571192825\" \/>\n<meta property=\"article:modified_time\" content=\"2025-08-18T14:52:12+00:00\" \/>\n<meta property=\"og:image\" content=\"https:\/\/tetraktis.si\/wp-content\/uploads\/2022\/04\/DERMA-GEL.jpg\" \/>\n\t<meta property=\"og:image:width\" content=\"568\" \/>\n\t<meta property=\"og:image:height\" content=\"611\" \/>\n\t<meta property=\"og:image:type\" content=\"image\/jpeg\" \/>\n<meta name=\"twitter:card\" content=\"summary_large_image\" \/>\n<meta name=\"twitter:site\" content=\"@TetraktisInfo\" \/>\n<meta name=\"twitter:label1\" content=\"Est. reading time\" \/>\n\t<meta name=\"twitter:data1\" content=\"7 minutes\" \/>\n<script type=\"application\/ld+json\" class=\"yoast-schema-graph\">{\"@context\":\"https:\\\/\\\/schema.org\",\"@graph\":[{\"@type\":\"WebPage\",\"@id\":\"https:\\\/\\\/tetraktis.si\\\/en\\\/izdelek\\\/derma-gel\\\/\",\"url\":\"https:\\\/\\\/tetraktis.si\\\/en\\\/izdelek\\\/derma-gel\\\/\",\"name\":\"Derma GeL\u00ae is a herbal skin hydrogel for intensive and rapid skin care.\",\"isPartOf\":{\"@id\":\"https:\\\/\\\/tetraktis.si\\\/en\\\/#website\"},\"primaryImageOfPage\":{\"@id\":\"https:\\\/\\\/tetraktis.si\\\/en\\\/izdelek\\\/derma-gel\\\/#primaryimage\"},\"image\":{\"@id\":\"https:\\\/\\\/tetraktis.si\\\/en\\\/izdelek\\\/derma-gel\\\/#primaryimage\"},\"thumbnailUrl\":\"https:\\\/\\\/tetraktis.si\\\/wp-content\\\/uploads\\\/2022\\\/04\\\/DERMA-GEL.jpg\",\"datePublished\":\"2022-04-27T13:52:58+00:00\",\"dateModified\":\"2025-08-18T14:52:12+00:00\",\"description\":\"Derma Gel provides and maintains a moist epidermal environment with the ability to help clean and deride necrotic tissue.\",\"breadcrumb\":{\"@id\":\"https:\\\/\\\/tetraktis.si\\\/en\\\/izdelek\\\/derma-gel\\\/#breadcrumb\"},\"inLanguage\":\"en-US\",\"potentialAction\":[{\"@type\":\"ReadAction\",\"target\":[\"https:\\\/\\\/tetraktis.si\\\/en\\\/izdelek\\\/derma-gel\\\/\"]}]},{\"@type\":\"ImageObject\",\"inLanguage\":\"en-US\",\"@id\":\"https:\\\/\\\/tetraktis.si\\\/en\\\/izdelek\\\/derma-gel\\\/#primaryimage\",\"url\":\"https:\\\/\\\/tetraktis.si\\\/wp-content\\\/uploads\\\/2022\\\/04\\\/DERMA-GEL.jpg\",\"contentUrl\":\"https:\\\/\\\/tetraktis.si\\\/wp-content\\\/uploads\\\/2022\\\/04\\\/DERMA-GEL.jpg\",\"width\":568,\"height\":611,\"caption\":\"DERMA GEL\"},{\"@type\":\"BreadcrumbList\",\"@id\":\"https:\\\/\\\/tetraktis.si\\\/en\\\/izdelek\\\/derma-gel\\\/#breadcrumb\",\"itemListElement\":[{\"@type\":\"ListItem\",\"position\":1,\"name\":\"Shop\",\"item\":\"https:\\\/\\\/tetraktis.si\\\/en\\\/shop-3\\\/\"},{\"@type\":\"ListItem\",\"position\":2,\"name\":\"Derma Gel\"}]},{\"@type\":\"WebSite\",\"@id\":\"https:\\\/\\\/tetraktis.si\\\/en\\\/#website\",\"url\":\"https:\\\/\\\/tetraktis.si\\\/en\\\/\",\"name\":\"Tetraktis- Equine America, Dorwest, Excel\",\"description\":\"Samo najbolj\u0161e za va\u0161e \u017eivali\",\"publisher\":{\"@id\":\"https:\\\/\\\/tetraktis.si\\\/en\\\/#organization\"},\"potentialAction\":[{\"@type\":\"SearchAction\",\"target\":{\"@type\":\"EntryPoint\",\"urlTemplate\":\"https:\\\/\\\/tetraktis.si\\\/en\\\/?s={search_term_string}\"},\"query-input\":{\"@type\":\"PropertyValueSpecification\",\"valueRequired\":true,\"valueName\":\"search_term_string\"}}],\"inLanguage\":\"en-US\"},{\"@type\":\"Organization\",\"@id\":\"https:\\\/\\\/tetraktis.si\\\/en\\\/#organization\",\"name\":\"Tetraktis\",\"url\":\"https:\\\/\\\/tetraktis.si\\\/en\\\/\",\"logo\":{\"@type\":\"ImageObject\",\"inLanguage\":\"en-US\",\"@id\":\"https:\\\/\\\/tetraktis.si\\\/en\\\/#\\\/schema\\\/logo\\\/image\\\/\",\"url\":\"https:\\\/\\\/tetraktis.si\\\/wp-content\\\/uploads\\\/2022\\\/06\\\/logo.webp\",\"contentUrl\":\"https:\\\/\\\/tetraktis.si\\\/wp-content\\\/uploads\\\/2022\\\/06\\\/logo.webp\",\"width\":400,\"height\":211,\"caption\":\"Tetraktis\"},\"image\":{\"@id\":\"https:\\\/\\\/tetraktis.si\\\/en\\\/#\\\/schema\\\/logo\\\/image\\\/\"},\"sameAs\":[\"https:\\\/\\\/business.facebook.com\\\/equineamericashop\\\/?business_id=193323571192825\",\"https:\\\/\\\/x.com\\\/TetraktisInfo\",\"https:\\\/\\\/www.instagram.com\\\/tetraktisslovenija\\\/\",\"https:\\\/\\\/www.youtube.com\\\/channel\\\/UCk_PdKMdtpZ4pf0RRFL1vYA\"]}]}<\/script>\n<!-- \/ Yoast SEO Premium plugin. -->","yoast_head_json":{"title":"Derma GeL\u00ae is a herbal skin hydrogel for intensive and rapid skin care.","description":"Derma Gel provides and maintains a moist epidermal environment with the ability to help clean and deride necrotic tissue.","robots":{"index":"index","follow":"follow","max-snippet":"max-snippet:-1","max-image-preview":"max-image-preview:large","max-video-preview":"max-video-preview:-1"},"canonical":"https:\/\/tetraktis.si\/en\/izdelek\/derma-gel\/","og_locale":"en_US","og_type":"article","og_title":"Derma GeL\u00ae is a herbal skin hydrogel for intensive and rapid skin care.","og_description":"Derma Gel provides and maintains a moist epidermal environment with the ability to help clean and deride necrotic tissue.","og_url":"https:\/\/tetraktis.si\/en\/izdelek\/derma-gel\/","og_site_name":"Tetraktis- Equine America, Dorwest, Excel","article_publisher":"https:\/\/business.facebook.com\/equineamericashop\/?business_id=193323571192825","article_modified_time":"2025-08-18T14:52:12+00:00","og_image":[{"width":568,"height":611,"url":"https:\/\/tetraktis.si\/wp-content\/uploads\/2022\/04\/DERMA-GEL.jpg","type":"image\/jpeg"}],"twitter_card":"summary_large_image","twitter_site":"@TetraktisInfo","twitter_misc":{"Est. reading time":"7 minutes"},"schema":{"@context":"https:\/\/schema.org","@graph":[{"@type":"WebPage","@id":"https:\/\/tetraktis.si\/en\/izdelek\/derma-gel\/","url":"https:\/\/tetraktis.si\/en\/izdelek\/derma-gel\/","name":"Derma GeL\u00ae is a herbal skin hydrogel for intensive and rapid skin care.","isPartOf":{"@id":"https:\/\/tetraktis.si\/en\/#website"},"primaryImageOfPage":{"@id":"https:\/\/tetraktis.si\/en\/izdelek\/derma-gel\/#primaryimage"},"image":{"@id":"https:\/\/tetraktis.si\/en\/izdelek\/derma-gel\/#primaryimage"},"thumbnailUrl":"https:\/\/tetraktis.si\/wp-content\/uploads\/2022\/04\/DERMA-GEL.jpg","datePublished":"2022-04-27T13:52:58+00:00","dateModified":"2025-08-18T14:52:12+00:00","description":"Derma Gel provides and maintains a moist epidermal environment with the ability to help clean and deride necrotic tissue.","breadcrumb":{"@id":"https:\/\/tetraktis.si\/en\/izdelek\/derma-gel\/#breadcrumb"},"inLanguage":"en-US","potentialAction":[{"@type":"ReadAction","target":["https:\/\/tetraktis.si\/en\/izdelek\/derma-gel\/"]}]},{"@type":"ImageObject","inLanguage":"en-US","@id":"https:\/\/tetraktis.si\/en\/izdelek\/derma-gel\/#primaryimage","url":"https:\/\/tetraktis.si\/wp-content\/uploads\/2022\/04\/DERMA-GEL.jpg","contentUrl":"https:\/\/tetraktis.si\/wp-content\/uploads\/2022\/04\/DERMA-GEL.jpg","width":568,"height":611,"caption":"DERMA GEL"},{"@type":"BreadcrumbList","@id":"https:\/\/tetraktis.si\/en\/izdelek\/derma-gel\/#breadcrumb","itemListElement":[{"@type":"ListItem","position":1,"name":"Shop","item":"https:\/\/tetraktis.si\/en\/shop-3\/"},{"@type":"ListItem","position":2,"name":"Derma Gel"}]},{"@type":"WebSite","@id":"https:\/\/tetraktis.si\/en\/#website","url":"https:\/\/tetraktis.si\/en\/","name":"Tetraktis- Equine America, Dorwest, Excel","description":"Samo najbolj\u0161e za va\u0161e \u017eivali","publisher":{"@id":"https:\/\/tetraktis.si\/en\/#organization"},"potentialAction":[{"@type":"SearchAction","target":{"@type":"EntryPoint","urlTemplate":"https:\/\/tetraktis.si\/en\/?s={search_term_string}"},"query-input":{"@type":"PropertyValueSpecification","valueRequired":true,"valueName":"search_term_string"}}],"inLanguage":"en-US"},{"@type":"Organization","@id":"https:\/\/tetraktis.si\/en\/#organization","name":"Tetraktis","url":"https:\/\/tetraktis.si\/en\/","logo":{"@type":"ImageObject","inLanguage":"en-US","@id":"https:\/\/tetraktis.si\/en\/#\/schema\/logo\/image\/","url":"https:\/\/tetraktis.si\/wp-content\/uploads\/2022\/06\/logo.webp","contentUrl":"https:\/\/tetraktis.si\/wp-content\/uploads\/2022\/06\/logo.webp","width":400,"height":211,"caption":"Tetraktis"},"image":{"@id":"https:\/\/tetraktis.si\/en\/#\/schema\/logo\/image\/"},"sameAs":["https:\/\/business.facebook.com\/equineamericashop\/?business_id=193323571192825","https:\/\/x.com\/TetraktisInfo","https:\/\/www.instagram.com\/tetraktisslovenija\/","https:\/\/www.youtube.com\/channel\/UCk_PdKMdtpZ4pf0RRFL1vYA"]}]}},"_links":{"self":[{"href":"https:\/\/tetraktis.si\/en\/wp-json\/wp\/v2\/product\/32406","targetHints":{"allow":["GET"]}}],"collection":[{"href":"https:\/\/tetraktis.si\/en\/wp-json\/wp\/v2\/product"}],"about":[{"href":"https:\/\/tetraktis.si\/en\/wp-json\/wp\/v2\/types\/product"}],"replies":[{"embeddable":true,"href":"https:\/\/tetraktis.si\/en\/wp-json\/wp\/v2\/comments?post=32406"}],"version-history":[{"count":1,"href":"https:\/\/tetraktis.si\/en\/wp-json\/wp\/v2\/product\/32406\/revisions"}],"predecessor-version":[{"id":37084,"href":"https:\/\/tetraktis.si\/en\/wp-json\/wp\/v2\/product\/32406\/revisions\/37084"}],"wp:featuredmedia":[{"embeddable":true,"href":"https:\/\/tetraktis.si\/en\/wp-json\/wp\/v2\/media\/24323"}],"wp:attachment":[{"href":"https:\/\/tetraktis.si\/en\/wp-json\/wp\/v2\/media?parent=32406"}],"wp:term":[{"taxonomy":"product_brand","embeddable":true,"href":"https:\/\/tetraktis.si\/en\/wp-json\/wp\/v2\/product_brand?post=32406"},{"taxonomy":"product_cat","embeddable":true,"href":"https:\/\/tetraktis.si\/en\/wp-json\/wp\/v2\/product_cat?post=32406"},{"taxonomy":"product_tag","embeddable":true,"href":"https:\/\/tetraktis.si\/en\/wp-json\/wp\/v2\/product_tag?post=32406"}],"curies":[{"name":"wp","href":"https:\/\/api.w.org\/{rel}","templated":true}]}}