{"id":32403,"date":"2022-04-27T15:52:27","date_gmt":"2022-04-27T13:52:27","guid":{"rendered":"https:\/\/cortaflex.si\/izdelek\/everyday-vitamin-mineral-supplement\/"},"modified":"2024-03-29T20:43:25","modified_gmt":"2024-03-29T19:43:25","slug":"everyday-vitamin-mineral-supplement","status":"publish","type":"product","link":"https:\/\/tetraktis.si\/en\/izdelek\/everyday-vitamin-mineral-supplement\/","title":{"rendered":"EVERYDAY Vitamin &amp; Mineral Supplement"},"content":{"rendered":"<h4><strong>An all purpose vitamin mineral supplement.<\/strong><\/h4>\n<p>Provides <strong>Daily Vitamins<\/strong>, <strong>Minerals<\/strong>, <strong>Pre-biotics<\/strong> and <strong>Trace Elements<\/strong>, previously known as Top Form, it is a complete supplement for all <strong>horses<\/strong>, containing top quality <strong>vitamins, minerals, pre-biotics and trace elements<\/strong>, an easy to feed palatable pellet, which is ideal for both stable and field kept <strong>horses<\/strong>.<strong> EVERYDAY Pellets<\/strong> can be used as an economic <strong>vitamin<\/strong> and <strong>mineral supplement for horses<\/strong> in low level work.<\/p>\n<p>Providing over 25 key vitamins, minerals and trace elements, together with probiotics and prebiotics, Everyday Vitamins and Minerals are the ideal way to help ensure optimum health and performance in horses and ponies on forage-based diets, or low intakes of concentrate feed.<\/p>\n<p>Forage should form the basis of all equine diets, but many pastures are low in key minerals, and preserved forages such as hay and haylages can lose much of their vitamin content with drying and storage.\u00a0 Many horses and ponies do not need the extra calories from fortified concentrate feed, and this can mean that their forage-based diet may be low in key minerals and vitamins.<\/p>\n<p>Everyday Vitamins and Minerals provide a cost-effective, simple way to provide important micronutrients such as vitamin A for the immune system, healthy skin and vision, Vitamin D for strong bones, the\u00a0 antioxidant Vitamin E for muscle health,\u00a0 and B complex vitamins for blood health, immune boosting, and helping body cells to work correctly.<\/p>\n<p>Important minerals including calcium and phosphorus help build and maintain strong bones and muscles, and magnesium helps nerves to work correctly.<\/p>\n<p>Trace elements including copper, zinc, manganese, iodine, selenium and iron all play important roles in bones, muscles, and maintaining health and vitality.<\/p>\n<p>Probiotics and prebiotics included in Everyday Vitamins and Minerals help maintain a healthy gut microflora, which is\u00a0 vital for keeping the immune system working, to produce energy to provide body heat to keep horses and ponies warm, and to digest fibre to produce energy used to maintain bodyweight and to work.<\/p>\n<p>Everyday Vitamins and Minerals is carefully blended on a palatable alfalfa base, which also provides important amino acids, together with seaweed, a natural source of many nutrients.<\/p>\n<p>Available 1.5kg 30 days supply<\/p>\n<p><strong>Feeding directions<\/strong>: For a 500 Kg horse, per day: 30 g; For an average pony, per day: 15 g; Maximum per day 30 g.15 g measure enclosed.<\/p>\n<p><strong>Analytical Constituents<\/strong>: Crude protein 11.00%, crude fibre 16.0%, crude oils&amp;fats 4.5%, crude ash 30.00%, sodium 0.6%, selenium 0.0004%<\/p>\n<p><strong>Composition<\/strong>: dehydrated alfalfa meal, yeast culture, choline chloride, vegetable oil, D-calcium pantothenate, menadione sodium bisulfate complex, seaweed meal, sodium selenite<\/p>\n<p><strong>Additives<\/strong>: Niacinamide 9000 mg\/kg, thiamine mononitrate 2000 mg\/kg, riboflavin 2000 mg\/kg, folic acid 2000 mg\/kg, pyridoxine hydrochloride 2000 mg\/kg, d-calcium pantothenate 900 mg\/kg, biotin 20 mg\/kg, cyanocobalamin 4 mg\/kg, cholecalciferol 0.01 mg\/kg, d-alpha tocopherol acetate 0.7 mg\/kg, ferrous sulphate monohydrate 6000 mg\/kg, zinc oxide 6000 mg\/kg, manganese sulphate 2000 mg\/kg, copper sulphate 600 mg\/kg, cobalt carbonate 50 mg\/kg.<\/p>\n<p><a href=\"https:\/\/www.tetraktis.si\/wp-content\/uploads\/2020\/01\/EVERYDAY-VITAMIN-MINERAL.pdf\">LABEL<\/a><\/p>\n","protected":false},"excerpt":{"rendered":"<p><strong>EVERYDAY Vitamins &amp; Minerals<\/strong> is a\u00a0complete supplement for all <strong>horses<\/strong>, containing top quality\u00a0<strong>vitamins, minerals, pro-biotics and trace element<\/strong> it\u00a0is an easy to feed palatable pellet which is ideal for both stable and field kept <strong>horses<\/strong>.<\/p>\n<p>BROAD SPECTRUM FORMULA<\/p>\n<p>For optimum overall health and condition use <a href=\"https:\/\/www.tetraktis.si\/en\/product\/v-biotic-vitamins-minerals-horses\/\">V-Biotic\u00ae<\/a>. If your horse is lacking in energy, use <a href=\"https:\/\/www.tetraktis.si\/en\/product\/propell-plus\/\">ProPell Plus<\/a>.<\/p>\n<p>Available in 1500 gm (30 day supply)<\/p>\n<p><span style=\"color: #800080;\">LABEL INFORMATION<\/span><\/p>\n<p><a href=\"https:\/\/www.tetraktis.si\/wp-content\/uploads\/2020\/01\/EVERYDAY-VITAMIN-MINERAL.pdf\"><span style=\"color: #800080;\">Everyday Vitamins and Minerals 1,5kg<\/span><\/a><\/p>\n","protected":false},"featured_media":24311,"comment_status":"open","ping_status":"closed","template":"","meta":[],"product_brand":[],"product_cat":[3326,3316],"product_tag":[3775,3777],"class_list":{"0":"post-32403","1":"product","2":"type-product","3":"status-publish","4":"has-post-thumbnail","6":"product_cat-products-onsale-horses","7":"product_cat-vitamins-minerals","8":"product_tag-minerali-2-en","9":"product_tag-vitamini-2-en","12":"first","13":"instock","14":"taxable","15":"shipping-taxable","16":"purchasable","17":"product-type-variable","18":"has-default-attributes"},"yoast_head":"<!-- This site is optimized with the Yoast SEO Premium plugin v20.10 (Yoast SEO v27.3) - https:\/\/yoast.com\/product\/yoast-seo-premium-wordpress\/ -->\n<title>EVERYDAY Vitamin &amp; Mineral Supplement - An all purpose supplement<\/title>\n<meta name=\"description\" content=\"An all purpose vitamin mineral supplement for all horses, provides complete Daily Vitamins, Minerals, Pre-biotics and Trace Elements.\" \/>\n<meta name=\"robots\" content=\"index, follow, max-snippet:-1, max-image-preview:large, max-video-preview:-1\" \/>\n<link rel=\"canonical\" href=\"https:\/\/tetraktis.si\/en\/izdelek\/everyday-vitamin-mineral-supplement\/\" \/>\n<meta property=\"og:locale\" content=\"en_US\" \/>\n<meta property=\"og:type\" content=\"article\" \/>\n<meta property=\"og:title\" content=\"EVERYDAY Vitamin &amp; Mineral Supplement - An all purpose supplement\" \/>\n<meta property=\"og:description\" content=\"An all purpose vitamin mineral supplement for all horses, provides complete Daily Vitamins, Minerals, Pre-biotics and Trace Elements.\" \/>\n<meta property=\"og:url\" content=\"https:\/\/tetraktis.si\/en\/izdelek\/everyday-vitamin-mineral-supplement\/\" \/>\n<meta property=\"og:site_name\" content=\"Tetraktis- Equine America, Dorwest, Excel\" \/>\n<meta property=\"article:publisher\" content=\"https:\/\/business.facebook.com\/equineamericashop\/?business_id=193323571192825\" \/>\n<meta property=\"article:modified_time\" content=\"2024-03-29T19:43:25+00:00\" \/>\n<meta property=\"og:image\" content=\"https:\/\/tetraktis.si\/wp-content\/uploads\/2022\/04\/EVERYDAY-VITAMIN-MINERAL.jpg\" \/>\n\t<meta property=\"og:image:width\" content=\"924\" \/>\n\t<meta property=\"og:image:height\" content=\"924\" \/>\n\t<meta property=\"og:image:type\" content=\"image\/jpeg\" \/>\n<meta name=\"twitter:card\" content=\"summary_large_image\" \/>\n<meta name=\"twitter:site\" content=\"@TetraktisInfo\" \/>\n<meta name=\"twitter:label1\" content=\"Est. reading time\" \/>\n\t<meta name=\"twitter:data1\" content=\"3 minutes\" \/>\n<script type=\"application\/ld+json\" class=\"yoast-schema-graph\">{\"@context\":\"https:\\\/\\\/schema.org\",\"@graph\":[{\"@type\":\"WebPage\",\"@id\":\"https:\\\/\\\/tetraktis.si\\\/en\\\/izdelek\\\/everyday-vitamin-mineral-supplement\\\/\",\"url\":\"https:\\\/\\\/tetraktis.si\\\/en\\\/izdelek\\\/everyday-vitamin-mineral-supplement\\\/\",\"name\":\"EVERYDAY Vitamin &amp; Mineral Supplement - An all purpose supplement\",\"isPartOf\":{\"@id\":\"https:\\\/\\\/tetraktis.si\\\/en\\\/#website\"},\"primaryImageOfPage\":{\"@id\":\"https:\\\/\\\/tetraktis.si\\\/en\\\/izdelek\\\/everyday-vitamin-mineral-supplement\\\/#primaryimage\"},\"image\":{\"@id\":\"https:\\\/\\\/tetraktis.si\\\/en\\\/izdelek\\\/everyday-vitamin-mineral-supplement\\\/#primaryimage\"},\"thumbnailUrl\":\"https:\\\/\\\/tetraktis.si\\\/wp-content\\\/uploads\\\/2022\\\/04\\\/EVERYDAY-VITAMIN-MINERAL.jpg\",\"datePublished\":\"2022-04-27T13:52:27+00:00\",\"dateModified\":\"2024-03-29T19:43:25+00:00\",\"description\":\"An all purpose vitamin mineral supplement for all horses, provides complete Daily Vitamins, Minerals, Pre-biotics and Trace Elements.\",\"breadcrumb\":{\"@id\":\"https:\\\/\\\/tetraktis.si\\\/en\\\/izdelek\\\/everyday-vitamin-mineral-supplement\\\/#breadcrumb\"},\"inLanguage\":\"en-US\",\"potentialAction\":[{\"@type\":\"ReadAction\",\"target\":[\"https:\\\/\\\/tetraktis.si\\\/en\\\/izdelek\\\/everyday-vitamin-mineral-supplement\\\/\"]}]},{\"@type\":\"ImageObject\",\"inLanguage\":\"en-US\",\"@id\":\"https:\\\/\\\/tetraktis.si\\\/en\\\/izdelek\\\/everyday-vitamin-mineral-supplement\\\/#primaryimage\",\"url\":\"https:\\\/\\\/tetraktis.si\\\/wp-content\\\/uploads\\\/2022\\\/04\\\/EVERYDAY-VITAMIN-MINERAL.jpg\",\"contentUrl\":\"https:\\\/\\\/tetraktis.si\\\/wp-content\\\/uploads\\\/2022\\\/04\\\/EVERYDAY-VITAMIN-MINERAL.jpg\",\"width\":924,\"height\":924},{\"@type\":\"BreadcrumbList\",\"@id\":\"https:\\\/\\\/tetraktis.si\\\/en\\\/izdelek\\\/everyday-vitamin-mineral-supplement\\\/#breadcrumb\",\"itemListElement\":[{\"@type\":\"ListItem\",\"position\":1,\"name\":\"Shop\",\"item\":\"https:\\\/\\\/tetraktis.si\\\/en\\\/shop-3\\\/\"},{\"@type\":\"ListItem\",\"position\":2,\"name\":\"EVERYDAY Vitamin &amp; Mineral Supplement\"}]},{\"@type\":\"WebSite\",\"@id\":\"https:\\\/\\\/tetraktis.si\\\/en\\\/#website\",\"url\":\"https:\\\/\\\/tetraktis.si\\\/en\\\/\",\"name\":\"Tetraktis- Equine America, Dorwest, Excel\",\"description\":\"Samo najbolj\u0161e za va\u0161e \u017eivali\",\"publisher\":{\"@id\":\"https:\\\/\\\/tetraktis.si\\\/en\\\/#organization\"},\"potentialAction\":[{\"@type\":\"SearchAction\",\"target\":{\"@type\":\"EntryPoint\",\"urlTemplate\":\"https:\\\/\\\/tetraktis.si\\\/en\\\/?s={search_term_string}\"},\"query-input\":{\"@type\":\"PropertyValueSpecification\",\"valueRequired\":true,\"valueName\":\"search_term_string\"}}],\"inLanguage\":\"en-US\"},{\"@type\":\"Organization\",\"@id\":\"https:\\\/\\\/tetraktis.si\\\/en\\\/#organization\",\"name\":\"Tetraktis\",\"url\":\"https:\\\/\\\/tetraktis.si\\\/en\\\/\",\"logo\":{\"@type\":\"ImageObject\",\"inLanguage\":\"en-US\",\"@id\":\"https:\\\/\\\/tetraktis.si\\\/en\\\/#\\\/schema\\\/logo\\\/image\\\/\",\"url\":\"https:\\\/\\\/tetraktis.si\\\/wp-content\\\/uploads\\\/2022\\\/06\\\/logo.webp\",\"contentUrl\":\"https:\\\/\\\/tetraktis.si\\\/wp-content\\\/uploads\\\/2022\\\/06\\\/logo.webp\",\"width\":400,\"height\":211,\"caption\":\"Tetraktis\"},\"image\":{\"@id\":\"https:\\\/\\\/tetraktis.si\\\/en\\\/#\\\/schema\\\/logo\\\/image\\\/\"},\"sameAs\":[\"https:\\\/\\\/business.facebook.com\\\/equineamericashop\\\/?business_id=193323571192825\",\"https:\\\/\\\/x.com\\\/TetraktisInfo\",\"https:\\\/\\\/www.instagram.com\\\/tetraktisslovenija\\\/\",\"https:\\\/\\\/www.youtube.com\\\/channel\\\/UCk_PdKMdtpZ4pf0RRFL1vYA\"]}]}<\/script>\n<!-- \/ Yoast SEO Premium plugin. -->","yoast_head_json":{"title":"EVERYDAY Vitamin &amp; Mineral Supplement - An all purpose supplement","description":"An all purpose vitamin mineral supplement for all horses, provides complete Daily Vitamins, Minerals, Pre-biotics and Trace Elements.","robots":{"index":"index","follow":"follow","max-snippet":"max-snippet:-1","max-image-preview":"max-image-preview:large","max-video-preview":"max-video-preview:-1"},"canonical":"https:\/\/tetraktis.si\/en\/izdelek\/everyday-vitamin-mineral-supplement\/","og_locale":"en_US","og_type":"article","og_title":"EVERYDAY Vitamin &amp; Mineral Supplement - An all purpose supplement","og_description":"An all purpose vitamin mineral supplement for all horses, provides complete Daily Vitamins, Minerals, Pre-biotics and Trace Elements.","og_url":"https:\/\/tetraktis.si\/en\/izdelek\/everyday-vitamin-mineral-supplement\/","og_site_name":"Tetraktis- Equine America, Dorwest, Excel","article_publisher":"https:\/\/business.facebook.com\/equineamericashop\/?business_id=193323571192825","article_modified_time":"2024-03-29T19:43:25+00:00","og_image":[{"width":924,"height":924,"url":"https:\/\/tetraktis.si\/wp-content\/uploads\/2022\/04\/EVERYDAY-VITAMIN-MINERAL.jpg","type":"image\/jpeg"}],"twitter_card":"summary_large_image","twitter_site":"@TetraktisInfo","twitter_misc":{"Est. reading time":"3 minutes"},"schema":{"@context":"https:\/\/schema.org","@graph":[{"@type":"WebPage","@id":"https:\/\/tetraktis.si\/en\/izdelek\/everyday-vitamin-mineral-supplement\/","url":"https:\/\/tetraktis.si\/en\/izdelek\/everyday-vitamin-mineral-supplement\/","name":"EVERYDAY Vitamin &amp; Mineral Supplement - An all purpose supplement","isPartOf":{"@id":"https:\/\/tetraktis.si\/en\/#website"},"primaryImageOfPage":{"@id":"https:\/\/tetraktis.si\/en\/izdelek\/everyday-vitamin-mineral-supplement\/#primaryimage"},"image":{"@id":"https:\/\/tetraktis.si\/en\/izdelek\/everyday-vitamin-mineral-supplement\/#primaryimage"},"thumbnailUrl":"https:\/\/tetraktis.si\/wp-content\/uploads\/2022\/04\/EVERYDAY-VITAMIN-MINERAL.jpg","datePublished":"2022-04-27T13:52:27+00:00","dateModified":"2024-03-29T19:43:25+00:00","description":"An all purpose vitamin mineral supplement for all horses, provides complete Daily Vitamins, Minerals, Pre-biotics and Trace Elements.","breadcrumb":{"@id":"https:\/\/tetraktis.si\/en\/izdelek\/everyday-vitamin-mineral-supplement\/#breadcrumb"},"inLanguage":"en-US","potentialAction":[{"@type":"ReadAction","target":["https:\/\/tetraktis.si\/en\/izdelek\/everyday-vitamin-mineral-supplement\/"]}]},{"@type":"ImageObject","inLanguage":"en-US","@id":"https:\/\/tetraktis.si\/en\/izdelek\/everyday-vitamin-mineral-supplement\/#primaryimage","url":"https:\/\/tetraktis.si\/wp-content\/uploads\/2022\/04\/EVERYDAY-VITAMIN-MINERAL.jpg","contentUrl":"https:\/\/tetraktis.si\/wp-content\/uploads\/2022\/04\/EVERYDAY-VITAMIN-MINERAL.jpg","width":924,"height":924},{"@type":"BreadcrumbList","@id":"https:\/\/tetraktis.si\/en\/izdelek\/everyday-vitamin-mineral-supplement\/#breadcrumb","itemListElement":[{"@type":"ListItem","position":1,"name":"Shop","item":"https:\/\/tetraktis.si\/en\/shop-3\/"},{"@type":"ListItem","position":2,"name":"EVERYDAY Vitamin &amp; Mineral Supplement"}]},{"@type":"WebSite","@id":"https:\/\/tetraktis.si\/en\/#website","url":"https:\/\/tetraktis.si\/en\/","name":"Tetraktis- Equine America, Dorwest, Excel","description":"Samo najbolj\u0161e za va\u0161e \u017eivali","publisher":{"@id":"https:\/\/tetraktis.si\/en\/#organization"},"potentialAction":[{"@type":"SearchAction","target":{"@type":"EntryPoint","urlTemplate":"https:\/\/tetraktis.si\/en\/?s={search_term_string}"},"query-input":{"@type":"PropertyValueSpecification","valueRequired":true,"valueName":"search_term_string"}}],"inLanguage":"en-US"},{"@type":"Organization","@id":"https:\/\/tetraktis.si\/en\/#organization","name":"Tetraktis","url":"https:\/\/tetraktis.si\/en\/","logo":{"@type":"ImageObject","inLanguage":"en-US","@id":"https:\/\/tetraktis.si\/en\/#\/schema\/logo\/image\/","url":"https:\/\/tetraktis.si\/wp-content\/uploads\/2022\/06\/logo.webp","contentUrl":"https:\/\/tetraktis.si\/wp-content\/uploads\/2022\/06\/logo.webp","width":400,"height":211,"caption":"Tetraktis"},"image":{"@id":"https:\/\/tetraktis.si\/en\/#\/schema\/logo\/image\/"},"sameAs":["https:\/\/business.facebook.com\/equineamericashop\/?business_id=193323571192825","https:\/\/x.com\/TetraktisInfo","https:\/\/www.instagram.com\/tetraktisslovenija\/","https:\/\/www.youtube.com\/channel\/UCk_PdKMdtpZ4pf0RRFL1vYA"]}]}},"_links":{"self":[{"href":"https:\/\/tetraktis.si\/en\/wp-json\/wp\/v2\/product\/32403","targetHints":{"allow":["GET"]}}],"collection":[{"href":"https:\/\/tetraktis.si\/en\/wp-json\/wp\/v2\/product"}],"about":[{"href":"https:\/\/tetraktis.si\/en\/wp-json\/wp\/v2\/types\/product"}],"replies":[{"embeddable":true,"href":"https:\/\/tetraktis.si\/en\/wp-json\/wp\/v2\/comments?post=32403"}],"version-history":[{"count":1,"href":"https:\/\/tetraktis.si\/en\/wp-json\/wp\/v2\/product\/32403\/revisions"}],"predecessor-version":[{"id":37082,"href":"https:\/\/tetraktis.si\/en\/wp-json\/wp\/v2\/product\/32403\/revisions\/37082"}],"wp:featuredmedia":[{"embeddable":true,"href":"https:\/\/tetraktis.si\/en\/wp-json\/wp\/v2\/media\/24311"}],"wp:attachment":[{"href":"https:\/\/tetraktis.si\/en\/wp-json\/wp\/v2\/media?parent=32403"}],"wp:term":[{"taxonomy":"product_brand","embeddable":true,"href":"https:\/\/tetraktis.si\/en\/wp-json\/wp\/v2\/product_brand?post=32403"},{"taxonomy":"product_cat","embeddable":true,"href":"https:\/\/tetraktis.si\/en\/wp-json\/wp\/v2\/product_cat?post=32403"},{"taxonomy":"product_tag","embeddable":true,"href":"https:\/\/tetraktis.si\/en\/wp-json\/wp\/v2\/product_tag?post=32403"}],"curies":[{"name":"wp","href":"https:\/\/api.w.org\/{rel}","templated":true}]}}