{"id":32402,"date":"2022-04-27T15:52:27","date_gmt":"2022-04-27T13:52:27","guid":{"rendered":"https:\/\/cortaflex.si\/izdelek\/apple-lytes-electrolytes\/"},"modified":"2024-08-05T07:51:58","modified_gmt":"2024-08-05T05:51:58","slug":"apple-lytes-electrolytes","status":"publish","type":"product","link":"https:\/\/tetraktis.si\/en\/izdelek\/apple-lytes-electrolytes\/","title":{"rendered":"Apple Lytes electrolytes"},"content":{"rendered":"<h1>Apple Lytes electrolytes was formulated by Bruce Snipes, creator of <a href=\"https:\/\/www.tetraktis.si\/en\/product\/cortaflex-ha-super-fenn-super-strength-2\/\">Cortaflex\u00ae<\/a>, who pioneered the feeding of electrolytes to horses in the 1960\u2019s.<\/h1>\n<p>Apple Lytes Electrolytes have been carefully formulated to replace the key electrolytes.<\/p>\n<p>And encourage drinking to help prevent dehydration and maintain peak performance all season.<\/p>\n<p>An increase in body temperature, either as a result of exercise, travelling or high environmental temperature will cause the horse to sweat.<\/p>\n<p>The evaporation of this sweat helps the horse to cool down and regulate his body temperature.<\/p>\n<p>Sweating causes fluid loss, together with the loss of body salts called electrolytes, contained in the sweat.<\/p>\n<p>A horse in moderate work, trotting and cantering, can lose as much as 5-7 litres of fluid, and 50-70g electrolytes in an hour.<\/p>\n<p>And this will increase as the work intensity or duration increases. And even more if the weather is hot and humid!<\/p>\n<h2>The important electrolytes are: Sodium and Chloride, Potassium, Calcium and Magnesium.<\/h2>\n<p>Electrolytes for hoses play key roles in muscle contraction, the nervous system, and maintaining the fluid balance around cells.<\/p>\n<p>And very importantly, the concentration of sodium controls the horse\u2019s thirst response.<\/p>\n<p>This is especially notable, as a significant loss of electrolytes can actually reduce the horse\u2019s desire to drink. Even when he has lost a large amount of fluid and is at risk of becoming dehydrated.<\/p>\n<p>If the lost fluid and electrolytes are not replaced, the horse will begin to suffer from dehydration.<\/p>\n<p>Affecting performance and resulting in symptoms of fatigue and reduced exercise tolerance.<\/p>\n<p>And ultimately more serious conditions affecting muscles and the ability to perform.<\/p>\n<h2>As <strong>horses<\/strong> work and sweat they lose vital <strong>electrolytes<\/strong> and mineral salts.<\/h2>\n<p>At low levels these can be replaced with\u00a0<strong>Sodium Chloride<\/strong> (salt). But if the horse is in medium to hard work and sweating on a daily basis, an electrolyte supplement must be provided.<\/p>\n<p>Because horse sweat contains a higher concentration of sodium and chloride than his other body fluids, it is important that electrolytes for horses are provided at the correct concentrations.<\/p>\n<p>To ensure that the desire to drink is maintained.<\/p>\n<p>So fluid balance AND electrolyte losses can be restored to promote recovery, and ensure continued optimum performance.<\/p>\n<p>And this is especially important during longer show or events, when performance may decline if electrolyte and fluid balance are not restored.<\/p>\n<h2>Without <strong>electrolytes<\/strong>, the horse will feel lethargic.<\/h2>\n<p>And a continuation of this loss is highly detrimental to the horse\u2019s health.<\/p>\n<p>As the main electrolyte is a <strong>salt<\/strong> (sodium chloride) it is important to use a salt \u2013 granular or powder based product (not a solution).<\/p>\n<p>As it is not possible to suspend enough of the mineral salts needed within a solution.<\/p>\n<p>Electrolyte replacement to restore losses and encourage water intake are important for all horses and ponies who sweat.<\/p>\n<p>From Pony Club ponies working hard at rallies in the Summer,\u00a0 through to globe-trotting International eventers, showjumpers and dressage horses!<\/p>\n<p>Apple Lytes Electrolytes are highly palatable, with an appetising cherry flavour.<\/p>\n<p>And should be introduced gradually at home, mixed in feed.<\/p>\n<p>Building up to the recommended level when required after periods of sweating, with fresh water always available.<\/p>\n<h2><strong>When should you feed Apple Lytes?<\/strong><\/h2>\n<p>Feed\u00a0Apple Lytes electrolytes daily to <strong>horses<\/strong> or ponies in hard work, especially those who are sweating.<\/p>\n<p><strong>Apple Lytes electrolytes<\/strong> is a salt-based product which can be added to the feed on a daily basis.<\/p>\n<p>For high level competition and endurance events.<\/p>\n<p><strong>Electrolytes <\/strong>should not be fed to a dehydrated<strong> horse<\/strong> &#8211; always ensure water has been ingested first.<\/p>\n<p>And that the <strong>horse<\/strong> has recovered from exercise.<\/p>\n<p><strong>Apple Lytes<\/strong> is an <strong>electrolyte replacement<\/strong> product and should only be used once the <strong>horse\/pony<\/strong> is rehydrated. To aid hydration use Drink More.<\/p>\n<h2>APPLE LYTES ELECTROLYTES POWDER<\/h2>\n<p>A complementary mineral feed designed to replace essential electrolytes for horses lost in sweat.<br \/>\nFeeding Directions<\/p>\n<ul>\n<li>For 400-600kg horses: Light work: 30g per day. Strenuous exercise or sweating heavily: 60g<br \/>\nper day. Maximum; 60g per day.<\/li>\n<li>For 300-450kg ponies; Light work: 15g per day. Strenuous exercise or sweating<br \/>\nheavily: 30g per day. Maximum; 30g per day.<\/li>\n<\/ul>\n<p>30g (approx) measure enclosed. Do not exceed recommended intakes unless under professional advice.<\/p>\n<p><strong>Additives (per kg):<\/strong> Technological additives: Monosilicic acid (E551a) 500mg. Sensory additives: Mixture of flavouring compounds.<br \/>\n<strong>Composition<\/strong>: Sodium Chloride, Magnesium Sulphate Heptahydrate, Potassium Chloride, Dextrose, Calcium Gluconate.<br \/>\n<strong>Analytical Constituents:<\/strong> Crude Ash 74.3%, Sodium 22.5%, Potassium 6.7%, Chloride 40.4%, Magnesium 1.7%, Calcium 0.5%<\/p>\n<p>Available in 2,5 kg (80 day supply at maintenance) and 10kg.<\/p>\n<p><a href=\"https:\/\/www.tetraktis.si\/wp-content\/uploads\/2019\/07\/Apple-cherry-lytes-elektroliti-za-konje-25kg.pdf\">LABEL 2,5kg<\/a><\/p>\n<p><a href=\"https:\/\/www.tetraktis.si\/wp-content\/uploads\/2019\/11\/APPLE-LYTES-GRANULES.10kg.pdf\">LABEL 10kg<\/a><\/p>\n","protected":false},"excerpt":{"rendered":"<p>Apple Lytes Electrolytes have been carefully formulated to replace the key electrolytes and encourage drinking to help prevent dehydration and maintain peak performance all season.<\/p>\n<p>Apple Lytes Electrolytes are highly palatable, with an appetising cherry flavour.<\/p>\n","protected":false},"featured_media":24268,"comment_status":"open","ping_status":"closed","template":"","meta":[],"product_brand":[322],"product_cat":[3313,3326,3316,3315],"product_tag":[],"class_list":{"0":"post-32402","1":"product","2":"type-product","3":"status-publish","4":"has-post-thumbnail","6":"product_brand-equine-america","7":"product_cat-competition","8":"product_cat-products-onsale-horses","9":"product_cat-vitamins-minerals","10":"product_cat-wellbeing","13":"first","14":"instock","15":"taxable","16":"shipping-taxable","17":"purchasable","18":"product-type-variable","19":"has-default-attributes"},"yoast_head":"<!-- This site is optimized with the Yoast SEO Premium plugin v20.10 (Yoast SEO v27.3) - https:\/\/yoast.com\/product\/yoast-seo-premium-wordpress\/ -->\n<title>Apple Lytes electrolytes - appetising cherry flavour<\/title>\n<meta name=\"description\" content=\"Apple Lytes Electrolytes- formulated to replace the key electrolytes and encourage drinking to help prevent dehydration.\" \/>\n<meta name=\"robots\" content=\"index, follow, max-snippet:-1, max-image-preview:large, max-video-preview:-1\" \/>\n<link rel=\"canonical\" href=\"https:\/\/tetraktis.si\/en\/izdelek\/apple-lytes-electrolytes\/\" \/>\n<meta property=\"og:locale\" content=\"en_US\" \/>\n<meta property=\"og:type\" content=\"article\" \/>\n<meta property=\"og:title\" content=\"Apple Lytes electrolytes - appetising cherry flavour\" \/>\n<meta property=\"og:description\" content=\"Apple Lytes Electrolytes- formulated to replace the key electrolytes and encourage drinking to help prevent dehydration.\" \/>\n<meta property=\"og:url\" content=\"https:\/\/tetraktis.si\/en\/izdelek\/apple-lytes-electrolytes\/\" \/>\n<meta property=\"og:site_name\" content=\"Tetraktis- Equine America, Dorwest, Excel\" \/>\n<meta property=\"article:publisher\" content=\"https:\/\/business.facebook.com\/equineamericashop\/?business_id=193323571192825\" \/>\n<meta property=\"article:modified_time\" content=\"2024-08-05T05:51:58+00:00\" \/>\n<meta property=\"og:image\" content=\"https:\/\/tetraktis.si\/wp-content\/uploads\/2022\/04\/Apple-cherry-lytes-elektroliti-za-konje-25kg.jpg\" \/>\n\t<meta property=\"og:image:width\" content=\"924\" \/>\n\t<meta property=\"og:image:height\" content=\"924\" \/>\n\t<meta property=\"og:image:type\" content=\"image\/jpeg\" \/>\n<meta name=\"twitter:card\" content=\"summary_large_image\" \/>\n<meta name=\"twitter:site\" content=\"@TetraktisInfo\" \/>\n<meta name=\"twitter:label1\" content=\"Est. reading time\" \/>\n\t<meta name=\"twitter:data1\" content=\"4 minutes\" \/>\n<script type=\"application\/ld+json\" class=\"yoast-schema-graph\">{\"@context\":\"https:\\\/\\\/schema.org\",\"@graph\":[{\"@type\":\"WebPage\",\"@id\":\"https:\\\/\\\/tetraktis.si\\\/en\\\/izdelek\\\/apple-lytes-electrolytes\\\/\",\"url\":\"https:\\\/\\\/tetraktis.si\\\/en\\\/izdelek\\\/apple-lytes-electrolytes\\\/\",\"name\":\"Apple Lytes electrolytes - appetising cherry flavour\",\"isPartOf\":{\"@id\":\"https:\\\/\\\/tetraktis.si\\\/en\\\/#website\"},\"primaryImageOfPage\":{\"@id\":\"https:\\\/\\\/tetraktis.si\\\/en\\\/izdelek\\\/apple-lytes-electrolytes\\\/#primaryimage\"},\"image\":{\"@id\":\"https:\\\/\\\/tetraktis.si\\\/en\\\/izdelek\\\/apple-lytes-electrolytes\\\/#primaryimage\"},\"thumbnailUrl\":\"https:\\\/\\\/tetraktis.si\\\/wp-content\\\/uploads\\\/2022\\\/04\\\/Apple-cherry-lytes-elektroliti-za-konje-25kg.jpg\",\"datePublished\":\"2022-04-27T13:52:27+00:00\",\"dateModified\":\"2024-08-05T05:51:58+00:00\",\"description\":\"Apple Lytes Electrolytes- formulated to replace the key electrolytes and encourage drinking to help prevent dehydration.\",\"breadcrumb\":{\"@id\":\"https:\\\/\\\/tetraktis.si\\\/en\\\/izdelek\\\/apple-lytes-electrolytes\\\/#breadcrumb\"},\"inLanguage\":\"en-US\",\"potentialAction\":[{\"@type\":\"ReadAction\",\"target\":[\"https:\\\/\\\/tetraktis.si\\\/en\\\/izdelek\\\/apple-lytes-electrolytes\\\/\"]}]},{\"@type\":\"ImageObject\",\"inLanguage\":\"en-US\",\"@id\":\"https:\\\/\\\/tetraktis.si\\\/en\\\/izdelek\\\/apple-lytes-electrolytes\\\/#primaryimage\",\"url\":\"https:\\\/\\\/tetraktis.si\\\/wp-content\\\/uploads\\\/2022\\\/04\\\/Apple-cherry-lytes-elektroliti-za-konje-25kg.jpg\",\"contentUrl\":\"https:\\\/\\\/tetraktis.si\\\/wp-content\\\/uploads\\\/2022\\\/04\\\/Apple-cherry-lytes-elektroliti-za-konje-25kg.jpg\",\"width\":924,\"height\":924,\"caption\":\"elektroliti za konje\"},{\"@type\":\"BreadcrumbList\",\"@id\":\"https:\\\/\\\/tetraktis.si\\\/en\\\/izdelek\\\/apple-lytes-electrolytes\\\/#breadcrumb\",\"itemListElement\":[{\"@type\":\"ListItem\",\"position\":1,\"name\":\"Shop\",\"item\":\"https:\\\/\\\/tetraktis.si\\\/en\\\/shop-3\\\/\"},{\"@type\":\"ListItem\",\"position\":2,\"name\":\"Apple Lytes electrolytes\"}]},{\"@type\":\"WebSite\",\"@id\":\"https:\\\/\\\/tetraktis.si\\\/en\\\/#website\",\"url\":\"https:\\\/\\\/tetraktis.si\\\/en\\\/\",\"name\":\"Tetraktis- Equine America, Dorwest, Excel\",\"description\":\"Samo najbolj\u0161e za va\u0161e \u017eivali\",\"publisher\":{\"@id\":\"https:\\\/\\\/tetraktis.si\\\/en\\\/#organization\"},\"potentialAction\":[{\"@type\":\"SearchAction\",\"target\":{\"@type\":\"EntryPoint\",\"urlTemplate\":\"https:\\\/\\\/tetraktis.si\\\/en\\\/?s={search_term_string}\"},\"query-input\":{\"@type\":\"PropertyValueSpecification\",\"valueRequired\":true,\"valueName\":\"search_term_string\"}}],\"inLanguage\":\"en-US\"},{\"@type\":\"Organization\",\"@id\":\"https:\\\/\\\/tetraktis.si\\\/en\\\/#organization\",\"name\":\"Tetraktis\",\"url\":\"https:\\\/\\\/tetraktis.si\\\/en\\\/\",\"logo\":{\"@type\":\"ImageObject\",\"inLanguage\":\"en-US\",\"@id\":\"https:\\\/\\\/tetraktis.si\\\/en\\\/#\\\/schema\\\/logo\\\/image\\\/\",\"url\":\"https:\\\/\\\/tetraktis.si\\\/wp-content\\\/uploads\\\/2022\\\/06\\\/logo.webp\",\"contentUrl\":\"https:\\\/\\\/tetraktis.si\\\/wp-content\\\/uploads\\\/2022\\\/06\\\/logo.webp\",\"width\":400,\"height\":211,\"caption\":\"Tetraktis\"},\"image\":{\"@id\":\"https:\\\/\\\/tetraktis.si\\\/en\\\/#\\\/schema\\\/logo\\\/image\\\/\"},\"sameAs\":[\"https:\\\/\\\/business.facebook.com\\\/equineamericashop\\\/?business_id=193323571192825\",\"https:\\\/\\\/x.com\\\/TetraktisInfo\",\"https:\\\/\\\/www.instagram.com\\\/tetraktisslovenija\\\/\",\"https:\\\/\\\/www.youtube.com\\\/channel\\\/UCk_PdKMdtpZ4pf0RRFL1vYA\"]}]}<\/script>\n<!-- \/ Yoast SEO Premium plugin. -->","yoast_head_json":{"title":"Apple Lytes electrolytes - appetising cherry flavour","description":"Apple Lytes Electrolytes- formulated to replace the key electrolytes and encourage drinking to help prevent dehydration.","robots":{"index":"index","follow":"follow","max-snippet":"max-snippet:-1","max-image-preview":"max-image-preview:large","max-video-preview":"max-video-preview:-1"},"canonical":"https:\/\/tetraktis.si\/en\/izdelek\/apple-lytes-electrolytes\/","og_locale":"en_US","og_type":"article","og_title":"Apple Lytes electrolytes - appetising cherry flavour","og_description":"Apple Lytes Electrolytes- formulated to replace the key electrolytes and encourage drinking to help prevent dehydration.","og_url":"https:\/\/tetraktis.si\/en\/izdelek\/apple-lytes-electrolytes\/","og_site_name":"Tetraktis- Equine America, Dorwest, Excel","article_publisher":"https:\/\/business.facebook.com\/equineamericashop\/?business_id=193323571192825","article_modified_time":"2024-08-05T05:51:58+00:00","og_image":[{"width":924,"height":924,"url":"https:\/\/tetraktis.si\/wp-content\/uploads\/2022\/04\/Apple-cherry-lytes-elektroliti-za-konje-25kg.jpg","type":"image\/jpeg"}],"twitter_card":"summary_large_image","twitter_site":"@TetraktisInfo","twitter_misc":{"Est. reading time":"4 minutes"},"schema":{"@context":"https:\/\/schema.org","@graph":[{"@type":"WebPage","@id":"https:\/\/tetraktis.si\/en\/izdelek\/apple-lytes-electrolytes\/","url":"https:\/\/tetraktis.si\/en\/izdelek\/apple-lytes-electrolytes\/","name":"Apple Lytes electrolytes - appetising cherry flavour","isPartOf":{"@id":"https:\/\/tetraktis.si\/en\/#website"},"primaryImageOfPage":{"@id":"https:\/\/tetraktis.si\/en\/izdelek\/apple-lytes-electrolytes\/#primaryimage"},"image":{"@id":"https:\/\/tetraktis.si\/en\/izdelek\/apple-lytes-electrolytes\/#primaryimage"},"thumbnailUrl":"https:\/\/tetraktis.si\/wp-content\/uploads\/2022\/04\/Apple-cherry-lytes-elektroliti-za-konje-25kg.jpg","datePublished":"2022-04-27T13:52:27+00:00","dateModified":"2024-08-05T05:51:58+00:00","description":"Apple Lytes Electrolytes- formulated to replace the key electrolytes and encourage drinking to help prevent dehydration.","breadcrumb":{"@id":"https:\/\/tetraktis.si\/en\/izdelek\/apple-lytes-electrolytes\/#breadcrumb"},"inLanguage":"en-US","potentialAction":[{"@type":"ReadAction","target":["https:\/\/tetraktis.si\/en\/izdelek\/apple-lytes-electrolytes\/"]}]},{"@type":"ImageObject","inLanguage":"en-US","@id":"https:\/\/tetraktis.si\/en\/izdelek\/apple-lytes-electrolytes\/#primaryimage","url":"https:\/\/tetraktis.si\/wp-content\/uploads\/2022\/04\/Apple-cherry-lytes-elektroliti-za-konje-25kg.jpg","contentUrl":"https:\/\/tetraktis.si\/wp-content\/uploads\/2022\/04\/Apple-cherry-lytes-elektroliti-za-konje-25kg.jpg","width":924,"height":924,"caption":"elektroliti za konje"},{"@type":"BreadcrumbList","@id":"https:\/\/tetraktis.si\/en\/izdelek\/apple-lytes-electrolytes\/#breadcrumb","itemListElement":[{"@type":"ListItem","position":1,"name":"Shop","item":"https:\/\/tetraktis.si\/en\/shop-3\/"},{"@type":"ListItem","position":2,"name":"Apple Lytes electrolytes"}]},{"@type":"WebSite","@id":"https:\/\/tetraktis.si\/en\/#website","url":"https:\/\/tetraktis.si\/en\/","name":"Tetraktis- Equine America, Dorwest, Excel","description":"Samo najbolj\u0161e za va\u0161e \u017eivali","publisher":{"@id":"https:\/\/tetraktis.si\/en\/#organization"},"potentialAction":[{"@type":"SearchAction","target":{"@type":"EntryPoint","urlTemplate":"https:\/\/tetraktis.si\/en\/?s={search_term_string}"},"query-input":{"@type":"PropertyValueSpecification","valueRequired":true,"valueName":"search_term_string"}}],"inLanguage":"en-US"},{"@type":"Organization","@id":"https:\/\/tetraktis.si\/en\/#organization","name":"Tetraktis","url":"https:\/\/tetraktis.si\/en\/","logo":{"@type":"ImageObject","inLanguage":"en-US","@id":"https:\/\/tetraktis.si\/en\/#\/schema\/logo\/image\/","url":"https:\/\/tetraktis.si\/wp-content\/uploads\/2022\/06\/logo.webp","contentUrl":"https:\/\/tetraktis.si\/wp-content\/uploads\/2022\/06\/logo.webp","width":400,"height":211,"caption":"Tetraktis"},"image":{"@id":"https:\/\/tetraktis.si\/en\/#\/schema\/logo\/image\/"},"sameAs":["https:\/\/business.facebook.com\/equineamericashop\/?business_id=193323571192825","https:\/\/x.com\/TetraktisInfo","https:\/\/www.instagram.com\/tetraktisslovenija\/","https:\/\/www.youtube.com\/channel\/UCk_PdKMdtpZ4pf0RRFL1vYA"]}]}},"_links":{"self":[{"href":"https:\/\/tetraktis.si\/en\/wp-json\/wp\/v2\/product\/32402","targetHints":{"allow":["GET"]}}],"collection":[{"href":"https:\/\/tetraktis.si\/en\/wp-json\/wp\/v2\/product"}],"about":[{"href":"https:\/\/tetraktis.si\/en\/wp-json\/wp\/v2\/types\/product"}],"replies":[{"embeddable":true,"href":"https:\/\/tetraktis.si\/en\/wp-json\/wp\/v2\/comments?post=32402"}],"version-history":[{"count":1,"href":"https:\/\/tetraktis.si\/en\/wp-json\/wp\/v2\/product\/32402\/revisions"}],"predecessor-version":[{"id":37081,"href":"https:\/\/tetraktis.si\/en\/wp-json\/wp\/v2\/product\/32402\/revisions\/37081"}],"wp:featuredmedia":[{"embeddable":true,"href":"https:\/\/tetraktis.si\/en\/wp-json\/wp\/v2\/media\/24268"}],"wp:attachment":[{"href":"https:\/\/tetraktis.si\/en\/wp-json\/wp\/v2\/media?parent=32402"}],"wp:term":[{"taxonomy":"product_brand","embeddable":true,"href":"https:\/\/tetraktis.si\/en\/wp-json\/wp\/v2\/product_brand?post=32402"},{"taxonomy":"product_cat","embeddable":true,"href":"https:\/\/tetraktis.si\/en\/wp-json\/wp\/v2\/product_cat?post=32402"},{"taxonomy":"product_tag","embeddable":true,"href":"https:\/\/tetraktis.si\/en\/wp-json\/wp\/v2\/product_tag?post=32402"}],"curies":[{"name":"wp","href":"https:\/\/api.w.org\/{rel}","templated":true}]}}