{"id":32401,"date":"2022-04-27T15:52:27","date_gmt":"2022-04-27T13:52:27","guid":{"rendered":"https:\/\/cortaflex.si\/izdelek\/propell-plus-vitamin-and-mineral-tonic\/"},"modified":"2024-05-24T10:47:01","modified_gmt":"2024-05-24T08:47:01","slug":"propell-plus-vitamin-and-mineral-tonic","status":"publish","type":"product","link":"https:\/\/tetraktis.si\/en\/izdelek\/propell-plus-vitamin-and-mineral-tonic\/","title":{"rendered":"ProPell Plus\u00ae -Vitamin and Mineral Tonic"},"content":{"rendered":"<h1><strong><em>Pro Pell Equine America Plus Solution<\/em><\/strong><\/h1>\n<p><strong><em>Pro Pell Equine America &#8211; A high specification, general purpose daily tonic<\/em><\/strong><\/p>\n<div class=\"subImpactBar hideEU hideMeForMobile\">\n<p><strong>Vitamin And Mineral Tonic<\/strong><\/p>\n<\/div>\n<ul class=\"a-unordered-list a-vertical a-spacing-mini\">\n<li>Market-leading blood tonic to boost energy when horses feel a little flat<\/li>\n<li>Contains high levels of B vitamins for energy production<\/li>\n<li>Provides bio-available minerals from organic chelates<\/li>\n<li>With controlled levels of iron<\/li>\n<li>With added honey to support immune and respiratory function<\/li>\n<li>BETA NOPS and UFAS accredited, ensuring our products do not contain prohibited substances and are suitable for horses competing under FEI regulations and the Rules of Racing.<\/li>\n<\/ul>\n<p>High levels of work and an intense competition programme can leave some horses feeling fatigued and a little \u201cflat\u201d. This may also occur when horses are recovering from an illness and struggling to return to their original workload.<\/p>\n<p>Similarly, if turnout is very restricted, or pastures are bare, a lack of fresh green forage can also impact on the availability of key nutrients such as B vitamins for energy production, and performance horses and ponies may benefit from a supplemental source.<\/p>\n<p>Pro-Pell Plus Solution is an ideal daily tonic or \u201cpick-me-up\u201d and is designed to provide key micronutrients to support optimum health and performance, including B vitamins, copper, iron and antioxidants.<\/p>\n<p>Pro-Pell Plus Solution can be safely fed at the recommended levels in conjunction with most typical feed regimes, when horses need that extra boost!<\/p>\n<p>An extra measure may be offered pre-competition \u2013 see feeding directions on label.<\/p>\n<p>Available in 1 Ltr (a one month supply at maintenance)<\/p>\n<p>Also\u00a0available in 5ltr<\/p>\n<h2><strong>What are the benefits of Pro Pell Equine America Plus Solution?<\/strong><\/h2>\n<ul>\n<li>Contains high levels of key\u00a0<strong><em>B vitamins<\/em><\/strong>\u00a0to support energy production, blood building and promote appetite in fussy feeders<\/li>\n<li>Provides\u00a0<strong><em>bio-available organic minerals from amino acid chelates<\/em><\/strong>, to ensure optimum utilization.<\/li>\n<li>Includes organic\u00a0<strong><em>Copper chelate\u00a0<\/em><\/strong>to support haemoglobin production and oxygen transport.<\/li>\n<li>Contains\u00a0<strong><em>controlled levels of iron<\/em><\/strong>\u00a0to support blood building, as the horse is typically very efficient at recycling body iron.<\/li>\n<li>Provides vital antioxidants\u00a0<strong><em>Vitamin E and controlled levels of selenium,\u00a0<\/em><\/strong>to help protect hard-working muscles.<\/li>\n<li>Contains an<strong><em>\u00a0energy dense glucose-fructose complex<\/em><\/strong>\u00a0to ensure Pro-Pell Plus is appetizing and palatable.<\/li>\n<li>Contains<strong><em>\u00a0honey\u00a0<\/em><\/strong>to help support respiratory and immune function.<\/li>\n<\/ul>\n<h2><strong>New, improved formulation<\/strong> \u2013 with an energy dense glucose-fructose complex to ensure Pro Pell Equine America plus is appetising and palatable when horses need a pick-me-up!<\/h2>\n<p>Pro-Pell Plus is a daily tonic, designed to provide vital micronutrients which are important in key areas for optimum health and performance:<br \/>\nHigh levels of B vitamins : for energy production and appetite stimulation.<br \/>\nAntioxidants: <a href=\"https:\/\/www.tetraktis.si\/en\/product\/vitamin-e-s-selenom-za-konje-908g\/\"><strong>Vitamin E and selenium<\/strong><\/a>\u00a0are important antioxidant micronutrients to help protect muscles cell membranes from oxidative damage which occurs naturally during work.<\/p>\n<p><strong style=\"font-size: 23.04px; color: #333333;\">Iron rich vitamin and mineral tonic for horses in hard work and competition.<\/strong><\/p>\n<p>If your horse is lacking in energy and sparkle feed Pro Pell Equine America \u2013 an iron rich Vitamin and Mineral tonic fortified with Echinacea to support red blood cell production and the immune system &#8211; great for hardworking and competition horses. It is a &#8216;pep&#8217; for lethargic horses providing energy and creating sparkle.<\/p>\n<p>Pro Pell Plus\u00ae can be fed at a maintenance level, with an increased measure prior to competition. Pro Pell Plus\u00ae can also be used on horses that are recovering from illness, and on old horses when they need that little extra boost.<\/p>\n<h3>Pro Pell Equine America- A complementary feed for horses and ponies, designed to support energy levels for horses in hard work as part of a balanced diet.<\/h3>\n<p>Directions for use:<\/p>\n<p>For 500 -600 kg horses preparing for competition: 60ml per day.<\/p>\n<p>Other 500-600 kg horses: 30 ml per day. Maximum 60 ml per day<\/p>\n<p>For 300-450kg ponies: 30ml per day. Maximum 30 ml per day.<\/p>\n<p><strong>Key nutrients per 30ml\u00a0\u00a0serve:<\/strong><\/p>\n<p>&nbsp;<\/p>\n<div class=\"table-wrapper\">\n<table>\n<tbody>\n<tr>\n<td width=\"178\">Copper<\/td>\n<td width=\"124\">50 mg<\/td>\n<\/tr>\n<tr>\n<td width=\"178\">Iron<\/td>\n<td width=\"124\">300 mg<\/td>\n<\/tr>\n<tr>\n<td width=\"178\">Vitamin B12<\/td>\n<td width=\"124\">500 mcg<\/td>\n<\/tr>\n<tr>\n<td width=\"178\">Vitamin B1<\/td>\n<td width=\"124\">50 mg<\/td>\n<\/tr>\n<tr>\n<td width=\"178\">Vitamin B2<\/td>\n<td width=\"124\">25mg<\/td>\n<\/tr>\n<tr>\n<td width=\"178\">Vitamin B6<\/td>\n<td width=\"124\">10mg<\/td>\n<\/tr>\n<tr>\n<td width=\"178\">Folic Acid<\/td>\n<td width=\"124\">25mg<\/td>\n<\/tr>\n<tr>\n<td width=\"178\">Pantothenic acid<\/td>\n<td width=\"124\">15mg<\/td>\n<\/tr>\n<tr>\n<td width=\"178\">Niacin<\/td>\n<td width=\"124\">25mg<\/td>\n<\/tr>\n<tr>\n<td width=\"178\">Choline Chloride<\/td>\n<td width=\"124\">100mg<\/td>\n<\/tr>\n<tr>\n<td width=\"178\">Vitamin D3<\/td>\n<td width=\"124\">250iu<\/td>\n<\/tr>\n<tr>\n<td width=\"178\">Vitamin E<\/td>\n<td width=\"124\">50mg<\/td>\n<\/tr>\n<tr>\n<td width=\"178\">Zinc<\/td>\n<td width=\"124\">150mg<\/td>\n<\/tr>\n<tr>\n<td width=\"178\">Manganese<\/td>\n<td width=\"124\">75mg<\/td>\n<\/tr>\n<tr>\n<td width=\"178\">Iodine<\/td>\n<td width=\"124\">0.25mg<\/td>\n<\/tr>\n<tr>\n<td width=\"178\">Selenium<\/td>\n<td width=\"124\">0.25mg<\/td>\n<\/tr>\n<tr>\n<td width=\"178\">Honey<\/td>\n<td width=\"124\">9%<\/td>\n<\/tr>\n<\/tbody>\n<\/table>\n<\/div>\n<p><strong>Additives (per kg):\u00a0<\/strong>Nutritional additives:\u00a0<strong>Trace elements<\/strong>\u00a0:3b108 Iron (Iron (II) chelate of glycine hydrate) 10,000mg, 3b414 Copper (Copper (II) chelate of glycine hydrate (liquid)) 1667mg, 3b608 Zinc (Zinc chelate of glycine hydrate (liquid)) 5000mg, 3b506 Manganese (Manganese chelate of glycine hydrate) 2500mg, 3b801 Selenium (Sodium Selenite) 8.3mg, 3b201 Iodine (Potassium Iodide) 8.3mg.\u00a0<strong>Vitamins:\u00a0<\/strong>3a700 Vitamin E\u00a01667mg, 3a890 Choline chloride 6667mg, 3a820 Vitamin B1 1667mg,\u00a03a826 Vitamin B2 833mg, 3a316 Folic Acid 833mg, 3a315 Niacinamide\u00a0833mg, 3a842 D Panthenol 500mg, 3a831 Vitamin B6 333mg, 3a710 Vitamin K3 83mg, 3a671 Vitamin D3 8333IU, 3a880 Biotin 8.3mg, 3a Vitamin B12 16.7mg.\u00a0<strong>Sensory additives:\u00a0<\/strong>2b Echinacea 22mg.<\/p>\n<p><strong>Composition:\u00a0\u00a0<\/strong>Water, Dextrose, Honey, Sorbitol, Potassium Chloride, Magnesium Sulphate, Methylsulfonylmethane (MSM).<\/p>\n<p><strong>Analytical Constituents:<\/strong><\/p>\n<div class=\"table-wrapper\">\n<table>\n<tbody>\n<tr>\n<td width=\"200\">\u00a0Crude Protein\u00a0\u00a0\u00a0\u00a0\u00a0\u00a0\u00a0\u00a0\u00a0\u00a0\u00a0\u00a0\u00a0\u00a0\u00a0\u00a05.5%<\/td>\n<td width=\"200\">\u00a0Crude Fat\u00a0\u00a0\u00a0\u00a0\u00a0\u00a0\u00a0\u00a0\u00a0\u00a0\u00a0\u00a0\u00a0\u00a0\u00a0\u00a0\u00a0\u00a0\u00a0\u00a0&lt; 1.0%<\/td>\n<\/tr>\n<tr>\n<td width=\"200\">\u00a0Crude Fibre\u00a0\u00a0\u00a0\u00a0\u00a0\u00a0\u00a0\u00a0\u00a0\u00a0\u00a0\u00a0\u00a0\u00a0\u00a0\u00a0\u00a0\u00a0&lt;1.0%<\/td>\n<td width=\"200\">\u00a0Crude Ash\u00a0\u00a0\u00a0\u00a0\u00a0\u00a0\u00a0\u00a0\u00a0\u00a0\u00a0\u00a0\u00a0\u00a0\u00a0\u00a0\u00a0\u00a0\u00a0\u00a0\u00a0\u00a05.3%<\/td>\n<\/tr>\n<tr>\n<td width=\"200\">\u00a0Sodium\u00a0\u00a0\u00a0\u00a0\u00a0\u00a0\u00a0\u00a0\u00a0\u00a0\u00a0\u00a0\u00a0\u00a0\u00a0\u00a0\u00a0\u00a0\u00a0\u00a0\u00a0\u00a0\u00a0\u00a0\u00a0\u00a0\u00a01.1%<\/td>\n<td width=\"200\">Moisture\u00a0\u00a0\u00a0\u00a0\u00a0\u00a0\u00a0\u00a0\u00a0\u00a0\u00a0\u00a0\u00a0\u00a0\u00a0\u00a0\u00a0\u00a0\u00a0\u00a0\u00a0\u00a0\u00a073.9%<\/td>\n<\/tr>\n<\/tbody>\n<\/table>\n<\/div>\n<h2>BOUGHT WITH:<\/h2>\n<p><strong><a title=\"cortaflex ha super-fenn powder\" href=\"https:\/\/www.tetraktis.si\/en\/product\/cortaflex-ha-super-fenn-super-strength-2\/\">Cortaflex Super Fenn powder and solution<\/a>\u00a0\u2013\u00a0<\/strong>powerful joint support for performance horses, containing a unique combination of collagen, amino acids, hyaluronic acid and trace lements<\/p>\n<p><strong><a href=\"https:\/\/www.tetraktis.si\/en\/product\/buteless-high-strength\/\">Buteless Super Strength Power and Pellets\u00a0<\/a>\u2013\u00a0<\/strong>the ultimate joint comfort for hard working horses, and older horses to help maintain mobility<\/p>\n<p><strong><a title=\"apple lytes granules\" href=\"https:\/\/www.tetraktis.si\/en\/product\/apple-lytes-granules\/\">Apple Lytes Electrolyte\u00a0<\/a>\u00a0&#8211;\u00a0<\/strong>carefully balanced blend of key electrolytes to promote drinking and rehydration and replenish electrolytes losses, to maintain optimum performance.<\/p>\n","protected":false},"excerpt":{"rendered":"<p>ProPell Plus\u00ae is a daily tonic designed to increase energy levels, acting as a &#8216;pick me up&#8217; for horses. Its iron rich formulation will provide energy with beneficial vitamins and minerals, leaving the horse fresh and full of vitality.<\/p>\n<p>For horses in hard work or top level competition we reccomend you use <a href=\"https:\/\/www.tetraktis.si\/product\/hemogen\/\">HEMOGEN<\/a>.<\/p>\n","protected":false},"featured_media":24140,"comment_status":"open","ping_status":"closed","template":"","meta":[],"product_brand":[322],"product_cat":[3313,3326,3316,3315],"product_tag":[3505,3775,3777,3778],"class_list":{"0":"post-32401","1":"product","2":"type-product","3":"status-publish","4":"has-post-thumbnail","6":"product_brand-equine-america","7":"product_cat-competition","8":"product_cat-products-onsale-horses","9":"product_cat-vitamins-minerals","10":"product_cat-wellbeing","11":"product_tag-iron-en","12":"product_tag-minerali-2-en","13":"product_tag-vitamini-2-en","14":"product_tag-za-energijo-en","17":"first","18":"instock","19":"taxable","20":"shipping-taxable","21":"purchasable","22":"product-type-variable","23":"has-default-attributes"},"yoast_head":"<!-- This site is optimized with the Yoast SEO Premium plugin v20.10 (Yoast SEO v27.3) - https:\/\/yoast.com\/product\/yoast-seo-premium-wordpress\/ -->\n<title>Pro Pell Equine America - FOR ENERGY &amp; SOUND HEALTH<\/title>\n<meta name=\"description\" content=\"Pro Pell Equine America - iron rich vitamin and mineral tonic for horses in hard work and competition. Available in 1 Ltr and in 5ltr.\" \/>\n<meta name=\"robots\" content=\"index, follow, max-snippet:-1, max-image-preview:large, max-video-preview:-1\" \/>\n<link rel=\"canonical\" href=\"https:\/\/tetraktis.si\/en\/izdelek\/propell-plus-vitamin-and-mineral-tonic\/\" \/>\n<meta property=\"og:locale\" content=\"en_US\" \/>\n<meta property=\"og:type\" content=\"article\" \/>\n<meta property=\"og:title\" content=\"Pro Pell Equine America - FOR ENERGY &amp; SOUND HEALTH\" \/>\n<meta property=\"og:description\" content=\"Pro Pell Equine America - iron rich vitamin and mineral tonic for horses in hard work and competition. Available in 1 Ltr and in 5ltr.\" \/>\n<meta property=\"og:url\" content=\"https:\/\/tetraktis.si\/en\/izdelek\/propell-plus-vitamin-and-mineral-tonic\/\" \/>\n<meta property=\"og:site_name\" content=\"Tetraktis- Equine America, Dorwest, Excel\" \/>\n<meta property=\"article:publisher\" content=\"https:\/\/business.facebook.com\/equineamericashop\/?business_id=193323571192825\" \/>\n<meta property=\"article:modified_time\" content=\"2024-05-24T08:47:01+00:00\" \/>\n<meta property=\"og:image\" content=\"https:\/\/tetraktis.si\/wp-content\/uploads\/2022\/04\/PRO-PELL-PLUS\u00ae1L.jpg\" \/>\n\t<meta property=\"og:image:width\" content=\"924\" \/>\n\t<meta property=\"og:image:height\" content=\"924\" \/>\n\t<meta property=\"og:image:type\" content=\"image\/jpeg\" \/>\n<meta name=\"twitter:card\" content=\"summary_large_image\" \/>\n<meta name=\"twitter:site\" content=\"@TetraktisInfo\" \/>\n<meta name=\"twitter:label1\" content=\"Est. reading time\" \/>\n\t<meta name=\"twitter:data1\" content=\"4 minutes\" \/>\n<script type=\"application\/ld+json\" class=\"yoast-schema-graph\">{\"@context\":\"https:\\\/\\\/schema.org\",\"@graph\":[{\"@type\":\"WebPage\",\"@id\":\"https:\\\/\\\/tetraktis.si\\\/en\\\/izdelek\\\/propell-plus-vitamin-and-mineral-tonic\\\/\",\"url\":\"https:\\\/\\\/tetraktis.si\\\/en\\\/izdelek\\\/propell-plus-vitamin-and-mineral-tonic\\\/\",\"name\":\"Pro Pell Equine America - FOR ENERGY & SOUND HEALTH\",\"isPartOf\":{\"@id\":\"https:\\\/\\\/tetraktis.si\\\/en\\\/#website\"},\"primaryImageOfPage\":{\"@id\":\"https:\\\/\\\/tetraktis.si\\\/en\\\/izdelek\\\/propell-plus-vitamin-and-mineral-tonic\\\/#primaryimage\"},\"image\":{\"@id\":\"https:\\\/\\\/tetraktis.si\\\/en\\\/izdelek\\\/propell-plus-vitamin-and-mineral-tonic\\\/#primaryimage\"},\"thumbnailUrl\":\"https:\\\/\\\/tetraktis.si\\\/wp-content\\\/uploads\\\/2022\\\/04\\\/PRO-PELL-PLUS\u00ae1L.jpg\",\"datePublished\":\"2022-04-27T13:52:27+00:00\",\"dateModified\":\"2024-05-24T08:47:01+00:00\",\"description\":\"Pro Pell Equine America - iron rich vitamin and mineral tonic for horses in hard work and competition. Available in 1 Ltr and in 5ltr.\",\"breadcrumb\":{\"@id\":\"https:\\\/\\\/tetraktis.si\\\/en\\\/izdelek\\\/propell-plus-vitamin-and-mineral-tonic\\\/#breadcrumb\"},\"inLanguage\":\"en-US\",\"potentialAction\":[{\"@type\":\"ReadAction\",\"target\":[\"https:\\\/\\\/tetraktis.si\\\/en\\\/izdelek\\\/propell-plus-vitamin-and-mineral-tonic\\\/\"]}]},{\"@type\":\"ImageObject\",\"inLanguage\":\"en-US\",\"@id\":\"https:\\\/\\\/tetraktis.si\\\/en\\\/izdelek\\\/propell-plus-vitamin-and-mineral-tonic\\\/#primaryimage\",\"url\":\"https:\\\/\\\/tetraktis.si\\\/wp-content\\\/uploads\\\/2022\\\/04\\\/PRO-PELL-PLUS\u00ae1L.jpg\",\"contentUrl\":\"https:\\\/\\\/tetraktis.si\\\/wp-content\\\/uploads\\\/2022\\\/04\\\/PRO-PELL-PLUS\u00ae1L.jpg\",\"width\":924,\"height\":924,\"caption\":\"Pro pell za konje\"},{\"@type\":\"BreadcrumbList\",\"@id\":\"https:\\\/\\\/tetraktis.si\\\/en\\\/izdelek\\\/propell-plus-vitamin-and-mineral-tonic\\\/#breadcrumb\",\"itemListElement\":[{\"@type\":\"ListItem\",\"position\":1,\"name\":\"Shop\",\"item\":\"https:\\\/\\\/tetraktis.si\\\/en\\\/shop-3\\\/\"},{\"@type\":\"ListItem\",\"position\":2,\"name\":\"ProPell Plus\u00ae -Vitamin and Mineral Tonic\"}]},{\"@type\":\"WebSite\",\"@id\":\"https:\\\/\\\/tetraktis.si\\\/en\\\/#website\",\"url\":\"https:\\\/\\\/tetraktis.si\\\/en\\\/\",\"name\":\"Tetraktis- Equine America, Dorwest, Excel\",\"description\":\"Samo najbolj\u0161e za va\u0161e \u017eivali\",\"publisher\":{\"@id\":\"https:\\\/\\\/tetraktis.si\\\/en\\\/#organization\"},\"potentialAction\":[{\"@type\":\"SearchAction\",\"target\":{\"@type\":\"EntryPoint\",\"urlTemplate\":\"https:\\\/\\\/tetraktis.si\\\/en\\\/?s={search_term_string}\"},\"query-input\":{\"@type\":\"PropertyValueSpecification\",\"valueRequired\":true,\"valueName\":\"search_term_string\"}}],\"inLanguage\":\"en-US\"},{\"@type\":\"Organization\",\"@id\":\"https:\\\/\\\/tetraktis.si\\\/en\\\/#organization\",\"name\":\"Tetraktis\",\"url\":\"https:\\\/\\\/tetraktis.si\\\/en\\\/\",\"logo\":{\"@type\":\"ImageObject\",\"inLanguage\":\"en-US\",\"@id\":\"https:\\\/\\\/tetraktis.si\\\/en\\\/#\\\/schema\\\/logo\\\/image\\\/\",\"url\":\"https:\\\/\\\/tetraktis.si\\\/wp-content\\\/uploads\\\/2022\\\/06\\\/logo.webp\",\"contentUrl\":\"https:\\\/\\\/tetraktis.si\\\/wp-content\\\/uploads\\\/2022\\\/06\\\/logo.webp\",\"width\":400,\"height\":211,\"caption\":\"Tetraktis\"},\"image\":{\"@id\":\"https:\\\/\\\/tetraktis.si\\\/en\\\/#\\\/schema\\\/logo\\\/image\\\/\"},\"sameAs\":[\"https:\\\/\\\/business.facebook.com\\\/equineamericashop\\\/?business_id=193323571192825\",\"https:\\\/\\\/x.com\\\/TetraktisInfo\",\"https:\\\/\\\/www.instagram.com\\\/tetraktisslovenija\\\/\",\"https:\\\/\\\/www.youtube.com\\\/channel\\\/UCk_PdKMdtpZ4pf0RRFL1vYA\"]}]}<\/script>\n<!-- \/ Yoast SEO Premium plugin. -->","yoast_head_json":{"title":"Pro Pell Equine America - FOR ENERGY & SOUND HEALTH","description":"Pro Pell Equine America - iron rich vitamin and mineral tonic for horses in hard work and competition. Available in 1 Ltr and in 5ltr.","robots":{"index":"index","follow":"follow","max-snippet":"max-snippet:-1","max-image-preview":"max-image-preview:large","max-video-preview":"max-video-preview:-1"},"canonical":"https:\/\/tetraktis.si\/en\/izdelek\/propell-plus-vitamin-and-mineral-tonic\/","og_locale":"en_US","og_type":"article","og_title":"Pro Pell Equine America - FOR ENERGY & SOUND HEALTH","og_description":"Pro Pell Equine America - iron rich vitamin and mineral tonic for horses in hard work and competition. Available in 1 Ltr and in 5ltr.","og_url":"https:\/\/tetraktis.si\/en\/izdelek\/propell-plus-vitamin-and-mineral-tonic\/","og_site_name":"Tetraktis- Equine America, Dorwest, Excel","article_publisher":"https:\/\/business.facebook.com\/equineamericashop\/?business_id=193323571192825","article_modified_time":"2024-05-24T08:47:01+00:00","og_image":[{"width":924,"height":924,"url":"https:\/\/tetraktis.si\/wp-content\/uploads\/2022\/04\/PRO-PELL-PLUS\u00ae1L.jpg","type":"image\/jpeg"}],"twitter_card":"summary_large_image","twitter_site":"@TetraktisInfo","twitter_misc":{"Est. reading time":"4 minutes"},"schema":{"@context":"https:\/\/schema.org","@graph":[{"@type":"WebPage","@id":"https:\/\/tetraktis.si\/en\/izdelek\/propell-plus-vitamin-and-mineral-tonic\/","url":"https:\/\/tetraktis.si\/en\/izdelek\/propell-plus-vitamin-and-mineral-tonic\/","name":"Pro Pell Equine America - FOR ENERGY & SOUND HEALTH","isPartOf":{"@id":"https:\/\/tetraktis.si\/en\/#website"},"primaryImageOfPage":{"@id":"https:\/\/tetraktis.si\/en\/izdelek\/propell-plus-vitamin-and-mineral-tonic\/#primaryimage"},"image":{"@id":"https:\/\/tetraktis.si\/en\/izdelek\/propell-plus-vitamin-and-mineral-tonic\/#primaryimage"},"thumbnailUrl":"https:\/\/tetraktis.si\/wp-content\/uploads\/2022\/04\/PRO-PELL-PLUS\u00ae1L.jpg","datePublished":"2022-04-27T13:52:27+00:00","dateModified":"2024-05-24T08:47:01+00:00","description":"Pro Pell Equine America - iron rich vitamin and mineral tonic for horses in hard work and competition. Available in 1 Ltr and in 5ltr.","breadcrumb":{"@id":"https:\/\/tetraktis.si\/en\/izdelek\/propell-plus-vitamin-and-mineral-tonic\/#breadcrumb"},"inLanguage":"en-US","potentialAction":[{"@type":"ReadAction","target":["https:\/\/tetraktis.si\/en\/izdelek\/propell-plus-vitamin-and-mineral-tonic\/"]}]},{"@type":"ImageObject","inLanguage":"en-US","@id":"https:\/\/tetraktis.si\/en\/izdelek\/propell-plus-vitamin-and-mineral-tonic\/#primaryimage","url":"https:\/\/tetraktis.si\/wp-content\/uploads\/2022\/04\/PRO-PELL-PLUS\u00ae1L.jpg","contentUrl":"https:\/\/tetraktis.si\/wp-content\/uploads\/2022\/04\/PRO-PELL-PLUS\u00ae1L.jpg","width":924,"height":924,"caption":"Pro pell za konje"},{"@type":"BreadcrumbList","@id":"https:\/\/tetraktis.si\/en\/izdelek\/propell-plus-vitamin-and-mineral-tonic\/#breadcrumb","itemListElement":[{"@type":"ListItem","position":1,"name":"Shop","item":"https:\/\/tetraktis.si\/en\/shop-3\/"},{"@type":"ListItem","position":2,"name":"ProPell Plus\u00ae -Vitamin and Mineral Tonic"}]},{"@type":"WebSite","@id":"https:\/\/tetraktis.si\/en\/#website","url":"https:\/\/tetraktis.si\/en\/","name":"Tetraktis- Equine America, Dorwest, Excel","description":"Samo najbolj\u0161e za va\u0161e \u017eivali","publisher":{"@id":"https:\/\/tetraktis.si\/en\/#organization"},"potentialAction":[{"@type":"SearchAction","target":{"@type":"EntryPoint","urlTemplate":"https:\/\/tetraktis.si\/en\/?s={search_term_string}"},"query-input":{"@type":"PropertyValueSpecification","valueRequired":true,"valueName":"search_term_string"}}],"inLanguage":"en-US"},{"@type":"Organization","@id":"https:\/\/tetraktis.si\/en\/#organization","name":"Tetraktis","url":"https:\/\/tetraktis.si\/en\/","logo":{"@type":"ImageObject","inLanguage":"en-US","@id":"https:\/\/tetraktis.si\/en\/#\/schema\/logo\/image\/","url":"https:\/\/tetraktis.si\/wp-content\/uploads\/2022\/06\/logo.webp","contentUrl":"https:\/\/tetraktis.si\/wp-content\/uploads\/2022\/06\/logo.webp","width":400,"height":211,"caption":"Tetraktis"},"image":{"@id":"https:\/\/tetraktis.si\/en\/#\/schema\/logo\/image\/"},"sameAs":["https:\/\/business.facebook.com\/equineamericashop\/?business_id=193323571192825","https:\/\/x.com\/TetraktisInfo","https:\/\/www.instagram.com\/tetraktisslovenija\/","https:\/\/www.youtube.com\/channel\/UCk_PdKMdtpZ4pf0RRFL1vYA"]}]}},"_links":{"self":[{"href":"https:\/\/tetraktis.si\/en\/wp-json\/wp\/v2\/product\/32401","targetHints":{"allow":["GET"]}}],"collection":[{"href":"https:\/\/tetraktis.si\/en\/wp-json\/wp\/v2\/product"}],"about":[{"href":"https:\/\/tetraktis.si\/en\/wp-json\/wp\/v2\/types\/product"}],"replies":[{"embeddable":true,"href":"https:\/\/tetraktis.si\/en\/wp-json\/wp\/v2\/comments?post=32401"}],"version-history":[{"count":1,"href":"https:\/\/tetraktis.si\/en\/wp-json\/wp\/v2\/product\/32401\/revisions"}],"predecessor-version":[{"id":37080,"href":"https:\/\/tetraktis.si\/en\/wp-json\/wp\/v2\/product\/32401\/revisions\/37080"}],"wp:featuredmedia":[{"embeddable":true,"href":"https:\/\/tetraktis.si\/en\/wp-json\/wp\/v2\/media\/24140"}],"wp:attachment":[{"href":"https:\/\/tetraktis.si\/en\/wp-json\/wp\/v2\/media?parent=32401"}],"wp:term":[{"taxonomy":"product_brand","embeddable":true,"href":"https:\/\/tetraktis.si\/en\/wp-json\/wp\/v2\/product_brand?post=32401"},{"taxonomy":"product_cat","embeddable":true,"href":"https:\/\/tetraktis.si\/en\/wp-json\/wp\/v2\/product_cat?post=32401"},{"taxonomy":"product_tag","embeddable":true,"href":"https:\/\/tetraktis.si\/en\/wp-json\/wp\/v2\/product_tag?post=32401"}],"curies":[{"name":"wp","href":"https:\/\/api.w.org\/{rel}","templated":true}]}}