{"id":32400,"date":"2022-04-27T15:52:27","date_gmt":"2022-04-27T13:52:27","guid":{"rendered":"https:\/\/cortaflex.si\/izdelek\/ventilator-500g\/"},"modified":"2026-04-14T11:57:34","modified_gmt":"2026-04-14T09:57:34","slug":"ventilator-500g","status":"publish","type":"product","link":"https:\/\/tetraktis.si\/en\/izdelek\/ventilator-500g\/","title":{"rendered":"Ventilator 500g"},"content":{"rendered":"<h1>&#8220;Ventilator for horses is fast-acting and results are usually seen in a few days.\u201d<\/h1>\n<h3>\u201cVentilator for horses has been specially formulated to help them and ponies with breathing difficulties,\u201d said Phil Middleton of Equine America. \u201cIt contains special <strong>herbs<\/strong> to draw mucus away from the <strong>lungs<\/strong> and ingredients to \u2018open up\u2019 the <strong>airways<\/strong> and make breathing easier.<\/h3>\n<h2>FOR HEALTHY RESPIRATION\u2026 NATURALLY<\/h2>\n<p>The horse\u2019s respiratory system is challenged on a daily basis, both with athletic effort, in training and competition, and through environmental challenges such as dust and spores from hay and bedding<\/p>\n<p>Ventilator is a natural supplement specially formulated using a unique combination of herbs and natural ingredients, known to support all aspects of respiratory health and performance.<\/p>\n<p>Ventilator for horses also includes Echinacea, to provide support for the immune system.<\/p>\n<p>Available 500g (one month\u2019s supply)<\/p>\n<h2>VENTILATOR\u2122POWDER<\/h2>\n<p>A complementary feedingstuff for horses, designed to support respiratory function as part of a balanced diet.<\/p>\n<p>Feeding Directions: For 500kg horse; for initial 5 days: 30g per day. Thereafter; 15g per day. Maximum; 30g per day. 15g (approx) measure enclosed.<\/p>\n<p>Composition: Alfalfa, Dried Seaweed, MSM, Nettle (14%), Kelp Powder, Garlic, Astragalus Membranaceous, Fenugreek, Elecampane Root, Echinacea, Eucalyptus Oil (0.1%).<\/p>\n<p>Analytical Constituents:Protein 5.7%, Oil 2.0%, Fibre 20.0%, Ash 10.0%, Sodium &lt;1%.<\/p>\n<div class=\"row\">\n<h2>Other useful products:<\/h2>\n<p><a href=\"https:\/\/www.tetraktis.si\/en\/product\/airways-solution\/\"><strong>Airways solution<\/strong><\/a> \u2013 may be given by syringe for optimum respiratory function, pre-race or pre-competition, or when there may be a short term environmental challenge.<\/p>\n<p>Available 500ml<\/p>\n<\/div>\n","protected":false},"excerpt":{"rendered":"<p>A natural supplement specially formulated using a unique <strong>combination of herbs<\/strong> and natural ingredients to support a <strong>clear bronchial system.<\/strong><\/p>\n<p><strong>Aid to <\/strong>all aspects of respiratory health including the <strong>airways and lungs<\/strong>.<\/p>\n<p>&nbsp;<\/p>\n","protected":false},"featured_media":43052,"comment_status":"open","ping_status":"closed","template":"","meta":[],"product_brand":[],"product_cat":[3326,3331],"product_tag":[],"class_list":{"0":"post-32400","1":"product","2":"type-product","3":"status-publish","4":"has-post-thumbnail","6":"product_cat-products-onsale-horses","7":"product_cat-respiratory","10":"first","11":"instock","12":"taxable","13":"shipping-taxable","14":"purchasable","15":"product-type-simple"},"yoast_head":"<!-- This site is optimized with the Yoast SEO Premium plugin v20.10 (Yoast SEO v27.3) - https:\/\/yoast.com\/product\/yoast-seo-premium-wordpress\/ -->\n<title>Ventilator for horses with breathing difficulties<\/title>\n<meta name=\"description\" content=\"Ventilator for horses is unique combination of herbs and natural ingredients to support a clear bronchial system and aid respiratory health.\" \/>\n<meta name=\"robots\" content=\"index, follow, max-snippet:-1, max-image-preview:large, max-video-preview:-1\" \/>\n<link rel=\"canonical\" href=\"https:\/\/tetraktis.si\/en\/izdelek\/ventilator-500g\/\" \/>\n<meta property=\"og:locale\" content=\"en_US\" \/>\n<meta property=\"og:type\" content=\"article\" \/>\n<meta property=\"og:title\" content=\"Ventilator for horses with breathing difficulties\" \/>\n<meta property=\"og:description\" content=\"Ventilator for horses is unique combination of herbs and natural ingredients to support a clear bronchial system and aid respiratory health.\" \/>\n<meta property=\"og:url\" content=\"https:\/\/tetraktis.si\/en\/izdelek\/ventilator-500g\/\" \/>\n<meta property=\"og:site_name\" content=\"Tetraktis- Equine America, Dorwest, Excel\" \/>\n<meta property=\"article:publisher\" content=\"https:\/\/business.facebook.com\/equineamericashop\/?business_id=193323571192825\" \/>\n<meta property=\"article:modified_time\" content=\"2026-04-14T09:57:34+00:00\" \/>\n<meta property=\"og:image\" content=\"https:\/\/tetraktis.si\/wp-content\/uploads\/2022\/04\/Ventilator-za-dihala-za-konje.jpg\" \/>\n\t<meta property=\"og:image:width\" content=\"924\" \/>\n\t<meta property=\"og:image:height\" content=\"924\" \/>\n\t<meta property=\"og:image:type\" content=\"image\/jpeg\" \/>\n<meta name=\"twitter:card\" content=\"summary_large_image\" \/>\n<meta name=\"twitter:site\" content=\"@TetraktisInfo\" \/>\n<meta name=\"twitter:label1\" content=\"Est. reading time\" \/>\n\t<meta name=\"twitter:data1\" content=\"2 minutes\" \/>\n<script type=\"application\/ld+json\" class=\"yoast-schema-graph\">{\"@context\":\"https:\\\/\\\/schema.org\",\"@graph\":[{\"@type\":\"WebPage\",\"@id\":\"https:\\\/\\\/tetraktis.si\\\/en\\\/izdelek\\\/ventilator-500g\\\/\",\"url\":\"https:\\\/\\\/tetraktis.si\\\/en\\\/izdelek\\\/ventilator-500g\\\/\",\"name\":\"Ventilator for horses with breathing difficulties\",\"isPartOf\":{\"@id\":\"https:\\\/\\\/tetraktis.si\\\/en\\\/#website\"},\"primaryImageOfPage\":{\"@id\":\"https:\\\/\\\/tetraktis.si\\\/en\\\/izdelek\\\/ventilator-500g\\\/#primaryimage\"},\"image\":{\"@id\":\"https:\\\/\\\/tetraktis.si\\\/en\\\/izdelek\\\/ventilator-500g\\\/#primaryimage\"},\"thumbnailUrl\":\"https:\\\/\\\/tetraktis.si\\\/wp-content\\\/uploads\\\/2022\\\/04\\\/Ventilator-za-konje.webp\",\"datePublished\":\"2022-04-27T13:52:27+00:00\",\"dateModified\":\"2026-04-14T09:57:34+00:00\",\"description\":\"Ventilator for horses is unique combination of herbs and natural ingredients to support a clear bronchial system and aid respiratory health.\",\"breadcrumb\":{\"@id\":\"https:\\\/\\\/tetraktis.si\\\/en\\\/izdelek\\\/ventilator-500g\\\/#breadcrumb\"},\"inLanguage\":\"en-US\",\"potentialAction\":[{\"@type\":\"ReadAction\",\"target\":[\"https:\\\/\\\/tetraktis.si\\\/en\\\/izdelek\\\/ventilator-500g\\\/\"]}]},{\"@type\":\"ImageObject\",\"inLanguage\":\"en-US\",\"@id\":\"https:\\\/\\\/tetraktis.si\\\/en\\\/izdelek\\\/ventilator-500g\\\/#primaryimage\",\"url\":\"https:\\\/\\\/tetraktis.si\\\/wp-content\\\/uploads\\\/2022\\\/04\\\/Ventilator-za-konje.webp\",\"contentUrl\":\"https:\\\/\\\/tetraktis.si\\\/wp-content\\\/uploads\\\/2022\\\/04\\\/Ventilator-za-konje.webp\",\"width\":540,\"height\":540,\"caption\":\"Ventilator za konje\"},{\"@type\":\"BreadcrumbList\",\"@id\":\"https:\\\/\\\/tetraktis.si\\\/en\\\/izdelek\\\/ventilator-500g\\\/#breadcrumb\",\"itemListElement\":[{\"@type\":\"ListItem\",\"position\":1,\"name\":\"Shop\",\"item\":\"https:\\\/\\\/tetraktis.si\\\/en\\\/shop-3\\\/\"},{\"@type\":\"ListItem\",\"position\":2,\"name\":\"Ventilator 500g\"}]},{\"@type\":\"WebSite\",\"@id\":\"https:\\\/\\\/tetraktis.si\\\/en\\\/#website\",\"url\":\"https:\\\/\\\/tetraktis.si\\\/en\\\/\",\"name\":\"Tetraktis- Equine America, Dorwest, Excel\",\"description\":\"Samo najbolj\u0161e za va\u0161e \u017eivali\",\"publisher\":{\"@id\":\"https:\\\/\\\/tetraktis.si\\\/en\\\/#organization\"},\"potentialAction\":[{\"@type\":\"SearchAction\",\"target\":{\"@type\":\"EntryPoint\",\"urlTemplate\":\"https:\\\/\\\/tetraktis.si\\\/en\\\/?s={search_term_string}\"},\"query-input\":{\"@type\":\"PropertyValueSpecification\",\"valueRequired\":true,\"valueName\":\"search_term_string\"}}],\"inLanguage\":\"en-US\"},{\"@type\":\"Organization\",\"@id\":\"https:\\\/\\\/tetraktis.si\\\/en\\\/#organization\",\"name\":\"Tetraktis\",\"url\":\"https:\\\/\\\/tetraktis.si\\\/en\\\/\",\"logo\":{\"@type\":\"ImageObject\",\"inLanguage\":\"en-US\",\"@id\":\"https:\\\/\\\/tetraktis.si\\\/en\\\/#\\\/schema\\\/logo\\\/image\\\/\",\"url\":\"https:\\\/\\\/tetraktis.si\\\/wp-content\\\/uploads\\\/2022\\\/06\\\/logo.webp\",\"contentUrl\":\"https:\\\/\\\/tetraktis.si\\\/wp-content\\\/uploads\\\/2022\\\/06\\\/logo.webp\",\"width\":400,\"height\":211,\"caption\":\"Tetraktis\"},\"image\":{\"@id\":\"https:\\\/\\\/tetraktis.si\\\/en\\\/#\\\/schema\\\/logo\\\/image\\\/\"},\"sameAs\":[\"https:\\\/\\\/business.facebook.com\\\/equineamericashop\\\/?business_id=193323571192825\",\"https:\\\/\\\/x.com\\\/TetraktisInfo\",\"https:\\\/\\\/www.instagram.com\\\/tetraktisslovenija\\\/\",\"https:\\\/\\\/www.youtube.com\\\/channel\\\/UCk_PdKMdtpZ4pf0RRFL1vYA\"]}]}<\/script>\n<!-- \/ Yoast SEO Premium plugin. -->","yoast_head_json":{"title":"Ventilator for horses with breathing difficulties","description":"Ventilator for horses is unique combination of herbs and natural ingredients to support a clear bronchial system and aid respiratory health.","robots":{"index":"index","follow":"follow","max-snippet":"max-snippet:-1","max-image-preview":"max-image-preview:large","max-video-preview":"max-video-preview:-1"},"canonical":"https:\/\/tetraktis.si\/en\/izdelek\/ventilator-500g\/","og_locale":"en_US","og_type":"article","og_title":"Ventilator for horses with breathing difficulties","og_description":"Ventilator for horses is unique combination of herbs and natural ingredients to support a clear bronchial system and aid respiratory health.","og_url":"https:\/\/tetraktis.si\/en\/izdelek\/ventilator-500g\/","og_site_name":"Tetraktis- Equine America, Dorwest, Excel","article_publisher":"https:\/\/business.facebook.com\/equineamericashop\/?business_id=193323571192825","article_modified_time":"2026-04-14T09:57:34+00:00","og_image":[{"width":924,"height":924,"url":"https:\/\/tetraktis.si\/wp-content\/uploads\/2022\/04\/Ventilator-za-dihala-za-konje.jpg","type":"image\/jpeg"}],"twitter_card":"summary_large_image","twitter_site":"@TetraktisInfo","twitter_misc":{"Est. reading time":"2 minutes"},"schema":{"@context":"https:\/\/schema.org","@graph":[{"@type":"WebPage","@id":"https:\/\/tetraktis.si\/en\/izdelek\/ventilator-500g\/","url":"https:\/\/tetraktis.si\/en\/izdelek\/ventilator-500g\/","name":"Ventilator for horses with breathing difficulties","isPartOf":{"@id":"https:\/\/tetraktis.si\/en\/#website"},"primaryImageOfPage":{"@id":"https:\/\/tetraktis.si\/en\/izdelek\/ventilator-500g\/#primaryimage"},"image":{"@id":"https:\/\/tetraktis.si\/en\/izdelek\/ventilator-500g\/#primaryimage"},"thumbnailUrl":"https:\/\/tetraktis.si\/wp-content\/uploads\/2022\/04\/Ventilator-za-konje.webp","datePublished":"2022-04-27T13:52:27+00:00","dateModified":"2026-04-14T09:57:34+00:00","description":"Ventilator for horses is unique combination of herbs and natural ingredients to support a clear bronchial system and aid respiratory health.","breadcrumb":{"@id":"https:\/\/tetraktis.si\/en\/izdelek\/ventilator-500g\/#breadcrumb"},"inLanguage":"en-US","potentialAction":[{"@type":"ReadAction","target":["https:\/\/tetraktis.si\/en\/izdelek\/ventilator-500g\/"]}]},{"@type":"ImageObject","inLanguage":"en-US","@id":"https:\/\/tetraktis.si\/en\/izdelek\/ventilator-500g\/#primaryimage","url":"https:\/\/tetraktis.si\/wp-content\/uploads\/2022\/04\/Ventilator-za-konje.webp","contentUrl":"https:\/\/tetraktis.si\/wp-content\/uploads\/2022\/04\/Ventilator-za-konje.webp","width":540,"height":540,"caption":"Ventilator za konje"},{"@type":"BreadcrumbList","@id":"https:\/\/tetraktis.si\/en\/izdelek\/ventilator-500g\/#breadcrumb","itemListElement":[{"@type":"ListItem","position":1,"name":"Shop","item":"https:\/\/tetraktis.si\/en\/shop-3\/"},{"@type":"ListItem","position":2,"name":"Ventilator 500g"}]},{"@type":"WebSite","@id":"https:\/\/tetraktis.si\/en\/#website","url":"https:\/\/tetraktis.si\/en\/","name":"Tetraktis- Equine America, Dorwest, Excel","description":"Samo najbolj\u0161e za va\u0161e \u017eivali","publisher":{"@id":"https:\/\/tetraktis.si\/en\/#organization"},"potentialAction":[{"@type":"SearchAction","target":{"@type":"EntryPoint","urlTemplate":"https:\/\/tetraktis.si\/en\/?s={search_term_string}"},"query-input":{"@type":"PropertyValueSpecification","valueRequired":true,"valueName":"search_term_string"}}],"inLanguage":"en-US"},{"@type":"Organization","@id":"https:\/\/tetraktis.si\/en\/#organization","name":"Tetraktis","url":"https:\/\/tetraktis.si\/en\/","logo":{"@type":"ImageObject","inLanguage":"en-US","@id":"https:\/\/tetraktis.si\/en\/#\/schema\/logo\/image\/","url":"https:\/\/tetraktis.si\/wp-content\/uploads\/2022\/06\/logo.webp","contentUrl":"https:\/\/tetraktis.si\/wp-content\/uploads\/2022\/06\/logo.webp","width":400,"height":211,"caption":"Tetraktis"},"image":{"@id":"https:\/\/tetraktis.si\/en\/#\/schema\/logo\/image\/"},"sameAs":["https:\/\/business.facebook.com\/equineamericashop\/?business_id=193323571192825","https:\/\/x.com\/TetraktisInfo","https:\/\/www.instagram.com\/tetraktisslovenija\/","https:\/\/www.youtube.com\/channel\/UCk_PdKMdtpZ4pf0RRFL1vYA"]}]}},"_links":{"self":[{"href":"https:\/\/tetraktis.si\/en\/wp-json\/wp\/v2\/product\/32400","targetHints":{"allow":["GET"]}}],"collection":[{"href":"https:\/\/tetraktis.si\/en\/wp-json\/wp\/v2\/product"}],"about":[{"href":"https:\/\/tetraktis.si\/en\/wp-json\/wp\/v2\/types\/product"}],"replies":[{"embeddable":true,"href":"https:\/\/tetraktis.si\/en\/wp-json\/wp\/v2\/comments?post=32400"}],"version-history":[{"count":1,"href":"https:\/\/tetraktis.si\/en\/wp-json\/wp\/v2\/product\/32400\/revisions"}],"predecessor-version":[{"id":37079,"href":"https:\/\/tetraktis.si\/en\/wp-json\/wp\/v2\/product\/32400\/revisions\/37079"}],"wp:featuredmedia":[{"embeddable":true,"href":"https:\/\/tetraktis.si\/en\/wp-json\/wp\/v2\/media\/43052"}],"wp:attachment":[{"href":"https:\/\/tetraktis.si\/en\/wp-json\/wp\/v2\/media?parent=32400"}],"wp:term":[{"taxonomy":"product_brand","embeddable":true,"href":"https:\/\/tetraktis.si\/en\/wp-json\/wp\/v2\/product_brand?post=32400"},{"taxonomy":"product_cat","embeddable":true,"href":"https:\/\/tetraktis.si\/en\/wp-json\/wp\/v2\/product_cat?post=32400"},{"taxonomy":"product_tag","embeddable":true,"href":"https:\/\/tetraktis.si\/en\/wp-json\/wp\/v2\/product_tag?post=32400"}],"curies":[{"name":"wp","href":"https:\/\/api.w.org\/{rel}","templated":true}]}}