{"id":32391,"date":"2022-04-27T15:52:27","date_gmt":"2022-04-27T13:52:27","guid":{"rendered":"https:\/\/cortaflex.si\/izdelek\/airways-xtra-strength-500g\/"},"modified":"2026-03-23T15:12:10","modified_gmt":"2026-03-23T14:12:10","slug":"airways-xtra-strength-500g","status":"publish","type":"product","link":"https:\/\/tetraktis.si\/en\/izdelek\/airways-xtra-strength-500g\/","title":{"rendered":"Airways\u00ae Xtra Strength 500g"},"content":{"rendered":"<div id=\"ProductHeading\">\n<h1>Airways horse supplement to aid upper respiratory health and promote clear breathing<\/h1>\n<p><strong>Airways horse supplement <\/strong>should be added to the feed daily for horses stabled for long periods, or those experiencing irritation from dust in bedding and hay.<\/p>\n<p>Stabled horses are subjected to a constant respiratory challenge from fungal spores and dust in their immediate environment, which can affect their respiratory health and function.<\/p>\n<p>Targeted nutritional support can help support the horse\u2019s natural defence against such challenges, and <strong>Airways<\/strong><strong>\u00ae <\/strong><strong>Xtra Strength Powder<\/strong> contains a powerful blend of natural, plant-derived essential oils, known for their role in maintaining respiratory function.<\/p>\n<ul>\n<li><strong>Eucalyptus oil<\/strong> is well known for its ability to help clear the respiratory tract of a build-up of mucus caused by constant exposure to dust and spores.<\/li>\n<li><strong>Peppermint oil<\/strong> and its active ingredient <strong>menthol<\/strong> have been used in humans and animals for centuries to help open the airways, and clear excess mucus.<\/li>\n<\/ul>\n<p>Many of the compounds found in <strong>peppermint oil<\/strong> will provide nutritional support to help the horse\u2019s own respiratory defences.<\/p>\n<\/div>\n<div class=\"prodContent\">\n<p>With its powerful aroma, Airways horse supplement\u00a0opens the <strong>airways<\/strong> and eases breathing.<\/p>\n<h3><strong>When should you feed Airways\u00ae Xtra Strength Powder?<\/strong><\/h3>\n<ul>\n<li>\n<div>Feed during the summer to<strong> horses<\/strong>\/ ponies sensitive to pollen and dust in the air or arenas.<\/div>\n<\/li>\n<li>\n<div>Feed during the winter to <strong>horses<\/strong>\/ ponies being stabled for long periods of time, exposing them to dust and spores.<\/div>\n<\/li>\n<\/ul>\n<h3><strong>How does it work?<\/strong><\/h3>\n<p>Airways horse supplement contains essences of oils associated with clearing and opening the airways.\u00a0 The <strong>mentol<\/strong> and vapours will not only dilate the airways but soothe low level irritation and encourage deep breathing. <strong>Airways\u00ae Xtra Strength Powder<\/strong> will encourage a break down of nasal mucus and leave airways clear and the <strong>horse<\/strong>\/ pony more willing to work.<\/p>\n<h3><strong>Feeding Directions:<\/strong><\/h3>\n<p>For a 500kg horse; 14g per day. Maximum: 14g per day. 14g (approx) measure enclosed.<\/p>\n<p>Available in 500 grams a one month supply.<\/p>\n<p><strong>Additives (per kg): <\/strong>Sensory additives: 2b Eucalyptus oil 6g, 2b Peppermint Oil 2g, 2b02015 Menthol 1g.<\/p>\n<p><strong>Composition:<\/strong> Alfalfa Meal, Linseed Oil.<\/p>\n<p><strong>Analytical Constituents:<\/strong> Crude Protein 15.4%, Crude Fibre 23.4%, Sodium 0.1%, Crude Oil 2.8%, Crude Ash 9.9%,<\/p>\n<\/div>\n<p>For lower respiratory health or laboured breathing, complete a course of <a href=\"https:\/\/www.tetraktis.si\/en\/product\/coff-less-powder\/\"><strong>Coff-Less<\/strong><\/a> before maintaining on <strong>Airways\u00ae Xtra Strength Powder<\/strong> or use <a href=\"https:\/\/www.tetraktis.si\/en\/product\/coff-less-powder\/\"><strong>Coff-Less<\/strong><\/a> permanently for long term concerns.<\/p>\n<div class=\"prodContent\">\n<p><a href=\"https:\/\/www.tetraktis.si\/wp-content\/uploads\/2019\/10\/Airways-super-strength-powder.pdf\">LABEL<\/a><\/p>\n<\/div>\n<div class=\"prodContent\"><\/div>\n","protected":false},"excerpt":{"rendered":"<p><strong>To aid upper respiratory health and promote clear breathing<\/strong><\/p>\n<p><strong>Airways\u00ae Xtra Strength Powder<\/strong> is ideal for any horse experiencing low level respiratory discomfort or discharge &#8211; e.g a &#8216;snotty nose&#8217;.<\/p>\n<p>Great for <strong>horses<\/strong> who suffer in the summer from the <strong>pollen<\/strong> and <strong>dust<\/strong> particles.<\/p>\n<p>&nbsp;<\/p>\n","protected":false},"featured_media":43054,"comment_status":"open","ping_status":"closed","template":"","meta":[],"product_brand":[322],"product_cat":[3326,3331],"product_tag":[],"class_list":{"0":"post-32391","1":"product","2":"type-product","3":"status-publish","4":"has-post-thumbnail","6":"product_brand-equine-america","7":"product_cat-products-onsale-horses","8":"product_cat-respiratory","11":"first","12":"instock","13":"taxable","14":"shipping-taxable","15":"purchasable","16":"product-type-variable","17":"has-default-attributes"},"yoast_head":"<!-- This site is optimized with the Yoast SEO Premium plugin v20.10 (Yoast SEO v27.3) - https:\/\/yoast.com\/product\/yoast-seo-premium-wordpress\/ -->\n<title>Airways horse supplement by Equine America to promote clear breathing<\/title>\n<meta name=\"description\" content=\"Airways horse supplement opens the airways and eases breathing. The mentol and vapours will dilate the airways &amp; soothe low level irritation.\" \/>\n<meta name=\"robots\" content=\"index, follow, max-snippet:-1, max-image-preview:large, max-video-preview:-1\" \/>\n<link rel=\"canonical\" href=\"https:\/\/tetraktis.si\/en\/izdelek\/airways-xtra-strength-500g\/\" \/>\n<meta property=\"og:locale\" content=\"en_US\" \/>\n<meta property=\"og:type\" content=\"article\" \/>\n<meta property=\"og:title\" content=\"Airways horse supplement by Equine America to promote clear breathing\" \/>\n<meta property=\"og:description\" content=\"Airways horse supplement opens the airways and eases breathing. The mentol and vapours will dilate the airways &amp; soothe low level irritation.\" \/>\n<meta property=\"og:url\" content=\"https:\/\/tetraktis.si\/en\/izdelek\/airways-xtra-strength-500g\/\" \/>\n<meta property=\"og:site_name\" content=\"Tetraktis- Equine America, Dorwest, Excel\" \/>\n<meta property=\"article:publisher\" content=\"https:\/\/business.facebook.com\/equineamericashop\/?business_id=193323571192825\" \/>\n<meta property=\"article:modified_time\" content=\"2026-03-23T14:12:10+00:00\" \/>\n<meta property=\"og:image\" content=\"https:\/\/tetraktis.si\/wp-content\/uploads\/2022\/04\/AIRWAYS\u2122-XTRA-STRENGTH-POWDER.jpg\" \/>\n\t<meta property=\"og:image:width\" content=\"924\" \/>\n\t<meta property=\"og:image:height\" content=\"924\" \/>\n\t<meta property=\"og:image:type\" content=\"image\/jpeg\" \/>\n<meta name=\"twitter:card\" content=\"summary_large_image\" \/>\n<meta name=\"twitter:site\" content=\"@TetraktisInfo\" \/>\n<meta name=\"twitter:label1\" content=\"Est. reading time\" \/>\n\t<meta name=\"twitter:data1\" content=\"2 minutes\" \/>\n<script type=\"application\/ld+json\" class=\"yoast-schema-graph\">{\"@context\":\"https:\\\/\\\/schema.org\",\"@graph\":[{\"@type\":\"WebPage\",\"@id\":\"https:\\\/\\\/tetraktis.si\\\/en\\\/izdelek\\\/airways-xtra-strength-500g\\\/\",\"url\":\"https:\\\/\\\/tetraktis.si\\\/en\\\/izdelek\\\/airways-xtra-strength-500g\\\/\",\"name\":\"Airways horse supplement by Equine America to promote clear breathing\",\"isPartOf\":{\"@id\":\"https:\\\/\\\/tetraktis.si\\\/en\\\/#website\"},\"primaryImageOfPage\":{\"@id\":\"https:\\\/\\\/tetraktis.si\\\/en\\\/izdelek\\\/airways-xtra-strength-500g\\\/#primaryimage\"},\"image\":{\"@id\":\"https:\\\/\\\/tetraktis.si\\\/en\\\/izdelek\\\/airways-xtra-strength-500g\\\/#primaryimage\"},\"thumbnailUrl\":\"https:\\\/\\\/tetraktis.si\\\/wp-content\\\/uploads\\\/2022\\\/04\\\/Airways-Equine-America-prasek.webp\",\"datePublished\":\"2022-04-27T13:52:27+00:00\",\"dateModified\":\"2026-03-23T14:12:10+00:00\",\"description\":\"Airways horse supplement opens the airways and eases breathing. The mentol and vapours will dilate the airways & soothe low level irritation.\",\"breadcrumb\":{\"@id\":\"https:\\\/\\\/tetraktis.si\\\/en\\\/izdelek\\\/airways-xtra-strength-500g\\\/#breadcrumb\"},\"inLanguage\":\"en-US\",\"potentialAction\":[{\"@type\":\"ReadAction\",\"target\":[\"https:\\\/\\\/tetraktis.si\\\/en\\\/izdelek\\\/airways-xtra-strength-500g\\\/\"]}]},{\"@type\":\"ImageObject\",\"inLanguage\":\"en-US\",\"@id\":\"https:\\\/\\\/tetraktis.si\\\/en\\\/izdelek\\\/airways-xtra-strength-500g\\\/#primaryimage\",\"url\":\"https:\\\/\\\/tetraktis.si\\\/wp-content\\\/uploads\\\/2022\\\/04\\\/Airways-Equine-America-prasek.webp\",\"contentUrl\":\"https:\\\/\\\/tetraktis.si\\\/wp-content\\\/uploads\\\/2022\\\/04\\\/Airways-Equine-America-prasek.webp\",\"width\":540,\"height\":540,\"caption\":\"Airways Equine America pra\u0161ek\"},{\"@type\":\"BreadcrumbList\",\"@id\":\"https:\\\/\\\/tetraktis.si\\\/en\\\/izdelek\\\/airways-xtra-strength-500g\\\/#breadcrumb\",\"itemListElement\":[{\"@type\":\"ListItem\",\"position\":1,\"name\":\"Shop\",\"item\":\"https:\\\/\\\/tetraktis.si\\\/en\\\/shop-3\\\/\"},{\"@type\":\"ListItem\",\"position\":2,\"name\":\"Airways\u00ae Xtra Strength 500g\"}]},{\"@type\":\"WebSite\",\"@id\":\"https:\\\/\\\/tetraktis.si\\\/en\\\/#website\",\"url\":\"https:\\\/\\\/tetraktis.si\\\/en\\\/\",\"name\":\"Tetraktis- Equine America, Dorwest, Excel\",\"description\":\"Samo najbolj\u0161e za va\u0161e \u017eivali\",\"publisher\":{\"@id\":\"https:\\\/\\\/tetraktis.si\\\/en\\\/#organization\"},\"potentialAction\":[{\"@type\":\"SearchAction\",\"target\":{\"@type\":\"EntryPoint\",\"urlTemplate\":\"https:\\\/\\\/tetraktis.si\\\/en\\\/?s={search_term_string}\"},\"query-input\":{\"@type\":\"PropertyValueSpecification\",\"valueRequired\":true,\"valueName\":\"search_term_string\"}}],\"inLanguage\":\"en-US\"},{\"@type\":\"Organization\",\"@id\":\"https:\\\/\\\/tetraktis.si\\\/en\\\/#organization\",\"name\":\"Tetraktis\",\"url\":\"https:\\\/\\\/tetraktis.si\\\/en\\\/\",\"logo\":{\"@type\":\"ImageObject\",\"inLanguage\":\"en-US\",\"@id\":\"https:\\\/\\\/tetraktis.si\\\/en\\\/#\\\/schema\\\/logo\\\/image\\\/\",\"url\":\"https:\\\/\\\/tetraktis.si\\\/wp-content\\\/uploads\\\/2022\\\/06\\\/logo.webp\",\"contentUrl\":\"https:\\\/\\\/tetraktis.si\\\/wp-content\\\/uploads\\\/2022\\\/06\\\/logo.webp\",\"width\":400,\"height\":211,\"caption\":\"Tetraktis\"},\"image\":{\"@id\":\"https:\\\/\\\/tetraktis.si\\\/en\\\/#\\\/schema\\\/logo\\\/image\\\/\"},\"sameAs\":[\"https:\\\/\\\/business.facebook.com\\\/equineamericashop\\\/?business_id=193323571192825\",\"https:\\\/\\\/x.com\\\/TetraktisInfo\",\"https:\\\/\\\/www.instagram.com\\\/tetraktisslovenija\\\/\",\"https:\\\/\\\/www.youtube.com\\\/channel\\\/UCk_PdKMdtpZ4pf0RRFL1vYA\"]}]}<\/script>\n<!-- \/ Yoast SEO Premium plugin. -->","yoast_head_json":{"title":"Airways horse supplement by Equine America to promote clear breathing","description":"Airways horse supplement opens the airways and eases breathing. The mentol and vapours will dilate the airways & soothe low level irritation.","robots":{"index":"index","follow":"follow","max-snippet":"max-snippet:-1","max-image-preview":"max-image-preview:large","max-video-preview":"max-video-preview:-1"},"canonical":"https:\/\/tetraktis.si\/en\/izdelek\/airways-xtra-strength-500g\/","og_locale":"en_US","og_type":"article","og_title":"Airways horse supplement by Equine America to promote clear breathing","og_description":"Airways horse supplement opens the airways and eases breathing. The mentol and vapours will dilate the airways & soothe low level irritation.","og_url":"https:\/\/tetraktis.si\/en\/izdelek\/airways-xtra-strength-500g\/","og_site_name":"Tetraktis- Equine America, Dorwest, Excel","article_publisher":"https:\/\/business.facebook.com\/equineamericashop\/?business_id=193323571192825","article_modified_time":"2026-03-23T14:12:10+00:00","og_image":[{"width":924,"height":924,"url":"https:\/\/tetraktis.si\/wp-content\/uploads\/2022\/04\/AIRWAYS\u2122-XTRA-STRENGTH-POWDER.jpg","type":"image\/jpeg"}],"twitter_card":"summary_large_image","twitter_site":"@TetraktisInfo","twitter_misc":{"Est. reading time":"2 minutes"},"schema":{"@context":"https:\/\/schema.org","@graph":[{"@type":"WebPage","@id":"https:\/\/tetraktis.si\/en\/izdelek\/airways-xtra-strength-500g\/","url":"https:\/\/tetraktis.si\/en\/izdelek\/airways-xtra-strength-500g\/","name":"Airways horse supplement by Equine America to promote clear breathing","isPartOf":{"@id":"https:\/\/tetraktis.si\/en\/#website"},"primaryImageOfPage":{"@id":"https:\/\/tetraktis.si\/en\/izdelek\/airways-xtra-strength-500g\/#primaryimage"},"image":{"@id":"https:\/\/tetraktis.si\/en\/izdelek\/airways-xtra-strength-500g\/#primaryimage"},"thumbnailUrl":"https:\/\/tetraktis.si\/wp-content\/uploads\/2022\/04\/Airways-Equine-America-prasek.webp","datePublished":"2022-04-27T13:52:27+00:00","dateModified":"2026-03-23T14:12:10+00:00","description":"Airways horse supplement opens the airways and eases breathing. The mentol and vapours will dilate the airways & soothe low level irritation.","breadcrumb":{"@id":"https:\/\/tetraktis.si\/en\/izdelek\/airways-xtra-strength-500g\/#breadcrumb"},"inLanguage":"en-US","potentialAction":[{"@type":"ReadAction","target":["https:\/\/tetraktis.si\/en\/izdelek\/airways-xtra-strength-500g\/"]}]},{"@type":"ImageObject","inLanguage":"en-US","@id":"https:\/\/tetraktis.si\/en\/izdelek\/airways-xtra-strength-500g\/#primaryimage","url":"https:\/\/tetraktis.si\/wp-content\/uploads\/2022\/04\/Airways-Equine-America-prasek.webp","contentUrl":"https:\/\/tetraktis.si\/wp-content\/uploads\/2022\/04\/Airways-Equine-America-prasek.webp","width":540,"height":540,"caption":"Airways Equine America pra\u0161ek"},{"@type":"BreadcrumbList","@id":"https:\/\/tetraktis.si\/en\/izdelek\/airways-xtra-strength-500g\/#breadcrumb","itemListElement":[{"@type":"ListItem","position":1,"name":"Shop","item":"https:\/\/tetraktis.si\/en\/shop-3\/"},{"@type":"ListItem","position":2,"name":"Airways\u00ae Xtra Strength 500g"}]},{"@type":"WebSite","@id":"https:\/\/tetraktis.si\/en\/#website","url":"https:\/\/tetraktis.si\/en\/","name":"Tetraktis- Equine America, Dorwest, Excel","description":"Samo najbolj\u0161e za va\u0161e \u017eivali","publisher":{"@id":"https:\/\/tetraktis.si\/en\/#organization"},"potentialAction":[{"@type":"SearchAction","target":{"@type":"EntryPoint","urlTemplate":"https:\/\/tetraktis.si\/en\/?s={search_term_string}"},"query-input":{"@type":"PropertyValueSpecification","valueRequired":true,"valueName":"search_term_string"}}],"inLanguage":"en-US"},{"@type":"Organization","@id":"https:\/\/tetraktis.si\/en\/#organization","name":"Tetraktis","url":"https:\/\/tetraktis.si\/en\/","logo":{"@type":"ImageObject","inLanguage":"en-US","@id":"https:\/\/tetraktis.si\/en\/#\/schema\/logo\/image\/","url":"https:\/\/tetraktis.si\/wp-content\/uploads\/2022\/06\/logo.webp","contentUrl":"https:\/\/tetraktis.si\/wp-content\/uploads\/2022\/06\/logo.webp","width":400,"height":211,"caption":"Tetraktis"},"image":{"@id":"https:\/\/tetraktis.si\/en\/#\/schema\/logo\/image\/"},"sameAs":["https:\/\/business.facebook.com\/equineamericashop\/?business_id=193323571192825","https:\/\/x.com\/TetraktisInfo","https:\/\/www.instagram.com\/tetraktisslovenija\/","https:\/\/www.youtube.com\/channel\/UCk_PdKMdtpZ4pf0RRFL1vYA"]}]}},"_links":{"self":[{"href":"https:\/\/tetraktis.si\/en\/wp-json\/wp\/v2\/product\/32391","targetHints":{"allow":["GET"]}}],"collection":[{"href":"https:\/\/tetraktis.si\/en\/wp-json\/wp\/v2\/product"}],"about":[{"href":"https:\/\/tetraktis.si\/en\/wp-json\/wp\/v2\/types\/product"}],"replies":[{"embeddable":true,"href":"https:\/\/tetraktis.si\/en\/wp-json\/wp\/v2\/comments?post=32391"}],"version-history":[{"count":1,"href":"https:\/\/tetraktis.si\/en\/wp-json\/wp\/v2\/product\/32391\/revisions"}],"predecessor-version":[{"id":37073,"href":"https:\/\/tetraktis.si\/en\/wp-json\/wp\/v2\/product\/32391\/revisions\/37073"}],"wp:featuredmedia":[{"embeddable":true,"href":"https:\/\/tetraktis.si\/en\/wp-json\/wp\/v2\/media\/43054"}],"wp:attachment":[{"href":"https:\/\/tetraktis.si\/en\/wp-json\/wp\/v2\/media?parent=32391"}],"wp:term":[{"taxonomy":"product_brand","embeddable":true,"href":"https:\/\/tetraktis.si\/en\/wp-json\/wp\/v2\/product_brand?post=32391"},{"taxonomy":"product_cat","embeddable":true,"href":"https:\/\/tetraktis.si\/en\/wp-json\/wp\/v2\/product_cat?post=32391"},{"taxonomy":"product_tag","embeddable":true,"href":"https:\/\/tetraktis.si\/en\/wp-json\/wp\/v2\/product_tag?post=32391"}],"curies":[{"name":"wp","href":"https:\/\/api.w.org\/{rel}","templated":true}]}}