{"id":32390,"date":"2022-04-27T15:52:27","date_gmt":"2022-04-27T13:52:27","guid":{"rendered":"https:\/\/cortaflex.si\/izdelek\/airways-solution-500-ml\/"},"modified":"2026-04-16T10:51:50","modified_gmt":"2026-04-16T08:51:50","slug":"airways-solution-500-ml","status":"publish","type":"product","link":"https:\/\/tetraktis.si\/en\/izdelek\/airways-solution-500-ml\/","title":{"rendered":"Airways solution 500 ml"},"content":{"rendered":"<h1><span style=\"color: #555555; font-size: 14.4px;\">Airways solution supports healthy airfow<\/span><\/h1>\n<p><strong style=\"color: #555555; font-size: 14.4px;\">Airways Solution<\/strong><span style=\"color: #555555; font-size: 14.4px;\"> is a pre-event mouthwash to encourage maximum air intake essential for optimal performance over the duration of the competition.<\/span><\/p>\n<p><strong>Airways Solution<\/strong> contains the natural ingredients <strong>Vinegar, Honey, Glycerine, Eucalyptus and Peppermint<\/strong> to lubricate the throat and dilate the airways.<\/p>\n<p><span style=\"color: #555555; font-size: 14.4px;\">Elite race or competition horses require optimum lung function to perform to the best of their ability. <\/span><\/p>\n<p><span style=\"color: #555555; font-size: 14.4px;\">Furthermore, stabled horses are subjected to a constant respiratory challenge from fungal spores and dust in their immediate environment, which can affect their respiratory health and function.<\/span><\/p>\n<div class=\"descSub\">\n<p>Targeted nutritional support can help support the horse\u2019s natural defence against such challenges, and Airways Solution contains a powerful blend of natural, plant-derived essential oils, known for their role in maintaining respiratory function, in a palatable solution with added honey and cider vinegar.<\/p>\n<p>Eucalyptus oil is well known for its ability to help clear the respiratory tract of a build-up of mucus caused by constant exposure to dust and spores.<\/p>\n<p>Peppermint oil and its active ingredient menthol have been used in humans and animals for centuries to help open the airways, and clear excess mucus. Many of the compounds found in peppermint oil will provide nutritional support to help the horse\u2019s own respiratory defenses.<\/p>\n<p>Airways solution should be administered via syringe into the corner of the mouth when the horse\u2019s respiratory system is under challenge, either pre-race or -pre competition, or when there may be a short term environmental challenge.<\/p>\n<p>For on-going support,\u00a0<a href=\"https:\/\/www.tetraktis.si\/en\/product\/airways-xtra-strength\/\">Airways Xtra Strength Powder<\/a>\u00a0may be added daily to feed.<\/p>\n<p>Other useful products:<\/p>\n<p><a href=\"https:\/\/www.tetraktis.si\/en\/product\/coff-less-powder\/\">Coff-Less\u00a0<\/a>is a potent blend of plant-based extracts and oils, including Echinacea, formulated to provide powerful antioxidant support for the respiratory system, and help maintain the horse\u2019s immune system. May be used alongside Airways\u00ae Xtra Strength Powder for optimum support.<\/p>\n<\/div>\n<h2><strong>Why should you give Airways Solution?<\/strong><\/h2>\n<ul>\n<li>\n<div>Prior to exercise or competition to open the<strong> airways<\/strong> and maximise performance.<\/div>\n<\/li>\n<li>\n<div>As a pre-event mouth wash for horses &amp; ponies in <strong>high level competition<\/strong>.<\/div>\n<\/li>\n<li>\n<div>To assist air flow, resulting in the intake of higher levels of oxygen to aid focus and reduce fatigue.<\/div>\n<\/li>\n<\/ul>\n<h2><strong>How does it work?<\/strong><\/h2>\n<p>The <strong>honey and Glycerine<\/strong> in Airways Solution coats and lubricates the throat, whilst the vapours from <strong>Menthol<\/strong>, <strong>Peppermint and Eucalyptus<\/strong> dilate the airways allowing for maximum air intake.<\/p>\n<p>The more air; the more oxygen = maximum performance.<\/p>\n<p><strong>Feeding directions:<\/strong><\/p>\n<p>Administer 15ml into the horses&#8217;s mouth on the back of the tongue proir to exercise or competition.<\/p>\n<p>Size: 500 ml (33 servings)<\/p>\n<p><strong>Key Ingredients Per 15ml Serving: <\/strong>Eucalyptus Oil 195mg Menthol 105mg, Peppermint Oil 195mg, Honey 2505mg, Apple Cider Vinegar 1800mg.<\/p>\n<p><strong>Additives (per kg)<\/strong>: Sensory additives : 2b Eucalyptus oil 13,000mg, 2b Peppermint oil 13,000mg, 2b02015 Menthol 7000mg.<\/p>\n<p><strong>Composition<\/strong>: Water, glycerine, honey, apple cider vinegar, sorbitol, dextrose<\/p>\n<p>Analytical Constituents: Crude Protein &lt;0.6% Crude Fibre 0.1%, Crude Fat 1.7%, Crude Ash 0.2%, Sodium &lt;1.0% Moisture 46.9%, Total Sugars 10%.<\/p>\n<p>&nbsp;<\/p>\n<p>LABEL INFORMATION<\/p>\n<div>\n<p><span style=\"color: #800080;\"><a href=\"https:\/\/www.tetraktis.si\/wp-content\/uploads\/2019\/10\/AIRWAYS-SOLUTION.pdf\">Airways Solution<\/a><\/span><\/p>\n<\/div>\n<div class=\"prodContent\"><\/div>\n","protected":false},"excerpt":{"rendered":"<p><strong>Airways solution &#8211; to open the airways prior to competition or hard work to maximise performance.<\/strong><\/p>\n<p>To assist air flow, resulting in the intake of higher levels of oxygen to aid focus and reduce fatigue.<\/p>\n<p>&nbsp;<\/p>\n","protected":false},"featured_media":24106,"comment_status":"open","ping_status":"closed","template":"","meta":[],"product_brand":[],"product_cat":[3326,3331],"product_tag":[],"class_list":{"0":"post-32390","1":"product","2":"type-product","3":"status-publish","4":"has-post-thumbnail","6":"product_cat-products-onsale-horses","7":"product_cat-respiratory","10":"first","11":"instock","12":"taxable","13":"shipping-taxable","14":"purchasable","15":"product-type-simple"},"yoast_head":"<!-- This site is optimized with the Yoast SEO Premium plugin v20.10 (Yoast SEO v27.3) - https:\/\/yoast.com\/product\/yoast-seo-premium-wordpress\/ -->\n<title>Airways solution 500 ml - Suports healthy airflow in horses<\/title>\n<meta name=\"description\" content=\"Airways Solution is a pre-event mouthwash to encourage maximum air intake essential for optimal performance of the competition.\" \/>\n<meta name=\"robots\" content=\"index, follow, max-snippet:-1, max-image-preview:large, max-video-preview:-1\" \/>\n<link rel=\"canonical\" href=\"https:\/\/tetraktis.si\/en\/izdelek\/airways-solution-500-ml\/\" \/>\n<meta property=\"og:locale\" content=\"en_US\" \/>\n<meta property=\"og:type\" content=\"article\" \/>\n<meta property=\"og:title\" content=\"Airways solution 500 ml - Suports healthy airflow in horses\" \/>\n<meta property=\"og:description\" content=\"Airways Solution is a pre-event mouthwash to encourage maximum air intake essential for optimal performance of the competition.\" \/>\n<meta property=\"og:url\" content=\"https:\/\/tetraktis.si\/en\/izdelek\/airways-solution-500-ml\/\" \/>\n<meta property=\"og:site_name\" content=\"Tetraktis- Equine America, Dorwest, Excel\" \/>\n<meta property=\"article:publisher\" content=\"https:\/\/business.facebook.com\/equineamericashop\/?business_id=193323571192825\" \/>\n<meta property=\"article:modified_time\" content=\"2026-04-16T08:51:50+00:00\" \/>\n<meta property=\"og:image\" content=\"https:\/\/tetraktis.si\/wp-content\/uploads\/2022\/04\/AIRWAYS-SOLUTION.jpg\" \/>\n\t<meta property=\"og:image:width\" content=\"924\" \/>\n\t<meta property=\"og:image:height\" content=\"924\" \/>\n\t<meta property=\"og:image:type\" content=\"image\/jpeg\" \/>\n<meta name=\"twitter:card\" content=\"summary_large_image\" \/>\n<meta name=\"twitter:site\" content=\"@TetraktisInfo\" \/>\n<meta name=\"twitter:label1\" content=\"Est. reading time\" \/>\n\t<meta name=\"twitter:data1\" content=\"3 minutes\" \/>\n<script type=\"application\/ld+json\" class=\"yoast-schema-graph\">{\"@context\":\"https:\\\/\\\/schema.org\",\"@graph\":[{\"@type\":\"WebPage\",\"@id\":\"https:\\\/\\\/tetraktis.si\\\/en\\\/izdelek\\\/airways-solution-500-ml\\\/\",\"url\":\"https:\\\/\\\/tetraktis.si\\\/en\\\/izdelek\\\/airways-solution-500-ml\\\/\",\"name\":\"Airways solution 500 ml - Suports healthy airflow in horses\",\"isPartOf\":{\"@id\":\"https:\\\/\\\/tetraktis.si\\\/en\\\/#website\"},\"primaryImageOfPage\":{\"@id\":\"https:\\\/\\\/tetraktis.si\\\/en\\\/izdelek\\\/airways-solution-500-ml\\\/#primaryimage\"},\"image\":{\"@id\":\"https:\\\/\\\/tetraktis.si\\\/en\\\/izdelek\\\/airways-solution-500-ml\\\/#primaryimage\"},\"thumbnailUrl\":\"https:\\\/\\\/tetraktis.si\\\/wp-content\\\/uploads\\\/2022\\\/04\\\/AIRWAYS-SOLUTION.jpg\",\"datePublished\":\"2022-04-27T13:52:27+00:00\",\"dateModified\":\"2026-04-16T08:51:50+00:00\",\"description\":\"Airways Solution is a pre-event mouthwash to encourage maximum air intake essential for optimal performance of the competition.\",\"breadcrumb\":{\"@id\":\"https:\\\/\\\/tetraktis.si\\\/en\\\/izdelek\\\/airways-solution-500-ml\\\/#breadcrumb\"},\"inLanguage\":\"en-US\",\"potentialAction\":[{\"@type\":\"ReadAction\",\"target\":[\"https:\\\/\\\/tetraktis.si\\\/en\\\/izdelek\\\/airways-solution-500-ml\\\/\"]}]},{\"@type\":\"ImageObject\",\"inLanguage\":\"en-US\",\"@id\":\"https:\\\/\\\/tetraktis.si\\\/en\\\/izdelek\\\/airways-solution-500-ml\\\/#primaryimage\",\"url\":\"https:\\\/\\\/tetraktis.si\\\/wp-content\\\/uploads\\\/2022\\\/04\\\/AIRWAYS-SOLUTION.jpg\",\"contentUrl\":\"https:\\\/\\\/tetraktis.si\\\/wp-content\\\/uploads\\\/2022\\\/04\\\/AIRWAYS-SOLUTION.jpg\",\"width\":924,\"height\":924},{\"@type\":\"BreadcrumbList\",\"@id\":\"https:\\\/\\\/tetraktis.si\\\/en\\\/izdelek\\\/airways-solution-500-ml\\\/#breadcrumb\",\"itemListElement\":[{\"@type\":\"ListItem\",\"position\":1,\"name\":\"Shop\",\"item\":\"https:\\\/\\\/tetraktis.si\\\/en\\\/shop-3\\\/\"},{\"@type\":\"ListItem\",\"position\":2,\"name\":\"Airways solution 500 ml\"}]},{\"@type\":\"WebSite\",\"@id\":\"https:\\\/\\\/tetraktis.si\\\/en\\\/#website\",\"url\":\"https:\\\/\\\/tetraktis.si\\\/en\\\/\",\"name\":\"Tetraktis- Equine America, Dorwest, Excel\",\"description\":\"Samo najbolj\u0161e za va\u0161e \u017eivali\",\"publisher\":{\"@id\":\"https:\\\/\\\/tetraktis.si\\\/en\\\/#organization\"},\"potentialAction\":[{\"@type\":\"SearchAction\",\"target\":{\"@type\":\"EntryPoint\",\"urlTemplate\":\"https:\\\/\\\/tetraktis.si\\\/en\\\/?s={search_term_string}\"},\"query-input\":{\"@type\":\"PropertyValueSpecification\",\"valueRequired\":true,\"valueName\":\"search_term_string\"}}],\"inLanguage\":\"en-US\"},{\"@type\":\"Organization\",\"@id\":\"https:\\\/\\\/tetraktis.si\\\/en\\\/#organization\",\"name\":\"Tetraktis\",\"url\":\"https:\\\/\\\/tetraktis.si\\\/en\\\/\",\"logo\":{\"@type\":\"ImageObject\",\"inLanguage\":\"en-US\",\"@id\":\"https:\\\/\\\/tetraktis.si\\\/en\\\/#\\\/schema\\\/logo\\\/image\\\/\",\"url\":\"https:\\\/\\\/tetraktis.si\\\/wp-content\\\/uploads\\\/2022\\\/06\\\/logo.webp\",\"contentUrl\":\"https:\\\/\\\/tetraktis.si\\\/wp-content\\\/uploads\\\/2022\\\/06\\\/logo.webp\",\"width\":400,\"height\":211,\"caption\":\"Tetraktis\"},\"image\":{\"@id\":\"https:\\\/\\\/tetraktis.si\\\/en\\\/#\\\/schema\\\/logo\\\/image\\\/\"},\"sameAs\":[\"https:\\\/\\\/business.facebook.com\\\/equineamericashop\\\/?business_id=193323571192825\",\"https:\\\/\\\/x.com\\\/TetraktisInfo\",\"https:\\\/\\\/www.instagram.com\\\/tetraktisslovenija\\\/\",\"https:\\\/\\\/www.youtube.com\\\/channel\\\/UCk_PdKMdtpZ4pf0RRFL1vYA\"]}]}<\/script>\n<!-- \/ Yoast SEO Premium plugin. -->","yoast_head_json":{"title":"Airways solution 500 ml - Suports healthy airflow in horses","description":"Airways Solution is a pre-event mouthwash to encourage maximum air intake essential for optimal performance of the competition.","robots":{"index":"index","follow":"follow","max-snippet":"max-snippet:-1","max-image-preview":"max-image-preview:large","max-video-preview":"max-video-preview:-1"},"canonical":"https:\/\/tetraktis.si\/en\/izdelek\/airways-solution-500-ml\/","og_locale":"en_US","og_type":"article","og_title":"Airways solution 500 ml - Suports healthy airflow in horses","og_description":"Airways Solution is a pre-event mouthwash to encourage maximum air intake essential for optimal performance of the competition.","og_url":"https:\/\/tetraktis.si\/en\/izdelek\/airways-solution-500-ml\/","og_site_name":"Tetraktis- Equine America, Dorwest, Excel","article_publisher":"https:\/\/business.facebook.com\/equineamericashop\/?business_id=193323571192825","article_modified_time":"2026-04-16T08:51:50+00:00","og_image":[{"width":924,"height":924,"url":"https:\/\/tetraktis.si\/wp-content\/uploads\/2022\/04\/AIRWAYS-SOLUTION.jpg","type":"image\/jpeg"}],"twitter_card":"summary_large_image","twitter_site":"@TetraktisInfo","twitter_misc":{"Est. reading time":"3 minutes"},"schema":{"@context":"https:\/\/schema.org","@graph":[{"@type":"WebPage","@id":"https:\/\/tetraktis.si\/en\/izdelek\/airways-solution-500-ml\/","url":"https:\/\/tetraktis.si\/en\/izdelek\/airways-solution-500-ml\/","name":"Airways solution 500 ml - Suports healthy airflow in horses","isPartOf":{"@id":"https:\/\/tetraktis.si\/en\/#website"},"primaryImageOfPage":{"@id":"https:\/\/tetraktis.si\/en\/izdelek\/airways-solution-500-ml\/#primaryimage"},"image":{"@id":"https:\/\/tetraktis.si\/en\/izdelek\/airways-solution-500-ml\/#primaryimage"},"thumbnailUrl":"https:\/\/tetraktis.si\/wp-content\/uploads\/2022\/04\/AIRWAYS-SOLUTION.jpg","datePublished":"2022-04-27T13:52:27+00:00","dateModified":"2026-04-16T08:51:50+00:00","description":"Airways Solution is a pre-event mouthwash to encourage maximum air intake essential for optimal performance of the competition.","breadcrumb":{"@id":"https:\/\/tetraktis.si\/en\/izdelek\/airways-solution-500-ml\/#breadcrumb"},"inLanguage":"en-US","potentialAction":[{"@type":"ReadAction","target":["https:\/\/tetraktis.si\/en\/izdelek\/airways-solution-500-ml\/"]}]},{"@type":"ImageObject","inLanguage":"en-US","@id":"https:\/\/tetraktis.si\/en\/izdelek\/airways-solution-500-ml\/#primaryimage","url":"https:\/\/tetraktis.si\/wp-content\/uploads\/2022\/04\/AIRWAYS-SOLUTION.jpg","contentUrl":"https:\/\/tetraktis.si\/wp-content\/uploads\/2022\/04\/AIRWAYS-SOLUTION.jpg","width":924,"height":924},{"@type":"BreadcrumbList","@id":"https:\/\/tetraktis.si\/en\/izdelek\/airways-solution-500-ml\/#breadcrumb","itemListElement":[{"@type":"ListItem","position":1,"name":"Shop","item":"https:\/\/tetraktis.si\/en\/shop-3\/"},{"@type":"ListItem","position":2,"name":"Airways solution 500 ml"}]},{"@type":"WebSite","@id":"https:\/\/tetraktis.si\/en\/#website","url":"https:\/\/tetraktis.si\/en\/","name":"Tetraktis- Equine America, Dorwest, Excel","description":"Samo najbolj\u0161e za va\u0161e \u017eivali","publisher":{"@id":"https:\/\/tetraktis.si\/en\/#organization"},"potentialAction":[{"@type":"SearchAction","target":{"@type":"EntryPoint","urlTemplate":"https:\/\/tetraktis.si\/en\/?s={search_term_string}"},"query-input":{"@type":"PropertyValueSpecification","valueRequired":true,"valueName":"search_term_string"}}],"inLanguage":"en-US"},{"@type":"Organization","@id":"https:\/\/tetraktis.si\/en\/#organization","name":"Tetraktis","url":"https:\/\/tetraktis.si\/en\/","logo":{"@type":"ImageObject","inLanguage":"en-US","@id":"https:\/\/tetraktis.si\/en\/#\/schema\/logo\/image\/","url":"https:\/\/tetraktis.si\/wp-content\/uploads\/2022\/06\/logo.webp","contentUrl":"https:\/\/tetraktis.si\/wp-content\/uploads\/2022\/06\/logo.webp","width":400,"height":211,"caption":"Tetraktis"},"image":{"@id":"https:\/\/tetraktis.si\/en\/#\/schema\/logo\/image\/"},"sameAs":["https:\/\/business.facebook.com\/equineamericashop\/?business_id=193323571192825","https:\/\/x.com\/TetraktisInfo","https:\/\/www.instagram.com\/tetraktisslovenija\/","https:\/\/www.youtube.com\/channel\/UCk_PdKMdtpZ4pf0RRFL1vYA"]}]}},"_links":{"self":[{"href":"https:\/\/tetraktis.si\/en\/wp-json\/wp\/v2\/product\/32390","targetHints":{"allow":["GET"]}}],"collection":[{"href":"https:\/\/tetraktis.si\/en\/wp-json\/wp\/v2\/product"}],"about":[{"href":"https:\/\/tetraktis.si\/en\/wp-json\/wp\/v2\/types\/product"}],"replies":[{"embeddable":true,"href":"https:\/\/tetraktis.si\/en\/wp-json\/wp\/v2\/comments?post=32390"}],"version-history":[{"count":1,"href":"https:\/\/tetraktis.si\/en\/wp-json\/wp\/v2\/product\/32390\/revisions"}],"predecessor-version":[{"id":37072,"href":"https:\/\/tetraktis.si\/en\/wp-json\/wp\/v2\/product\/32390\/revisions\/37072"}],"wp:featuredmedia":[{"embeddable":true,"href":"https:\/\/tetraktis.si\/en\/wp-json\/wp\/v2\/media\/24106"}],"wp:attachment":[{"href":"https:\/\/tetraktis.si\/en\/wp-json\/wp\/v2\/media?parent=32390"}],"wp:term":[{"taxonomy":"product_brand","embeddable":true,"href":"https:\/\/tetraktis.si\/en\/wp-json\/wp\/v2\/product_brand?post=32390"},{"taxonomy":"product_cat","embeddable":true,"href":"https:\/\/tetraktis.si\/en\/wp-json\/wp\/v2\/product_cat?post=32390"},{"taxonomy":"product_tag","embeddable":true,"href":"https:\/\/tetraktis.si\/en\/wp-json\/wp\/v2\/product_tag?post=32390"}],"curies":[{"name":"wp","href":"https:\/\/api.w.org\/{rel}","templated":true}]}}