{"id":32389,"date":"2022-04-27T15:52:27","date_gmt":"2022-04-27T13:52:27","guid":{"rendered":"https:\/\/cortaflex.si\/izdelek\/coff-less-powder-1kg\/"},"modified":"2026-04-15T18:52:34","modified_gmt":"2026-04-15T16:52:34","slug":"coff-less-powder-1kg","status":"publish","type":"product","link":"https:\/\/tetraktis.si\/en\/izdelek\/coff-less-powder-1kg\/","title":{"rendered":"Coff Less Powder 1kg"},"content":{"rendered":"<h1><strong>Equine America Coff Less &#8211; SUPPORT FOR A HEALTHY RESPIRATORY SYSTEM <\/strong><\/h1>\n<p><strong>Equine America Coff Less <\/strong>can be used in the short term to support <strong>respiratory health<\/strong>, this can then be maintained using <strong><a href=\"https:\/\/www.tetraktis.si\/en\/product\/airways-xtra-strength\/\">Airways Xtra Strength Powder<\/a>.<\/strong><\/p>\n<p><strong>Coff Less <\/strong>is specially formulated using herbs and natural ingredients including Fenugreek Seed Powder, Kelp Meal, Garlic Powder, Gentian, and Mullein Extract for healthy clear lungs and <strong>healthy respiratory system<\/strong>.<\/p>\n<p><strong>Coff-Less<\/strong> also contains <strong>Glycerine and Aloe Vera<\/strong> to soothe and lubricate the throat, <strong>Oil of Eucalyptus<\/strong> to clear the airway, and <strong>Echinacea<\/strong> to support the immune system.<\/p>\n<p>Horses are subjected to a constant respiratory challenge from fungal spores, dust, pollen, and other tiny particles in their immediate environment, whether they are stabled or out at pasture, working and competing outdoors, or in an enclosed indoor school. Most horses cope with these challenges, but there are occasions when a healthy respiratory system is overwhelmed, and horses cough to try to clear their airways.<\/p>\n<p>Targeted nutritional support can help support the horse\u2019s natural defenses against such challenges, and Coff-Less Powder contains a powerful blend of natural herbs and phytochemicals (active compounds from plants), known for their role in maintaining respiratory function.<\/p>\n<p>Equine America Coff Less also contains Echinacea and <a href=\"https:\/\/www.equine-america.co.uk\/msm-powder\/view\/157\"><strong>MSM<\/strong><\/a>\u00a0to help support the immune system.<\/p>\n<h2>SUPPORT FOR A HEALTHY RESPIRATORY SYSTEM<\/h2>\n<ul class=\"a-unordered-list a-vertical a-spacing-mini\">\n<li>Potent combination of herbs and plant extracts well known for their roles in supporting respiratory system health.<\/li>\n<li>Includes\u00a0<em><strong>Eucalyptus, Menthol, Fenugreek and Astragalus<\/strong>\u00a0<\/em>to support airway health and function.<\/li>\n<li>Also contains\u00a0<strong><em>Echinacea, MSM, Nettle and Garlic<\/em><\/strong>\u00a0to support the immune system.<\/li>\n<li><em><strong>Aloe vera, Apple Cider Vinegar and glycerine<\/strong>\u00a0<\/em>help to soothe the upper airways.<\/li>\n<li>BETA NOPS and UFAS accredited, ensuring our products do not contain prohibited substances and are suitable for horses competing under FEI regulations and the Rules of Racing.<\/li>\n<\/ul>\n<h3>A complementary feed for horses designed to support respiratory health as part of a balanced diet.<\/h3>\n<p><strong>Feeding Directions:<\/strong> For 500kg horse; for initial 5 days: 28g per day. Thereafter; 14g per day. Maximum; 28g per day. 14g (approx) measure enclosed.<\/p>\n<p><strong>Additives (per kg)<\/strong>:Sensory additives: 2b Echinacea (2.0%), 2b Eucalyptus Oil (1000mg).<\/p>\n<p><strong>Composition:<\/strong> Alfalfa Meal, Dried Seaweed, Methylsulphonylmethane (MSM), Nettle, Dried Kelp, Garlic, Astragalus Membranaceous, Fenugreek, Elecampane Root.<\/p>\n<p><strong>Analytical Constituents<\/strong>\/Analytische Bestandteile\/Constituyentes anal\u00edticos\/Constituants analytiques\/Componenti analitici\/Analytische bestanddelen:<\/p>\n<ul>\n<li>Crude Protein \/ Rohprotein \/ Prote\u00edna bruta \/ Prot\u00e9ines brutes \/ Proteina grezza \/ Ruw eiwit 5.7%<\/li>\n<li>Crude Fibre \/ Rohfasern \/ Fibra bruta \/ Cellulose brute \/ Fibre grezze\/ Ruwe vezels 20.0%<\/li>\n<li>Crude Oils \/ Roh\u00f6l \/ Aceite bruto \/ Mati\u00e8res grasses brutes \/ Oli grezzi \/ Ruwe oli\u00ebn 2.0%<\/li>\n<li>Crude Ash \/ Rohasche\/ Ceniza bruta \/ Cendres brutes \/ Ceneri grezze \/ Ruwe as 10.0%<\/li>\n<li>Sodium \/ Natrium \/ Sodio \/ Sodium \/ Sodio \/ Natrium &lt;1.0%<\/li>\n<\/ul>\n<p>Now available 1kg<\/p>\n<p>Other useful products:<\/p>\n<p><strong><a href=\"https:\/\/www.equine-america.co.uk\/airways-xtra-strength\/view\/159\">Airways Xtra Strength Powder<\/a>\u00a0<\/strong>\u2013 may be used after Coff-Less to help maintain respiratory health.<\/p>\n","protected":false},"excerpt":{"rendered":"<p><strong>Equine America Coff Less aids upper and lower respiratory health<\/strong><\/p>\n<p><strong>Coff-Less<\/strong> Powder soothes the <strong>airways,<\/strong> promoting clear <strong>healthy lungs<\/strong>, whilst providing support to the <strong>immune system.<\/strong><\/p>\n","protected":false},"featured_media":24103,"comment_status":"open","ping_status":"closed","template":"","meta":[],"product_brand":[],"product_cat":[3326,3331],"product_tag":[],"class_list":{"0":"post-32389","1":"product","2":"type-product","3":"status-publish","4":"has-post-thumbnail","6":"product_cat-products-onsale-horses","7":"product_cat-respiratory","10":"first","11":"instock","12":"taxable","13":"shipping-taxable","14":"purchasable","15":"product-type-simple"},"yoast_head":"<!-- This site is optimized with the Yoast SEO Premium plugin v20.10 (Yoast SEO v27.3) - https:\/\/yoast.com\/product\/yoast-seo-premium-wordpress\/ -->\n<title>Equine America Coff Less Powder 1kg - aids respiratory health<\/title>\n<meta name=\"description\" content=\"Equine America Coff Less is formulated using herbs for healthy clear lungs and healthy respiratory system. To support the immune system.\" \/>\n<meta name=\"robots\" content=\"index, follow, max-snippet:-1, max-image-preview:large, max-video-preview:-1\" \/>\n<link rel=\"canonical\" href=\"https:\/\/tetraktis.si\/en\/izdelek\/coff-less-powder-1kg\/\" \/>\n<meta property=\"og:locale\" content=\"en_US\" \/>\n<meta property=\"og:type\" content=\"article\" \/>\n<meta property=\"og:title\" content=\"Equine America Coff Less Powder 1kg - aids respiratory health\" \/>\n<meta property=\"og:description\" content=\"Equine America Coff Less is formulated using herbs for healthy clear lungs and healthy respiratory system. To support the immune system.\" \/>\n<meta property=\"og:url\" content=\"https:\/\/tetraktis.si\/en\/izdelek\/coff-less-powder-1kg\/\" \/>\n<meta property=\"og:site_name\" content=\"Tetraktis- Equine America, Dorwest, Excel\" \/>\n<meta property=\"article:publisher\" content=\"https:\/\/business.facebook.com\/equineamericashop\/?business_id=193323571192825\" \/>\n<meta property=\"article:modified_time\" content=\"2026-04-15T16:52:34+00:00\" \/>\n<meta property=\"og:image\" content=\"https:\/\/tetraktis.si\/wp-content\/uploads\/2022\/04\/COFF-LESS.jpg\" \/>\n\t<meta property=\"og:image:width\" content=\"924\" \/>\n\t<meta property=\"og:image:height\" content=\"924\" \/>\n\t<meta property=\"og:image:type\" content=\"image\/jpeg\" \/>\n<meta name=\"twitter:card\" content=\"summary_large_image\" \/>\n<meta name=\"twitter:site\" content=\"@TetraktisInfo\" \/>\n<meta name=\"twitter:label1\" content=\"Est. reading time\" \/>\n\t<meta name=\"twitter:data1\" content=\"3 minutes\" \/>\n<script type=\"application\/ld+json\" class=\"yoast-schema-graph\">{\"@context\":\"https:\\\/\\\/schema.org\",\"@graph\":[{\"@type\":\"WebPage\",\"@id\":\"https:\\\/\\\/tetraktis.si\\\/en\\\/izdelek\\\/coff-less-powder-1kg\\\/\",\"url\":\"https:\\\/\\\/tetraktis.si\\\/en\\\/izdelek\\\/coff-less-powder-1kg\\\/\",\"name\":\"Equine America Coff Less Powder 1kg - aids respiratory health\",\"isPartOf\":{\"@id\":\"https:\\\/\\\/tetraktis.si\\\/en\\\/#website\"},\"primaryImageOfPage\":{\"@id\":\"https:\\\/\\\/tetraktis.si\\\/en\\\/izdelek\\\/coff-less-powder-1kg\\\/#primaryimage\"},\"image\":{\"@id\":\"https:\\\/\\\/tetraktis.si\\\/en\\\/izdelek\\\/coff-less-powder-1kg\\\/#primaryimage\"},\"thumbnailUrl\":\"https:\\\/\\\/tetraktis.si\\\/wp-content\\\/uploads\\\/2022\\\/04\\\/COFF-LESS.jpg\",\"datePublished\":\"2022-04-27T13:52:27+00:00\",\"dateModified\":\"2026-04-15T16:52:34+00:00\",\"description\":\"Equine America Coff Less is formulated using herbs for healthy clear lungs and healthy respiratory system. To support the immune system.\",\"breadcrumb\":{\"@id\":\"https:\\\/\\\/tetraktis.si\\\/en\\\/izdelek\\\/coff-less-powder-1kg\\\/#breadcrumb\"},\"inLanguage\":\"en-US\",\"potentialAction\":[{\"@type\":\"ReadAction\",\"target\":[\"https:\\\/\\\/tetraktis.si\\\/en\\\/izdelek\\\/coff-less-powder-1kg\\\/\"]}]},{\"@type\":\"ImageObject\",\"inLanguage\":\"en-US\",\"@id\":\"https:\\\/\\\/tetraktis.si\\\/en\\\/izdelek\\\/coff-less-powder-1kg\\\/#primaryimage\",\"url\":\"https:\\\/\\\/tetraktis.si\\\/wp-content\\\/uploads\\\/2022\\\/04\\\/COFF-LESS.jpg\",\"contentUrl\":\"https:\\\/\\\/tetraktis.si\\\/wp-content\\\/uploads\\\/2022\\\/04\\\/COFF-LESS.jpg\",\"width\":924,\"height\":924},{\"@type\":\"BreadcrumbList\",\"@id\":\"https:\\\/\\\/tetraktis.si\\\/en\\\/izdelek\\\/coff-less-powder-1kg\\\/#breadcrumb\",\"itemListElement\":[{\"@type\":\"ListItem\",\"position\":1,\"name\":\"Shop\",\"item\":\"https:\\\/\\\/tetraktis.si\\\/en\\\/shop-3\\\/\"},{\"@type\":\"ListItem\",\"position\":2,\"name\":\"Coff Less Powder 1kg\"}]},{\"@type\":\"WebSite\",\"@id\":\"https:\\\/\\\/tetraktis.si\\\/en\\\/#website\",\"url\":\"https:\\\/\\\/tetraktis.si\\\/en\\\/\",\"name\":\"Tetraktis- Equine America, Dorwest, Excel\",\"description\":\"Samo najbolj\u0161e za va\u0161e \u017eivali\",\"publisher\":{\"@id\":\"https:\\\/\\\/tetraktis.si\\\/en\\\/#organization\"},\"potentialAction\":[{\"@type\":\"SearchAction\",\"target\":{\"@type\":\"EntryPoint\",\"urlTemplate\":\"https:\\\/\\\/tetraktis.si\\\/en\\\/?s={search_term_string}\"},\"query-input\":{\"@type\":\"PropertyValueSpecification\",\"valueRequired\":true,\"valueName\":\"search_term_string\"}}],\"inLanguage\":\"en-US\"},{\"@type\":\"Organization\",\"@id\":\"https:\\\/\\\/tetraktis.si\\\/en\\\/#organization\",\"name\":\"Tetraktis\",\"url\":\"https:\\\/\\\/tetraktis.si\\\/en\\\/\",\"logo\":{\"@type\":\"ImageObject\",\"inLanguage\":\"en-US\",\"@id\":\"https:\\\/\\\/tetraktis.si\\\/en\\\/#\\\/schema\\\/logo\\\/image\\\/\",\"url\":\"https:\\\/\\\/tetraktis.si\\\/wp-content\\\/uploads\\\/2022\\\/06\\\/logo.webp\",\"contentUrl\":\"https:\\\/\\\/tetraktis.si\\\/wp-content\\\/uploads\\\/2022\\\/06\\\/logo.webp\",\"width\":400,\"height\":211,\"caption\":\"Tetraktis\"},\"image\":{\"@id\":\"https:\\\/\\\/tetraktis.si\\\/en\\\/#\\\/schema\\\/logo\\\/image\\\/\"},\"sameAs\":[\"https:\\\/\\\/business.facebook.com\\\/equineamericashop\\\/?business_id=193323571192825\",\"https:\\\/\\\/x.com\\\/TetraktisInfo\",\"https:\\\/\\\/www.instagram.com\\\/tetraktisslovenija\\\/\",\"https:\\\/\\\/www.youtube.com\\\/channel\\\/UCk_PdKMdtpZ4pf0RRFL1vYA\"]}]}<\/script>\n<!-- \/ Yoast SEO Premium plugin. -->","yoast_head_json":{"title":"Equine America Coff Less Powder 1kg - aids respiratory health","description":"Equine America Coff Less is formulated using herbs for healthy clear lungs and healthy respiratory system. To support the immune system.","robots":{"index":"index","follow":"follow","max-snippet":"max-snippet:-1","max-image-preview":"max-image-preview:large","max-video-preview":"max-video-preview:-1"},"canonical":"https:\/\/tetraktis.si\/en\/izdelek\/coff-less-powder-1kg\/","og_locale":"en_US","og_type":"article","og_title":"Equine America Coff Less Powder 1kg - aids respiratory health","og_description":"Equine America Coff Less is formulated using herbs for healthy clear lungs and healthy respiratory system. To support the immune system.","og_url":"https:\/\/tetraktis.si\/en\/izdelek\/coff-less-powder-1kg\/","og_site_name":"Tetraktis- Equine America, Dorwest, Excel","article_publisher":"https:\/\/business.facebook.com\/equineamericashop\/?business_id=193323571192825","article_modified_time":"2026-04-15T16:52:34+00:00","og_image":[{"width":924,"height":924,"url":"https:\/\/tetraktis.si\/wp-content\/uploads\/2022\/04\/COFF-LESS.jpg","type":"image\/jpeg"}],"twitter_card":"summary_large_image","twitter_site":"@TetraktisInfo","twitter_misc":{"Est. reading time":"3 minutes"},"schema":{"@context":"https:\/\/schema.org","@graph":[{"@type":"WebPage","@id":"https:\/\/tetraktis.si\/en\/izdelek\/coff-less-powder-1kg\/","url":"https:\/\/tetraktis.si\/en\/izdelek\/coff-less-powder-1kg\/","name":"Equine America Coff Less Powder 1kg - aids respiratory health","isPartOf":{"@id":"https:\/\/tetraktis.si\/en\/#website"},"primaryImageOfPage":{"@id":"https:\/\/tetraktis.si\/en\/izdelek\/coff-less-powder-1kg\/#primaryimage"},"image":{"@id":"https:\/\/tetraktis.si\/en\/izdelek\/coff-less-powder-1kg\/#primaryimage"},"thumbnailUrl":"https:\/\/tetraktis.si\/wp-content\/uploads\/2022\/04\/COFF-LESS.jpg","datePublished":"2022-04-27T13:52:27+00:00","dateModified":"2026-04-15T16:52:34+00:00","description":"Equine America Coff Less is formulated using herbs for healthy clear lungs and healthy respiratory system. To support the immune system.","breadcrumb":{"@id":"https:\/\/tetraktis.si\/en\/izdelek\/coff-less-powder-1kg\/#breadcrumb"},"inLanguage":"en-US","potentialAction":[{"@type":"ReadAction","target":["https:\/\/tetraktis.si\/en\/izdelek\/coff-less-powder-1kg\/"]}]},{"@type":"ImageObject","inLanguage":"en-US","@id":"https:\/\/tetraktis.si\/en\/izdelek\/coff-less-powder-1kg\/#primaryimage","url":"https:\/\/tetraktis.si\/wp-content\/uploads\/2022\/04\/COFF-LESS.jpg","contentUrl":"https:\/\/tetraktis.si\/wp-content\/uploads\/2022\/04\/COFF-LESS.jpg","width":924,"height":924},{"@type":"BreadcrumbList","@id":"https:\/\/tetraktis.si\/en\/izdelek\/coff-less-powder-1kg\/#breadcrumb","itemListElement":[{"@type":"ListItem","position":1,"name":"Shop","item":"https:\/\/tetraktis.si\/en\/shop-3\/"},{"@type":"ListItem","position":2,"name":"Coff Less Powder 1kg"}]},{"@type":"WebSite","@id":"https:\/\/tetraktis.si\/en\/#website","url":"https:\/\/tetraktis.si\/en\/","name":"Tetraktis- Equine America, Dorwest, Excel","description":"Samo najbolj\u0161e za va\u0161e \u017eivali","publisher":{"@id":"https:\/\/tetraktis.si\/en\/#organization"},"potentialAction":[{"@type":"SearchAction","target":{"@type":"EntryPoint","urlTemplate":"https:\/\/tetraktis.si\/en\/?s={search_term_string}"},"query-input":{"@type":"PropertyValueSpecification","valueRequired":true,"valueName":"search_term_string"}}],"inLanguage":"en-US"},{"@type":"Organization","@id":"https:\/\/tetraktis.si\/en\/#organization","name":"Tetraktis","url":"https:\/\/tetraktis.si\/en\/","logo":{"@type":"ImageObject","inLanguage":"en-US","@id":"https:\/\/tetraktis.si\/en\/#\/schema\/logo\/image\/","url":"https:\/\/tetraktis.si\/wp-content\/uploads\/2022\/06\/logo.webp","contentUrl":"https:\/\/tetraktis.si\/wp-content\/uploads\/2022\/06\/logo.webp","width":400,"height":211,"caption":"Tetraktis"},"image":{"@id":"https:\/\/tetraktis.si\/en\/#\/schema\/logo\/image\/"},"sameAs":["https:\/\/business.facebook.com\/equineamericashop\/?business_id=193323571192825","https:\/\/x.com\/TetraktisInfo","https:\/\/www.instagram.com\/tetraktisslovenija\/","https:\/\/www.youtube.com\/channel\/UCk_PdKMdtpZ4pf0RRFL1vYA"]}]}},"_links":{"self":[{"href":"https:\/\/tetraktis.si\/en\/wp-json\/wp\/v2\/product\/32389","targetHints":{"allow":["GET"]}}],"collection":[{"href":"https:\/\/tetraktis.si\/en\/wp-json\/wp\/v2\/product"}],"about":[{"href":"https:\/\/tetraktis.si\/en\/wp-json\/wp\/v2\/types\/product"}],"replies":[{"embeddable":true,"href":"https:\/\/tetraktis.si\/en\/wp-json\/wp\/v2\/comments?post=32389"}],"version-history":[{"count":1,"href":"https:\/\/tetraktis.si\/en\/wp-json\/wp\/v2\/product\/32389\/revisions"}],"predecessor-version":[{"id":37071,"href":"https:\/\/tetraktis.si\/en\/wp-json\/wp\/v2\/product\/32389\/revisions\/37071"}],"wp:featuredmedia":[{"embeddable":true,"href":"https:\/\/tetraktis.si\/en\/wp-json\/wp\/v2\/media\/24103"}],"wp:attachment":[{"href":"https:\/\/tetraktis.si\/en\/wp-json\/wp\/v2\/media?parent=32389"}],"wp:term":[{"taxonomy":"product_brand","embeddable":true,"href":"https:\/\/tetraktis.si\/en\/wp-json\/wp\/v2\/product_brand?post=32389"},{"taxonomy":"product_cat","embeddable":true,"href":"https:\/\/tetraktis.si\/en\/wp-json\/wp\/v2\/product_cat?post=32389"},{"taxonomy":"product_tag","embeddable":true,"href":"https:\/\/tetraktis.si\/en\/wp-json\/wp\/v2\/product_tag?post=32389"}],"curies":[{"name":"wp","href":"https:\/\/api.w.org\/{rel}","templated":true}]}}