{"id":32388,"date":"2022-04-27T15:52:27","date_gmt":"2022-04-27T13:52:27","guid":{"rendered":"https:\/\/cortaflex.si\/izdelek\/hoof-balm-500ml\/"},"modified":"2026-04-14T11:57:37","modified_gmt":"2026-04-14T09:57:37","slug":"hoof-balm-500ml","status":"publish","type":"product","link":"https:\/\/tetraktis.si\/en\/izdelek\/hoof-balm-500ml\/","title":{"rendered":"Hoof balm 500ml"},"content":{"rendered":"<h1><strong>Hoof balm &#8211; for the health and nourishment of the hooves <\/strong><\/h1>\n<p><strong>Hoof Balm from producer Equine America <\/strong>is a super concentrated blend of natural oils \u2013 <strong>Coconut, Avocado, Jojoba and Eucalyptus<\/strong> &#8211; that moisturise, nourish and protect the hoof, whilst still letting it breathe.<\/p>\n<p>These oils are beneficial to the health and nourishment of the <strong>hooves<\/strong> and enable the delivery of moisture, nutrients and protection deep into the inner layers of the <strong>hoof<\/strong> whilst providing <strong>bacterial and anti-fungal protection.<\/strong><\/p>\n<h2><strong>Equine America Hoof Balm<\/strong> is the ideal product to use all year round<\/h2>\n<ul>\n<li>in dry conditions it provides excellent moisturizing properties,<\/li>\n<li>whilst in winter it provides a water barrier against wet conditions while continually letting the hoof breathe.<\/li>\n<\/ul>\n<p>It is very concentrated \u2013 a small amount will go a long way.\u00a0Everyday health naturally.<\/p>\n<p><strong>Indication for normal use<\/strong>: Apply to the hoof walls, beam, and sole every other day.<\/p>\n<p><strong>For intensive use:<\/strong> Apply to hoof walls, ray, and sole twice a day for 10 to 14 days.<\/p>\n<p><strong>Composition<\/strong>: coconut, avocado jojoba, and eucalyptus.<\/p>\n<p>For optimum <strong>hoof health<\/strong>, use in conjunction with <a href=\"https:\/\/www.tetraktis.si\/en\/product\/super-hoof-powder-plus-biotin\/\">Equine America Hoof Powder<\/a>.<\/p>\n<div>Size: 500ml<\/div>\n","protected":false},"excerpt":{"rendered":"<p>Is the ideal product to use all year round, shines, moisturises during summer, protects during winter time &amp; allows hoof to breathe.<\/p>\n<div><strong>100% NATURAL, ANTI-BACTERIAL &amp; ANTI-FUNGAL!<\/strong><\/div>\n<div><\/div>\n","protected":false},"featured_media":24100,"comment_status":"open","ping_status":"closed","template":"","meta":[],"product_brand":[],"product_cat":[3326,3318,3319,3324],"product_tag":[],"class_list":{"0":"post-32388","1":"product","2":"type-product","3":"status-publish","4":"has-post-thumbnail","6":"product_cat-products-onsale-horses","7":"product_cat-external-applications","8":"product_cat-fungatrol","9":"product_cat-hoofcare","12":"first","13":"outofstock","14":"taxable","15":"shipping-taxable","16":"purchasable","17":"product-type-simple"},"yoast_head":"<!-- This site is optimized with the Yoast SEO Premium plugin v20.10 (Yoast SEO v27.3) - https:\/\/yoast.com\/product\/yoast-seo-premium-wordpress\/ -->\n<title>Hoof Balm - Super concentrated blend of natural oils for hoofs<\/title>\n<meta name=\"description\" content=\"Hoof Balm from Equine America is 100% NATURAL, ANTI-BACTERIAL &amp; ANTI-FUNGAL. Shines, moisturises, protects &amp; allows hoof to breathe.\" \/>\n<meta name=\"robots\" content=\"index, follow, max-snippet:-1, max-image-preview:large, max-video-preview:-1\" \/>\n<link rel=\"canonical\" href=\"https:\/\/tetraktis.si\/en\/izdelek\/hoof-balm-500ml\/\" \/>\n<meta property=\"og:locale\" content=\"en_US\" \/>\n<meta property=\"og:type\" content=\"article\" \/>\n<meta property=\"og:title\" content=\"Hoof Balm - Super concentrated blend of natural oils for hoofs\" \/>\n<meta property=\"og:description\" content=\"Hoof Balm from Equine America is 100% NATURAL, ANTI-BACTERIAL &amp; ANTI-FUNGAL. Shines, moisturises, protects &amp; allows hoof to breathe.\" \/>\n<meta property=\"og:url\" content=\"https:\/\/tetraktis.si\/en\/izdelek\/hoof-balm-500ml\/\" \/>\n<meta property=\"og:site_name\" content=\"Tetraktis- Equine America, Dorwest, Excel\" \/>\n<meta property=\"article:publisher\" content=\"https:\/\/business.facebook.com\/equineamericashop\/?business_id=193323571192825\" \/>\n<meta property=\"article:modified_time\" content=\"2026-04-14T09:57:37+00:00\" \/>\n<meta property=\"og:image\" content=\"https:\/\/tetraktis.si\/wp-content\/uploads\/2022\/04\/HOOF-BALM.jpg\" \/>\n\t<meta property=\"og:image:width\" content=\"924\" \/>\n\t<meta property=\"og:image:height\" content=\"924\" \/>\n\t<meta property=\"og:image:type\" content=\"image\/jpeg\" \/>\n<meta name=\"twitter:card\" content=\"summary_large_image\" \/>\n<meta name=\"twitter:site\" content=\"@TetraktisInfo\" \/>\n<meta name=\"twitter:label1\" content=\"Est. reading time\" \/>\n\t<meta name=\"twitter:data1\" content=\"1 minute\" \/>\n<script type=\"application\/ld+json\" class=\"yoast-schema-graph\">{\"@context\":\"https:\\\/\\\/schema.org\",\"@graph\":[{\"@type\":\"WebPage\",\"@id\":\"https:\\\/\\\/tetraktis.si\\\/en\\\/izdelek\\\/hoof-balm-500ml\\\/\",\"url\":\"https:\\\/\\\/tetraktis.si\\\/en\\\/izdelek\\\/hoof-balm-500ml\\\/\",\"name\":\"Hoof Balm - Super concentrated blend of natural oils for hoofs\",\"isPartOf\":{\"@id\":\"https:\\\/\\\/tetraktis.si\\\/en\\\/#website\"},\"primaryImageOfPage\":{\"@id\":\"https:\\\/\\\/tetraktis.si\\\/en\\\/izdelek\\\/hoof-balm-500ml\\\/#primaryimage\"},\"image\":{\"@id\":\"https:\\\/\\\/tetraktis.si\\\/en\\\/izdelek\\\/hoof-balm-500ml\\\/#primaryimage\"},\"thumbnailUrl\":\"https:\\\/\\\/tetraktis.si\\\/wp-content\\\/uploads\\\/2022\\\/04\\\/HOOF-BALM.jpg\",\"datePublished\":\"2022-04-27T13:52:27+00:00\",\"dateModified\":\"2026-04-14T09:57:37+00:00\",\"description\":\"Hoof Balm from Equine America is 100% NATURAL, ANTI-BACTERIAL & ANTI-FUNGAL. Shines, moisturises, protects & allows hoof to breathe.\",\"breadcrumb\":{\"@id\":\"https:\\\/\\\/tetraktis.si\\\/en\\\/izdelek\\\/hoof-balm-500ml\\\/#breadcrumb\"},\"inLanguage\":\"en-US\",\"potentialAction\":[{\"@type\":\"ReadAction\",\"target\":[\"https:\\\/\\\/tetraktis.si\\\/en\\\/izdelek\\\/hoof-balm-500ml\\\/\"]}]},{\"@type\":\"ImageObject\",\"inLanguage\":\"en-US\",\"@id\":\"https:\\\/\\\/tetraktis.si\\\/en\\\/izdelek\\\/hoof-balm-500ml\\\/#primaryimage\",\"url\":\"https:\\\/\\\/tetraktis.si\\\/wp-content\\\/uploads\\\/2022\\\/04\\\/HOOF-BALM.jpg\",\"contentUrl\":\"https:\\\/\\\/tetraktis.si\\\/wp-content\\\/uploads\\\/2022\\\/04\\\/HOOF-BALM.jpg\",\"width\":924,\"height\":924,\"caption\":\"balzam za kopita\"},{\"@type\":\"BreadcrumbList\",\"@id\":\"https:\\\/\\\/tetraktis.si\\\/en\\\/izdelek\\\/hoof-balm-500ml\\\/#breadcrumb\",\"itemListElement\":[{\"@type\":\"ListItem\",\"position\":1,\"name\":\"Shop\",\"item\":\"https:\\\/\\\/tetraktis.si\\\/en\\\/shop-3\\\/\"},{\"@type\":\"ListItem\",\"position\":2,\"name\":\"Hoof balm 500ml\"}]},{\"@type\":\"WebSite\",\"@id\":\"https:\\\/\\\/tetraktis.si\\\/en\\\/#website\",\"url\":\"https:\\\/\\\/tetraktis.si\\\/en\\\/\",\"name\":\"Tetraktis- Equine America, Dorwest, Excel\",\"description\":\"Samo najbolj\u0161e za va\u0161e \u017eivali\",\"publisher\":{\"@id\":\"https:\\\/\\\/tetraktis.si\\\/en\\\/#organization\"},\"potentialAction\":[{\"@type\":\"SearchAction\",\"target\":{\"@type\":\"EntryPoint\",\"urlTemplate\":\"https:\\\/\\\/tetraktis.si\\\/en\\\/?s={search_term_string}\"},\"query-input\":{\"@type\":\"PropertyValueSpecification\",\"valueRequired\":true,\"valueName\":\"search_term_string\"}}],\"inLanguage\":\"en-US\"},{\"@type\":\"Organization\",\"@id\":\"https:\\\/\\\/tetraktis.si\\\/en\\\/#organization\",\"name\":\"Tetraktis\",\"url\":\"https:\\\/\\\/tetraktis.si\\\/en\\\/\",\"logo\":{\"@type\":\"ImageObject\",\"inLanguage\":\"en-US\",\"@id\":\"https:\\\/\\\/tetraktis.si\\\/en\\\/#\\\/schema\\\/logo\\\/image\\\/\",\"url\":\"https:\\\/\\\/tetraktis.si\\\/wp-content\\\/uploads\\\/2022\\\/06\\\/logo.webp\",\"contentUrl\":\"https:\\\/\\\/tetraktis.si\\\/wp-content\\\/uploads\\\/2022\\\/06\\\/logo.webp\",\"width\":400,\"height\":211,\"caption\":\"Tetraktis\"},\"image\":{\"@id\":\"https:\\\/\\\/tetraktis.si\\\/en\\\/#\\\/schema\\\/logo\\\/image\\\/\"},\"sameAs\":[\"https:\\\/\\\/business.facebook.com\\\/equineamericashop\\\/?business_id=193323571192825\",\"https:\\\/\\\/x.com\\\/TetraktisInfo\",\"https:\\\/\\\/www.instagram.com\\\/tetraktisslovenija\\\/\",\"https:\\\/\\\/www.youtube.com\\\/channel\\\/UCk_PdKMdtpZ4pf0RRFL1vYA\"]}]}<\/script>\n<!-- \/ Yoast SEO Premium plugin. -->","yoast_head_json":{"title":"Hoof Balm - Super concentrated blend of natural oils for hoofs","description":"Hoof Balm from Equine America is 100% NATURAL, ANTI-BACTERIAL & ANTI-FUNGAL. Shines, moisturises, protects & allows hoof to breathe.","robots":{"index":"index","follow":"follow","max-snippet":"max-snippet:-1","max-image-preview":"max-image-preview:large","max-video-preview":"max-video-preview:-1"},"canonical":"https:\/\/tetraktis.si\/en\/izdelek\/hoof-balm-500ml\/","og_locale":"en_US","og_type":"article","og_title":"Hoof Balm - Super concentrated blend of natural oils for hoofs","og_description":"Hoof Balm from Equine America is 100% NATURAL, ANTI-BACTERIAL & ANTI-FUNGAL. Shines, moisturises, protects & allows hoof to breathe.","og_url":"https:\/\/tetraktis.si\/en\/izdelek\/hoof-balm-500ml\/","og_site_name":"Tetraktis- Equine America, Dorwest, Excel","article_publisher":"https:\/\/business.facebook.com\/equineamericashop\/?business_id=193323571192825","article_modified_time":"2026-04-14T09:57:37+00:00","og_image":[{"width":924,"height":924,"url":"https:\/\/tetraktis.si\/wp-content\/uploads\/2022\/04\/HOOF-BALM.jpg","type":"image\/jpeg"}],"twitter_card":"summary_large_image","twitter_site":"@TetraktisInfo","twitter_misc":{"Est. reading time":"1 minute"},"schema":{"@context":"https:\/\/schema.org","@graph":[{"@type":"WebPage","@id":"https:\/\/tetraktis.si\/en\/izdelek\/hoof-balm-500ml\/","url":"https:\/\/tetraktis.si\/en\/izdelek\/hoof-balm-500ml\/","name":"Hoof Balm - Super concentrated blend of natural oils for hoofs","isPartOf":{"@id":"https:\/\/tetraktis.si\/en\/#website"},"primaryImageOfPage":{"@id":"https:\/\/tetraktis.si\/en\/izdelek\/hoof-balm-500ml\/#primaryimage"},"image":{"@id":"https:\/\/tetraktis.si\/en\/izdelek\/hoof-balm-500ml\/#primaryimage"},"thumbnailUrl":"https:\/\/tetraktis.si\/wp-content\/uploads\/2022\/04\/HOOF-BALM.jpg","datePublished":"2022-04-27T13:52:27+00:00","dateModified":"2026-04-14T09:57:37+00:00","description":"Hoof Balm from Equine America is 100% NATURAL, ANTI-BACTERIAL & ANTI-FUNGAL. Shines, moisturises, protects & allows hoof to breathe.","breadcrumb":{"@id":"https:\/\/tetraktis.si\/en\/izdelek\/hoof-balm-500ml\/#breadcrumb"},"inLanguage":"en-US","potentialAction":[{"@type":"ReadAction","target":["https:\/\/tetraktis.si\/en\/izdelek\/hoof-balm-500ml\/"]}]},{"@type":"ImageObject","inLanguage":"en-US","@id":"https:\/\/tetraktis.si\/en\/izdelek\/hoof-balm-500ml\/#primaryimage","url":"https:\/\/tetraktis.si\/wp-content\/uploads\/2022\/04\/HOOF-BALM.jpg","contentUrl":"https:\/\/tetraktis.si\/wp-content\/uploads\/2022\/04\/HOOF-BALM.jpg","width":924,"height":924,"caption":"balzam za kopita"},{"@type":"BreadcrumbList","@id":"https:\/\/tetraktis.si\/en\/izdelek\/hoof-balm-500ml\/#breadcrumb","itemListElement":[{"@type":"ListItem","position":1,"name":"Shop","item":"https:\/\/tetraktis.si\/en\/shop-3\/"},{"@type":"ListItem","position":2,"name":"Hoof balm 500ml"}]},{"@type":"WebSite","@id":"https:\/\/tetraktis.si\/en\/#website","url":"https:\/\/tetraktis.si\/en\/","name":"Tetraktis- Equine America, Dorwest, Excel","description":"Samo najbolj\u0161e za va\u0161e \u017eivali","publisher":{"@id":"https:\/\/tetraktis.si\/en\/#organization"},"potentialAction":[{"@type":"SearchAction","target":{"@type":"EntryPoint","urlTemplate":"https:\/\/tetraktis.si\/en\/?s={search_term_string}"},"query-input":{"@type":"PropertyValueSpecification","valueRequired":true,"valueName":"search_term_string"}}],"inLanguage":"en-US"},{"@type":"Organization","@id":"https:\/\/tetraktis.si\/en\/#organization","name":"Tetraktis","url":"https:\/\/tetraktis.si\/en\/","logo":{"@type":"ImageObject","inLanguage":"en-US","@id":"https:\/\/tetraktis.si\/en\/#\/schema\/logo\/image\/","url":"https:\/\/tetraktis.si\/wp-content\/uploads\/2022\/06\/logo.webp","contentUrl":"https:\/\/tetraktis.si\/wp-content\/uploads\/2022\/06\/logo.webp","width":400,"height":211,"caption":"Tetraktis"},"image":{"@id":"https:\/\/tetraktis.si\/en\/#\/schema\/logo\/image\/"},"sameAs":["https:\/\/business.facebook.com\/equineamericashop\/?business_id=193323571192825","https:\/\/x.com\/TetraktisInfo","https:\/\/www.instagram.com\/tetraktisslovenija\/","https:\/\/www.youtube.com\/channel\/UCk_PdKMdtpZ4pf0RRFL1vYA"]}]}},"_links":{"self":[{"href":"https:\/\/tetraktis.si\/en\/wp-json\/wp\/v2\/product\/32388","targetHints":{"allow":["GET"]}}],"collection":[{"href":"https:\/\/tetraktis.si\/en\/wp-json\/wp\/v2\/product"}],"about":[{"href":"https:\/\/tetraktis.si\/en\/wp-json\/wp\/v2\/types\/product"}],"replies":[{"embeddable":true,"href":"https:\/\/tetraktis.si\/en\/wp-json\/wp\/v2\/comments?post=32388"}],"version-history":[{"count":1,"href":"https:\/\/tetraktis.si\/en\/wp-json\/wp\/v2\/product\/32388\/revisions"}],"predecessor-version":[{"id":37070,"href":"https:\/\/tetraktis.si\/en\/wp-json\/wp\/v2\/product\/32388\/revisions\/37070"}],"wp:featuredmedia":[{"embeddable":true,"href":"https:\/\/tetraktis.si\/en\/wp-json\/wp\/v2\/media\/24100"}],"wp:attachment":[{"href":"https:\/\/tetraktis.si\/en\/wp-json\/wp\/v2\/media?parent=32388"}],"wp:term":[{"taxonomy":"product_brand","embeddable":true,"href":"https:\/\/tetraktis.si\/en\/wp-json\/wp\/v2\/product_brand?post=32388"},{"taxonomy":"product_cat","embeddable":true,"href":"https:\/\/tetraktis.si\/en\/wp-json\/wp\/v2\/product_cat?post=32388"},{"taxonomy":"product_tag","embeddable":true,"href":"https:\/\/tetraktis.si\/en\/wp-json\/wp\/v2\/product_tag?post=32388"}],"curies":[{"name":"wp","href":"https:\/\/api.w.org\/{rel}","templated":true}]}}