{"id":32382,"date":"2022-04-27T15:51:59","date_gmt":"2022-04-27T13:51:59","guid":{"rendered":"https:\/\/cortaflex.si\/izdelek\/uls-gard-solution\/"},"modified":"2026-02-03T15:38:42","modified_gmt":"2026-02-03T14:38:42","slug":"uls-gard-solution","status":"publish","type":"product","link":"https:\/\/tetraktis.si\/en\/izdelek\/uls-gard-solution\/","title":{"rendered":"Uls Gard Solution"},"content":{"rendered":"<h1><strong>Uls Gard Solution for horses and ponies to support gastric health and as an aid for foals with loose bowel movements<\/strong><\/h1>\n<p><strong>Uls Gard Solution is a <\/strong>calcium-based supplement containing neutralizing alkaline agents. Also it is:<\/p>\n<ul>\n<li>Powerful and effective liquid formulation to help maintain gastric health and comfort.<\/li>\n<li>Contains key ingredients to help\u00a0support gastric health, including\u00a0pectins, lecithin, aloe vera, marshmallow root, glycine, liquorice.<\/li>\n<li>Provides nutritional support to help maintain a healthy gastric pH, including\u00a0calcium and magnesium carbonates.<\/li>\n<li>Contains natural prebiotics from chicory.<\/li>\n<li>BETA NOPS and UFAS accredited, ensuring our products do not contain prohibited substances and are suitable for horses competing under FEI regulations and the Rules of Racing.<\/li>\n<\/ul>\n<h2>A calcium-based supplement containing neutralizing alkaline agents.<\/h2>\n<p>Horses are designed to trickle feed \u2013 grazing for up to 16 hours a day. This means that they need to constantly secrete acid to help digest this almost continual source of food entering their stomach. A grazing horse will also produce up to 9 gallons of saliva a day which as well as lubricating the food, also acts to buffer or neutralize the acid.<\/p>\n<p>Gently soothing and coat the stomach lining, Uls Gard Solution it ideal for horses under stress, on high grain diets or that have a sensitive stomach.<\/p>\n<h3>Tell-Tale Signs of Ulceration:<\/h3>\n<ul>\n<li>\n<div>Dull coat<\/div>\n<\/li>\n<li>\n<div>Irritable<\/div>\n<\/li>\n<li>\n<div>Loss of weight and condition<\/div>\n<\/li>\n<li>\n<div>Yawning or gulping excessively<\/div>\n<\/li>\n<li>\n<div>Pain when &#8216;girthing up&#8217;<\/div>\n<\/li>\n<li>\n<div>Windsucking<\/div>\n<\/li>\n<li>\n<div>Loose droppings<\/div>\n<\/li>\n<\/ul>\n<h2><strong>How does Uls Gard Solution work?<\/strong><\/h2>\n<p>Uls-Gard works in four ways:<\/p>\n<ul>\n<li>\n<div>By neutralizing acid in the stomach with effective anti-acids<\/div>\n<\/li>\n<li>\n<div>Soothing and coating the stomach lining<\/div>\n<\/li>\n<li>\n<div>Healing any underlying ulcers<\/div>\n<\/li>\n<li>\n<div>Firming stools<\/div>\n<\/li>\n<\/ul>\n<p>Uls Gard Solution all the benefits of the pellets in an affordable way that is ideal for use as a maintenance product and this can also be fed orally to foals with loose stools.<\/p>\n<p>Available \u00a01 Ltr ( 33 days supply maintenance) and 5 Ltr\u00a0 (166 servings).<\/p>\n<h3><strong>Equine America Uls-Gard Solution have been formulated using carefully selected ingredients to help maintain gastric health and comfort including:<\/strong><\/h3>\n<ul>\n<li><strong>Calcium carbonate and magnesium carbonate<\/strong>\u00a0help to neutralize the acid.<\/li>\n<li><strong>Pectins, Marshmallow root and Liquorice\u00a0<\/strong>\u2013 to help produce mucilage which acts as a physical protective barrier for the unprotected upper portion of the stomach<\/li>\n<li><strong>Aloe Vera and Glycine<\/strong>\u00a0\u2013 to help support the gastric mucosa (lining of the stomach).<\/li>\n<li><strong>Prebiotics<\/strong>\u00a0\u00a0from chicory, to help support a healthy gastric microbiome.<\/li>\n<\/ul>\n<h3>Additional Management factors to help support digestive health and comfort:<\/h3>\n<ul>\n<li>Turnout to grass where practical and possible, ideally with a placid companion, even if only for short periods.<\/li>\n<li>Ensure ad lib forage where practical. For good doers, where calories are restricted, offer very frequent, but controlled amounts of forage, with the largest allocation overnight. Select clean, but low calorie forage to enable larger amounts to be offered.<\/li>\n<li>Offer forage in different locations in the stable to encourage natural foraging behaviour.<\/li>\n<li>Try to reduce social stressors such as bullying stable mates, or proximity to the feed store.<\/li>\n<li>Feed a good double handful (or 1 round scoop) of alfalfa chaff before exercise or competition warm-up to provide a protective barrier in the stomach &#8211; even if forage is available in the stable or lorry.<\/li>\n<li>Consider replacing some starch-based calories with <a href=\"https:\/\/www.tetraktis.si\/en\/product\/omega-oil-for-horses\/\">Ultimate Omega Oil<\/a> in the diet .<\/li>\n<\/ul>\n<h2><strong>Benefits of Uls-Gard Solution<\/strong><\/h2>\n<ul>\n<li>Natural\u00a0 support for gut health and comfort (<strong>Calcium, magnesium, lecithin, pectin, glycine<\/strong>)<\/li>\n<li><strong>Beta Glucans<\/strong>\u00a0from high nucleotide yeasts to support a healthy gastric mucosa<\/li>\n<li><strong>Alfalfa\u00a0<\/strong>and<strong>\u00a0soya hulls base<\/strong>\u00a0to provide a protective fibrous mat<\/li>\n<li><strong>Palatable\u00a0<\/strong>and easy to mix for fussy feeders.<\/li>\n<li>Suitable for foals at a reduced serving rate<\/li>\n<\/ul>\n<h3>ULS-GARD\u2122 SOLUTION<\/h3>\n<p>A complementary feed for horses designed to support gastric health as part of a balanced diet. Net volume 1 Ltr.<br \/>\n<strong>Feeding Directions<\/strong>: For horses and ponies: 30ml twice per day for 21 days, thereafter 30ml per day. Maximum 60ml per day.<br \/>\nFor foals: 10ml twice per day for 7 days, thereafter 10ml per day. Maximum 20ml per day.<br \/>\n<strong>Additives (per litre)<\/strong>: Sensory additives: 1c322i Lecithin Liquid 41,700mg, 2b17034 Glycine 13,800mg, 2b Althaea Officinalis, (Marshmallow) Extract 25,000mg.<br \/>\n<strong>Composition<\/strong>: Calcium Carbonate, Aloe Vera, Chicory, Magnesium Carbonate, Kaolin, Liquorice Root, Apple Fibre Pectin.<br \/>\n<strong>Analytical Constituents<\/strong>: Crude Protein &lt;1.0%, Crude Oil &lt;1.0%, Sodium &lt;1.0%, Crude Fibre &lt;1.0%<br \/>\nCrude Ash 10.5%, Moisture 78.5%<\/p>\n<p><span style=\"color: #800080;\">LABEL INFORMATION<\/span><\/p>\n<p><span style=\"color: #800080;\"><a style=\"color: #800080;\" href=\"https:\/\/www.tetraktis.si\/wp-content\/uploads\/2019\/09\/Uls-gard-sirup-1-ltr.pdf\">Uls-Gard 1tr<\/a><\/span><\/p>\n<p><span style=\"color: #800080;\"><a style=\"color: #800080;\" href=\"https:\/\/www.tetraktis.si\/wp-content\/uploads\/2019\/09\/Uls-gard-solution.pdf\">Uls- Gard Solution 5 ltr<\/a><\/span><\/p>\n","protected":false},"excerpt":{"rendered":"<p>The lifestyle of a domestic horse, whether used for leisure or competition, creates the conditions which very frequently lead to poor gastric health, including damage to the stomach lining. To support the gastric health of all types of horses and ponies, Uls-Gard has been developed as an inexpensive supplement which can be fed continually to achieve healthy performance in the stomach by coating &amp; soothing the stomach lining.<\/p>\n","protected":false},"featured_media":24081,"comment_status":"open","ping_status":"closed","template":"","meta":[],"product_brand":[322],"product_cat":[3317,3326],"product_tag":[],"class_list":{"0":"post-32382","1":"product","2":"type-product","3":"status-publish","4":"has-post-thumbnail","6":"product_brand-equine-america","7":"product_cat-digestive","8":"product_cat-products-onsale-horses","11":"first","12":"instock","13":"taxable","14":"shipping-taxable","15":"purchasable","16":"product-type-variable","17":"has-default-attributes"},"yoast_head":"<!-- This site is optimized with the Yoast SEO Premium plugin v20.10 (Yoast SEO v27.3) - https:\/\/yoast.com\/product\/yoast-seo-premium-wordpress\/ -->\n<title>Uls Gard Solution - Tetraktis- Equine America, Dorwest, Excel<\/title>\n<meta name=\"description\" content=\"Uls Gard Solution is powerful and effective liquid formulation (pectin, lecithin, aloe vera etc) to help maintain gastric health and comfort.\" \/>\n<meta name=\"robots\" content=\"index, follow, max-snippet:-1, max-image-preview:large, max-video-preview:-1\" \/>\n<link rel=\"canonical\" href=\"https:\/\/tetraktis.si\/en\/izdelek\/uls-gard-solution\/\" \/>\n<meta property=\"og:locale\" content=\"en_US\" \/>\n<meta property=\"og:type\" content=\"article\" \/>\n<meta property=\"og:title\" content=\"Uls Gard Solution - Tetraktis- Equine America, Dorwest, Excel\" \/>\n<meta property=\"og:description\" content=\"Uls Gard Solution is powerful and effective liquid formulation (pectin, lecithin, aloe vera etc) to help maintain gastric health and comfort.\" \/>\n<meta property=\"og:url\" content=\"https:\/\/tetraktis.si\/en\/izdelek\/uls-gard-solution\/\" \/>\n<meta property=\"og:site_name\" content=\"Tetraktis- Equine America, Dorwest, Excel\" \/>\n<meta property=\"article:publisher\" content=\"https:\/\/business.facebook.com\/equineamericashop\/?business_id=193323571192825\" \/>\n<meta property=\"article:modified_time\" content=\"2026-02-03T14:38:42+00:00\" \/>\n<meta property=\"og:image\" content=\"https:\/\/tetraktis.si\/wp-content\/uploads\/2022\/04\/Uls-gard-5-ltr.jpg\" \/>\n\t<meta property=\"og:image:width\" content=\"924\" \/>\n\t<meta property=\"og:image:height\" content=\"924\" \/>\n\t<meta property=\"og:image:type\" content=\"image\/jpeg\" \/>\n<meta name=\"twitter:card\" content=\"summary_large_image\" \/>\n<meta name=\"twitter:site\" content=\"@TetraktisInfo\" \/>\n<meta name=\"twitter:label1\" content=\"Est. reading time\" \/>\n\t<meta name=\"twitter:data1\" content=\"4 minutes\" \/>\n<script type=\"application\/ld+json\" class=\"yoast-schema-graph\">{\"@context\":\"https:\\\/\\\/schema.org\",\"@graph\":[{\"@type\":\"WebPage\",\"@id\":\"https:\\\/\\\/tetraktis.si\\\/en\\\/izdelek\\\/uls-gard-solution\\\/\",\"url\":\"https:\\\/\\\/tetraktis.si\\\/en\\\/izdelek\\\/uls-gard-solution\\\/\",\"name\":\"Uls Gard Solution - Tetraktis- Equine America, Dorwest, Excel\",\"isPartOf\":{\"@id\":\"https:\\\/\\\/tetraktis.si\\\/en\\\/#website\"},\"primaryImageOfPage\":{\"@id\":\"https:\\\/\\\/tetraktis.si\\\/en\\\/izdelek\\\/uls-gard-solution\\\/#primaryimage\"},\"image\":{\"@id\":\"https:\\\/\\\/tetraktis.si\\\/en\\\/izdelek\\\/uls-gard-solution\\\/#primaryimage\"},\"thumbnailUrl\":\"https:\\\/\\\/tetraktis.si\\\/wp-content\\\/uploads\\\/2022\\\/04\\\/Uls-gard-5-ltr.jpg\",\"datePublished\":\"2022-04-27T13:51:59+00:00\",\"dateModified\":\"2026-02-03T14:38:42+00:00\",\"description\":\"Uls Gard Solution is powerful and effective liquid formulation (pectin, lecithin, aloe vera etc) to help maintain gastric health and comfort.\",\"breadcrumb\":{\"@id\":\"https:\\\/\\\/tetraktis.si\\\/en\\\/izdelek\\\/uls-gard-solution\\\/#breadcrumb\"},\"inLanguage\":\"en-US\",\"potentialAction\":[{\"@type\":\"ReadAction\",\"target\":[\"https:\\\/\\\/tetraktis.si\\\/en\\\/izdelek\\\/uls-gard-solution\\\/\"]}]},{\"@type\":\"ImageObject\",\"inLanguage\":\"en-US\",\"@id\":\"https:\\\/\\\/tetraktis.si\\\/en\\\/izdelek\\\/uls-gard-solution\\\/#primaryimage\",\"url\":\"https:\\\/\\\/tetraktis.si\\\/wp-content\\\/uploads\\\/2022\\\/04\\\/Uls-gard-5-ltr.jpg\",\"contentUrl\":\"https:\\\/\\\/tetraktis.si\\\/wp-content\\\/uploads\\\/2022\\\/04\\\/Uls-gard-5-ltr.jpg\",\"width\":924,\"height\":924,\"caption\":\"Uls gard sirup za konje\"},{\"@type\":\"BreadcrumbList\",\"@id\":\"https:\\\/\\\/tetraktis.si\\\/en\\\/izdelek\\\/uls-gard-solution\\\/#breadcrumb\",\"itemListElement\":[{\"@type\":\"ListItem\",\"position\":1,\"name\":\"Shop\",\"item\":\"https:\\\/\\\/tetraktis.si\\\/en\\\/shop-3\\\/\"},{\"@type\":\"ListItem\",\"position\":2,\"name\":\"Uls Gard Solution\"}]},{\"@type\":\"WebSite\",\"@id\":\"https:\\\/\\\/tetraktis.si\\\/en\\\/#website\",\"url\":\"https:\\\/\\\/tetraktis.si\\\/en\\\/\",\"name\":\"Tetraktis- Equine America, Dorwest, Excel\",\"description\":\"Samo najbolj\u0161e za va\u0161e \u017eivali\",\"publisher\":{\"@id\":\"https:\\\/\\\/tetraktis.si\\\/en\\\/#organization\"},\"potentialAction\":[{\"@type\":\"SearchAction\",\"target\":{\"@type\":\"EntryPoint\",\"urlTemplate\":\"https:\\\/\\\/tetraktis.si\\\/en\\\/?s={search_term_string}\"},\"query-input\":{\"@type\":\"PropertyValueSpecification\",\"valueRequired\":true,\"valueName\":\"search_term_string\"}}],\"inLanguage\":\"en-US\"},{\"@type\":\"Organization\",\"@id\":\"https:\\\/\\\/tetraktis.si\\\/en\\\/#organization\",\"name\":\"Tetraktis\",\"url\":\"https:\\\/\\\/tetraktis.si\\\/en\\\/\",\"logo\":{\"@type\":\"ImageObject\",\"inLanguage\":\"en-US\",\"@id\":\"https:\\\/\\\/tetraktis.si\\\/en\\\/#\\\/schema\\\/logo\\\/image\\\/\",\"url\":\"https:\\\/\\\/tetraktis.si\\\/wp-content\\\/uploads\\\/2022\\\/06\\\/logo.webp\",\"contentUrl\":\"https:\\\/\\\/tetraktis.si\\\/wp-content\\\/uploads\\\/2022\\\/06\\\/logo.webp\",\"width\":400,\"height\":211,\"caption\":\"Tetraktis\"},\"image\":{\"@id\":\"https:\\\/\\\/tetraktis.si\\\/en\\\/#\\\/schema\\\/logo\\\/image\\\/\"},\"sameAs\":[\"https:\\\/\\\/business.facebook.com\\\/equineamericashop\\\/?business_id=193323571192825\",\"https:\\\/\\\/x.com\\\/TetraktisInfo\",\"https:\\\/\\\/www.instagram.com\\\/tetraktisslovenija\\\/\",\"https:\\\/\\\/www.youtube.com\\\/channel\\\/UCk_PdKMdtpZ4pf0RRFL1vYA\"]}]}<\/script>\n<!-- \/ Yoast SEO Premium plugin. -->","yoast_head_json":{"title":"Uls Gard Solution - Tetraktis- Equine America, Dorwest, Excel","description":"Uls Gard Solution is powerful and effective liquid formulation (pectin, lecithin, aloe vera etc) to help maintain gastric health and comfort.","robots":{"index":"index","follow":"follow","max-snippet":"max-snippet:-1","max-image-preview":"max-image-preview:large","max-video-preview":"max-video-preview:-1"},"canonical":"https:\/\/tetraktis.si\/en\/izdelek\/uls-gard-solution\/","og_locale":"en_US","og_type":"article","og_title":"Uls Gard Solution - Tetraktis- Equine America, Dorwest, Excel","og_description":"Uls Gard Solution is powerful and effective liquid formulation (pectin, lecithin, aloe vera etc) to help maintain gastric health and comfort.","og_url":"https:\/\/tetraktis.si\/en\/izdelek\/uls-gard-solution\/","og_site_name":"Tetraktis- Equine America, Dorwest, Excel","article_publisher":"https:\/\/business.facebook.com\/equineamericashop\/?business_id=193323571192825","article_modified_time":"2026-02-03T14:38:42+00:00","og_image":[{"width":924,"height":924,"url":"https:\/\/tetraktis.si\/wp-content\/uploads\/2022\/04\/Uls-gard-5-ltr.jpg","type":"image\/jpeg"}],"twitter_card":"summary_large_image","twitter_site":"@TetraktisInfo","twitter_misc":{"Est. reading time":"4 minutes"},"schema":{"@context":"https:\/\/schema.org","@graph":[{"@type":"WebPage","@id":"https:\/\/tetraktis.si\/en\/izdelek\/uls-gard-solution\/","url":"https:\/\/tetraktis.si\/en\/izdelek\/uls-gard-solution\/","name":"Uls Gard Solution - Tetraktis- Equine America, Dorwest, Excel","isPartOf":{"@id":"https:\/\/tetraktis.si\/en\/#website"},"primaryImageOfPage":{"@id":"https:\/\/tetraktis.si\/en\/izdelek\/uls-gard-solution\/#primaryimage"},"image":{"@id":"https:\/\/tetraktis.si\/en\/izdelek\/uls-gard-solution\/#primaryimage"},"thumbnailUrl":"https:\/\/tetraktis.si\/wp-content\/uploads\/2022\/04\/Uls-gard-5-ltr.jpg","datePublished":"2022-04-27T13:51:59+00:00","dateModified":"2026-02-03T14:38:42+00:00","description":"Uls Gard Solution is powerful and effective liquid formulation (pectin, lecithin, aloe vera etc) to help maintain gastric health and comfort.","breadcrumb":{"@id":"https:\/\/tetraktis.si\/en\/izdelek\/uls-gard-solution\/#breadcrumb"},"inLanguage":"en-US","potentialAction":[{"@type":"ReadAction","target":["https:\/\/tetraktis.si\/en\/izdelek\/uls-gard-solution\/"]}]},{"@type":"ImageObject","inLanguage":"en-US","@id":"https:\/\/tetraktis.si\/en\/izdelek\/uls-gard-solution\/#primaryimage","url":"https:\/\/tetraktis.si\/wp-content\/uploads\/2022\/04\/Uls-gard-5-ltr.jpg","contentUrl":"https:\/\/tetraktis.si\/wp-content\/uploads\/2022\/04\/Uls-gard-5-ltr.jpg","width":924,"height":924,"caption":"Uls gard sirup za konje"},{"@type":"BreadcrumbList","@id":"https:\/\/tetraktis.si\/en\/izdelek\/uls-gard-solution\/#breadcrumb","itemListElement":[{"@type":"ListItem","position":1,"name":"Shop","item":"https:\/\/tetraktis.si\/en\/shop-3\/"},{"@type":"ListItem","position":2,"name":"Uls Gard Solution"}]},{"@type":"WebSite","@id":"https:\/\/tetraktis.si\/en\/#website","url":"https:\/\/tetraktis.si\/en\/","name":"Tetraktis- Equine America, Dorwest, Excel","description":"Samo najbolj\u0161e za va\u0161e \u017eivali","publisher":{"@id":"https:\/\/tetraktis.si\/en\/#organization"},"potentialAction":[{"@type":"SearchAction","target":{"@type":"EntryPoint","urlTemplate":"https:\/\/tetraktis.si\/en\/?s={search_term_string}"},"query-input":{"@type":"PropertyValueSpecification","valueRequired":true,"valueName":"search_term_string"}}],"inLanguage":"en-US"},{"@type":"Organization","@id":"https:\/\/tetraktis.si\/en\/#organization","name":"Tetraktis","url":"https:\/\/tetraktis.si\/en\/","logo":{"@type":"ImageObject","inLanguage":"en-US","@id":"https:\/\/tetraktis.si\/en\/#\/schema\/logo\/image\/","url":"https:\/\/tetraktis.si\/wp-content\/uploads\/2022\/06\/logo.webp","contentUrl":"https:\/\/tetraktis.si\/wp-content\/uploads\/2022\/06\/logo.webp","width":400,"height":211,"caption":"Tetraktis"},"image":{"@id":"https:\/\/tetraktis.si\/en\/#\/schema\/logo\/image\/"},"sameAs":["https:\/\/business.facebook.com\/equineamericashop\/?business_id=193323571192825","https:\/\/x.com\/TetraktisInfo","https:\/\/www.instagram.com\/tetraktisslovenija\/","https:\/\/www.youtube.com\/channel\/UCk_PdKMdtpZ4pf0RRFL1vYA"]}]}},"_links":{"self":[{"href":"https:\/\/tetraktis.si\/en\/wp-json\/wp\/v2\/product\/32382","targetHints":{"allow":["GET"]}}],"collection":[{"href":"https:\/\/tetraktis.si\/en\/wp-json\/wp\/v2\/product"}],"about":[{"href":"https:\/\/tetraktis.si\/en\/wp-json\/wp\/v2\/types\/product"}],"replies":[{"embeddable":true,"href":"https:\/\/tetraktis.si\/en\/wp-json\/wp\/v2\/comments?post=32382"}],"version-history":[{"count":1,"href":"https:\/\/tetraktis.si\/en\/wp-json\/wp\/v2\/product\/32382\/revisions"}],"predecessor-version":[{"id":37066,"href":"https:\/\/tetraktis.si\/en\/wp-json\/wp\/v2\/product\/32382\/revisions\/37066"}],"wp:featuredmedia":[{"embeddable":true,"href":"https:\/\/tetraktis.si\/en\/wp-json\/wp\/v2\/media\/24081"}],"wp:attachment":[{"href":"https:\/\/tetraktis.si\/en\/wp-json\/wp\/v2\/media?parent=32382"}],"wp:term":[{"taxonomy":"product_brand","embeddable":true,"href":"https:\/\/tetraktis.si\/en\/wp-json\/wp\/v2\/product_brand?post=32382"},{"taxonomy":"product_cat","embeddable":true,"href":"https:\/\/tetraktis.si\/en\/wp-json\/wp\/v2\/product_cat?post=32382"},{"taxonomy":"product_tag","embeddable":true,"href":"https:\/\/tetraktis.si\/en\/wp-json\/wp\/v2\/product_tag?post=32382"}],"curies":[{"name":"wp","href":"https:\/\/api.w.org\/{rel}","templated":true}]}}