{"id":32378,"date":"2022-04-27T15:51:59","date_gmt":"2022-04-27T13:51:59","guid":{"rendered":"https:\/\/cortaflex.si\/izdelek\/msm-methyl-sulphonyl-methane\/"},"modified":"2025-08-01T08:14:52","modified_gmt":"2025-08-01T06:14:52","slug":"msm-methyl-sulphonyl-methane","status":"publish","type":"product","link":"https:\/\/tetraktis.si\/en\/izdelek\/msm-methyl-sulphonyl-methane\/","title":{"rendered":"MSM (methyl sulphonyl methane)"},"content":{"rendered":"<h1>MSM powder &#8211;\u00a0 for the nutritional support of healthy joints, skih and hooves<\/h1>\n<p>MSM (Methylsulphonylmethane) is a high quality, bioavailable form of organic sulphur, which is found naturally in fresh forage, but is largely lost by processing feed and the drying process of preserved forage (hay and haylage). This means that many stabled competition horses and ponies may not receive enough of this essential nutrient.<\/p>\n<p>Sulphur plays many important roles in the horse\u2019s body.\u00a0 It is a vital component of some amino acids and certain vitamins, and crucially, sulphur also plays a very important role in the production of collagen \u2013 a key component of connective tissue (ligaments and tendons) and cartilage \u2013 the \u201cshock absorbing\u201d layer in joints. All these specialised tissues are made from proteins, bonded by flexible sulphur compounds, which gives these important structures their vital elasticity.<\/p>\n<p>Equine America MSM Powder is produced from the highest quality MSM, from NOPS and UFAS accredited suppliers and is available in 500g and 1 kg pots.<\/p>\n<p><strong>MSM<\/strong>&#8211;<strong>sulphur<\/strong> is believed to have many benefits to the body as it has the ability to pass through <strong>cellular tissue<\/strong> with ease.<\/p>\n<p align=\"left\"><span style=\"font-family: GillSans; font-size: medium;\">\u2022 To provide additional <strong>Sulphur<\/strong> to the diet <\/span>to encourage assimilation of other\u00a0nutrients.<\/p>\n<p align=\"left\">\u2022 <strong>MSM<\/strong> may also be beneficial for\u00a0soft <strong>tissue<\/strong> injuries to aid in reducing\u00a0swellings.<\/p>\n<p align=\"left\"><strong>Feeding directions<\/strong>: A 500g tub should last an average horse 50 days when fed as part of a balanced diet. Generally, for a 500kg horse; for an initial ten days: 20g per day; after that, 7-10g per day. 10g (approx.) measure enclosed. Do not exceed 20g per day unless under professional advice.<\/p>\n<p align=\"left\"><strong>Additives (per kg)<\/strong>: Technological additives: Monosilicic acid E551a 2500mg; <strong>Composition<\/strong>: Methylsulphonylmethane (MSM); <strong>Analytical Constituents<\/strong>: Crude Ash 0.6%, Sulphur 34.0%.<\/p>\n<p>Other useful products which may be used alongside MSM:<\/p>\n<p><a href=\"https:\/\/www.tetraktis.si\/en\/product\/equine-america-turmeric-3-kg\/\"><strong>Turmeric<\/strong><\/a>\u00a0\u2013 high quality curcumin with black pepper and Linseed oil already added.<\/p>\n<p><a href=\"https:\/\/www.tetraktis.si\/en\/product\/buteless-high-strength\/\"><strong>Buteless High Strength<\/strong><\/a>\u00a0\u2013 a potent combination of Boswellia and Yucca to help maintain joint comfort in both competition and older horses and ponies.<a name=\"_GoBack\"><\/a><\/p>\n<p><strong><a href=\"https:\/\/www.tetraktis.si\/en\/product\/cortaflex-ha-regular-solution\/\">Cortaflex HA Regular<\/a>\u00a0<\/strong>\u2013 providing key nutrients to maintain joint health in horses in light\/medium work, available in powder and liquid forms.<\/p>\n<p><a href=\"https:\/\/www.tetraktis.si\/en\/product\/cortaflex-ha-super-fenn-super-strength-2\/\"><strong>Cortaflex HA Super Fenn<\/strong><\/a>\u00a0\u2013 high strength joint supplement for hard working and competition horses and ponies, providing collagen, Hyaluronic Acid and Boswellia, available in powder and liquid form.<\/p>\n<p><strong><a href=\"https:\/\/www.tetraktis.si\/en\/product\/glucosamine-10000-plus-msm-turmeric-ha\/\">Glucosamine 12000<\/a>\u00a0&#8211;\u00a0<\/strong>12g Glucosamine per dose, plus other key nutrients for joint health.<\/p>\n<p><a href=\"https:\/\/www.tetraktis.si\/en\/product\/kentucky-liquid-joint-supplement\/\"><strong>Kentucky<\/strong>\u00a0<\/a>&#8211; Liquid joint supplement with glucosamine, and other key nutrients for joint health.<\/p>\n<p>Now available 500g<\/p>\n<p align=\"left\"><a href=\"https:\/\/www.tetraktis.si\/wp-content\/uploads\/2019\/11\/MSM-POWDER.pdf\"><span style=\"color: #800080;\">label<\/span><\/a><\/p>\n<p>&nbsp;<\/p>\n","protected":false},"excerpt":{"rendered":"<p><strong>MSM<\/strong> (methyl sulphonyl methane) is a high quality, bio-available form of <strong>organic Sulphur<\/strong>, which is an essential component of connective <strong>tissue<\/strong>, <strong>cartilage<\/strong>, skin, and hooves.<\/p>\n<p>&nbsp;<\/p>\n","protected":false},"featured_media":24042,"comment_status":"open","ping_status":"closed","template":"","meta":[],"product_brand":[],"product_cat":[3326,3314,3320,3315],"product_tag":[],"class_list":{"0":"post-32378","1":"product","2":"type-product","3":"status-publish","4":"has-post-thumbnail","6":"product_cat-products-onsale-horses","7":"product_cat-mobility-joints","8":"product_cat-first-aid","9":"product_cat-wellbeing","12":"first","13":"instock","14":"taxable","15":"shipping-taxable","16":"purchasable","17":"product-type-simple"},"yoast_head":"<!-- This site is optimized with the Yoast SEO Premium plugin v20.10 (Yoast SEO v27.3) - https:\/\/yoast.com\/product\/yoast-seo-premium-wordpress\/ -->\n<title>MSM (methyl sulphonyl methane) - for healthy joints, skin and hooves<\/title>\n<meta name=\"description\" content=\"MSM is bio-available form of organic Sulphur, which is an essential component of connective tissue, cartilage, skin, and hooves.\" \/>\n<meta name=\"robots\" content=\"index, follow, max-snippet:-1, max-image-preview:large, max-video-preview:-1\" \/>\n<link rel=\"canonical\" href=\"https:\/\/tetraktis.si\/en\/izdelek\/msm-methyl-sulphonyl-methane\/\" \/>\n<meta property=\"og:locale\" content=\"en_US\" \/>\n<meta property=\"og:type\" content=\"article\" \/>\n<meta property=\"og:title\" content=\"MSM (methyl sulphonyl methane) - for healthy joints, skin and hooves\" \/>\n<meta property=\"og:description\" content=\"MSM is bio-available form of organic Sulphur, which is an essential component of connective tissue, cartilage, skin, and hooves.\" \/>\n<meta property=\"og:url\" content=\"https:\/\/tetraktis.si\/en\/izdelek\/msm-methyl-sulphonyl-methane\/\" \/>\n<meta property=\"og:site_name\" content=\"Tetraktis- Equine America, Dorwest, Excel\" \/>\n<meta property=\"article:publisher\" content=\"https:\/\/business.facebook.com\/equineamericashop\/?business_id=193323571192825\" \/>\n<meta property=\"article:modified_time\" content=\"2025-08-01T06:14:52+00:00\" \/>\n<meta property=\"og:image\" content=\"https:\/\/tetraktis.si\/wp-content\/uploads\/2022\/04\/MSM-POWDER.jpg\" \/>\n\t<meta property=\"og:image:width\" content=\"924\" \/>\n\t<meta property=\"og:image:height\" content=\"924\" \/>\n\t<meta property=\"og:image:type\" content=\"image\/jpeg\" \/>\n<meta name=\"twitter:card\" content=\"summary_large_image\" \/>\n<meta name=\"twitter:site\" content=\"@TetraktisInfo\" \/>\n<meta name=\"twitter:label1\" content=\"Est. reading time\" \/>\n\t<meta name=\"twitter:data1\" content=\"2 minutes\" \/>\n<script type=\"application\/ld+json\" class=\"yoast-schema-graph\">{\"@context\":\"https:\\\/\\\/schema.org\",\"@graph\":[{\"@type\":\"WebPage\",\"@id\":\"https:\\\/\\\/tetraktis.si\\\/en\\\/izdelek\\\/msm-methyl-sulphonyl-methane\\\/\",\"url\":\"https:\\\/\\\/tetraktis.si\\\/en\\\/izdelek\\\/msm-methyl-sulphonyl-methane\\\/\",\"name\":\"MSM (methyl sulphonyl methane) - for healthy joints, skin and hooves\",\"isPartOf\":{\"@id\":\"https:\\\/\\\/tetraktis.si\\\/en\\\/#website\"},\"primaryImageOfPage\":{\"@id\":\"https:\\\/\\\/tetraktis.si\\\/en\\\/izdelek\\\/msm-methyl-sulphonyl-methane\\\/#primaryimage\"},\"image\":{\"@id\":\"https:\\\/\\\/tetraktis.si\\\/en\\\/izdelek\\\/msm-methyl-sulphonyl-methane\\\/#primaryimage\"},\"thumbnailUrl\":\"https:\\\/\\\/tetraktis.si\\\/wp-content\\\/uploads\\\/2022\\\/04\\\/MSM-POWDER.jpg\",\"datePublished\":\"2022-04-27T13:51:59+00:00\",\"dateModified\":\"2025-08-01T06:14:52+00:00\",\"description\":\"MSM is bio-available form of organic Sulphur, which is an essential component of connective tissue, cartilage, skin, and hooves.\",\"breadcrumb\":{\"@id\":\"https:\\\/\\\/tetraktis.si\\\/en\\\/izdelek\\\/msm-methyl-sulphonyl-methane\\\/#breadcrumb\"},\"inLanguage\":\"en-US\",\"potentialAction\":[{\"@type\":\"ReadAction\",\"target\":[\"https:\\\/\\\/tetraktis.si\\\/en\\\/izdelek\\\/msm-methyl-sulphonyl-methane\\\/\"]}]},{\"@type\":\"ImageObject\",\"inLanguage\":\"en-US\",\"@id\":\"https:\\\/\\\/tetraktis.si\\\/en\\\/izdelek\\\/msm-methyl-sulphonyl-methane\\\/#primaryimage\",\"url\":\"https:\\\/\\\/tetraktis.si\\\/wp-content\\\/uploads\\\/2022\\\/04\\\/MSM-POWDER.jpg\",\"contentUrl\":\"https:\\\/\\\/tetraktis.si\\\/wp-content\\\/uploads\\\/2022\\\/04\\\/MSM-POWDER.jpg\",\"width\":924,\"height\":924,\"caption\":\"MSM za konje\"},{\"@type\":\"BreadcrumbList\",\"@id\":\"https:\\\/\\\/tetraktis.si\\\/en\\\/izdelek\\\/msm-methyl-sulphonyl-methane\\\/#breadcrumb\",\"itemListElement\":[{\"@type\":\"ListItem\",\"position\":1,\"name\":\"Shop\",\"item\":\"https:\\\/\\\/tetraktis.si\\\/en\\\/shop-3\\\/\"},{\"@type\":\"ListItem\",\"position\":2,\"name\":\"MSM (methyl sulphonyl methane)\"}]},{\"@type\":\"WebSite\",\"@id\":\"https:\\\/\\\/tetraktis.si\\\/en\\\/#website\",\"url\":\"https:\\\/\\\/tetraktis.si\\\/en\\\/\",\"name\":\"Tetraktis- Equine America, Dorwest, Excel\",\"description\":\"Samo najbolj\u0161e za va\u0161e \u017eivali\",\"publisher\":{\"@id\":\"https:\\\/\\\/tetraktis.si\\\/en\\\/#organization\"},\"potentialAction\":[{\"@type\":\"SearchAction\",\"target\":{\"@type\":\"EntryPoint\",\"urlTemplate\":\"https:\\\/\\\/tetraktis.si\\\/en\\\/?s={search_term_string}\"},\"query-input\":{\"@type\":\"PropertyValueSpecification\",\"valueRequired\":true,\"valueName\":\"search_term_string\"}}],\"inLanguage\":\"en-US\"},{\"@type\":\"Organization\",\"@id\":\"https:\\\/\\\/tetraktis.si\\\/en\\\/#organization\",\"name\":\"Tetraktis\",\"url\":\"https:\\\/\\\/tetraktis.si\\\/en\\\/\",\"logo\":{\"@type\":\"ImageObject\",\"inLanguage\":\"en-US\",\"@id\":\"https:\\\/\\\/tetraktis.si\\\/en\\\/#\\\/schema\\\/logo\\\/image\\\/\",\"url\":\"https:\\\/\\\/tetraktis.si\\\/wp-content\\\/uploads\\\/2022\\\/06\\\/logo.webp\",\"contentUrl\":\"https:\\\/\\\/tetraktis.si\\\/wp-content\\\/uploads\\\/2022\\\/06\\\/logo.webp\",\"width\":400,\"height\":211,\"caption\":\"Tetraktis\"},\"image\":{\"@id\":\"https:\\\/\\\/tetraktis.si\\\/en\\\/#\\\/schema\\\/logo\\\/image\\\/\"},\"sameAs\":[\"https:\\\/\\\/business.facebook.com\\\/equineamericashop\\\/?business_id=193323571192825\",\"https:\\\/\\\/x.com\\\/TetraktisInfo\",\"https:\\\/\\\/www.instagram.com\\\/tetraktisslovenija\\\/\",\"https:\\\/\\\/www.youtube.com\\\/channel\\\/UCk_PdKMdtpZ4pf0RRFL1vYA\"]}]}<\/script>\n<!-- \/ Yoast SEO Premium plugin. -->","yoast_head_json":{"title":"MSM (methyl sulphonyl methane) - for healthy joints, skin and hooves","description":"MSM is bio-available form of organic Sulphur, which is an essential component of connective tissue, cartilage, skin, and hooves.","robots":{"index":"index","follow":"follow","max-snippet":"max-snippet:-1","max-image-preview":"max-image-preview:large","max-video-preview":"max-video-preview:-1"},"canonical":"https:\/\/tetraktis.si\/en\/izdelek\/msm-methyl-sulphonyl-methane\/","og_locale":"en_US","og_type":"article","og_title":"MSM (methyl sulphonyl methane) - for healthy joints, skin and hooves","og_description":"MSM is bio-available form of organic Sulphur, which is an essential component of connective tissue, cartilage, skin, and hooves.","og_url":"https:\/\/tetraktis.si\/en\/izdelek\/msm-methyl-sulphonyl-methane\/","og_site_name":"Tetraktis- Equine America, Dorwest, Excel","article_publisher":"https:\/\/business.facebook.com\/equineamericashop\/?business_id=193323571192825","article_modified_time":"2025-08-01T06:14:52+00:00","og_image":[{"width":924,"height":924,"url":"https:\/\/tetraktis.si\/wp-content\/uploads\/2022\/04\/MSM-POWDER.jpg","type":"image\/jpeg"}],"twitter_card":"summary_large_image","twitter_site":"@TetraktisInfo","twitter_misc":{"Est. reading time":"2 minutes"},"schema":{"@context":"https:\/\/schema.org","@graph":[{"@type":"WebPage","@id":"https:\/\/tetraktis.si\/en\/izdelek\/msm-methyl-sulphonyl-methane\/","url":"https:\/\/tetraktis.si\/en\/izdelek\/msm-methyl-sulphonyl-methane\/","name":"MSM (methyl sulphonyl methane) - for healthy joints, skin and hooves","isPartOf":{"@id":"https:\/\/tetraktis.si\/en\/#website"},"primaryImageOfPage":{"@id":"https:\/\/tetraktis.si\/en\/izdelek\/msm-methyl-sulphonyl-methane\/#primaryimage"},"image":{"@id":"https:\/\/tetraktis.si\/en\/izdelek\/msm-methyl-sulphonyl-methane\/#primaryimage"},"thumbnailUrl":"https:\/\/tetraktis.si\/wp-content\/uploads\/2022\/04\/MSM-POWDER.jpg","datePublished":"2022-04-27T13:51:59+00:00","dateModified":"2025-08-01T06:14:52+00:00","description":"MSM is bio-available form of organic Sulphur, which is an essential component of connective tissue, cartilage, skin, and hooves.","breadcrumb":{"@id":"https:\/\/tetraktis.si\/en\/izdelek\/msm-methyl-sulphonyl-methane\/#breadcrumb"},"inLanguage":"en-US","potentialAction":[{"@type":"ReadAction","target":["https:\/\/tetraktis.si\/en\/izdelek\/msm-methyl-sulphonyl-methane\/"]}]},{"@type":"ImageObject","inLanguage":"en-US","@id":"https:\/\/tetraktis.si\/en\/izdelek\/msm-methyl-sulphonyl-methane\/#primaryimage","url":"https:\/\/tetraktis.si\/wp-content\/uploads\/2022\/04\/MSM-POWDER.jpg","contentUrl":"https:\/\/tetraktis.si\/wp-content\/uploads\/2022\/04\/MSM-POWDER.jpg","width":924,"height":924,"caption":"MSM za konje"},{"@type":"BreadcrumbList","@id":"https:\/\/tetraktis.si\/en\/izdelek\/msm-methyl-sulphonyl-methane\/#breadcrumb","itemListElement":[{"@type":"ListItem","position":1,"name":"Shop","item":"https:\/\/tetraktis.si\/en\/shop-3\/"},{"@type":"ListItem","position":2,"name":"MSM (methyl sulphonyl methane)"}]},{"@type":"WebSite","@id":"https:\/\/tetraktis.si\/en\/#website","url":"https:\/\/tetraktis.si\/en\/","name":"Tetraktis- Equine America, Dorwest, Excel","description":"Samo najbolj\u0161e za va\u0161e \u017eivali","publisher":{"@id":"https:\/\/tetraktis.si\/en\/#organization"},"potentialAction":[{"@type":"SearchAction","target":{"@type":"EntryPoint","urlTemplate":"https:\/\/tetraktis.si\/en\/?s={search_term_string}"},"query-input":{"@type":"PropertyValueSpecification","valueRequired":true,"valueName":"search_term_string"}}],"inLanguage":"en-US"},{"@type":"Organization","@id":"https:\/\/tetraktis.si\/en\/#organization","name":"Tetraktis","url":"https:\/\/tetraktis.si\/en\/","logo":{"@type":"ImageObject","inLanguage":"en-US","@id":"https:\/\/tetraktis.si\/en\/#\/schema\/logo\/image\/","url":"https:\/\/tetraktis.si\/wp-content\/uploads\/2022\/06\/logo.webp","contentUrl":"https:\/\/tetraktis.si\/wp-content\/uploads\/2022\/06\/logo.webp","width":400,"height":211,"caption":"Tetraktis"},"image":{"@id":"https:\/\/tetraktis.si\/en\/#\/schema\/logo\/image\/"},"sameAs":["https:\/\/business.facebook.com\/equineamericashop\/?business_id=193323571192825","https:\/\/x.com\/TetraktisInfo","https:\/\/www.instagram.com\/tetraktisslovenija\/","https:\/\/www.youtube.com\/channel\/UCk_PdKMdtpZ4pf0RRFL1vYA"]}]}},"_links":{"self":[{"href":"https:\/\/tetraktis.si\/en\/wp-json\/wp\/v2\/product\/32378","targetHints":{"allow":["GET"]}}],"collection":[{"href":"https:\/\/tetraktis.si\/en\/wp-json\/wp\/v2\/product"}],"about":[{"href":"https:\/\/tetraktis.si\/en\/wp-json\/wp\/v2\/types\/product"}],"replies":[{"embeddable":true,"href":"https:\/\/tetraktis.si\/en\/wp-json\/wp\/v2\/comments?post=32378"}],"version-history":[{"count":1,"href":"https:\/\/tetraktis.si\/en\/wp-json\/wp\/v2\/product\/32378\/revisions"}],"predecessor-version":[{"id":37062,"href":"https:\/\/tetraktis.si\/en\/wp-json\/wp\/v2\/product\/32378\/revisions\/37062"}],"wp:featuredmedia":[{"embeddable":true,"href":"https:\/\/tetraktis.si\/en\/wp-json\/wp\/v2\/media\/24042"}],"wp:attachment":[{"href":"https:\/\/tetraktis.si\/en\/wp-json\/wp\/v2\/media?parent=32378"}],"wp:term":[{"taxonomy":"product_brand","embeddable":true,"href":"https:\/\/tetraktis.si\/en\/wp-json\/wp\/v2\/product_brand?post=32378"},{"taxonomy":"product_cat","embeddable":true,"href":"https:\/\/tetraktis.si\/en\/wp-json\/wp\/v2\/product_cat?post=32378"},{"taxonomy":"product_tag","embeddable":true,"href":"https:\/\/tetraktis.si\/en\/wp-json\/wp\/v2\/product_tag?post=32378"}],"curies":[{"name":"wp","href":"https:\/\/api.w.org\/{rel}","templated":true}]}}