{"id":32376,"date":"2022-04-27T15:51:59","date_gmt":"2022-04-27T13:51:59","guid":{"rendered":"https:\/\/cortaflex.si\/izdelek\/kentucky-liquid-joint-supplement\/"},"modified":"2025-12-03T14:05:03","modified_gmt":"2025-12-03T13:05:03","slug":"kentucky-liquid-joint-supplement","status":"publish","type":"product","link":"https:\/\/tetraktis.si\/en\/izdelek\/kentucky-liquid-joint-supplement\/","title":{"rendered":"Kentucky Liquid Joint Supplement"},"content":{"rendered":"<p>SUPPORTS JOINT HEALTH<\/p>\n<p>Kentucky liquid joint supplement has been carefully formulated to include\u00a0 key building blocks glucosamine hydrochloride, collagen and hyaluronic acid, \u00a0to provide nutritional support to maintain heathy cartilage and synovial (joint) fluid, with added<a href=\"https:\/\/www.equine-america.co.uk\/msm-powder\/view\/157\"><strong>\u00a0MSM<\/strong><\/a>, Boswellia and<a href=\"https:\/\/www.equine-america.co.uk\/vitamin-c\/view\/105\"><strong>\u00a0Vitamin C<\/strong><\/a>, all known to support joint health and mobility.<\/p>\n<p>Joint disease, especially \u201cwear and tear\u201d of the cartilage on the articular surfaces of joints is one of the most common reasons for lameness in horses and ponies, and can affect those in lighter work or older horses, as well as those with a strenuous training and competition programme.<\/p>\n<p>In a healthy joint, cartilage is continuously undergoing repair to micro-damage, but as cartilage doesn\u2019t have its own blood supply, it relies upon the bone underneath and the synovial fluid bathing the joint to supply nutrients and key compounds to complete these repairs. As the horse ages, or the daily impact of training and competition increases, the ability of the synovial fluid and bone to provide these nutrients may not be enough to keep up with the rate of repair, and damage and resulting pain and lameness begin to occur.<\/p>\n<p>It is therefore vital that the horse has a supply of the key building blocks and nutrients to maintain the quality of the joint fluid and hence allow the joint to keep up with the rate of cartilage repair in order to support joint health and mobility.<\/p>\n<p>Kentucky liquid joint supplement is a palatable blend of not only key building blocks to provide nutritional support to maintain healthy cartilage and synovial (joint) fluid, but also contains MSM, Boswellia, and Vitamin C\u00a0 as they are known to play important roles in maintaining joint health and comfort.<\/p>\n<p>Kentucky Liquid Joint supplement is one of the best value joint support liquids available and is suitable for competing horses and ponies as well as older animals requiring mobility support.<\/p>\n<p><strong>Feeding Directions<\/strong>: For 500kg horse; in hard work: 30ml per day; For 500kg horse; not in hard work: 15ml per day.; Maximum; 30ml per day.<br \/>\n<strong>Additives (per litre)<\/strong>: Nutritional additives: Antioxidants: 3a300, Ascorbic Acid 5600mg. Sensory additives: 2b Boswellia Extract 2800mg.<br \/>\n<strong>Composition<\/strong>: Water, Glucosamine HCl (6.67%), Methylsulfonylmethane (MSM) (6.67%), Collagen (Marine), Hyaluronic Acid (0.28%).<br \/>\n<strong>Analytical Constituents<\/strong>: Crude Protein 1.6%,Crude Fibre &lt;1.0%, Sodium &lt;1.0%, Crude Oil &lt;1.0%, Crude Ash 3.0%,Moisture 82.0%.<\/p>\n<p>Available 1ltr ( up to 2 months supply)<\/p>\n<p><a href=\"https:\/\/www.tetraktis.si\/wp-content\/uploads\/2019\/10\/KENTUCKY.pdf\">label<\/a><\/p>\n<p><a href=\"https:\/\/www.tetraktis.si\/wp-content\/uploads\/2019\/10\/KENTUCKY2.pdf\">label<\/a><\/p>\n<p>&nbsp;<\/p>\n","protected":false},"excerpt":{"rendered":"<p>If you want a<strong> Glucosamine<\/strong> and<strong> Chondroitin<\/strong>\u00a0supplement, <strong>Kentucky Liquid Joint\u00a0Supplement<\/strong> offers so much more at\u00a0exceptional value for money.\u00a0 <strong>Kentucky Joint Supplement<\/strong> is probably the most affordable <strong>joint supplement<\/strong> on the market. If your horse is already on <strong>Cortaflex\u00ae<\/strong> then we recommend you stay on it, but if you are using an alternative to Cortaflex\u00ae to save money, then upgrade to <strong>Kentucky\u00a0Joint Supplement<\/strong> and save more money!\u00a0 You will be\u00a0pleased at the difference to your horse and your pocket.<\/p>\n<p><span style=\"color: #800080;\">LABEL INFO:\u00a0<a style=\"color: #800080;\" href=\"https:\/\/www.tetraktis.si\/wp-content\/uploads\/2016\/07\/Kentucky-Liquid.pdf\">Kentucky Liquid<\/a><\/span><\/p>\n","protected":false},"featured_media":24034,"comment_status":"open","ping_status":"closed","template":"","meta":[],"product_brand":[],"product_cat":[3326,3314],"product_tag":[],"class_list":{"0":"post-32376","1":"product","2":"type-product","3":"status-publish","4":"has-post-thumbnail","6":"product_cat-products-onsale-horses","7":"product_cat-mobility-joints","10":"first","11":"instock","12":"taxable","13":"shipping-taxable","14":"purchasable","15":"product-type-simple"},"yoast_head":"<!-- This site is optimized with the Yoast SEO Premium plugin v20.10 (Yoast SEO v27.3) - https:\/\/yoast.com\/product\/yoast-seo-premium-wordpress\/ -->\n<title>Kentucky Liquid Joint Supplement -<\/title>\n<meta name=\"description\" content=\"Kentucky liquid joint supplement provide nutritional support to maintain heathy cartilage and synovial (joint) fluid, with added\u00a0MSM and ...\" \/>\n<meta name=\"robots\" content=\"index, follow, max-snippet:-1, max-image-preview:large, max-video-preview:-1\" \/>\n<link rel=\"canonical\" href=\"https:\/\/tetraktis.si\/en\/izdelek\/kentucky-liquid-joint-supplement\/\" \/>\n<meta property=\"og:locale\" content=\"en_US\" \/>\n<meta property=\"og:type\" content=\"article\" \/>\n<meta property=\"og:title\" content=\"Kentucky Liquid Joint Supplement -\" \/>\n<meta property=\"og:description\" content=\"Kentucky liquid joint supplement provide nutritional support to maintain heathy cartilage and synovial (joint) fluid, with added\u00a0MSM and ...\" \/>\n<meta property=\"og:url\" content=\"https:\/\/tetraktis.si\/en\/izdelek\/kentucky-liquid-joint-supplement\/\" \/>\n<meta property=\"og:site_name\" content=\"Tetraktis- Equine America, Dorwest, Excel\" \/>\n<meta property=\"article:publisher\" content=\"https:\/\/business.facebook.com\/equineamericashop\/?business_id=193323571192825\" \/>\n<meta property=\"article:modified_time\" content=\"2025-12-03T13:05:03+00:00\" \/>\n<meta property=\"og:image\" content=\"https:\/\/tetraktis.si\/wp-content\/uploads\/2022\/04\/KENTUCKY.jpg\" \/>\n\t<meta property=\"og:image:width\" content=\"924\" \/>\n\t<meta property=\"og:image:height\" content=\"924\" \/>\n\t<meta property=\"og:image:type\" content=\"image\/jpeg\" \/>\n<meta name=\"twitter:card\" content=\"summary_large_image\" \/>\n<meta name=\"twitter:site\" content=\"@TetraktisInfo\" \/>\n<meta name=\"twitter:label1\" content=\"Est. reading time\" \/>\n\t<meta name=\"twitter:data1\" content=\"3 minutes\" \/>\n<script type=\"application\/ld+json\" class=\"yoast-schema-graph\">{\"@context\":\"https:\\\/\\\/schema.org\",\"@graph\":[{\"@type\":\"WebPage\",\"@id\":\"https:\\\/\\\/tetraktis.si\\\/en\\\/izdelek\\\/kentucky-liquid-joint-supplement\\\/\",\"url\":\"https:\\\/\\\/tetraktis.si\\\/en\\\/izdelek\\\/kentucky-liquid-joint-supplement\\\/\",\"name\":\"Kentucky Liquid Joint Supplement -\",\"isPartOf\":{\"@id\":\"https:\\\/\\\/tetraktis.si\\\/en\\\/#website\"},\"primaryImageOfPage\":{\"@id\":\"https:\\\/\\\/tetraktis.si\\\/en\\\/izdelek\\\/kentucky-liquid-joint-supplement\\\/#primaryimage\"},\"image\":{\"@id\":\"https:\\\/\\\/tetraktis.si\\\/en\\\/izdelek\\\/kentucky-liquid-joint-supplement\\\/#primaryimage\"},\"thumbnailUrl\":\"https:\\\/\\\/tetraktis.si\\\/wp-content\\\/uploads\\\/2022\\\/04\\\/KENTUCKY.jpg\",\"datePublished\":\"2022-04-27T13:51:59+00:00\",\"dateModified\":\"2025-12-03T13:05:03+00:00\",\"description\":\"Kentucky liquid joint supplement provide nutritional support to maintain heathy cartilage and synovial (joint) fluid, with added\u00a0MSM and ...\",\"breadcrumb\":{\"@id\":\"https:\\\/\\\/tetraktis.si\\\/en\\\/izdelek\\\/kentucky-liquid-joint-supplement\\\/#breadcrumb\"},\"inLanguage\":\"en-US\",\"potentialAction\":[{\"@type\":\"ReadAction\",\"target\":[\"https:\\\/\\\/tetraktis.si\\\/en\\\/izdelek\\\/kentucky-liquid-joint-supplement\\\/\"]}]},{\"@type\":\"ImageObject\",\"inLanguage\":\"en-US\",\"@id\":\"https:\\\/\\\/tetraktis.si\\\/en\\\/izdelek\\\/kentucky-liquid-joint-supplement\\\/#primaryimage\",\"url\":\"https:\\\/\\\/tetraktis.si\\\/wp-content\\\/uploads\\\/2022\\\/04\\\/KENTUCKY.jpg\",\"contentUrl\":\"https:\\\/\\\/tetraktis.si\\\/wp-content\\\/uploads\\\/2022\\\/04\\\/KENTUCKY.jpg\",\"width\":924,\"height\":924,\"caption\":\"Kentucky za konje\"},{\"@type\":\"BreadcrumbList\",\"@id\":\"https:\\\/\\\/tetraktis.si\\\/en\\\/izdelek\\\/kentucky-liquid-joint-supplement\\\/#breadcrumb\",\"itemListElement\":[{\"@type\":\"ListItem\",\"position\":1,\"name\":\"Shop\",\"item\":\"https:\\\/\\\/tetraktis.si\\\/en\\\/shop-3\\\/\"},{\"@type\":\"ListItem\",\"position\":2,\"name\":\"Kentucky Liquid Joint Supplement\"}]},{\"@type\":\"WebSite\",\"@id\":\"https:\\\/\\\/tetraktis.si\\\/en\\\/#website\",\"url\":\"https:\\\/\\\/tetraktis.si\\\/en\\\/\",\"name\":\"Tetraktis- Equine America, Dorwest, Excel\",\"description\":\"Samo najbolj\u0161e za va\u0161e \u017eivali\",\"publisher\":{\"@id\":\"https:\\\/\\\/tetraktis.si\\\/en\\\/#organization\"},\"potentialAction\":[{\"@type\":\"SearchAction\",\"target\":{\"@type\":\"EntryPoint\",\"urlTemplate\":\"https:\\\/\\\/tetraktis.si\\\/en\\\/?s={search_term_string}\"},\"query-input\":{\"@type\":\"PropertyValueSpecification\",\"valueRequired\":true,\"valueName\":\"search_term_string\"}}],\"inLanguage\":\"en-US\"},{\"@type\":\"Organization\",\"@id\":\"https:\\\/\\\/tetraktis.si\\\/en\\\/#organization\",\"name\":\"Tetraktis\",\"url\":\"https:\\\/\\\/tetraktis.si\\\/en\\\/\",\"logo\":{\"@type\":\"ImageObject\",\"inLanguage\":\"en-US\",\"@id\":\"https:\\\/\\\/tetraktis.si\\\/en\\\/#\\\/schema\\\/logo\\\/image\\\/\",\"url\":\"https:\\\/\\\/tetraktis.si\\\/wp-content\\\/uploads\\\/2022\\\/06\\\/logo.webp\",\"contentUrl\":\"https:\\\/\\\/tetraktis.si\\\/wp-content\\\/uploads\\\/2022\\\/06\\\/logo.webp\",\"width\":400,\"height\":211,\"caption\":\"Tetraktis\"},\"image\":{\"@id\":\"https:\\\/\\\/tetraktis.si\\\/en\\\/#\\\/schema\\\/logo\\\/image\\\/\"},\"sameAs\":[\"https:\\\/\\\/business.facebook.com\\\/equineamericashop\\\/?business_id=193323571192825\",\"https:\\\/\\\/x.com\\\/TetraktisInfo\",\"https:\\\/\\\/www.instagram.com\\\/tetraktisslovenija\\\/\",\"https:\\\/\\\/www.youtube.com\\\/channel\\\/UCk_PdKMdtpZ4pf0RRFL1vYA\"]}]}<\/script>\n<!-- \/ Yoast SEO Premium plugin. -->","yoast_head_json":{"title":"Kentucky Liquid Joint Supplement -","description":"Kentucky liquid joint supplement provide nutritional support to maintain heathy cartilage and synovial (joint) fluid, with added\u00a0MSM and ...","robots":{"index":"index","follow":"follow","max-snippet":"max-snippet:-1","max-image-preview":"max-image-preview:large","max-video-preview":"max-video-preview:-1"},"canonical":"https:\/\/tetraktis.si\/en\/izdelek\/kentucky-liquid-joint-supplement\/","og_locale":"en_US","og_type":"article","og_title":"Kentucky Liquid Joint Supplement -","og_description":"Kentucky liquid joint supplement provide nutritional support to maintain heathy cartilage and synovial (joint) fluid, with added\u00a0MSM and ...","og_url":"https:\/\/tetraktis.si\/en\/izdelek\/kentucky-liquid-joint-supplement\/","og_site_name":"Tetraktis- Equine America, Dorwest, Excel","article_publisher":"https:\/\/business.facebook.com\/equineamericashop\/?business_id=193323571192825","article_modified_time":"2025-12-03T13:05:03+00:00","og_image":[{"width":924,"height":924,"url":"https:\/\/tetraktis.si\/wp-content\/uploads\/2022\/04\/KENTUCKY.jpg","type":"image\/jpeg"}],"twitter_card":"summary_large_image","twitter_site":"@TetraktisInfo","twitter_misc":{"Est. reading time":"3 minutes"},"schema":{"@context":"https:\/\/schema.org","@graph":[{"@type":"WebPage","@id":"https:\/\/tetraktis.si\/en\/izdelek\/kentucky-liquid-joint-supplement\/","url":"https:\/\/tetraktis.si\/en\/izdelek\/kentucky-liquid-joint-supplement\/","name":"Kentucky Liquid Joint Supplement -","isPartOf":{"@id":"https:\/\/tetraktis.si\/en\/#website"},"primaryImageOfPage":{"@id":"https:\/\/tetraktis.si\/en\/izdelek\/kentucky-liquid-joint-supplement\/#primaryimage"},"image":{"@id":"https:\/\/tetraktis.si\/en\/izdelek\/kentucky-liquid-joint-supplement\/#primaryimage"},"thumbnailUrl":"https:\/\/tetraktis.si\/wp-content\/uploads\/2022\/04\/KENTUCKY.jpg","datePublished":"2022-04-27T13:51:59+00:00","dateModified":"2025-12-03T13:05:03+00:00","description":"Kentucky liquid joint supplement provide nutritional support to maintain heathy cartilage and synovial (joint) fluid, with added\u00a0MSM and ...","breadcrumb":{"@id":"https:\/\/tetraktis.si\/en\/izdelek\/kentucky-liquid-joint-supplement\/#breadcrumb"},"inLanguage":"en-US","potentialAction":[{"@type":"ReadAction","target":["https:\/\/tetraktis.si\/en\/izdelek\/kentucky-liquid-joint-supplement\/"]}]},{"@type":"ImageObject","inLanguage":"en-US","@id":"https:\/\/tetraktis.si\/en\/izdelek\/kentucky-liquid-joint-supplement\/#primaryimage","url":"https:\/\/tetraktis.si\/wp-content\/uploads\/2022\/04\/KENTUCKY.jpg","contentUrl":"https:\/\/tetraktis.si\/wp-content\/uploads\/2022\/04\/KENTUCKY.jpg","width":924,"height":924,"caption":"Kentucky za konje"},{"@type":"BreadcrumbList","@id":"https:\/\/tetraktis.si\/en\/izdelek\/kentucky-liquid-joint-supplement\/#breadcrumb","itemListElement":[{"@type":"ListItem","position":1,"name":"Shop","item":"https:\/\/tetraktis.si\/en\/shop-3\/"},{"@type":"ListItem","position":2,"name":"Kentucky Liquid Joint Supplement"}]},{"@type":"WebSite","@id":"https:\/\/tetraktis.si\/en\/#website","url":"https:\/\/tetraktis.si\/en\/","name":"Tetraktis- Equine America, Dorwest, Excel","description":"Samo najbolj\u0161e za va\u0161e \u017eivali","publisher":{"@id":"https:\/\/tetraktis.si\/en\/#organization"},"potentialAction":[{"@type":"SearchAction","target":{"@type":"EntryPoint","urlTemplate":"https:\/\/tetraktis.si\/en\/?s={search_term_string}"},"query-input":{"@type":"PropertyValueSpecification","valueRequired":true,"valueName":"search_term_string"}}],"inLanguage":"en-US"},{"@type":"Organization","@id":"https:\/\/tetraktis.si\/en\/#organization","name":"Tetraktis","url":"https:\/\/tetraktis.si\/en\/","logo":{"@type":"ImageObject","inLanguage":"en-US","@id":"https:\/\/tetraktis.si\/en\/#\/schema\/logo\/image\/","url":"https:\/\/tetraktis.si\/wp-content\/uploads\/2022\/06\/logo.webp","contentUrl":"https:\/\/tetraktis.si\/wp-content\/uploads\/2022\/06\/logo.webp","width":400,"height":211,"caption":"Tetraktis"},"image":{"@id":"https:\/\/tetraktis.si\/en\/#\/schema\/logo\/image\/"},"sameAs":["https:\/\/business.facebook.com\/equineamericashop\/?business_id=193323571192825","https:\/\/x.com\/TetraktisInfo","https:\/\/www.instagram.com\/tetraktisslovenija\/","https:\/\/www.youtube.com\/channel\/UCk_PdKMdtpZ4pf0RRFL1vYA"]}]}},"_links":{"self":[{"href":"https:\/\/tetraktis.si\/en\/wp-json\/wp\/v2\/product\/32376","targetHints":{"allow":["GET"]}}],"collection":[{"href":"https:\/\/tetraktis.si\/en\/wp-json\/wp\/v2\/product"}],"about":[{"href":"https:\/\/tetraktis.si\/en\/wp-json\/wp\/v2\/types\/product"}],"replies":[{"embeddable":true,"href":"https:\/\/tetraktis.si\/en\/wp-json\/wp\/v2\/comments?post=32376"}],"version-history":[{"count":1,"href":"https:\/\/tetraktis.si\/en\/wp-json\/wp\/v2\/product\/32376\/revisions"}],"predecessor-version":[{"id":37060,"href":"https:\/\/tetraktis.si\/en\/wp-json\/wp\/v2\/product\/32376\/revisions\/37060"}],"wp:featuredmedia":[{"embeddable":true,"href":"https:\/\/tetraktis.si\/en\/wp-json\/wp\/v2\/media\/24034"}],"wp:attachment":[{"href":"https:\/\/tetraktis.si\/en\/wp-json\/wp\/v2\/media?parent=32376"}],"wp:term":[{"taxonomy":"product_brand","embeddable":true,"href":"https:\/\/tetraktis.si\/en\/wp-json\/wp\/v2\/product_brand?post=32376"},{"taxonomy":"product_cat","embeddable":true,"href":"https:\/\/tetraktis.si\/en\/wp-json\/wp\/v2\/product_cat?post=32376"},{"taxonomy":"product_tag","embeddable":true,"href":"https:\/\/tetraktis.si\/en\/wp-json\/wp\/v2\/product_tag?post=32376"}],"curies":[{"name":"wp","href":"https:\/\/api.w.org\/{rel}","templated":true}]}}