{"id":32369,"date":"2022-04-27T15:51:59","date_gmt":"2022-04-27T13:51:59","guid":{"rendered":"https:\/\/cortaflex.si\/izdelek\/canine-feline-cortaflex-ha-capsules\/"},"modified":"2024-02-26T10:39:54","modified_gmt":"2024-02-26T09:39:54","slug":"canine-feline-cortaflex-ha-capsules","status":"publish","type":"product","link":"https:\/\/tetraktis.si\/en\/izdelek\/canine-feline-cortaflex-ha-capsules\/","title":{"rendered":"Canine &#038; Feline Cortaflex\u00ae HA capsules"},"content":{"rendered":"<p>As <strong>dogs<\/strong> and <strong>cats<\/strong> age their joints will undoubtedly experience wear and tear. To keep their joints as healthy and supple as possible over the long term, feed <strong>Canine Cortaflex ha<\/strong> daily.<\/p>\n<p>Your pet has never been in better hands. We&#8217;ve combined the most essential ingredients at the highest grades possible, all packed into sprinkle capsules so you can subtly mix them into meals. Premium-grade materials, <strong>Turmeric Extract<\/strong> (95% Curcumin), <strong>Boswellia Serrata Extract<\/strong> (65% Boswellic Acid), <strong>Vitamin C,<\/strong> and <strong>BioPerine<\/strong>\u00ae (Black Pepper Extract) have been added to what is already a highly advanced Glucosamine Complex. It&#8217;s easy, sprinkle and mix the contents of the capsules into your pet&#8217;s meal according to their breed and size.<\/p>\n<h3><span style=\"color: #800080;\"><strong>Canine Cortaflex HA for Healthy Joints<\/strong><\/span><\/h3>\n<p><strong>Wear and tear<\/strong> can be exaggerated by breed conformation and growth spurts. Feed <strong>young animals<\/strong>, especially those breeds with associated weakness, <strong>Canine &amp; Feline Cortaflex<\/strong> as part of their daily routine to support <strong>healthy joints<\/strong> for life.<\/p>\n<p><strong><em>Canine &amp; Feline<\/em> Cortaflex<\/strong> capsules can be given in the feed or orally.<br \/>\nCapsules available in tub of 60 x 200mg.<br \/>\nNothing compares to Cortaflex &#8211; why use anything else?\u00a0<b>Cortaflex nutritionally supports the health of every joint in the body<\/b>, providing nutrients for lubrication and flexibility and improving all-over performance.<\/p>\n<h3 class=\"xinha \"><span style=\"color: #800080;\">Canine Cortaflex ha is beyond Glucosamine and Chondroitin!<\/span><\/h3>\n<p class=\"xinha \">Molecules of Glucosamine and <strong>Chondroitin<\/strong>, even in their purest form, are simply too large to travel efficiently to the soft tissues of the joint. Instead of loading Cortaflex with thousands of milligrams of <strong>Glucosamine<\/strong> and <strong>Chondroitin<\/strong>, we have specially formulated our product using their key isolates: Glutamine, Glutamic Acid, Glucuronic Acid, Glycine, Proline<\/p>\n<p class=\"xinha \">The unique formulation of Cortaflex allows these building blocks, assisted by <strong>Sulphur<\/strong>, to be more readily absorbed by the body. We only use pharmaceutical-grade ingredients in Cortaflex, so you are assured of getting a safe, natural, quality product.<\/p>\n<p><strong>FEEDING GUIDE<\/strong> \u2013 Generally, for small dogs and cats (0-10 kg), one capsule must be taken daily. For larger dogs (&gt;10kg), 2 capsules taken daily. Do not give your pet more than the daily recommended amount.<\/p>\n<p class=\"xinha \">More information about <a href=\"https:\/\/www.tetraktis.si\/en\/why-cortaflex\/\">Cortaflex- Frequently Asked Questions<\/a>!<\/p>\n","protected":false},"excerpt":{"rendered":"<h3 class=\"xinha \"><span style=\"color: #800080;\">Cortaflex is beyond Glucosamine and Chondroitin!<\/span><\/h3>\n<p><em><strong>The Safe and Natural Choice for Joint Mobility.<\/strong><\/em><\/p>\n<p><em><strong>Canine &amp; Feline Cortaflex\u00a0<\/strong>has now been fortified with <strong>Hyaluronic Acid<\/strong>, a major component of <strong>joint lubricating fluid<\/strong>, for an extra boost to the <strong>joints<\/strong>.\u00a0<\/em><\/p>\n<p class=\"xinha \">\n","protected":false},"featured_media":23993,"comment_status":"open","ping_status":"closed","template":"","meta":[],"product_brand":[322],"product_cat":[3329],"product_tag":[],"class_list":{"0":"post-32369","1":"product","2":"type-product","3":"status-publish","4":"has-post-thumbnail","6":"product_brand-equine-america","7":"product_cat-food-supplements","10":"first","11":"outofstock","12":"taxable","13":"shipping-taxable","14":"purchasable","15":"product-type-simple"},"yoast_head":"<!-- This site is optimized with the Yoast SEO Premium plugin v20.10 (Yoast SEO v27.3) - https:\/\/yoast.com\/product\/yoast-seo-premium-wordpress\/ -->\n<title>Canine Cortaflex ha is beyond Glucosamine and Chondroitin!<\/title>\n<meta name=\"description\" content=\"Canine Cortaflex ha\u00a0has now been fortified with Hyaluronic Acid, a major component of joint lubricating fluid- get extra boost to the joints.\" \/>\n<meta name=\"robots\" content=\"index, follow, max-snippet:-1, max-image-preview:large, max-video-preview:-1\" \/>\n<link rel=\"canonical\" href=\"https:\/\/tetraktis.si\/en\/izdelek\/canine-feline-cortaflex-ha-capsules\/\" \/>\n<meta property=\"og:locale\" content=\"en_US\" \/>\n<meta property=\"og:type\" content=\"article\" \/>\n<meta property=\"og:title\" content=\"Canine Cortaflex ha is beyond Glucosamine and Chondroitin!\" \/>\n<meta property=\"og:description\" content=\"Canine Cortaflex ha\u00a0has now been fortified with Hyaluronic Acid, a major component of joint lubricating fluid- get extra boost to the joints.\" \/>\n<meta property=\"og:url\" content=\"https:\/\/tetraktis.si\/en\/izdelek\/canine-feline-cortaflex-ha-capsules\/\" \/>\n<meta property=\"og:site_name\" content=\"Tetraktis- Equine America, Dorwest, Excel\" \/>\n<meta property=\"article:publisher\" content=\"https:\/\/business.facebook.com\/equineamericashop\/?business_id=193323571192825\" \/>\n<meta property=\"article:modified_time\" content=\"2024-02-26T09:39:54+00:00\" \/>\n<meta property=\"og:image\" content=\"https:\/\/tetraktis.si\/wp-content\/uploads\/2022\/04\/Novi-Cortaflex.jpg\" \/>\n\t<meta property=\"og:image:width\" content=\"924\" \/>\n\t<meta property=\"og:image:height\" content=\"924\" \/>\n\t<meta property=\"og:image:type\" content=\"image\/jpeg\" \/>\n<meta name=\"twitter:card\" content=\"summary_large_image\" \/>\n<meta name=\"twitter:site\" content=\"@TetraktisInfo\" \/>\n<meta name=\"twitter:label1\" content=\"Est. reading time\" \/>\n\t<meta name=\"twitter:data1\" content=\"2 minutes\" \/>\n<script type=\"application\/ld+json\" class=\"yoast-schema-graph\">{\"@context\":\"https:\\\/\\\/schema.org\",\"@graph\":[{\"@type\":\"WebPage\",\"@id\":\"https:\\\/\\\/tetraktis.si\\\/en\\\/izdelek\\\/canine-feline-cortaflex-ha-capsules\\\/\",\"url\":\"https:\\\/\\\/tetraktis.si\\\/en\\\/izdelek\\\/canine-feline-cortaflex-ha-capsules\\\/\",\"name\":\"Canine Cortaflex ha is beyond Glucosamine and Chondroitin!\",\"isPartOf\":{\"@id\":\"https:\\\/\\\/tetraktis.si\\\/en\\\/#website\"},\"primaryImageOfPage\":{\"@id\":\"https:\\\/\\\/tetraktis.si\\\/en\\\/izdelek\\\/canine-feline-cortaflex-ha-capsules\\\/#primaryimage\"},\"image\":{\"@id\":\"https:\\\/\\\/tetraktis.si\\\/en\\\/izdelek\\\/canine-feline-cortaflex-ha-capsules\\\/#primaryimage\"},\"thumbnailUrl\":\"https:\\\/\\\/tetraktis.si\\\/wp-content\\\/uploads\\\/2022\\\/04\\\/Novi-Cortaflex.jpg\",\"datePublished\":\"2022-04-27T13:51:59+00:00\",\"dateModified\":\"2024-02-26T09:39:54+00:00\",\"description\":\"Canine Cortaflex ha\u00a0has now been fortified with Hyaluronic Acid, a major component of joint lubricating fluid- get extra boost to the joints.\",\"breadcrumb\":{\"@id\":\"https:\\\/\\\/tetraktis.si\\\/en\\\/izdelek\\\/canine-feline-cortaflex-ha-capsules\\\/#breadcrumb\"},\"inLanguage\":\"en-US\",\"potentialAction\":[{\"@type\":\"ReadAction\",\"target\":[\"https:\\\/\\\/tetraktis.si\\\/en\\\/izdelek\\\/canine-feline-cortaflex-ha-capsules\\\/\"]}]},{\"@type\":\"ImageObject\",\"inLanguage\":\"en-US\",\"@id\":\"https:\\\/\\\/tetraktis.si\\\/en\\\/izdelek\\\/canine-feline-cortaflex-ha-capsules\\\/#primaryimage\",\"url\":\"https:\\\/\\\/tetraktis.si\\\/wp-content\\\/uploads\\\/2022\\\/04\\\/Novi-Cortaflex.jpg\",\"contentUrl\":\"https:\\\/\\\/tetraktis.si\\\/wp-content\\\/uploads\\\/2022\\\/04\\\/Novi-Cortaflex.jpg\",\"width\":924,\"height\":924},{\"@type\":\"BreadcrumbList\",\"@id\":\"https:\\\/\\\/tetraktis.si\\\/en\\\/izdelek\\\/canine-feline-cortaflex-ha-capsules\\\/#breadcrumb\",\"itemListElement\":[{\"@type\":\"ListItem\",\"position\":1,\"name\":\"Shop\",\"item\":\"https:\\\/\\\/tetraktis.si\\\/en\\\/shop-3\\\/\"},{\"@type\":\"ListItem\",\"position\":2,\"name\":\"Canine &#038; Feline Cortaflex\u00ae HA capsules\"}]},{\"@type\":\"WebSite\",\"@id\":\"https:\\\/\\\/tetraktis.si\\\/en\\\/#website\",\"url\":\"https:\\\/\\\/tetraktis.si\\\/en\\\/\",\"name\":\"Tetraktis- Equine America, Dorwest, Excel\",\"description\":\"Samo najbolj\u0161e za va\u0161e \u017eivali\",\"publisher\":{\"@id\":\"https:\\\/\\\/tetraktis.si\\\/en\\\/#organization\"},\"potentialAction\":[{\"@type\":\"SearchAction\",\"target\":{\"@type\":\"EntryPoint\",\"urlTemplate\":\"https:\\\/\\\/tetraktis.si\\\/en\\\/?s={search_term_string}\"},\"query-input\":{\"@type\":\"PropertyValueSpecification\",\"valueRequired\":true,\"valueName\":\"search_term_string\"}}],\"inLanguage\":\"en-US\"},{\"@type\":\"Organization\",\"@id\":\"https:\\\/\\\/tetraktis.si\\\/en\\\/#organization\",\"name\":\"Tetraktis\",\"url\":\"https:\\\/\\\/tetraktis.si\\\/en\\\/\",\"logo\":{\"@type\":\"ImageObject\",\"inLanguage\":\"en-US\",\"@id\":\"https:\\\/\\\/tetraktis.si\\\/en\\\/#\\\/schema\\\/logo\\\/image\\\/\",\"url\":\"https:\\\/\\\/tetraktis.si\\\/wp-content\\\/uploads\\\/2022\\\/06\\\/logo.webp\",\"contentUrl\":\"https:\\\/\\\/tetraktis.si\\\/wp-content\\\/uploads\\\/2022\\\/06\\\/logo.webp\",\"width\":400,\"height\":211,\"caption\":\"Tetraktis\"},\"image\":{\"@id\":\"https:\\\/\\\/tetraktis.si\\\/en\\\/#\\\/schema\\\/logo\\\/image\\\/\"},\"sameAs\":[\"https:\\\/\\\/business.facebook.com\\\/equineamericashop\\\/?business_id=193323571192825\",\"https:\\\/\\\/x.com\\\/TetraktisInfo\",\"https:\\\/\\\/www.instagram.com\\\/tetraktisslovenija\\\/\",\"https:\\\/\\\/www.youtube.com\\\/channel\\\/UCk_PdKMdtpZ4pf0RRFL1vYA\"]}]}<\/script>\n<!-- \/ Yoast SEO Premium plugin. -->","yoast_head_json":{"title":"Canine Cortaflex ha is beyond Glucosamine and Chondroitin!","description":"Canine Cortaflex ha\u00a0has now been fortified with Hyaluronic Acid, a major component of joint lubricating fluid- get extra boost to the joints.","robots":{"index":"index","follow":"follow","max-snippet":"max-snippet:-1","max-image-preview":"max-image-preview:large","max-video-preview":"max-video-preview:-1"},"canonical":"https:\/\/tetraktis.si\/en\/izdelek\/canine-feline-cortaflex-ha-capsules\/","og_locale":"en_US","og_type":"article","og_title":"Canine Cortaflex ha is beyond Glucosamine and Chondroitin!","og_description":"Canine Cortaflex ha\u00a0has now been fortified with Hyaluronic Acid, a major component of joint lubricating fluid- get extra boost to the joints.","og_url":"https:\/\/tetraktis.si\/en\/izdelek\/canine-feline-cortaflex-ha-capsules\/","og_site_name":"Tetraktis- Equine America, Dorwest, Excel","article_publisher":"https:\/\/business.facebook.com\/equineamericashop\/?business_id=193323571192825","article_modified_time":"2024-02-26T09:39:54+00:00","og_image":[{"width":924,"height":924,"url":"https:\/\/tetraktis.si\/wp-content\/uploads\/2022\/04\/Novi-Cortaflex.jpg","type":"image\/jpeg"}],"twitter_card":"summary_large_image","twitter_site":"@TetraktisInfo","twitter_misc":{"Est. reading time":"2 minutes"},"schema":{"@context":"https:\/\/schema.org","@graph":[{"@type":"WebPage","@id":"https:\/\/tetraktis.si\/en\/izdelek\/canine-feline-cortaflex-ha-capsules\/","url":"https:\/\/tetraktis.si\/en\/izdelek\/canine-feline-cortaflex-ha-capsules\/","name":"Canine Cortaflex ha is beyond Glucosamine and Chondroitin!","isPartOf":{"@id":"https:\/\/tetraktis.si\/en\/#website"},"primaryImageOfPage":{"@id":"https:\/\/tetraktis.si\/en\/izdelek\/canine-feline-cortaflex-ha-capsules\/#primaryimage"},"image":{"@id":"https:\/\/tetraktis.si\/en\/izdelek\/canine-feline-cortaflex-ha-capsules\/#primaryimage"},"thumbnailUrl":"https:\/\/tetraktis.si\/wp-content\/uploads\/2022\/04\/Novi-Cortaflex.jpg","datePublished":"2022-04-27T13:51:59+00:00","dateModified":"2024-02-26T09:39:54+00:00","description":"Canine Cortaflex ha\u00a0has now been fortified with Hyaluronic Acid, a major component of joint lubricating fluid- get extra boost to the joints.","breadcrumb":{"@id":"https:\/\/tetraktis.si\/en\/izdelek\/canine-feline-cortaflex-ha-capsules\/#breadcrumb"},"inLanguage":"en-US","potentialAction":[{"@type":"ReadAction","target":["https:\/\/tetraktis.si\/en\/izdelek\/canine-feline-cortaflex-ha-capsules\/"]}]},{"@type":"ImageObject","inLanguage":"en-US","@id":"https:\/\/tetraktis.si\/en\/izdelek\/canine-feline-cortaflex-ha-capsules\/#primaryimage","url":"https:\/\/tetraktis.si\/wp-content\/uploads\/2022\/04\/Novi-Cortaflex.jpg","contentUrl":"https:\/\/tetraktis.si\/wp-content\/uploads\/2022\/04\/Novi-Cortaflex.jpg","width":924,"height":924},{"@type":"BreadcrumbList","@id":"https:\/\/tetraktis.si\/en\/izdelek\/canine-feline-cortaflex-ha-capsules\/#breadcrumb","itemListElement":[{"@type":"ListItem","position":1,"name":"Shop","item":"https:\/\/tetraktis.si\/en\/shop-3\/"},{"@type":"ListItem","position":2,"name":"Canine &#038; Feline Cortaflex\u00ae HA capsules"}]},{"@type":"WebSite","@id":"https:\/\/tetraktis.si\/en\/#website","url":"https:\/\/tetraktis.si\/en\/","name":"Tetraktis- Equine America, Dorwest, Excel","description":"Samo najbolj\u0161e za va\u0161e \u017eivali","publisher":{"@id":"https:\/\/tetraktis.si\/en\/#organization"},"potentialAction":[{"@type":"SearchAction","target":{"@type":"EntryPoint","urlTemplate":"https:\/\/tetraktis.si\/en\/?s={search_term_string}"},"query-input":{"@type":"PropertyValueSpecification","valueRequired":true,"valueName":"search_term_string"}}],"inLanguage":"en-US"},{"@type":"Organization","@id":"https:\/\/tetraktis.si\/en\/#organization","name":"Tetraktis","url":"https:\/\/tetraktis.si\/en\/","logo":{"@type":"ImageObject","inLanguage":"en-US","@id":"https:\/\/tetraktis.si\/en\/#\/schema\/logo\/image\/","url":"https:\/\/tetraktis.si\/wp-content\/uploads\/2022\/06\/logo.webp","contentUrl":"https:\/\/tetraktis.si\/wp-content\/uploads\/2022\/06\/logo.webp","width":400,"height":211,"caption":"Tetraktis"},"image":{"@id":"https:\/\/tetraktis.si\/en\/#\/schema\/logo\/image\/"},"sameAs":["https:\/\/business.facebook.com\/equineamericashop\/?business_id=193323571192825","https:\/\/x.com\/TetraktisInfo","https:\/\/www.instagram.com\/tetraktisslovenija\/","https:\/\/www.youtube.com\/channel\/UCk_PdKMdtpZ4pf0RRFL1vYA"]}]}},"_links":{"self":[{"href":"https:\/\/tetraktis.si\/en\/wp-json\/wp\/v2\/product\/32369","targetHints":{"allow":["GET"]}}],"collection":[{"href":"https:\/\/tetraktis.si\/en\/wp-json\/wp\/v2\/product"}],"about":[{"href":"https:\/\/tetraktis.si\/en\/wp-json\/wp\/v2\/types\/product"}],"replies":[{"embeddable":true,"href":"https:\/\/tetraktis.si\/en\/wp-json\/wp\/v2\/comments?post=32369"}],"version-history":[{"count":1,"href":"https:\/\/tetraktis.si\/en\/wp-json\/wp\/v2\/product\/32369\/revisions"}],"predecessor-version":[{"id":37055,"href":"https:\/\/tetraktis.si\/en\/wp-json\/wp\/v2\/product\/32369\/revisions\/37055"}],"wp:featuredmedia":[{"embeddable":true,"href":"https:\/\/tetraktis.si\/en\/wp-json\/wp\/v2\/media\/23993"}],"wp:attachment":[{"href":"https:\/\/tetraktis.si\/en\/wp-json\/wp\/v2\/media?parent=32369"}],"wp:term":[{"taxonomy":"product_brand","embeddable":true,"href":"https:\/\/tetraktis.si\/en\/wp-json\/wp\/v2\/product_brand?post=32369"},{"taxonomy":"product_cat","embeddable":true,"href":"https:\/\/tetraktis.si\/en\/wp-json\/wp\/v2\/product_cat?post=32369"},{"taxonomy":"product_tag","embeddable":true,"href":"https:\/\/tetraktis.si\/en\/wp-json\/wp\/v2\/product_tag?post=32369"}],"curies":[{"name":"wp","href":"https:\/\/api.w.org\/{rel}","templated":true}]}}