{"id":32364,"date":"2022-04-27T15:51:59","date_gmt":"2022-04-27T13:51:59","guid":{"rendered":"https:\/\/cortaflex.si\/izdelek\/hemogen-xtra-boost\/"},"modified":"2024-08-02T13:33:40","modified_gmt":"2024-08-02T11:33:40","slug":"hemogen-xtra-boost","status":"publish","type":"product","link":"https:\/\/tetraktis.si\/en\/izdelek\/hemogen-xtra-boost\/","title":{"rendered":"Hemogen Xtra Boost"},"content":{"rendered":"<div>\n<p>SUPPORT HEALTHY BLOOD PRODUCTION FOR HORSES IN HARD WORK, TRAINING OR COMPETITION<\/p>\n<p>NEW IMPROVED FORMULA<\/p>\n<p>A complementary feed supplement to support healthy blood production for horses in hard work, as part of a balanced diet<\/p>\n<p>Blood transports oxygen and nutrients around the body &#8211; the more blood cells, the more oxygen and nutrients are available to the muscles and tissues, enabling the horse to work harder and for longer. Hemogen XTRA BOOST contains a specialist and highly absorbable form of Iron, essential in the production of red blood cells, supported by B vitamins and accompanied by active water-soluble vitamins and minerals to maximize energy and stamina.<\/p>\n<p>Available in 1 Ltr (a one month supply at maintenance)<\/p>\n<\/div>\n<div>\n<p>Feed daily at maintenance level for horses in training or competition, and increase this for five days leading up to a race or event. Hemogen can also be used to support the anemic horse, followed on by <strong><a href=\"https:\/\/www.tetraktis.si\/en\/product\/propell-plus\/\">Pro-Pell Plus\u00ae<\/a><\/strong>.<\/p>\n<\/div>\n<p><strong>Hemogen Xtra Boost solution is The Ultimate Blood Tonic<\/strong><\/p>\n<p>A complementary feed supplement to support healthy blood production for horses in hard work, as part of a balanced diet<\/p>\n<p><strong>Blood<\/strong> transports oxygen and nutrients around the body &#8211; the more blood cells, the more oxygen and nutrients are available to the <strong>muscles<\/strong> and tissues, enabling the horse to work harder and for longer. <strong>Hemogen<\/strong> <strong>Xtra Boost<\/strong> contains a specialist and highly absorbable form of <strong>Iron<\/strong>, essential in the production of <strong>red blood cells<\/strong>, supported by <strong>B vitamins<\/strong> and accompanied by active water-soluble <strong>vitamins and minerals<\/strong> to maximise <strong>energy and stamina<\/strong>.<\/p>\n<p>Feed daily at a maintenance level for horses in training or competition, and increase this for five days leading up to a race or event. Hemogen Xtra Boost can also be used to support the anemic horse, followed on by <strong><a href=\"https:\/\/www.tetraktis.si\/en\/product\/propell-plus\/\">Pro-Pell Plus\u00ae<\/a><\/strong>.<\/p>\n<p>Available in 1 Ltr (a one-month supply at maintenance).<\/p>\n<p><em>Feeding Directions<\/em>:<br \/>\nFor 500kg horse: 30ml per day.<br \/>\nFor 5 days prior to competition: 60ml per day.<br \/>\nMaximum; 60ml per day.<\/p>\n<p><strong>Additives (per kg)<\/strong>: Trace elements (source in brackets): 3b108 Iron (iron (II) chelate of glycine hydrate) 3300mg, 3b414, Copper (copper (II) chelate of glycine hydrate) 4200mg, E8 Selenium (sodium selenite) 3.3mg, 3b608 Zinc (zinc chelate of glycine hydrate (liquid) 4200mg.Vitamins: 3a820 Vitamin B1 3300mg, 3a Riboflavin 5 phos.sod. 3300mg, 3a316 Folic acid 1700mg, 3a315 Nicotinomide 1670mg, 3a842 D Panthenol 1000mg, 3a831 Vitamin B12 3.3mg. Technological additives: 2b Permitted flavouring 5000mg, E415 Xanthan Gum 4000mg, E202 Potassium Sorbate 2000mg, 2b Echinacea 44mg.<br \/>\n<strong>Composition<\/strong>: Water, Sorbitol, Honey, Dextrose, MSM.<br \/>\n<strong>Analytical Constituents<\/strong>: Protein 5.0%, Fibre &lt;1.0%, Oil &lt;1.0%, Ash 5.0%, Sodium &lt;1.0%, Moisture 70.0%<\/p>\n<p><a href=\"https:\/\/www.tetraktis.si\/wp-content\/uploads\/2019\/10\/HEMOGEN.pdf\">LABEL<\/a><\/p>\n<p>Distributed by <a href=\"https:\/\/www.equine-america.co.uk\/\">Equine America<\/a><\/p>\n","protected":false},"excerpt":{"rendered":"<div id=\"ProductHeading\"><\/div>\n<div class=\"prodContent\">\n<p>SUPPORT HEALTHY BLOOD PRODUCTION FOR HORSES IN HARD WORK, TRAINING OR COMPETITION<\/p>\n<p>Hemogen contains a specialist and highly absorbable form of Iron, essential in the production of red blood cells, supported by B vitamins and accompanied by active water soluble vitamins and minerals to maximise energy and stamina.<\/p>\n<\/div>\n","protected":false},"featured_media":23981,"comment_status":"open","ping_status":"closed","template":"","meta":[],"product_brand":[322],"product_cat":[3313,3326,3315],"product_tag":[3505],"class_list":{"0":"post-32364","1":"product","2":"type-product","3":"status-publish","4":"has-post-thumbnail","6":"product_brand-equine-america","7":"product_cat-competition","8":"product_cat-products-onsale-horses","9":"product_cat-wellbeing","10":"product_tag-iron-en","13":"first","14":"instock","15":"taxable","16":"shipping-taxable","17":"purchasable","18":"product-type-simple"},"yoast_head":"<!-- This site is optimized with the Yoast SEO Premium plugin v20.10 (Yoast SEO v27.3) - https:\/\/yoast.com\/product\/yoast-seo-premium-wordpress\/ -->\n<title>Hemogen Xtra Boost Tonic apsorable Iron for anemic horses<\/title>\n<meta name=\"description\" content=\"Hemogen Xtra Boost contains a specialist and highly absorbable form of Iron, supported by B vitamins and accompanied vitamins and minerals.\" \/>\n<meta name=\"robots\" content=\"index, follow, max-snippet:-1, max-image-preview:large, max-video-preview:-1\" \/>\n<link rel=\"canonical\" href=\"https:\/\/tetraktis.si\/en\/izdelek\/hemogen-xtra-boost\/\" \/>\n<meta property=\"og:locale\" content=\"en_US\" \/>\n<meta property=\"og:type\" content=\"article\" \/>\n<meta property=\"og:title\" content=\"Hemogen Xtra Boost Tonic apsorable Iron for anemic horses\" \/>\n<meta property=\"og:description\" content=\"Hemogen Xtra Boost contains a specialist and highly absorbable form of Iron, supported by B vitamins and accompanied vitamins and minerals.\" \/>\n<meta property=\"og:url\" content=\"https:\/\/tetraktis.si\/en\/izdelek\/hemogen-xtra-boost\/\" \/>\n<meta property=\"og:site_name\" content=\"Tetraktis- Equine America, Dorwest, Excel\" \/>\n<meta property=\"article:publisher\" content=\"https:\/\/business.facebook.com\/equineamericashop\/?business_id=193323571192825\" \/>\n<meta property=\"article:modified_time\" content=\"2024-08-02T11:33:40+00:00\" \/>\n<meta property=\"og:image\" content=\"https:\/\/tetraktis.si\/wp-content\/uploads\/2022\/04\/xtra-boost-hemogen.jpg\" \/>\n\t<meta property=\"og:image:width\" content=\"924\" \/>\n\t<meta property=\"og:image:height\" content=\"924\" \/>\n\t<meta property=\"og:image:type\" content=\"image\/jpeg\" \/>\n<meta name=\"twitter:card\" content=\"summary_large_image\" \/>\n<meta name=\"twitter:site\" content=\"@TetraktisInfo\" \/>\n<meta name=\"twitter:label1\" content=\"Est. reading time\" \/>\n\t<meta name=\"twitter:data1\" content=\"2 minutes\" \/>\n<script type=\"application\/ld+json\" class=\"yoast-schema-graph\">{\"@context\":\"https:\\\/\\\/schema.org\",\"@graph\":[{\"@type\":\"WebPage\",\"@id\":\"https:\\\/\\\/tetraktis.si\\\/en\\\/izdelek\\\/hemogen-xtra-boost\\\/\",\"url\":\"https:\\\/\\\/tetraktis.si\\\/en\\\/izdelek\\\/hemogen-xtra-boost\\\/\",\"name\":\"Hemogen Xtra Boost Tonic apsorable Iron for anemic horses\",\"isPartOf\":{\"@id\":\"https:\\\/\\\/tetraktis.si\\\/en\\\/#website\"},\"primaryImageOfPage\":{\"@id\":\"https:\\\/\\\/tetraktis.si\\\/en\\\/izdelek\\\/hemogen-xtra-boost\\\/#primaryimage\"},\"image\":{\"@id\":\"https:\\\/\\\/tetraktis.si\\\/en\\\/izdelek\\\/hemogen-xtra-boost\\\/#primaryimage\"},\"thumbnailUrl\":\"https:\\\/\\\/tetraktis.si\\\/wp-content\\\/uploads\\\/2022\\\/04\\\/xtra-boost-hemogen.jpg\",\"datePublished\":\"2022-04-27T13:51:59+00:00\",\"dateModified\":\"2024-08-02T11:33:40+00:00\",\"description\":\"Hemogen Xtra Boost contains a specialist and highly absorbable form of Iron, supported by B vitamins and accompanied vitamins and minerals.\",\"breadcrumb\":{\"@id\":\"https:\\\/\\\/tetraktis.si\\\/en\\\/izdelek\\\/hemogen-xtra-boost\\\/#breadcrumb\"},\"inLanguage\":\"en-US\",\"potentialAction\":[{\"@type\":\"ReadAction\",\"target\":[\"https:\\\/\\\/tetraktis.si\\\/en\\\/izdelek\\\/hemogen-xtra-boost\\\/\"]}]},{\"@type\":\"ImageObject\",\"inLanguage\":\"en-US\",\"@id\":\"https:\\\/\\\/tetraktis.si\\\/en\\\/izdelek\\\/hemogen-xtra-boost\\\/#primaryimage\",\"url\":\"https:\\\/\\\/tetraktis.si\\\/wp-content\\\/uploads\\\/2022\\\/04\\\/xtra-boost-hemogen.jpg\",\"contentUrl\":\"https:\\\/\\\/tetraktis.si\\\/wp-content\\\/uploads\\\/2022\\\/04\\\/xtra-boost-hemogen.jpg\",\"width\":924,\"height\":924},{\"@type\":\"BreadcrumbList\",\"@id\":\"https:\\\/\\\/tetraktis.si\\\/en\\\/izdelek\\\/hemogen-xtra-boost\\\/#breadcrumb\",\"itemListElement\":[{\"@type\":\"ListItem\",\"position\":1,\"name\":\"Shop\",\"item\":\"https:\\\/\\\/tetraktis.si\\\/en\\\/shop-3\\\/\"},{\"@type\":\"ListItem\",\"position\":2,\"name\":\"Hemogen Xtra Boost\"}]},{\"@type\":\"WebSite\",\"@id\":\"https:\\\/\\\/tetraktis.si\\\/en\\\/#website\",\"url\":\"https:\\\/\\\/tetraktis.si\\\/en\\\/\",\"name\":\"Tetraktis- Equine America, Dorwest, Excel\",\"description\":\"Samo najbolj\u0161e za va\u0161e \u017eivali\",\"publisher\":{\"@id\":\"https:\\\/\\\/tetraktis.si\\\/en\\\/#organization\"},\"potentialAction\":[{\"@type\":\"SearchAction\",\"target\":{\"@type\":\"EntryPoint\",\"urlTemplate\":\"https:\\\/\\\/tetraktis.si\\\/en\\\/?s={search_term_string}\"},\"query-input\":{\"@type\":\"PropertyValueSpecification\",\"valueRequired\":true,\"valueName\":\"search_term_string\"}}],\"inLanguage\":\"en-US\"},{\"@type\":\"Organization\",\"@id\":\"https:\\\/\\\/tetraktis.si\\\/en\\\/#organization\",\"name\":\"Tetraktis\",\"url\":\"https:\\\/\\\/tetraktis.si\\\/en\\\/\",\"logo\":{\"@type\":\"ImageObject\",\"inLanguage\":\"en-US\",\"@id\":\"https:\\\/\\\/tetraktis.si\\\/en\\\/#\\\/schema\\\/logo\\\/image\\\/\",\"url\":\"https:\\\/\\\/tetraktis.si\\\/wp-content\\\/uploads\\\/2022\\\/06\\\/logo.webp\",\"contentUrl\":\"https:\\\/\\\/tetraktis.si\\\/wp-content\\\/uploads\\\/2022\\\/06\\\/logo.webp\",\"width\":400,\"height\":211,\"caption\":\"Tetraktis\"},\"image\":{\"@id\":\"https:\\\/\\\/tetraktis.si\\\/en\\\/#\\\/schema\\\/logo\\\/image\\\/\"},\"sameAs\":[\"https:\\\/\\\/business.facebook.com\\\/equineamericashop\\\/?business_id=193323571192825\",\"https:\\\/\\\/x.com\\\/TetraktisInfo\",\"https:\\\/\\\/www.instagram.com\\\/tetraktisslovenija\\\/\",\"https:\\\/\\\/www.youtube.com\\\/channel\\\/UCk_PdKMdtpZ4pf0RRFL1vYA\"]}]}<\/script>\n<!-- \/ Yoast SEO Premium plugin. -->","yoast_head_json":{"title":"Hemogen Xtra Boost Tonic apsorable Iron for anemic horses","description":"Hemogen Xtra Boost contains a specialist and highly absorbable form of Iron, supported by B vitamins and accompanied vitamins and minerals.","robots":{"index":"index","follow":"follow","max-snippet":"max-snippet:-1","max-image-preview":"max-image-preview:large","max-video-preview":"max-video-preview:-1"},"canonical":"https:\/\/tetraktis.si\/en\/izdelek\/hemogen-xtra-boost\/","og_locale":"en_US","og_type":"article","og_title":"Hemogen Xtra Boost Tonic apsorable Iron for anemic horses","og_description":"Hemogen Xtra Boost contains a specialist and highly absorbable form of Iron, supported by B vitamins and accompanied vitamins and minerals.","og_url":"https:\/\/tetraktis.si\/en\/izdelek\/hemogen-xtra-boost\/","og_site_name":"Tetraktis- Equine America, Dorwest, Excel","article_publisher":"https:\/\/business.facebook.com\/equineamericashop\/?business_id=193323571192825","article_modified_time":"2024-08-02T11:33:40+00:00","og_image":[{"width":924,"height":924,"url":"https:\/\/tetraktis.si\/wp-content\/uploads\/2022\/04\/xtra-boost-hemogen.jpg","type":"image\/jpeg"}],"twitter_card":"summary_large_image","twitter_site":"@TetraktisInfo","twitter_misc":{"Est. reading time":"2 minutes"},"schema":{"@context":"https:\/\/schema.org","@graph":[{"@type":"WebPage","@id":"https:\/\/tetraktis.si\/en\/izdelek\/hemogen-xtra-boost\/","url":"https:\/\/tetraktis.si\/en\/izdelek\/hemogen-xtra-boost\/","name":"Hemogen Xtra Boost Tonic apsorable Iron for anemic horses","isPartOf":{"@id":"https:\/\/tetraktis.si\/en\/#website"},"primaryImageOfPage":{"@id":"https:\/\/tetraktis.si\/en\/izdelek\/hemogen-xtra-boost\/#primaryimage"},"image":{"@id":"https:\/\/tetraktis.si\/en\/izdelek\/hemogen-xtra-boost\/#primaryimage"},"thumbnailUrl":"https:\/\/tetraktis.si\/wp-content\/uploads\/2022\/04\/xtra-boost-hemogen.jpg","datePublished":"2022-04-27T13:51:59+00:00","dateModified":"2024-08-02T11:33:40+00:00","description":"Hemogen Xtra Boost contains a specialist and highly absorbable form of Iron, supported by B vitamins and accompanied vitamins and minerals.","breadcrumb":{"@id":"https:\/\/tetraktis.si\/en\/izdelek\/hemogen-xtra-boost\/#breadcrumb"},"inLanguage":"en-US","potentialAction":[{"@type":"ReadAction","target":["https:\/\/tetraktis.si\/en\/izdelek\/hemogen-xtra-boost\/"]}]},{"@type":"ImageObject","inLanguage":"en-US","@id":"https:\/\/tetraktis.si\/en\/izdelek\/hemogen-xtra-boost\/#primaryimage","url":"https:\/\/tetraktis.si\/wp-content\/uploads\/2022\/04\/xtra-boost-hemogen.jpg","contentUrl":"https:\/\/tetraktis.si\/wp-content\/uploads\/2022\/04\/xtra-boost-hemogen.jpg","width":924,"height":924},{"@type":"BreadcrumbList","@id":"https:\/\/tetraktis.si\/en\/izdelek\/hemogen-xtra-boost\/#breadcrumb","itemListElement":[{"@type":"ListItem","position":1,"name":"Shop","item":"https:\/\/tetraktis.si\/en\/shop-3\/"},{"@type":"ListItem","position":2,"name":"Hemogen Xtra Boost"}]},{"@type":"WebSite","@id":"https:\/\/tetraktis.si\/en\/#website","url":"https:\/\/tetraktis.si\/en\/","name":"Tetraktis- Equine America, Dorwest, Excel","description":"Samo najbolj\u0161e za va\u0161e \u017eivali","publisher":{"@id":"https:\/\/tetraktis.si\/en\/#organization"},"potentialAction":[{"@type":"SearchAction","target":{"@type":"EntryPoint","urlTemplate":"https:\/\/tetraktis.si\/en\/?s={search_term_string}"},"query-input":{"@type":"PropertyValueSpecification","valueRequired":true,"valueName":"search_term_string"}}],"inLanguage":"en-US"},{"@type":"Organization","@id":"https:\/\/tetraktis.si\/en\/#organization","name":"Tetraktis","url":"https:\/\/tetraktis.si\/en\/","logo":{"@type":"ImageObject","inLanguage":"en-US","@id":"https:\/\/tetraktis.si\/en\/#\/schema\/logo\/image\/","url":"https:\/\/tetraktis.si\/wp-content\/uploads\/2022\/06\/logo.webp","contentUrl":"https:\/\/tetraktis.si\/wp-content\/uploads\/2022\/06\/logo.webp","width":400,"height":211,"caption":"Tetraktis"},"image":{"@id":"https:\/\/tetraktis.si\/en\/#\/schema\/logo\/image\/"},"sameAs":["https:\/\/business.facebook.com\/equineamericashop\/?business_id=193323571192825","https:\/\/x.com\/TetraktisInfo","https:\/\/www.instagram.com\/tetraktisslovenija\/","https:\/\/www.youtube.com\/channel\/UCk_PdKMdtpZ4pf0RRFL1vYA"]}]}},"_links":{"self":[{"href":"https:\/\/tetraktis.si\/en\/wp-json\/wp\/v2\/product\/32364","targetHints":{"allow":["GET"]}}],"collection":[{"href":"https:\/\/tetraktis.si\/en\/wp-json\/wp\/v2\/product"}],"about":[{"href":"https:\/\/tetraktis.si\/en\/wp-json\/wp\/v2\/types\/product"}],"replies":[{"embeddable":true,"href":"https:\/\/tetraktis.si\/en\/wp-json\/wp\/v2\/comments?post=32364"}],"version-history":[{"count":1,"href":"https:\/\/tetraktis.si\/en\/wp-json\/wp\/v2\/product\/32364\/revisions"}],"predecessor-version":[{"id":37052,"href":"https:\/\/tetraktis.si\/en\/wp-json\/wp\/v2\/product\/32364\/revisions\/37052"}],"wp:featuredmedia":[{"embeddable":true,"href":"https:\/\/tetraktis.si\/en\/wp-json\/wp\/v2\/media\/23981"}],"wp:attachment":[{"href":"https:\/\/tetraktis.si\/en\/wp-json\/wp\/v2\/media?parent=32364"}],"wp:term":[{"taxonomy":"product_brand","embeddable":true,"href":"https:\/\/tetraktis.si\/en\/wp-json\/wp\/v2\/product_brand?post=32364"},{"taxonomy":"product_cat","embeddable":true,"href":"https:\/\/tetraktis.si\/en\/wp-json\/wp\/v2\/product_cat?post=32364"},{"taxonomy":"product_tag","embeddable":true,"href":"https:\/\/tetraktis.si\/en\/wp-json\/wp\/v2\/product_tag?post=32364"}],"curies":[{"name":"wp","href":"https:\/\/api.w.org\/{rel}","templated":true}]}}