{"id":32360,"date":"2022-04-27T15:51:04","date_gmt":"2022-04-27T13:51:04","guid":{"rendered":"https:\/\/cortaflex.si\/izdelek\/buteless-powder-super-or-original-high-strength\/"},"modified":"2024-02-27T13:07:47","modified_gmt":"2024-02-27T12:07:47","slug":"buteless-powder-super-or-original-high-strength","status":"publish","type":"product","link":"https:\/\/tetraktis.si\/en\/izdelek\/buteless-powder-super-or-original-high-strength\/","title":{"rendered":"Buteless\u00ae powder super or original high strength"},"content":{"rendered":"<div id=\"ProductHeading\">\n<div>\n<h1>BUTELESS SUPER STRENGTH POWDER, 1.5 kg (higher price)<\/h1>\n<\/div>\n<\/div>\n<p><strong><u>Buteless powder: exciting New Product !!!!<\/u><\/strong>\u00a0 \u00a0XXTREME COMPETITION FORMULA WITH HIGH LEVELS OF BOSWELLIA, MSM AND ANTIOXIDANTS FOR JOINT AND MUSCLE SUPPORT<\/p>\n<p>Modern performance horses and ponies are subjected to significant wear and tear on muscles and joints \u2013 rigorous training and competition or racing schedules and travelling can all take their toll on the musculoskeletal system.<\/p>\n<p>Longer shows and events, where peak performance is required on several consecutive days can be particularly demanding.<\/p>\n<p>Fatigue from strenuous activity can cause discomfort, resulting in a drop in performance.<\/p>\n<h2><strong>Buteless<\/strong>\u00a0is a palatable, potent blend of natural, plant-based antioxidants, formulated to help maintain comfort and support peak performance for horses in hard work (Super Strength 1,5kg) or to provide extra comfort to older horses and ponies where mobility is restricted (check for Original High Strength 1 kg formula)<\/h2>\n<p><strong>Contains<\/strong>: Boswellia, MSM, Turmeric (and black pepper), Vitamin E, Vitamin C, Yucca, Ginseng, Ginger, Rosemary and Grapeseed Extracts, on a linseed base, to provide important omega 3 fatty acids.<\/p>\n<p><strong>Boswellia \u2013\u00a0<\/strong>A plant used for centuries, and widely reported to have significant anti-inflammatory properties. Contains phytochemicals including acetyl -11-keto-B-boswellic acid (AKBA) which is thought to inhibit pro-inflammatory enzymes, and also others which exhibit antioxidant activity.<\/p>\n<p><a href=\"https:\/\/www.tetraktis.si\/en\/product\/msm-methyl-sulphonyl-methane\/\"><strong>MSM<\/strong><\/a>\u00a0\u2013 a well known anti-inflammatory compound and bio-available source of sulphur. MSM is thought to inhibit some of body chemicals linked to the inflammatory response, as well as helping to prevent cartilage breakdown.<\/p>\n<p><strong><a href=\"https:\/\/www.tetraktis.si\/en\/product\/equine-america-turmeric-3-kg\/\">Turmeric<\/a>\u00a0<\/strong>&#8211; containing the active compound curcumin, which is thought to exhibit potent anti-oxidant and anti-inflammatory properties.<\/p>\n<p><strong>Black Pepper\u00a0<\/strong>\u2013 provides piperine, a compound thought to increase the bio-availability of curcumin, as well as being an antioxidant in its own right.<\/p>\n<p><strong>Vitamins E and C\u00a0<\/strong>\u2013 two of the best known antioxidants vitamins, and may be required at higher levels in hard-working horses and ponies.<\/p>\n<p><strong>Yucca\u00a0<\/strong>\u2013 contains several physiologically active compounds called polyphenols, which are potent antioxidants.<\/p>\n<p><strong>Ginseng, Ginger, Rosemary and Grapeseed extracts\u00a0<\/strong>\u2013 all natural, potent antioxidants and anti-inflammatories.<\/p>\n<p><strong>All on a palatable linseed base\u00a0<\/strong>\u2013 to supply important omega 3 fatty acids.<\/p>\n<p><strong>Feeding Directions<\/strong>: For 500kg horse; 50g per day. Maximum; 100g per day. 50g (approx) measure enclosed.<br \/>\n<strong>Additives (per kg)<\/strong>: Nutritional additives: Vitamins: Vitamin E (3a700) 5000mg, Vitamin C (3a312) 40,000mg. Sensory additives: 2b Boswellia (100,000mg) 2b485 Dry grape extract 600mg, 2b Rosemary extract 500mg.<br \/>\n<strong>Composition<\/strong>: Linseed (full fat 35% oil), Calcium Carbonate, Methylsulphonylmethane (MSM) (6.0%), Turmeric, Yucca Schidigera, Ginger, Ginseng, Black Pepper.<br \/>\n<strong>Analytical Constituents<\/strong>: Crude Protein 12.6%, Crude Fibre 6.1%, Crude Oil 17.1%, Crude Ash 32.4%, Sodium 1.7%, Omega 3 Fatty Acids 8.5%.<\/p>\n<p>Available 1.5kg Powder\u00a0 30 days supply for 500g horse.<\/p>\n<div class=\"prodContent\">\n<p><a href=\"https:\/\/www.tetraktis.si\/wp-content\/uploads\/2019\/10\/BUTELESS-SUPER-STRENGTH-POWDER.pdf\">LABEL<\/a><\/p>\n<\/div>\n<div class=\"descTitle\">\n<h2>BUTELESS ORIGINAL HIGH STRENGTH POWDER 1kg<\/h2>\n<p>Buteless Powder (Original Strength) is a rapid-action supplement to help soothe joints, muscles and tendons after work, and provide extra comfort to older horses and ponies where mobility is restricted.<\/p>\n<\/div>\n<div class=\"descSub\">\n<p><strong>Key ingredients per 30g serve:\u00a0<\/strong><strong>Boswellia 2500mg,\u00a0<\/strong><strong>MSM 1500mg,\u00a0<\/strong><strong>Yucca 1000mg,\u00a0<\/strong><strong>Vitamin C 1000mg,\u00a0<\/strong><strong>Turmeric 1000mg<\/strong><\/p>\n<p><strong>Buteless Original Strength Powder<\/strong>\u00a0is a palatable blend of natural, plant-based antioxidants, formulated to help maintain joint and muscle comfort and support mobility in all horses and ponies.<\/p>\n<p><strong>Feeding Directions<\/strong>: For 500kg horse; for initial 10 days: 30g per day. Thereafter; 15g per day. Maximum; 30g per day. 15g (approx) measure enclosed.<br \/>\n<strong>Additives (per kg)<\/strong>: Nutritional additives: Vitamins: 3a700 Vitamin E 6667mg, 3a312 Vitamin C 33,000mg. Sensory additives: 2b Boswellia 83,333mg, 2b485 Dry Grape Extract 667mg, 2b Rosemary Extract 833mg. Technological additives: E321 Butylated Hydroxytoluene (BHT antioxidant) 200mg.<br \/>\n<strong>Composition<\/strong>: Linseed (full fat 35% oil), Calcium Carbonate, Methylsulphonylmethane (MSM), Yucca Schidigera (3.3%), Turmeric Powder, Black Pepper Powder.<br \/>\n<strong>Analytical Constituents<\/strong>: Crude Protein 12.9%, Crude Oils &amp; Fats 18.2%, Sodium 1.4%, Crude Fibre 6.2%, Crude Ash 31.6%<\/p>\n<p><a href=\"https:\/\/www.tetraktis.si\/wp-content\/uploads\/2016\/06\/BUTELESS\u00ae-ORIGINAL-HIGH-STRENGTH-pra\u0161ek.pdf\">LABEL<\/a><\/p>\n<\/div>\n","protected":false},"excerpt":{"rendered":"<div>\n<p>Xxxtreme competition formula with high levels of boswellia, MSM and antioxidants for joint and muscle support for horses in hard work choose SUPER STRENGTH (1,5kg) or to provide extra comfort to older horses and ponies where mobility is restricted, choose ORIGINAL HIGH STRENGTH 1 kg.<\/p>\n<\/div>\n<div><\/div>\n<h3><\/h3>\n","protected":false},"featured_media":21797,"comment_status":"open","ping_status":"closed","template":"","meta":[],"product_brand":[322],"product_cat":[3312,3313,3326,3314,3315],"product_tag":[],"class_list":{"0":"post-32360","1":"product","2":"type-product","3":"status-publish","4":"has-post-thumbnail","6":"product_brand-equine-america","7":"product_cat-bones-muscles","8":"product_cat-competition","9":"product_cat-products-onsale-horses","10":"product_cat-mobility-joints","11":"product_cat-wellbeing","14":"first","15":"instock","16":"taxable","17":"shipping-taxable","18":"purchasable","19":"product-type-variable","20":"has-default-attributes"},"yoast_head":"<!-- This site is optimized with the Yoast SEO Premium plugin v20.10 (Yoast SEO v27.3) - https:\/\/yoast.com\/product\/yoast-seo-premium-wordpress\/ -->\n<title>Buteless powder for competition or for older horses<\/title>\n<meta name=\"description\" content=\"Buteless powder: Boswellia, MSM, Turmeric, Vit. E, Vit.C, Yucca, Ginseng, Ginger, Rosemary and Grapeseed Extracts, on a linseed base.\" \/>\n<meta name=\"robots\" content=\"index, follow, max-snippet:-1, max-image-preview:large, max-video-preview:-1\" \/>\n<link rel=\"canonical\" href=\"https:\/\/tetraktis.si\/en\/izdelek\/buteless-powder-super-or-original-high-strength\/\" \/>\n<meta property=\"og:locale\" content=\"en_US\" \/>\n<meta property=\"og:type\" content=\"article\" \/>\n<meta property=\"og:title\" content=\"Buteless powder for competition or for older horses\" \/>\n<meta property=\"og:description\" content=\"Buteless powder: Boswellia, MSM, Turmeric, Vit. E, Vit.C, Yucca, Ginseng, Ginger, Rosemary and Grapeseed Extracts, on a linseed base.\" \/>\n<meta property=\"og:url\" content=\"https:\/\/tetraktis.si\/en\/izdelek\/buteless-powder-super-or-original-high-strength\/\" \/>\n<meta property=\"og:site_name\" content=\"Tetraktis- Equine America, Dorwest, Excel\" \/>\n<meta property=\"article:publisher\" content=\"https:\/\/business.facebook.com\/equineamericashop\/?business_id=193323571192825\" \/>\n<meta property=\"article:modified_time\" content=\"2024-02-27T12:07:47+00:00\" \/>\n<meta property=\"og:image\" content=\"https:\/\/tetraktis.si\/wp-content\/uploads\/2022\/04\/BUTELESS-SUPER-STRENGTH-POWDER.jpg\" \/>\n\t<meta property=\"og:image:width\" content=\"924\" \/>\n\t<meta property=\"og:image:height\" content=\"924\" \/>\n\t<meta property=\"og:image:type\" content=\"image\/jpeg\" \/>\n<meta name=\"twitter:card\" content=\"summary_large_image\" \/>\n<meta name=\"twitter:site\" content=\"@TetraktisInfo\" \/>\n<meta name=\"twitter:label1\" content=\"Est. reading time\" \/>\n\t<meta name=\"twitter:data1\" content=\"3 minutes\" \/>\n<script type=\"application\/ld+json\" class=\"yoast-schema-graph\">{\"@context\":\"https:\\\/\\\/schema.org\",\"@graph\":[{\"@type\":\"WebPage\",\"@id\":\"https:\\\/\\\/tetraktis.si\\\/en\\\/izdelek\\\/buteless-powder-super-or-original-high-strength\\\/\",\"url\":\"https:\\\/\\\/tetraktis.si\\\/en\\\/izdelek\\\/buteless-powder-super-or-original-high-strength\\\/\",\"name\":\"Buteless powder for competition or for older horses\",\"isPartOf\":{\"@id\":\"https:\\\/\\\/tetraktis.si\\\/en\\\/#website\"},\"primaryImageOfPage\":{\"@id\":\"https:\\\/\\\/tetraktis.si\\\/en\\\/izdelek\\\/buteless-powder-super-or-original-high-strength\\\/#primaryimage\"},\"image\":{\"@id\":\"https:\\\/\\\/tetraktis.si\\\/en\\\/izdelek\\\/buteless-powder-super-or-original-high-strength\\\/#primaryimage\"},\"thumbnailUrl\":\"https:\\\/\\\/tetraktis.si\\\/wp-content\\\/uploads\\\/2022\\\/04\\\/BUTELESS-SUPER-STRENGTH-POWDER.jpg\",\"datePublished\":\"2022-04-27T13:51:04+00:00\",\"dateModified\":\"2024-02-27T12:07:47+00:00\",\"description\":\"Buteless powder: Boswellia, MSM, Turmeric, Vit. E, Vit.C, Yucca, Ginseng, Ginger, Rosemary and Grapeseed Extracts, on a linseed base.\",\"breadcrumb\":{\"@id\":\"https:\\\/\\\/tetraktis.si\\\/en\\\/izdelek\\\/buteless-powder-super-or-original-high-strength\\\/#breadcrumb\"},\"inLanguage\":\"en-US\",\"potentialAction\":[{\"@type\":\"ReadAction\",\"target\":[\"https:\\\/\\\/tetraktis.si\\\/en\\\/izdelek\\\/buteless-powder-super-or-original-high-strength\\\/\"]}]},{\"@type\":\"ImageObject\",\"inLanguage\":\"en-US\",\"@id\":\"https:\\\/\\\/tetraktis.si\\\/en\\\/izdelek\\\/buteless-powder-super-or-original-high-strength\\\/#primaryimage\",\"url\":\"https:\\\/\\\/tetraktis.si\\\/wp-content\\\/uploads\\\/2022\\\/04\\\/BUTELESS-SUPER-STRENGTH-POWDER.jpg\",\"contentUrl\":\"https:\\\/\\\/tetraktis.si\\\/wp-content\\\/uploads\\\/2022\\\/04\\\/BUTELESS-SUPER-STRENGTH-POWDER.jpg\",\"width\":924,\"height\":924},{\"@type\":\"BreadcrumbList\",\"@id\":\"https:\\\/\\\/tetraktis.si\\\/en\\\/izdelek\\\/buteless-powder-super-or-original-high-strength\\\/#breadcrumb\",\"itemListElement\":[{\"@type\":\"ListItem\",\"position\":1,\"name\":\"Shop\",\"item\":\"https:\\\/\\\/tetraktis.si\\\/en\\\/shop-3\\\/\"},{\"@type\":\"ListItem\",\"position\":2,\"name\":\"Buteless\u00ae powder super or original high strength\"}]},{\"@type\":\"WebSite\",\"@id\":\"https:\\\/\\\/tetraktis.si\\\/en\\\/#website\",\"url\":\"https:\\\/\\\/tetraktis.si\\\/en\\\/\",\"name\":\"Tetraktis- Equine America, Dorwest, Excel\",\"description\":\"Samo najbolj\u0161e za va\u0161e \u017eivali\",\"publisher\":{\"@id\":\"https:\\\/\\\/tetraktis.si\\\/en\\\/#organization\"},\"potentialAction\":[{\"@type\":\"SearchAction\",\"target\":{\"@type\":\"EntryPoint\",\"urlTemplate\":\"https:\\\/\\\/tetraktis.si\\\/en\\\/?s={search_term_string}\"},\"query-input\":{\"@type\":\"PropertyValueSpecification\",\"valueRequired\":true,\"valueName\":\"search_term_string\"}}],\"inLanguage\":\"en-US\"},{\"@type\":\"Organization\",\"@id\":\"https:\\\/\\\/tetraktis.si\\\/en\\\/#organization\",\"name\":\"Tetraktis\",\"url\":\"https:\\\/\\\/tetraktis.si\\\/en\\\/\",\"logo\":{\"@type\":\"ImageObject\",\"inLanguage\":\"en-US\",\"@id\":\"https:\\\/\\\/tetraktis.si\\\/en\\\/#\\\/schema\\\/logo\\\/image\\\/\",\"url\":\"https:\\\/\\\/tetraktis.si\\\/wp-content\\\/uploads\\\/2022\\\/06\\\/logo.webp\",\"contentUrl\":\"https:\\\/\\\/tetraktis.si\\\/wp-content\\\/uploads\\\/2022\\\/06\\\/logo.webp\",\"width\":400,\"height\":211,\"caption\":\"Tetraktis\"},\"image\":{\"@id\":\"https:\\\/\\\/tetraktis.si\\\/en\\\/#\\\/schema\\\/logo\\\/image\\\/\"},\"sameAs\":[\"https:\\\/\\\/business.facebook.com\\\/equineamericashop\\\/?business_id=193323571192825\",\"https:\\\/\\\/x.com\\\/TetraktisInfo\",\"https:\\\/\\\/www.instagram.com\\\/tetraktisslovenija\\\/\",\"https:\\\/\\\/www.youtube.com\\\/channel\\\/UCk_PdKMdtpZ4pf0RRFL1vYA\"]}]}<\/script>\n<!-- \/ Yoast SEO Premium plugin. -->","yoast_head_json":{"title":"Buteless powder for competition or for older horses","description":"Buteless powder: Boswellia, MSM, Turmeric, Vit. E, Vit.C, Yucca, Ginseng, Ginger, Rosemary and Grapeseed Extracts, on a linseed base.","robots":{"index":"index","follow":"follow","max-snippet":"max-snippet:-1","max-image-preview":"max-image-preview:large","max-video-preview":"max-video-preview:-1"},"canonical":"https:\/\/tetraktis.si\/en\/izdelek\/buteless-powder-super-or-original-high-strength\/","og_locale":"en_US","og_type":"article","og_title":"Buteless powder for competition or for older horses","og_description":"Buteless powder: Boswellia, MSM, Turmeric, Vit. E, Vit.C, Yucca, Ginseng, Ginger, Rosemary and Grapeseed Extracts, on a linseed base.","og_url":"https:\/\/tetraktis.si\/en\/izdelek\/buteless-powder-super-or-original-high-strength\/","og_site_name":"Tetraktis- Equine America, Dorwest, Excel","article_publisher":"https:\/\/business.facebook.com\/equineamericashop\/?business_id=193323571192825","article_modified_time":"2024-02-27T12:07:47+00:00","og_image":[{"width":924,"height":924,"url":"https:\/\/tetraktis.si\/wp-content\/uploads\/2022\/04\/BUTELESS-SUPER-STRENGTH-POWDER.jpg","type":"image\/jpeg"}],"twitter_card":"summary_large_image","twitter_site":"@TetraktisInfo","twitter_misc":{"Est. reading time":"3 minutes"},"schema":{"@context":"https:\/\/schema.org","@graph":[{"@type":"WebPage","@id":"https:\/\/tetraktis.si\/en\/izdelek\/buteless-powder-super-or-original-high-strength\/","url":"https:\/\/tetraktis.si\/en\/izdelek\/buteless-powder-super-or-original-high-strength\/","name":"Buteless powder for competition or for older horses","isPartOf":{"@id":"https:\/\/tetraktis.si\/en\/#website"},"primaryImageOfPage":{"@id":"https:\/\/tetraktis.si\/en\/izdelek\/buteless-powder-super-or-original-high-strength\/#primaryimage"},"image":{"@id":"https:\/\/tetraktis.si\/en\/izdelek\/buteless-powder-super-or-original-high-strength\/#primaryimage"},"thumbnailUrl":"https:\/\/tetraktis.si\/wp-content\/uploads\/2022\/04\/BUTELESS-SUPER-STRENGTH-POWDER.jpg","datePublished":"2022-04-27T13:51:04+00:00","dateModified":"2024-02-27T12:07:47+00:00","description":"Buteless powder: Boswellia, MSM, Turmeric, Vit. E, Vit.C, Yucca, Ginseng, Ginger, Rosemary and Grapeseed Extracts, on a linseed base.","breadcrumb":{"@id":"https:\/\/tetraktis.si\/en\/izdelek\/buteless-powder-super-or-original-high-strength\/#breadcrumb"},"inLanguage":"en-US","potentialAction":[{"@type":"ReadAction","target":["https:\/\/tetraktis.si\/en\/izdelek\/buteless-powder-super-or-original-high-strength\/"]}]},{"@type":"ImageObject","inLanguage":"en-US","@id":"https:\/\/tetraktis.si\/en\/izdelek\/buteless-powder-super-or-original-high-strength\/#primaryimage","url":"https:\/\/tetraktis.si\/wp-content\/uploads\/2022\/04\/BUTELESS-SUPER-STRENGTH-POWDER.jpg","contentUrl":"https:\/\/tetraktis.si\/wp-content\/uploads\/2022\/04\/BUTELESS-SUPER-STRENGTH-POWDER.jpg","width":924,"height":924},{"@type":"BreadcrumbList","@id":"https:\/\/tetraktis.si\/en\/izdelek\/buteless-powder-super-or-original-high-strength\/#breadcrumb","itemListElement":[{"@type":"ListItem","position":1,"name":"Shop","item":"https:\/\/tetraktis.si\/en\/shop-3\/"},{"@type":"ListItem","position":2,"name":"Buteless\u00ae powder super or original high strength"}]},{"@type":"WebSite","@id":"https:\/\/tetraktis.si\/en\/#website","url":"https:\/\/tetraktis.si\/en\/","name":"Tetraktis- Equine America, Dorwest, Excel","description":"Samo najbolj\u0161e za va\u0161e \u017eivali","publisher":{"@id":"https:\/\/tetraktis.si\/en\/#organization"},"potentialAction":[{"@type":"SearchAction","target":{"@type":"EntryPoint","urlTemplate":"https:\/\/tetraktis.si\/en\/?s={search_term_string}"},"query-input":{"@type":"PropertyValueSpecification","valueRequired":true,"valueName":"search_term_string"}}],"inLanguage":"en-US"},{"@type":"Organization","@id":"https:\/\/tetraktis.si\/en\/#organization","name":"Tetraktis","url":"https:\/\/tetraktis.si\/en\/","logo":{"@type":"ImageObject","inLanguage":"en-US","@id":"https:\/\/tetraktis.si\/en\/#\/schema\/logo\/image\/","url":"https:\/\/tetraktis.si\/wp-content\/uploads\/2022\/06\/logo.webp","contentUrl":"https:\/\/tetraktis.si\/wp-content\/uploads\/2022\/06\/logo.webp","width":400,"height":211,"caption":"Tetraktis"},"image":{"@id":"https:\/\/tetraktis.si\/en\/#\/schema\/logo\/image\/"},"sameAs":["https:\/\/business.facebook.com\/equineamericashop\/?business_id=193323571192825","https:\/\/x.com\/TetraktisInfo","https:\/\/www.instagram.com\/tetraktisslovenija\/","https:\/\/www.youtube.com\/channel\/UCk_PdKMdtpZ4pf0RRFL1vYA"]}]}},"_links":{"self":[{"href":"https:\/\/tetraktis.si\/en\/wp-json\/wp\/v2\/product\/32360","targetHints":{"allow":["GET"]}}],"collection":[{"href":"https:\/\/tetraktis.si\/en\/wp-json\/wp\/v2\/product"}],"about":[{"href":"https:\/\/tetraktis.si\/en\/wp-json\/wp\/v2\/types\/product"}],"replies":[{"embeddable":true,"href":"https:\/\/tetraktis.si\/en\/wp-json\/wp\/v2\/comments?post=32360"}],"version-history":[{"count":1,"href":"https:\/\/tetraktis.si\/en\/wp-json\/wp\/v2\/product\/32360\/revisions"}],"predecessor-version":[{"id":37050,"href":"https:\/\/tetraktis.si\/en\/wp-json\/wp\/v2\/product\/32360\/revisions\/37050"}],"wp:featuredmedia":[{"embeddable":true,"href":"https:\/\/tetraktis.si\/en\/wp-json\/wp\/v2\/media\/21797"}],"wp:attachment":[{"href":"https:\/\/tetraktis.si\/en\/wp-json\/wp\/v2\/media?parent=32360"}],"wp:term":[{"taxonomy":"product_brand","embeddable":true,"href":"https:\/\/tetraktis.si\/en\/wp-json\/wp\/v2\/product_brand?post=32360"},{"taxonomy":"product_cat","embeddable":true,"href":"https:\/\/tetraktis.si\/en\/wp-json\/wp\/v2\/product_cat?post=32360"},{"taxonomy":"product_tag","embeddable":true,"href":"https:\/\/tetraktis.si\/en\/wp-json\/wp\/v2\/product_tag?post=32360"}],"curies":[{"name":"wp","href":"https:\/\/api.w.org\/{rel}","templated":true}]}}