{"id":32358,"date":"2022-04-27T15:51:04","date_gmt":"2022-04-27T13:51:04","guid":{"rendered":"https:\/\/cortaflex.si\/izdelek\/glucosamine-hci-for-horses-12000-plus-msm-ha\/"},"modified":"2025-05-06T09:43:34","modified_gmt":"2025-05-06T07:43:34","slug":"glucosamine-hci-for-horses-12000-plus-msm-ha","status":"publish","type":"product","link":"https:\/\/tetraktis.si\/en\/izdelek\/glucosamine-hci-for-horses-12000-plus-msm-ha\/","title":{"rendered":"Glucosamine HCI for Horses 12,000 plus MSM &amp; HA"},"content":{"rendered":"<h1>Glucosamine for Horses for Joint Support<\/h1>\n<p>A potent combination of glucosamine (from hydrochloride or HCl), fortified with\u00a0 MSM and Hyaluronic Acid,\u00a0 on a palatable dextrose base, providing great value joint and mobility support for all horses and ponies.<\/p>\n<p>Joint disease, especially \u201cwear and tear\u201d of the cartilage on the articular surfaces of joints is one of the most common reasons for lameness in horses and ponies and can affect those in lighter work or older horses, as well as those with a strenuous training and competition program.<\/p>\n<p>In a healthy joint, cartilage is continuously undergoing repair to micro-damage, but as cartilage doesn\u2019t have its own blood supply, it relies upon the bone underneath and the synovial fluid bathing the joint to supply nutrients and key compounds to complete these repairs. As the horse ages, or the daily impact of training and competition increases, the ability of the synovial fluid and bone to provide these nutrients may not be enough to keep up with the rate of repair, and damage and resulting pain and lameness begin to occur.<\/p>\n<p>It is therefore vital that the horse has a supply of the key building blocks and nutrients to maintain the quality of joint fluid and hence allow the joint to keep up with the rate of cartilage repair in order to support joint health and mobility.<\/p>\n<p>Glucosamine for horses HCl 12,000 provides those key compounds, including 12 g glucosamine per 30 g loading dose, as well as key nutrients hyaluronic acid and <strong>MSM<\/strong>, to provide nutritional support for both cartilage repair and to help maintain synovial fluid which lubricates and nourishes the joint.<\/p>\n<p><strong>Key Ingredients Per 30g Serving: <\/strong>Glucosamine HCI 12000mg, HA 9mg, MSM 1650mg<\/p>\n<p><strong>Directions for use<\/strong>: For 500kg horse: for initial 10 days, 30g per day. Thereafter, may be reduced to 15g per day, to maintain the desired response.<\/p>\n<p><strong>Composition<\/strong>: Dextrose, Glucosamine hydrochloride, Methylsulphonylmethane (MSM), Hyaluronic Acid.<\/p>\n<p><strong>Analyticsl constituents<\/strong>: Crude Protein18.2% Crude Fibre&lt;1.0% Crude Fat&lt;1.0% Crude Ash10.3%, Sodium&lt;1.0%<\/p>\n<p>Available 1kg (66 day supply) &amp; 5kg (330 day supply)<\/p>\n","protected":false},"excerpt":{"rendered":"<p>If it&#8217;s <strong>Glucosamine<\/strong> you want, compare the strength, purity and price to any other <strong>Glucosamine<\/strong> product on the market \u2013 we doubt you&#8217;ll beat it. And now with the addition of <strong>Turmeric<\/strong>.<\/p>\n<p>&nbsp;<\/p>\n","protected":false},"featured_media":21748,"comment_status":"open","ping_status":"closed","template":"","meta":[],"product_brand":[322],"product_cat":[3313,3326,3314],"product_tag":[],"class_list":{"0":"post-32358","1":"product","2":"type-product","3":"status-publish","4":"has-post-thumbnail","6":"product_brand-equine-america","7":"product_cat-competition","8":"product_cat-products-onsale-horses","9":"product_cat-mobility-joints","12":"first","13":"instock","14":"taxable","15":"shipping-taxable","16":"purchasable","17":"product-type-variable","18":"has-default-attributes"},"yoast_head":"<!-- This site is optimized with the Yoast SEO Premium plugin v20.10 (Yoast SEO v27.3) - https:\/\/yoast.com\/product\/yoast-seo-premium-wordpress\/ -->\n<title>Glucosamine HCI for Horses 12,000 plus MSM &amp; HA<\/title>\n<meta name=\"description\" content=\"Glucosamine for horses provides 12 g glucosamine per 30 g loading dose, as well as HA and MSM, to provide nutritional support for joints.\" \/>\n<meta name=\"robots\" content=\"index, follow, max-snippet:-1, max-image-preview:large, max-video-preview:-1\" \/>\n<link rel=\"canonical\" href=\"https:\/\/tetraktis.si\/en\/izdelek\/glucosamine-hci-for-horses-12000-plus-msm-ha\/\" \/>\n<meta property=\"og:locale\" content=\"en_US\" \/>\n<meta property=\"og:type\" content=\"article\" \/>\n<meta property=\"og:title\" content=\"Glucosamine HCI for Horses 12,000 plus MSM &amp; HA\" \/>\n<meta property=\"og:description\" content=\"Glucosamine for horses provides 12 g glucosamine per 30 g loading dose, as well as HA and MSM, to provide nutritional support for joints.\" \/>\n<meta property=\"og:url\" content=\"https:\/\/tetraktis.si\/en\/izdelek\/glucosamine-hci-for-horses-12000-plus-msm-ha\/\" \/>\n<meta property=\"og:site_name\" content=\"Tetraktis- Equine America, Dorwest, Excel\" \/>\n<meta property=\"article:publisher\" content=\"https:\/\/business.facebook.com\/equineamericashop\/?business_id=193323571192825\" \/>\n<meta property=\"article:modified_time\" content=\"2025-05-06T07:43:34+00:00\" \/>\n<meta property=\"og:image\" content=\"https:\/\/tetraktis.si\/wp-content\/uploads\/2022\/04\/GLUCOSAMINE-HCI-12000-Premium-Quality-1.jpg\" \/>\n\t<meta property=\"og:image:width\" content=\"924\" \/>\n\t<meta property=\"og:image:height\" content=\"924\" \/>\n\t<meta property=\"og:image:type\" content=\"image\/jpeg\" \/>\n<meta name=\"twitter:card\" content=\"summary_large_image\" \/>\n<meta name=\"twitter:site\" content=\"@TetraktisInfo\" \/>\n<meta name=\"twitter:label1\" content=\"Est. reading time\" \/>\n\t<meta name=\"twitter:data1\" content=\"2 minutes\" \/>\n<script type=\"application\/ld+json\" class=\"yoast-schema-graph\">{\"@context\":\"https:\\\/\\\/schema.org\",\"@graph\":[{\"@type\":\"WebPage\",\"@id\":\"https:\\\/\\\/tetraktis.si\\\/en\\\/izdelek\\\/glucosamine-hci-for-horses-12000-plus-msm-ha\\\/\",\"url\":\"https:\\\/\\\/tetraktis.si\\\/en\\\/izdelek\\\/glucosamine-hci-for-horses-12000-plus-msm-ha\\\/\",\"name\":\"Glucosamine HCI for Horses 12,000 plus MSM &amp; HA\",\"isPartOf\":{\"@id\":\"https:\\\/\\\/tetraktis.si\\\/en\\\/#website\"},\"primaryImageOfPage\":{\"@id\":\"https:\\\/\\\/tetraktis.si\\\/en\\\/izdelek\\\/glucosamine-hci-for-horses-12000-plus-msm-ha\\\/#primaryimage\"},\"image\":{\"@id\":\"https:\\\/\\\/tetraktis.si\\\/en\\\/izdelek\\\/glucosamine-hci-for-horses-12000-plus-msm-ha\\\/#primaryimage\"},\"thumbnailUrl\":\"https:\\\/\\\/tetraktis.si\\\/wp-content\\\/uploads\\\/2022\\\/04\\\/GLUCOSAMINE-HCI-12000-Premium-Quality-1.jpg\",\"datePublished\":\"2022-04-27T13:51:04+00:00\",\"dateModified\":\"2025-05-06T07:43:34+00:00\",\"description\":\"Glucosamine for horses provides 12 g glucosamine per 30 g loading dose, as well as HA and MSM, to provide nutritional support for joints.\",\"breadcrumb\":{\"@id\":\"https:\\\/\\\/tetraktis.si\\\/en\\\/izdelek\\\/glucosamine-hci-for-horses-12000-plus-msm-ha\\\/#breadcrumb\"},\"inLanguage\":\"en-US\",\"potentialAction\":[{\"@type\":\"ReadAction\",\"target\":[\"https:\\\/\\\/tetraktis.si\\\/en\\\/izdelek\\\/glucosamine-hci-for-horses-12000-plus-msm-ha\\\/\"]}]},{\"@type\":\"ImageObject\",\"inLanguage\":\"en-US\",\"@id\":\"https:\\\/\\\/tetraktis.si\\\/en\\\/izdelek\\\/glucosamine-hci-for-horses-12000-plus-msm-ha\\\/#primaryimage\",\"url\":\"https:\\\/\\\/tetraktis.si\\\/wp-content\\\/uploads\\\/2022\\\/04\\\/GLUCOSAMINE-HCI-12000-Premium-Quality-1.jpg\",\"contentUrl\":\"https:\\\/\\\/tetraktis.si\\\/wp-content\\\/uploads\\\/2022\\\/04\\\/GLUCOSAMINE-HCI-12000-Premium-Quality-1.jpg\",\"width\":924,\"height\":924},{\"@type\":\"BreadcrumbList\",\"@id\":\"https:\\\/\\\/tetraktis.si\\\/en\\\/izdelek\\\/glucosamine-hci-for-horses-12000-plus-msm-ha\\\/#breadcrumb\",\"itemListElement\":[{\"@type\":\"ListItem\",\"position\":1,\"name\":\"Shop\",\"item\":\"https:\\\/\\\/tetraktis.si\\\/en\\\/shop-3\\\/\"},{\"@type\":\"ListItem\",\"position\":2,\"name\":\"Glucosamine HCI for Horses 12,000 plus MSM &amp; HA\"}]},{\"@type\":\"WebSite\",\"@id\":\"https:\\\/\\\/tetraktis.si\\\/en\\\/#website\",\"url\":\"https:\\\/\\\/tetraktis.si\\\/en\\\/\",\"name\":\"Tetraktis- Equine America, Dorwest, Excel\",\"description\":\"Samo najbolj\u0161e za va\u0161e \u017eivali\",\"publisher\":{\"@id\":\"https:\\\/\\\/tetraktis.si\\\/en\\\/#organization\"},\"potentialAction\":[{\"@type\":\"SearchAction\",\"target\":{\"@type\":\"EntryPoint\",\"urlTemplate\":\"https:\\\/\\\/tetraktis.si\\\/en\\\/?s={search_term_string}\"},\"query-input\":{\"@type\":\"PropertyValueSpecification\",\"valueRequired\":true,\"valueName\":\"search_term_string\"}}],\"inLanguage\":\"en-US\"},{\"@type\":\"Organization\",\"@id\":\"https:\\\/\\\/tetraktis.si\\\/en\\\/#organization\",\"name\":\"Tetraktis\",\"url\":\"https:\\\/\\\/tetraktis.si\\\/en\\\/\",\"logo\":{\"@type\":\"ImageObject\",\"inLanguage\":\"en-US\",\"@id\":\"https:\\\/\\\/tetraktis.si\\\/en\\\/#\\\/schema\\\/logo\\\/image\\\/\",\"url\":\"https:\\\/\\\/tetraktis.si\\\/wp-content\\\/uploads\\\/2022\\\/06\\\/logo.webp\",\"contentUrl\":\"https:\\\/\\\/tetraktis.si\\\/wp-content\\\/uploads\\\/2022\\\/06\\\/logo.webp\",\"width\":400,\"height\":211,\"caption\":\"Tetraktis\"},\"image\":{\"@id\":\"https:\\\/\\\/tetraktis.si\\\/en\\\/#\\\/schema\\\/logo\\\/image\\\/\"},\"sameAs\":[\"https:\\\/\\\/business.facebook.com\\\/equineamericashop\\\/?business_id=193323571192825\",\"https:\\\/\\\/x.com\\\/TetraktisInfo\",\"https:\\\/\\\/www.instagram.com\\\/tetraktisslovenija\\\/\",\"https:\\\/\\\/www.youtube.com\\\/channel\\\/UCk_PdKMdtpZ4pf0RRFL1vYA\"]}]}<\/script>\n<!-- \/ Yoast SEO Premium plugin. -->","yoast_head_json":{"title":"Glucosamine HCI for Horses 12,000 plus MSM &amp; HA","description":"Glucosamine for horses provides 12 g glucosamine per 30 g loading dose, as well as HA and MSM, to provide nutritional support for joints.","robots":{"index":"index","follow":"follow","max-snippet":"max-snippet:-1","max-image-preview":"max-image-preview:large","max-video-preview":"max-video-preview:-1"},"canonical":"https:\/\/tetraktis.si\/en\/izdelek\/glucosamine-hci-for-horses-12000-plus-msm-ha\/","og_locale":"en_US","og_type":"article","og_title":"Glucosamine HCI for Horses 12,000 plus MSM &amp; HA","og_description":"Glucosamine for horses provides 12 g glucosamine per 30 g loading dose, as well as HA and MSM, to provide nutritional support for joints.","og_url":"https:\/\/tetraktis.si\/en\/izdelek\/glucosamine-hci-for-horses-12000-plus-msm-ha\/","og_site_name":"Tetraktis- Equine America, Dorwest, Excel","article_publisher":"https:\/\/business.facebook.com\/equineamericashop\/?business_id=193323571192825","article_modified_time":"2025-05-06T07:43:34+00:00","og_image":[{"width":924,"height":924,"url":"https:\/\/tetraktis.si\/wp-content\/uploads\/2022\/04\/GLUCOSAMINE-HCI-12000-Premium-Quality-1.jpg","type":"image\/jpeg"}],"twitter_card":"summary_large_image","twitter_site":"@TetraktisInfo","twitter_misc":{"Est. reading time":"2 minutes"},"schema":{"@context":"https:\/\/schema.org","@graph":[{"@type":"WebPage","@id":"https:\/\/tetraktis.si\/en\/izdelek\/glucosamine-hci-for-horses-12000-plus-msm-ha\/","url":"https:\/\/tetraktis.si\/en\/izdelek\/glucosamine-hci-for-horses-12000-plus-msm-ha\/","name":"Glucosamine HCI for Horses 12,000 plus MSM &amp; HA","isPartOf":{"@id":"https:\/\/tetraktis.si\/en\/#website"},"primaryImageOfPage":{"@id":"https:\/\/tetraktis.si\/en\/izdelek\/glucosamine-hci-for-horses-12000-plus-msm-ha\/#primaryimage"},"image":{"@id":"https:\/\/tetraktis.si\/en\/izdelek\/glucosamine-hci-for-horses-12000-plus-msm-ha\/#primaryimage"},"thumbnailUrl":"https:\/\/tetraktis.si\/wp-content\/uploads\/2022\/04\/GLUCOSAMINE-HCI-12000-Premium-Quality-1.jpg","datePublished":"2022-04-27T13:51:04+00:00","dateModified":"2025-05-06T07:43:34+00:00","description":"Glucosamine for horses provides 12 g glucosamine per 30 g loading dose, as well as HA and MSM, to provide nutritional support for joints.","breadcrumb":{"@id":"https:\/\/tetraktis.si\/en\/izdelek\/glucosamine-hci-for-horses-12000-plus-msm-ha\/#breadcrumb"},"inLanguage":"en-US","potentialAction":[{"@type":"ReadAction","target":["https:\/\/tetraktis.si\/en\/izdelek\/glucosamine-hci-for-horses-12000-plus-msm-ha\/"]}]},{"@type":"ImageObject","inLanguage":"en-US","@id":"https:\/\/tetraktis.si\/en\/izdelek\/glucosamine-hci-for-horses-12000-plus-msm-ha\/#primaryimage","url":"https:\/\/tetraktis.si\/wp-content\/uploads\/2022\/04\/GLUCOSAMINE-HCI-12000-Premium-Quality-1.jpg","contentUrl":"https:\/\/tetraktis.si\/wp-content\/uploads\/2022\/04\/GLUCOSAMINE-HCI-12000-Premium-Quality-1.jpg","width":924,"height":924},{"@type":"BreadcrumbList","@id":"https:\/\/tetraktis.si\/en\/izdelek\/glucosamine-hci-for-horses-12000-plus-msm-ha\/#breadcrumb","itemListElement":[{"@type":"ListItem","position":1,"name":"Shop","item":"https:\/\/tetraktis.si\/en\/shop-3\/"},{"@type":"ListItem","position":2,"name":"Glucosamine HCI for Horses 12,000 plus MSM &amp; HA"}]},{"@type":"WebSite","@id":"https:\/\/tetraktis.si\/en\/#website","url":"https:\/\/tetraktis.si\/en\/","name":"Tetraktis- Equine America, Dorwest, Excel","description":"Samo najbolj\u0161e za va\u0161e \u017eivali","publisher":{"@id":"https:\/\/tetraktis.si\/en\/#organization"},"potentialAction":[{"@type":"SearchAction","target":{"@type":"EntryPoint","urlTemplate":"https:\/\/tetraktis.si\/en\/?s={search_term_string}"},"query-input":{"@type":"PropertyValueSpecification","valueRequired":true,"valueName":"search_term_string"}}],"inLanguage":"en-US"},{"@type":"Organization","@id":"https:\/\/tetraktis.si\/en\/#organization","name":"Tetraktis","url":"https:\/\/tetraktis.si\/en\/","logo":{"@type":"ImageObject","inLanguage":"en-US","@id":"https:\/\/tetraktis.si\/en\/#\/schema\/logo\/image\/","url":"https:\/\/tetraktis.si\/wp-content\/uploads\/2022\/06\/logo.webp","contentUrl":"https:\/\/tetraktis.si\/wp-content\/uploads\/2022\/06\/logo.webp","width":400,"height":211,"caption":"Tetraktis"},"image":{"@id":"https:\/\/tetraktis.si\/en\/#\/schema\/logo\/image\/"},"sameAs":["https:\/\/business.facebook.com\/equineamericashop\/?business_id=193323571192825","https:\/\/x.com\/TetraktisInfo","https:\/\/www.instagram.com\/tetraktisslovenija\/","https:\/\/www.youtube.com\/channel\/UCk_PdKMdtpZ4pf0RRFL1vYA"]}]}},"_links":{"self":[{"href":"https:\/\/tetraktis.si\/en\/wp-json\/wp\/v2\/product\/32358","targetHints":{"allow":["GET"]}}],"collection":[{"href":"https:\/\/tetraktis.si\/en\/wp-json\/wp\/v2\/product"}],"about":[{"href":"https:\/\/tetraktis.si\/en\/wp-json\/wp\/v2\/types\/product"}],"replies":[{"embeddable":true,"href":"https:\/\/tetraktis.si\/en\/wp-json\/wp\/v2\/comments?post=32358"}],"version-history":[{"count":1,"href":"https:\/\/tetraktis.si\/en\/wp-json\/wp\/v2\/product\/32358\/revisions"}],"predecessor-version":[{"id":37049,"href":"https:\/\/tetraktis.si\/en\/wp-json\/wp\/v2\/product\/32358\/revisions\/37049"}],"wp:featuredmedia":[{"embeddable":true,"href":"https:\/\/tetraktis.si\/en\/wp-json\/wp\/v2\/media\/21748"}],"wp:attachment":[{"href":"https:\/\/tetraktis.si\/en\/wp-json\/wp\/v2\/media?parent=32358"}],"wp:term":[{"taxonomy":"product_brand","embeddable":true,"href":"https:\/\/tetraktis.si\/en\/wp-json\/wp\/v2\/product_brand?post=32358"},{"taxonomy":"product_cat","embeddable":true,"href":"https:\/\/tetraktis.si\/en\/wp-json\/wp\/v2\/product_cat?post=32358"},{"taxonomy":"product_tag","embeddable":true,"href":"https:\/\/tetraktis.si\/en\/wp-json\/wp\/v2\/product_tag?post=32358"}],"curies":[{"name":"wp","href":"https:\/\/api.w.org\/{rel}","templated":true}]}}