{"id":32357,"date":"2022-04-27T15:51:04","date_gmt":"2022-04-27T13:51:04","guid":{"rendered":"https:\/\/cortaflex.si\/izdelek\/lamigard-equine-america-xxxtreme-trt-for-laminitis\/"},"modified":"2023-03-28T09:03:40","modified_gmt":"2023-03-28T07:03:40","slug":"lamigard-equine-america-xxxtreme-trt-for-laminitis","status":"publish","type":"product","link":"https:\/\/tetraktis.si\/en\/izdelek\/lamigard-equine-america-xxxtreme-trt-for-laminitis\/","title":{"rendered":"Lamigard Equine America XXXtreme TRT (for laminitis)"},"content":{"rendered":"<h1><strong>Lamigard Equine America XXXTREME is a rapid action solution for use in acute situations<\/strong><\/h1>\n<p>Lamigard Equine America p<span style=\"color: #333333;\">rovides potent antioxidant support from\u00a0<\/span><strong style=\"color: #333333;\"><em>plant extracts<\/em><\/strong><span style=\"color: #333333;\">\u00a0including\u00a0<\/span><strong style=\"color: #333333;\"><em>Marshmallow\u00a0<\/em><\/strong><span style=\"color: #333333;\">and\u00a0<\/span><strong style=\"color: #333333;\"><em>Milk Thistle.<\/em><\/strong><\/p>\n<ul>\n<li>Provides\u00a0<strong><em>Magnesium\u00a0<\/em><\/strong>and\u00a0<strong><em>Vitamin E<\/em><\/strong>\u00a0as further support against free radical damage<\/li>\n<li>Provides high levels of\u00a0<strong><em>Folic Acid<\/em><\/strong>\u00a0to support blood vessels in the hoof.<\/li>\n<li>Contains\u00a0<strong><em>Melon Pulp<\/em><\/strong>\u00a0&#8211; a natural source of key antioxidant enzymes<\/li>\n<li>Contains\u00a0<strong><em>additional plant extracts\u00a0<\/em><\/strong>(including a natural source of resveratrol) to support blood vessels and a normal inflammatory response.<\/li>\n<li><strong><em>VERY Low sugar and starch<\/em><\/strong>\u00a0for horses and ponies.<\/li>\n<li>Palatable and may be syringed if little or no concentrate feed is offered.<\/li>\n<li>BETA NOPS and UFAS accredited, ensuring our products do not contain prohibited substances\u00a0and are suitable for horses competing under FEI regulations and the Rules of Racing.<\/li>\n<\/ul>\n<p><strong>Laminitis is a serious clinical condition and requires immediate veterinary attention. Lamigard TRT XXXtreme Solution can form part of the ongoing management programme.<\/strong><\/p>\n<h2>Lamigard Equine America is providing nutrients to the internal sensitive structures, as well as promoting external <strong>hoof<\/strong> wall growth and condition<\/h2>\n<p>Can be used at high levels in the short term, and at a maintenance level for long term health. It will ensure your horses feet stay healthy all year round and will complement a careful feeding regime.<\/p>\n<p>It\u00a0can also be fed to the in-foal and lactating mare.<\/p>\n<p>Lamigard TRT XXXtreme Solution delivers a unique approach to the nutritional management and metabolic support for horses and ponies.<\/p>\n<p>Lamigard TRT XXXtreme Solution is low in sugar and starch, high fibre, easy to feed and suitable for horses and ponies on very low, or no other concentrate feed.<\/p>\n<h2><strong>What are the benefits of Lamigard XXXtreme Solution?<\/strong><\/h2>\n<ul>\n<li><em>Melon Pulp\u00a0<\/em>is a natural source of key antioxidant enzymes.<\/li>\n<li><em>Magnesium\u00a0<\/em>also plays a key role in helping to support a normal antioxidant and inflammatory response.<\/li>\n<li><em>Folic Acid\u00a0<\/em> plays a key role in nitric oxide generation, which is important for vasodilation -helping to keep blood vessels open in the feet.<\/li>\n<li><em>Vitamin E<\/em> is one of the most important antioxidant vitamins to help neutralize damaging free radicals and support the immune system.<\/li>\n<li><em>Milk Thistle and Marshmallow\u00a0<\/em> are important plant-based antioxidant also help to support the liver.<\/li>\n<li><em>Additional plant extracts\u00a0<\/em>(including natural sources of resveratrol) to support healthy blood vessels and a normal inflammatory response.<\/li>\n<\/ul>\n<p><strong><em>Lamigard TRT XXXTreme Solution<\/em><\/strong> contains a potent blend of key antioxidants and other supporting nutrients and plant extracts to help in long term nutritional management of horses and ponies prone to both SIRS laminitis and those with endocrine dysfunction.<\/p>\n<h2>A complementary feed for horses and ponies, to support a healthy metabolism as part of a balanced diet<\/h2>\n<p><strong>Key Ingredients per 30 ml Serving: <\/strong>Magnesium 1.0g, Folic Acid 300mg, MilkThistle\u00a0\u00a0extract 2000mg, Vitamin E 300mg,\u00a0Melon Juice (antioxidant) 1.5g, Marshmallow extract 1000mg.<\/p>\n<p><strong>Nutritional additives\/kg: <\/strong>Vitamins: Vitamin E (3a700) 10,000mg, Folic Acid (3a316) 10,000mg, Sensory additives: 2b Milk Thistle Extract 66,700mg, Althaea officinalis (Marshmallow) extract 33,330mg, Composition: Water, Magnesium chloride, Melon Pulp.<\/p>\n<p><strong>Analytical Constituents<\/strong>: Crude Protein &lt;1.0%, Crude Fibre &lt;1.0%, Crude Fat &lt;1.0%, Crude Ash 7.0%, Sodium &lt;1.0%, Starch and sugar &lt;2.0%, Magnesium 3.3%, Moisture 75%.<\/p>\n<div id=\"st-directions-for-use_0-2\" class=\"station-tabs-content is-active\" tabindex=\"0\" role=\"tabpanel\" aria-labelledby=\"st-link-directions-for-use_0-2\" aria-hidden=\"false\">\n<div class=\"station-tabs-content-inner\">\n<p><strong>Directions for feeding:<\/strong> Horses and large ponies: 30 ml twice daily for 7 days, followed by 30 ml once daily for a further 7 days. \u00a0Thereafter, 15 ml per day for maintenance. Maximum 60 ml per day.<br \/>\nSmaller ponies: 20ml twice daily for 7 days, followed by 20 ml once daily for 7 days. Thereafter 10 ml per day for maintenance. Maximum 40 ml per day.<\/p>\n<p><strong>Brought With<\/strong><\/p>\n<p><a title=\"Lamigard Advanced Care Pellets\" href=\"https:\/\/www.tetraktis.si\/en\/product\/lamigard-pellets-trt-for-laminitis\/\"><em>Lamigard Advanced Care Pellets<\/em><\/a>\u00a0for horses needing long term metabolic and hoof support<\/p>\n<p><a title=\"Everyday Vitamins And Minerals\" href=\"https:\/\/www.tetraktis.si\/en\/product\/vitamin-mineral-supplement\/\"><em>Everyday Vitamins and Minerals \u00a0<\/em><\/a>to help maintain general health and wellbeing<\/p>\n<p><a title=\"EA Supreme Omega Oil\" href=\"https:\/\/www.tetraktis.si\/en\/product\/omega-oil-for-horses\/\"><em>Ultimate Omega Oil<\/em><\/a>\u2013 for ultimate glossy coats and skin health and extra non-starch calories<\/p>\n<p><em><a title=\"Buteless Super Strength Powder\" href=\"https:\/\/www.tetraktis.si\/en\/product\/buteless-high-strength\/\">Buteless Powder or Solution<\/a>\u00a0\u2013\u00a0<\/em>to provide comfort, following veterinary discussion.<\/p>\n<\/div>\n<\/div>\n<p>&nbsp;<\/p>\n","protected":false},"excerpt":{"rendered":"<p id=\"breadCrumbs\"><strong><em>Lamigard TRT XXXTreme Solution<\/em><\/strong> contains a potent blend of key antioxidants and other supporting nutrients and plant extracts to help in long term nutritional management of horses and ponies prone to both SIRS laminitis and those with endocrine dysfunction.<\/p>\n","protected":false},"featured_media":21744,"comment_status":"open","ping_status":"closed","template":"","meta":[],"product_brand":[322],"product_cat":[3313,3326,3324],"product_tag":[],"class_list":{"0":"post-32357","1":"product","2":"type-product","3":"status-publish","4":"has-post-thumbnail","6":"product_brand-equine-america","7":"product_cat-competition","8":"product_cat-products-onsale-horses","9":"product_cat-hoofcare","12":"first","13":"outofstock","14":"taxable","15":"shipping-taxable","16":"product-type-simple"},"yoast_head":"<!-- This site is optimized with the Yoast SEO Premium plugin v20.10 (Yoast SEO v27.3) - https:\/\/yoast.com\/product\/yoast-seo-premium-wordpress\/ -->\n<title>Lamigard Equine America-herbal supplement for treating laminitis in horses<\/title>\n<meta name=\"description\" content=\"Lamigard Equine America- effective supplement for the horse or pony which is prone to Laminitis, short term and for long-term-health.\" \/>\n<meta name=\"robots\" content=\"index, follow, max-snippet:-1, max-image-preview:large, max-video-preview:-1\" \/>\n<link rel=\"canonical\" href=\"https:\/\/tetraktis.si\/en\/izdelek\/lamigard-equine-america-xxxtreme-trt-for-laminitis\/\" \/>\n<meta property=\"og:locale\" content=\"en_US\" \/>\n<meta property=\"og:type\" content=\"article\" \/>\n<meta property=\"og:title\" content=\"Lamigard Equine America-herbal supplement for treating laminitis in horses\" \/>\n<meta property=\"og:description\" content=\"Lamigard Equine America- effective supplement for the horse or pony which is prone to Laminitis, short term and for long-term-health.\" \/>\n<meta property=\"og:url\" content=\"https:\/\/tetraktis.si\/en\/izdelek\/lamigard-equine-america-xxxtreme-trt-for-laminitis\/\" \/>\n<meta property=\"og:site_name\" content=\"Tetraktis- Equine America, Dorwest, Excel\" \/>\n<meta property=\"article:publisher\" content=\"https:\/\/business.facebook.com\/equineamericashop\/?business_id=193323571192825\" \/>\n<meta property=\"article:modified_time\" content=\"2023-03-28T07:03:40+00:00\" \/>\n<meta property=\"og:image\" content=\"https:\/\/tetraktis.si\/wp-content\/uploads\/2022\/04\/Lamigard-1ltr-XXXTREME-2-months.jpg\" \/>\n\t<meta property=\"og:image:width\" content=\"924\" \/>\n\t<meta property=\"og:image:height\" content=\"924\" \/>\n\t<meta property=\"og:image:type\" content=\"image\/jpeg\" \/>\n<meta name=\"twitter:card\" content=\"summary_large_image\" \/>\n<meta name=\"twitter:site\" content=\"@TetraktisInfo\" \/>\n<meta name=\"twitter:label1\" content=\"Est. reading time\" \/>\n\t<meta name=\"twitter:data1\" content=\"3 minutes\" \/>\n<script type=\"application\/ld+json\" class=\"yoast-schema-graph\">{\"@context\":\"https:\\\/\\\/schema.org\",\"@graph\":[{\"@type\":\"WebPage\",\"@id\":\"https:\\\/\\\/tetraktis.si\\\/en\\\/izdelek\\\/lamigard-equine-america-xxxtreme-trt-for-laminitis\\\/\",\"url\":\"https:\\\/\\\/tetraktis.si\\\/en\\\/izdelek\\\/lamigard-equine-america-xxxtreme-trt-for-laminitis\\\/\",\"name\":\"Lamigard Equine America-herbal supplement for treating laminitis in horses\",\"isPartOf\":{\"@id\":\"https:\\\/\\\/tetraktis.si\\\/en\\\/#website\"},\"primaryImageOfPage\":{\"@id\":\"https:\\\/\\\/tetraktis.si\\\/en\\\/izdelek\\\/lamigard-equine-america-xxxtreme-trt-for-laminitis\\\/#primaryimage\"},\"image\":{\"@id\":\"https:\\\/\\\/tetraktis.si\\\/en\\\/izdelek\\\/lamigard-equine-america-xxxtreme-trt-for-laminitis\\\/#primaryimage\"},\"thumbnailUrl\":\"https:\\\/\\\/tetraktis.si\\\/wp-content\\\/uploads\\\/2022\\\/04\\\/Lamigard-1ltr-XXXTREME-2-months.jpg\",\"datePublished\":\"2022-04-27T13:51:04+00:00\",\"dateModified\":\"2023-03-28T07:03:40+00:00\",\"description\":\"Lamigard Equine America- effective supplement for the horse or pony which is prone to Laminitis, short term and for long-term-health.\",\"breadcrumb\":{\"@id\":\"https:\\\/\\\/tetraktis.si\\\/en\\\/izdelek\\\/lamigard-equine-america-xxxtreme-trt-for-laminitis\\\/#breadcrumb\"},\"inLanguage\":\"en-US\",\"potentialAction\":[{\"@type\":\"ReadAction\",\"target\":[\"https:\\\/\\\/tetraktis.si\\\/en\\\/izdelek\\\/lamigard-equine-america-xxxtreme-trt-for-laminitis\\\/\"]}]},{\"@type\":\"ImageObject\",\"inLanguage\":\"en-US\",\"@id\":\"https:\\\/\\\/tetraktis.si\\\/en\\\/izdelek\\\/lamigard-equine-america-xxxtreme-trt-for-laminitis\\\/#primaryimage\",\"url\":\"https:\\\/\\\/tetraktis.si\\\/wp-content\\\/uploads\\\/2022\\\/04\\\/Lamigard-1ltr-XXXTREME-2-months.jpg\",\"contentUrl\":\"https:\\\/\\\/tetraktis.si\\\/wp-content\\\/uploads\\\/2022\\\/04\\\/Lamigard-1ltr-XXXTREME-2-months.jpg\",\"width\":924,\"height\":924},{\"@type\":\"BreadcrumbList\",\"@id\":\"https:\\\/\\\/tetraktis.si\\\/en\\\/izdelek\\\/lamigard-equine-america-xxxtreme-trt-for-laminitis\\\/#breadcrumb\",\"itemListElement\":[{\"@type\":\"ListItem\",\"position\":1,\"name\":\"Shop\",\"item\":\"https:\\\/\\\/tetraktis.si\\\/en\\\/shop-3\\\/\"},{\"@type\":\"ListItem\",\"position\":2,\"name\":\"Lamigard Equine America XXXtreme TRT (for laminitis)\"}]},{\"@type\":\"WebSite\",\"@id\":\"https:\\\/\\\/tetraktis.si\\\/en\\\/#website\",\"url\":\"https:\\\/\\\/tetraktis.si\\\/en\\\/\",\"name\":\"Tetraktis- Equine America, Dorwest, Excel\",\"description\":\"Samo najbolj\u0161e za va\u0161e \u017eivali\",\"publisher\":{\"@id\":\"https:\\\/\\\/tetraktis.si\\\/en\\\/#organization\"},\"potentialAction\":[{\"@type\":\"SearchAction\",\"target\":{\"@type\":\"EntryPoint\",\"urlTemplate\":\"https:\\\/\\\/tetraktis.si\\\/en\\\/?s={search_term_string}\"},\"query-input\":{\"@type\":\"PropertyValueSpecification\",\"valueRequired\":true,\"valueName\":\"search_term_string\"}}],\"inLanguage\":\"en-US\"},{\"@type\":\"Organization\",\"@id\":\"https:\\\/\\\/tetraktis.si\\\/en\\\/#organization\",\"name\":\"Tetraktis\",\"url\":\"https:\\\/\\\/tetraktis.si\\\/en\\\/\",\"logo\":{\"@type\":\"ImageObject\",\"inLanguage\":\"en-US\",\"@id\":\"https:\\\/\\\/tetraktis.si\\\/en\\\/#\\\/schema\\\/logo\\\/image\\\/\",\"url\":\"https:\\\/\\\/tetraktis.si\\\/wp-content\\\/uploads\\\/2022\\\/06\\\/logo.webp\",\"contentUrl\":\"https:\\\/\\\/tetraktis.si\\\/wp-content\\\/uploads\\\/2022\\\/06\\\/logo.webp\",\"width\":400,\"height\":211,\"caption\":\"Tetraktis\"},\"image\":{\"@id\":\"https:\\\/\\\/tetraktis.si\\\/en\\\/#\\\/schema\\\/logo\\\/image\\\/\"},\"sameAs\":[\"https:\\\/\\\/business.facebook.com\\\/equineamericashop\\\/?business_id=193323571192825\",\"https:\\\/\\\/x.com\\\/TetraktisInfo\",\"https:\\\/\\\/www.instagram.com\\\/tetraktisslovenija\\\/\",\"https:\\\/\\\/www.youtube.com\\\/channel\\\/UCk_PdKMdtpZ4pf0RRFL1vYA\"]}]}<\/script>\n<!-- \/ Yoast SEO Premium plugin. -->","yoast_head_json":{"title":"Lamigard Equine America-herbal supplement for treating laminitis in horses","description":"Lamigard Equine America- effective supplement for the horse or pony which is prone to Laminitis, short term and for long-term-health.","robots":{"index":"index","follow":"follow","max-snippet":"max-snippet:-1","max-image-preview":"max-image-preview:large","max-video-preview":"max-video-preview:-1"},"canonical":"https:\/\/tetraktis.si\/en\/izdelek\/lamigard-equine-america-xxxtreme-trt-for-laminitis\/","og_locale":"en_US","og_type":"article","og_title":"Lamigard Equine America-herbal supplement for treating laminitis in horses","og_description":"Lamigard Equine America- effective supplement for the horse or pony which is prone to Laminitis, short term and for long-term-health.","og_url":"https:\/\/tetraktis.si\/en\/izdelek\/lamigard-equine-america-xxxtreme-trt-for-laminitis\/","og_site_name":"Tetraktis- Equine America, Dorwest, Excel","article_publisher":"https:\/\/business.facebook.com\/equineamericashop\/?business_id=193323571192825","article_modified_time":"2023-03-28T07:03:40+00:00","og_image":[{"width":924,"height":924,"url":"https:\/\/tetraktis.si\/wp-content\/uploads\/2022\/04\/Lamigard-1ltr-XXXTREME-2-months.jpg","type":"image\/jpeg"}],"twitter_card":"summary_large_image","twitter_site":"@TetraktisInfo","twitter_misc":{"Est. reading time":"3 minutes"},"schema":{"@context":"https:\/\/schema.org","@graph":[{"@type":"WebPage","@id":"https:\/\/tetraktis.si\/en\/izdelek\/lamigard-equine-america-xxxtreme-trt-for-laminitis\/","url":"https:\/\/tetraktis.si\/en\/izdelek\/lamigard-equine-america-xxxtreme-trt-for-laminitis\/","name":"Lamigard Equine America-herbal supplement for treating laminitis in horses","isPartOf":{"@id":"https:\/\/tetraktis.si\/en\/#website"},"primaryImageOfPage":{"@id":"https:\/\/tetraktis.si\/en\/izdelek\/lamigard-equine-america-xxxtreme-trt-for-laminitis\/#primaryimage"},"image":{"@id":"https:\/\/tetraktis.si\/en\/izdelek\/lamigard-equine-america-xxxtreme-trt-for-laminitis\/#primaryimage"},"thumbnailUrl":"https:\/\/tetraktis.si\/wp-content\/uploads\/2022\/04\/Lamigard-1ltr-XXXTREME-2-months.jpg","datePublished":"2022-04-27T13:51:04+00:00","dateModified":"2023-03-28T07:03:40+00:00","description":"Lamigard Equine America- effective supplement for the horse or pony which is prone to Laminitis, short term and for long-term-health.","breadcrumb":{"@id":"https:\/\/tetraktis.si\/en\/izdelek\/lamigard-equine-america-xxxtreme-trt-for-laminitis\/#breadcrumb"},"inLanguage":"en-US","potentialAction":[{"@type":"ReadAction","target":["https:\/\/tetraktis.si\/en\/izdelek\/lamigard-equine-america-xxxtreme-trt-for-laminitis\/"]}]},{"@type":"ImageObject","inLanguage":"en-US","@id":"https:\/\/tetraktis.si\/en\/izdelek\/lamigard-equine-america-xxxtreme-trt-for-laminitis\/#primaryimage","url":"https:\/\/tetraktis.si\/wp-content\/uploads\/2022\/04\/Lamigard-1ltr-XXXTREME-2-months.jpg","contentUrl":"https:\/\/tetraktis.si\/wp-content\/uploads\/2022\/04\/Lamigard-1ltr-XXXTREME-2-months.jpg","width":924,"height":924},{"@type":"BreadcrumbList","@id":"https:\/\/tetraktis.si\/en\/izdelek\/lamigard-equine-america-xxxtreme-trt-for-laminitis\/#breadcrumb","itemListElement":[{"@type":"ListItem","position":1,"name":"Shop","item":"https:\/\/tetraktis.si\/en\/shop-3\/"},{"@type":"ListItem","position":2,"name":"Lamigard Equine America XXXtreme TRT (for laminitis)"}]},{"@type":"WebSite","@id":"https:\/\/tetraktis.si\/en\/#website","url":"https:\/\/tetraktis.si\/en\/","name":"Tetraktis- Equine America, Dorwest, Excel","description":"Samo najbolj\u0161e za va\u0161e \u017eivali","publisher":{"@id":"https:\/\/tetraktis.si\/en\/#organization"},"potentialAction":[{"@type":"SearchAction","target":{"@type":"EntryPoint","urlTemplate":"https:\/\/tetraktis.si\/en\/?s={search_term_string}"},"query-input":{"@type":"PropertyValueSpecification","valueRequired":true,"valueName":"search_term_string"}}],"inLanguage":"en-US"},{"@type":"Organization","@id":"https:\/\/tetraktis.si\/en\/#organization","name":"Tetraktis","url":"https:\/\/tetraktis.si\/en\/","logo":{"@type":"ImageObject","inLanguage":"en-US","@id":"https:\/\/tetraktis.si\/en\/#\/schema\/logo\/image\/","url":"https:\/\/tetraktis.si\/wp-content\/uploads\/2022\/06\/logo.webp","contentUrl":"https:\/\/tetraktis.si\/wp-content\/uploads\/2022\/06\/logo.webp","width":400,"height":211,"caption":"Tetraktis"},"image":{"@id":"https:\/\/tetraktis.si\/en\/#\/schema\/logo\/image\/"},"sameAs":["https:\/\/business.facebook.com\/equineamericashop\/?business_id=193323571192825","https:\/\/x.com\/TetraktisInfo","https:\/\/www.instagram.com\/tetraktisslovenija\/","https:\/\/www.youtube.com\/channel\/UCk_PdKMdtpZ4pf0RRFL1vYA"]}]}},"_links":{"self":[{"href":"https:\/\/tetraktis.si\/en\/wp-json\/wp\/v2\/product\/32357","targetHints":{"allow":["GET"]}}],"collection":[{"href":"https:\/\/tetraktis.si\/en\/wp-json\/wp\/v2\/product"}],"about":[{"href":"https:\/\/tetraktis.si\/en\/wp-json\/wp\/v2\/types\/product"}],"replies":[{"embeddable":true,"href":"https:\/\/tetraktis.si\/en\/wp-json\/wp\/v2\/comments?post=32357"}],"version-history":[{"count":1,"href":"https:\/\/tetraktis.si\/en\/wp-json\/wp\/v2\/product\/32357\/revisions"}],"predecessor-version":[{"id":37048,"href":"https:\/\/tetraktis.si\/en\/wp-json\/wp\/v2\/product\/32357\/revisions\/37048"}],"wp:featuredmedia":[{"embeddable":true,"href":"https:\/\/tetraktis.si\/en\/wp-json\/wp\/v2\/media\/21744"}],"wp:attachment":[{"href":"https:\/\/tetraktis.si\/en\/wp-json\/wp\/v2\/media?parent=32357"}],"wp:term":[{"taxonomy":"product_brand","embeddable":true,"href":"https:\/\/tetraktis.si\/en\/wp-json\/wp\/v2\/product_brand?post=32357"},{"taxonomy":"product_cat","embeddable":true,"href":"https:\/\/tetraktis.si\/en\/wp-json\/wp\/v2\/product_cat?post=32357"},{"taxonomy":"product_tag","embeddable":true,"href":"https:\/\/tetraktis.si\/en\/wp-json\/wp\/v2\/product_tag?post=32357"}],"curies":[{"name":"wp","href":"https:\/\/api.w.org\/{rel}","templated":true}]}}