{"id":32352,"date":"2022-04-30T23:57:16","date_gmt":"2022-04-30T21:57:16","guid":{"rendered":"https:\/\/cortaflex.si\/izdelek\/silky-tail-untangler-1ltr\/"},"modified":"2023-03-28T08:58:58","modified_gmt":"2023-03-28T06:58:58","slug":"silky-tail-1ltr","status":"publish","type":"product","link":"https:\/\/tetraktis.si\/en\/izdelek\/silky-tail-1ltr\/","title":{"rendered":"Silky Tail Untangler 1ltr"},"content":{"rendered":"<p style=\"text-align: center;\">  100% natural<\/p>\n<p style=\"text-align: center;\"> \u00a0Does not leave tail hairs brittle<\/p>\n<p style=\"text-align: center;\">  Does not contain silicon<\/p>\n<p style=\"text-align: center;\">  Contains natural silk<\/p>\n<p>The number one Mane and tail conditioner made with 100% natural ingredients- pure silk with added coconut extracts.<\/p>\n<p>Our new improved formula is a non-greasy tail conditioner that detangles and leaves a silky sheen.<\/p>\n<p>Silky Tail Untangler contains Hydrolysed Silk, and Coconut oils for healthy, beautiful grooming.<\/p>\n<p>Silky Tail Untangler does not contain Silicon, will not leave the hair brittle and contains natural Silk.<\/p>\n<p>Non \u2013 greasy and lasts longer than most silicon products.<\/p>\n<p>DIRECTIONS FOR USE: SHAKE WELL. Spray liberally throughout the mane and tail, leave for 1 minute to penetrate, brush through thoroughly. Provides everyday protection.<\/p>\n<p>Available in 750ml<\/p>\n","protected":false},"excerpt":{"rendered":"<p><strong>100% Natural For a silky tail and a show ring sheen.<\/strong><\/p>\n<p><strong>A non greasy tail conditioner that detangles and leaves a silky sheen.<\/strong><\/p>\n<p>Silky contains natural Hydrolysed Silk and Coconut oils for healthy, beautiful grooming, does not contain silicon, will not leave the hair brittle.<\/p>\n","protected":false},"featured_media":25154,"comment_status":"open","ping_status":"closed","template":"","meta":[],"product_brand":[],"product_cat":[3321,3311],"product_tag":[1759,1760,1762,1761,1758],"class_list":{"0":"post-32352","1":"product","2":"type-product","3":"status-publish","4":"has-post-thumbnail","6":"product_cat-grooming-shampoos","7":"product_cat-horses","8":"product_tag-conditioner-2","9":"product_tag-grooming-2","10":"product_tag-lemongrass-2","11":"product_tag-natural-silk-2","12":"product_tag-silky-tail-2","15":"first","16":"onbackorder","17":"purchasable","18":"product-type-simple"},"yoast_head":"<!-- This site is optimized with the Yoast SEO Premium plugin v20.10 (Yoast SEO v27.3) - https:\/\/yoast.com\/product\/yoast-seo-premium-wordpress\/ -->\n<title>Silky Tail Untangler contains Hydrolysed Silk, and Coconut oils<\/title>\n<meta name=\"description\" content=\"Silky Tail Untangler for healthy, beautiful grooming.Silky Tail Untangler does not contain Silicon, will not leave the hair brittle.\" \/>\n<meta name=\"robots\" content=\"index, follow, max-snippet:-1, max-image-preview:large, max-video-preview:-1\" \/>\n<link rel=\"canonical\" href=\"https:\/\/tetraktis.si\/en\/izdelek\/silky-tail-1ltr\/\" \/>\n<meta property=\"og:locale\" content=\"en_US\" \/>\n<meta property=\"og:type\" content=\"article\" \/>\n<meta property=\"og:title\" content=\"Silky Tail Untangler contains Hydrolysed Silk, and Coconut oils\" \/>\n<meta property=\"og:description\" content=\"Silky Tail Untangler for healthy, beautiful grooming.Silky Tail Untangler does not contain Silicon, will not leave the hair brittle.\" \/>\n<meta property=\"og:url\" content=\"https:\/\/tetraktis.si\/en\/izdelek\/silky-tail-1ltr\/\" \/>\n<meta property=\"og:site_name\" content=\"Tetraktis- Equine America, Dorwest, Excel\" \/>\n<meta property=\"article:publisher\" content=\"https:\/\/business.facebook.com\/equineamericashop\/?business_id=193323571192825\" \/>\n<meta property=\"article:modified_time\" content=\"2023-03-28T06:58:58+00:00\" \/>\n<meta property=\"og:image\" content=\"https:\/\/tetraktis.si\/wp-content\/uploads\/2022\/04\/Silky-Tail-Un-Tangler-750ml1.jpg\" \/>\n\t<meta property=\"og:image:width\" content=\"500\" \/>\n\t<meta property=\"og:image:height\" content=\"500\" \/>\n\t<meta property=\"og:image:type\" content=\"image\/jpeg\" \/>\n<meta name=\"twitter:card\" content=\"summary_large_image\" \/>\n<meta name=\"twitter:site\" content=\"@TetraktisInfo\" \/>\n<meta name=\"twitter:label1\" content=\"Est. reading time\" \/>\n\t<meta name=\"twitter:data1\" content=\"1 minute\" \/>\n<script type=\"application\/ld+json\" class=\"yoast-schema-graph\">{\"@context\":\"https:\\\/\\\/schema.org\",\"@graph\":[{\"@type\":\"WebPage\",\"@id\":\"https:\\\/\\\/tetraktis.si\\\/en\\\/izdelek\\\/silky-tail-1ltr\\\/\",\"url\":\"https:\\\/\\\/tetraktis.si\\\/en\\\/izdelek\\\/silky-tail-1ltr\\\/\",\"name\":\"Silky Tail Untangler contains Hydrolysed Silk, and Coconut oils\",\"isPartOf\":{\"@id\":\"https:\\\/\\\/tetraktis.si\\\/en\\\/#website\"},\"primaryImageOfPage\":{\"@id\":\"https:\\\/\\\/tetraktis.si\\\/en\\\/izdelek\\\/silky-tail-1ltr\\\/#primaryimage\"},\"image\":{\"@id\":\"https:\\\/\\\/tetraktis.si\\\/en\\\/izdelek\\\/silky-tail-1ltr\\\/#primaryimage\"},\"thumbnailUrl\":\"https:\\\/\\\/tetraktis.si\\\/wp-content\\\/uploads\\\/2022\\\/04\\\/Silky-Tail-Un-Tangler-750ml1.jpg\",\"datePublished\":\"2022-04-30T21:57:16+00:00\",\"dateModified\":\"2023-03-28T06:58:58+00:00\",\"description\":\"Silky Tail Untangler for healthy, beautiful grooming.Silky Tail Untangler does not contain Silicon, will not leave the hair brittle.\",\"breadcrumb\":{\"@id\":\"https:\\\/\\\/tetraktis.si\\\/en\\\/izdelek\\\/silky-tail-1ltr\\\/#breadcrumb\"},\"inLanguage\":\"en-US\",\"potentialAction\":[{\"@type\":\"ReadAction\",\"target\":[\"https:\\\/\\\/tetraktis.si\\\/en\\\/izdelek\\\/silky-tail-1ltr\\\/\"]}]},{\"@type\":\"ImageObject\",\"inLanguage\":\"en-US\",\"@id\":\"https:\\\/\\\/tetraktis.si\\\/en\\\/izdelek\\\/silky-tail-1ltr\\\/#primaryimage\",\"url\":\"https:\\\/\\\/tetraktis.si\\\/wp-content\\\/uploads\\\/2022\\\/04\\\/Silky-Tail-Un-Tangler-750ml1.jpg\",\"contentUrl\":\"https:\\\/\\\/tetraktis.si\\\/wp-content\\\/uploads\\\/2022\\\/04\\\/Silky-Tail-Un-Tangler-750ml1.jpg\",\"width\":500,\"height\":500},{\"@type\":\"BreadcrumbList\",\"@id\":\"https:\\\/\\\/tetraktis.si\\\/en\\\/izdelek\\\/silky-tail-1ltr\\\/#breadcrumb\",\"itemListElement\":[{\"@type\":\"ListItem\",\"position\":1,\"name\":\"Shop\",\"item\":\"https:\\\/\\\/tetraktis.si\\\/en\\\/shop-3\\\/\"},{\"@type\":\"ListItem\",\"position\":2,\"name\":\"Silky Tail Untangler 1ltr\"}]},{\"@type\":\"WebSite\",\"@id\":\"https:\\\/\\\/tetraktis.si\\\/en\\\/#website\",\"url\":\"https:\\\/\\\/tetraktis.si\\\/en\\\/\",\"name\":\"Tetraktis- Equine America, Dorwest, Excel\",\"description\":\"Samo najbolj\u0161e za va\u0161e \u017eivali\",\"publisher\":{\"@id\":\"https:\\\/\\\/tetraktis.si\\\/en\\\/#organization\"},\"potentialAction\":[{\"@type\":\"SearchAction\",\"target\":{\"@type\":\"EntryPoint\",\"urlTemplate\":\"https:\\\/\\\/tetraktis.si\\\/en\\\/?s={search_term_string}\"},\"query-input\":{\"@type\":\"PropertyValueSpecification\",\"valueRequired\":true,\"valueName\":\"search_term_string\"}}],\"inLanguage\":\"en-US\"},{\"@type\":\"Organization\",\"@id\":\"https:\\\/\\\/tetraktis.si\\\/en\\\/#organization\",\"name\":\"Tetraktis\",\"url\":\"https:\\\/\\\/tetraktis.si\\\/en\\\/\",\"logo\":{\"@type\":\"ImageObject\",\"inLanguage\":\"en-US\",\"@id\":\"https:\\\/\\\/tetraktis.si\\\/en\\\/#\\\/schema\\\/logo\\\/image\\\/\",\"url\":\"https:\\\/\\\/tetraktis.si\\\/wp-content\\\/uploads\\\/2022\\\/06\\\/logo.webp\",\"contentUrl\":\"https:\\\/\\\/tetraktis.si\\\/wp-content\\\/uploads\\\/2022\\\/06\\\/logo.webp\",\"width\":400,\"height\":211,\"caption\":\"Tetraktis\"},\"image\":{\"@id\":\"https:\\\/\\\/tetraktis.si\\\/en\\\/#\\\/schema\\\/logo\\\/image\\\/\"},\"sameAs\":[\"https:\\\/\\\/business.facebook.com\\\/equineamericashop\\\/?business_id=193323571192825\",\"https:\\\/\\\/x.com\\\/TetraktisInfo\",\"https:\\\/\\\/www.instagram.com\\\/tetraktisslovenija\\\/\",\"https:\\\/\\\/www.youtube.com\\\/channel\\\/UCk_PdKMdtpZ4pf0RRFL1vYA\"]}]}<\/script>\n<!-- \/ Yoast SEO Premium plugin. -->","yoast_head_json":{"title":"Silky Tail Untangler contains Hydrolysed Silk, and Coconut oils","description":"Silky Tail Untangler for healthy, beautiful grooming.Silky Tail Untangler does not contain Silicon, will not leave the hair brittle.","robots":{"index":"index","follow":"follow","max-snippet":"max-snippet:-1","max-image-preview":"max-image-preview:large","max-video-preview":"max-video-preview:-1"},"canonical":"https:\/\/tetraktis.si\/en\/izdelek\/silky-tail-1ltr\/","og_locale":"en_US","og_type":"article","og_title":"Silky Tail Untangler contains Hydrolysed Silk, and Coconut oils","og_description":"Silky Tail Untangler for healthy, beautiful grooming.Silky Tail Untangler does not contain Silicon, will not leave the hair brittle.","og_url":"https:\/\/tetraktis.si\/en\/izdelek\/silky-tail-1ltr\/","og_site_name":"Tetraktis- Equine America, Dorwest, Excel","article_publisher":"https:\/\/business.facebook.com\/equineamericashop\/?business_id=193323571192825","article_modified_time":"2023-03-28T06:58:58+00:00","og_image":[{"width":500,"height":500,"url":"https:\/\/tetraktis.si\/wp-content\/uploads\/2022\/04\/Silky-Tail-Un-Tangler-750ml1.jpg","type":"image\/jpeg"}],"twitter_card":"summary_large_image","twitter_site":"@TetraktisInfo","twitter_misc":{"Est. reading time":"1 minute"},"schema":{"@context":"https:\/\/schema.org","@graph":[{"@type":"WebPage","@id":"https:\/\/tetraktis.si\/en\/izdelek\/silky-tail-1ltr\/","url":"https:\/\/tetraktis.si\/en\/izdelek\/silky-tail-1ltr\/","name":"Silky Tail Untangler contains Hydrolysed Silk, and Coconut oils","isPartOf":{"@id":"https:\/\/tetraktis.si\/en\/#website"},"primaryImageOfPage":{"@id":"https:\/\/tetraktis.si\/en\/izdelek\/silky-tail-1ltr\/#primaryimage"},"image":{"@id":"https:\/\/tetraktis.si\/en\/izdelek\/silky-tail-1ltr\/#primaryimage"},"thumbnailUrl":"https:\/\/tetraktis.si\/wp-content\/uploads\/2022\/04\/Silky-Tail-Un-Tangler-750ml1.jpg","datePublished":"2022-04-30T21:57:16+00:00","dateModified":"2023-03-28T06:58:58+00:00","description":"Silky Tail Untangler for healthy, beautiful grooming.Silky Tail Untangler does not contain Silicon, will not leave the hair brittle.","breadcrumb":{"@id":"https:\/\/tetraktis.si\/en\/izdelek\/silky-tail-1ltr\/#breadcrumb"},"inLanguage":"en-US","potentialAction":[{"@type":"ReadAction","target":["https:\/\/tetraktis.si\/en\/izdelek\/silky-tail-1ltr\/"]}]},{"@type":"ImageObject","inLanguage":"en-US","@id":"https:\/\/tetraktis.si\/en\/izdelek\/silky-tail-1ltr\/#primaryimage","url":"https:\/\/tetraktis.si\/wp-content\/uploads\/2022\/04\/Silky-Tail-Un-Tangler-750ml1.jpg","contentUrl":"https:\/\/tetraktis.si\/wp-content\/uploads\/2022\/04\/Silky-Tail-Un-Tangler-750ml1.jpg","width":500,"height":500},{"@type":"BreadcrumbList","@id":"https:\/\/tetraktis.si\/en\/izdelek\/silky-tail-1ltr\/#breadcrumb","itemListElement":[{"@type":"ListItem","position":1,"name":"Shop","item":"https:\/\/tetraktis.si\/en\/shop-3\/"},{"@type":"ListItem","position":2,"name":"Silky Tail Untangler 1ltr"}]},{"@type":"WebSite","@id":"https:\/\/tetraktis.si\/en\/#website","url":"https:\/\/tetraktis.si\/en\/","name":"Tetraktis- Equine America, Dorwest, Excel","description":"Samo najbolj\u0161e za va\u0161e \u017eivali","publisher":{"@id":"https:\/\/tetraktis.si\/en\/#organization"},"potentialAction":[{"@type":"SearchAction","target":{"@type":"EntryPoint","urlTemplate":"https:\/\/tetraktis.si\/en\/?s={search_term_string}"},"query-input":{"@type":"PropertyValueSpecification","valueRequired":true,"valueName":"search_term_string"}}],"inLanguage":"en-US"},{"@type":"Organization","@id":"https:\/\/tetraktis.si\/en\/#organization","name":"Tetraktis","url":"https:\/\/tetraktis.si\/en\/","logo":{"@type":"ImageObject","inLanguage":"en-US","@id":"https:\/\/tetraktis.si\/en\/#\/schema\/logo\/image\/","url":"https:\/\/tetraktis.si\/wp-content\/uploads\/2022\/06\/logo.webp","contentUrl":"https:\/\/tetraktis.si\/wp-content\/uploads\/2022\/06\/logo.webp","width":400,"height":211,"caption":"Tetraktis"},"image":{"@id":"https:\/\/tetraktis.si\/en\/#\/schema\/logo\/image\/"},"sameAs":["https:\/\/business.facebook.com\/equineamericashop\/?business_id=193323571192825","https:\/\/x.com\/TetraktisInfo","https:\/\/www.instagram.com\/tetraktisslovenija\/","https:\/\/www.youtube.com\/channel\/UCk_PdKMdtpZ4pf0RRFL1vYA"]}]}},"_links":{"self":[{"href":"https:\/\/tetraktis.si\/en\/wp-json\/wp\/v2\/product\/32352","targetHints":{"allow":["GET"]}}],"collection":[{"href":"https:\/\/tetraktis.si\/en\/wp-json\/wp\/v2\/product"}],"about":[{"href":"https:\/\/tetraktis.si\/en\/wp-json\/wp\/v2\/types\/product"}],"replies":[{"embeddable":true,"href":"https:\/\/tetraktis.si\/en\/wp-json\/wp\/v2\/comments?post=32352"}],"version-history":[{"count":1,"href":"https:\/\/tetraktis.si\/en\/wp-json\/wp\/v2\/product\/32352\/revisions"}],"predecessor-version":[{"id":34262,"href":"https:\/\/tetraktis.si\/en\/wp-json\/wp\/v2\/product\/32352\/revisions\/34262"}],"wp:featuredmedia":[{"embeddable":true,"href":"https:\/\/tetraktis.si\/en\/wp-json\/wp\/v2\/media\/25154"}],"wp:attachment":[{"href":"https:\/\/tetraktis.si\/en\/wp-json\/wp\/v2\/media?parent=32352"}],"wp:term":[{"taxonomy":"product_brand","embeddable":true,"href":"https:\/\/tetraktis.si\/en\/wp-json\/wp\/v2\/product_brand?post=32352"},{"taxonomy":"product_cat","embeddable":true,"href":"https:\/\/tetraktis.si\/en\/wp-json\/wp\/v2\/product_cat?post=32352"},{"taxonomy":"product_tag","embeddable":true,"href":"https:\/\/tetraktis.si\/en\/wp-json\/wp\/v2\/product_tag?post=32352"}],"curies":[{"name":"wp","href":"https:\/\/api.w.org\/{rel}","templated":true}]}}