{"id":32348,"date":"2022-04-27T15:51:04","date_gmt":"2022-04-27T13:51:04","guid":{"rendered":"https:\/\/cortaflex.si\/izdelek\/emune-solution-for-horses-1-ltr\/"},"modified":"2025-10-27T11:14:50","modified_gmt":"2025-10-27T10:14:50","slug":"emune-solution-for-horses-1-ltr","status":"publish","type":"product","link":"https:\/\/tetraktis.si\/en\/izdelek\/emune-solution-for-horses-1-ltr\/","title":{"rendered":"Emune\u00ae solution for horses 1 ltr"},"content":{"rendered":"<div class=\"detaildescription\">\n<h1>Emune Equine America- support to the immune system<\/h1>\n<p>The role of the immune system is to defend the horse\u2019s body against foreign invaders or pathogens, which may cause disease or infections and include bacteria, viruses, fungal invaders, foreign proteins, or parasites.<\/p>\n<p>If the immune system is compromised, it may not be able to effectively combat these challenges, and health and performance can be affected.<\/p>\n<p>All horses and ponies\u2019 immune systems are under constant challenge, and research has shown that stress can also result in a less efficient immune system.<\/p>\n<p>Common stressors may include intense training regimes and competition programs, frequent traveling, stabling away from home at shows with large numbers of other, unfamiliar horses, irregular feeding times, changes in management routines, poor nutrition, and disruptions to social interactions (new horses entering or leaving the normal grouping).<\/p>\n<p>In addition, old or very young horses will often have an immune system that may doesn\u2019t function as well as it should, increasing the risk of disease in these groups.<\/p>\n<h2><strong>The immune system has 3 main lines of defense:<\/strong><\/h2>\n<p><strong>Physical barriers<\/strong> \u2013 including the skin, the cornea of the eye, and the membranes lining the respiratory tract, the digestive tract, and the reproductive and urinary tracts. When these barriers are intact and healthy, they can stop many invaders from entering the body and causing disease. These physical barriers are further supported by the microbiome \u2013 the population of beneficial micro-organisms, which can help to destroy invaders,\u00a0 especially in the gut<\/p>\n<p><strong>Innate or non-specific immunity\u00a0<\/strong>\u2013 if the physical defenses are breached \u2013 perhaps by bacteria entering a wound in the skin, or the mucous membranes of the respiratory tract are overwhelmed by airborne viruses, the immune system recognizes these harmful invaders, and very rapidly, special cells release chemical messages, both to set up the inflammatory response (which we may see as heat, swelling, and pain), and to alert the next phase of defense. This initial rapid innate or non-specific response doesn\u2019t differentiate between the different types of invaders but just sends white blood cells to the area of invasion, to kill the invading organisms.<\/p>\n<p><strong>Specific or adaptive immunity<\/strong>\u00a0\u2013 Once this rapid response is underway, the specific response to the particular invader can begin, and this adaptive immune system \u201clearns\u201d the best way to attack and destroy each different pathogen, creating an \u201cimmune memory\u201d so when that invader is encountered again, the specific immune system can send more white blood cells and antibodies to attach to the surface of the bacteria or virus, and stop it multiplying and infecting other healthy cells.<\/p>\n<p>This whole process begins in a matter of seconds, and can last for days, or even weeks! Targeted nutrition for horses and ponies when their immune system is compromised, or not working as it should, can help to support the immune system and encourage the healing and recovery process.<\/p>\n<p>Horses and ponies who are unwell, and in particularly sick or unthrifty foals should always receive veterinary attention.<\/p>\n<h2><u>What is Emune<\/u><sup>TM\u00a0<\/sup><u>Solution?<\/u><\/h2>\n<p>If the immune system is compromised, it may not be able to effectively combat these challenges, and health and performance can be affected.<\/p>\n<p>Emune by Equine America\u00a0is a powerful blend of nutrients designed to provide support to the immune system:<\/p>\n<ul>\n<li>including <strong>Echinacea<\/strong>, which has been shown to support both red and white blood cells, as well as Astragalus \u2013 a plant root thought to help strengthen and regulate the immune system.<\/li>\n<li><strong>Antioxidant vitamins C and E<\/strong> are also provided to support immune function, in addition to plant-based <strong>antioxidants Blueberry and Turmeric<\/strong>.<\/li>\n<li><strong>Yeast-derived nucleotides<\/strong> help provide support to the gut-based <strong>immune system<\/strong> \u2013 increasingly recognized as playing an important role in maintaining health and well-being.<\/li>\n<\/ul>\n<p><strong>Emune Equine America<\/strong> is also suitable for foals needing additional immune support and should be fed at a suitably reduced rate based upon bodyweight.<\/p>\n<p>Emune Solution is a palatable liquid formulation, which can be mixed in feed, or syringed as required.<\/p>\n<h3><strong>Echinacea<\/strong> contains strong components that have been known to stimulate <strong>the immune system<\/strong>, it is taken by many people to cure <strong>colds and flu<\/strong>.<\/h3>\n<p><strong>Echinacea<\/strong> contains <strong>interleukin<\/strong> which is important for the<strong> immune system<\/strong> to function.<\/p>\n<p><strong>Echinacea,<\/strong>\u00a0however, isn\u2019t easy for the body to absorb which is why we have added <strong>Astralgus<\/strong> to aid the absorption of Echinacea.<\/p>\n<p><strong>NEW:<\/strong> We have now added <a href=\"https:\/\/www.tetraktis.si\/en\/product\/equine-america-turmeric-3-kg\/\"><strong>Tumeric<\/strong><\/a> to Emune. <strong>Turmeric<\/strong> has been used for centuries due to its compounds (the major one being <strong>Curcumin<\/strong>) which have been linked to having strong <strong>anti-inflammatory effects.<\/strong><\/p>\n<p><strong>Nutrition Information<\/strong><\/p>\n<table border=\"1\" width=\"243\" cellspacing=\"0\" cellpadding=\"0\">\n<tbody>\n<tr>\n<td colspan=\"2\">Daily Serving Size: 30 mls\u00a0\u00a0for an average 500kg horse<\/p>\n<p>Servings per 1 litre container: 33 days<\/td>\n<\/tr>\n<tr>\n<td>\n<p align=\"center\">Active Ingredient<\/p>\n<\/td>\n<td>\n<p align=\"center\">Amount<\/p>\n<p align=\"center\">per 30 ml Serving<\/p>\n<\/td>\n<\/tr>\n<tr>\n<td>Echinacea extract<\/td>\n<td>\n<p align=\"center\">210mg<\/p>\n<\/td>\n<\/tr>\n<tr>\n<td>Astragalus<\/td>\n<td>\n<p align=\"center\">210mg<\/p>\n<\/td>\n<\/tr>\n<tr>\n<td>Vitamin C<\/td>\n<td>\n<p align=\"center\">1,000mg<\/p>\n<\/td>\n<\/tr>\n<tr>\n<td>Vitamin E<\/td>\n<td>\n<p align=\"center\">200mg<\/p>\n<\/td>\n<\/tr>\n<tr>\n<td>Blueberry Extract<\/td>\n<td>\n<p align=\"center\">10mg<\/p>\n<\/td>\n<\/tr>\n<tr>\n<td>Turmeric<\/td>\n<td>\n<p align=\"center\">30mg<\/p>\n<\/td>\n<\/tr>\n<tr>\n<td>Nucleotides<\/td>\n<td>\n<p align=\"center\">2000mg<\/p>\n<\/td>\n<\/tr>\n<\/tbody>\n<\/table>\n<\/div>\n<div class=\"table-wrapper\"><\/div>\n<div class=\"table-wrapper\"><strong style=\"color: #555555;\">Directions\u00a0<\/strong><\/div>\n<div class=\"detaildescription\">\n<p>For a typical 500kg horse: 30ml per day. Do not exceed recommended intake unless under professional advice<\/p>\n<p>Size: 1Ltr (1 month supply)<\/p>\n<p><a style=\"color: #9a15a1;\" href=\"https:\/\/www.tetraktis.si\/wp-content\/uploads\/2016\/06\/Emune.pdf\">LABEL INFORMATION<\/a><\/p>\n<\/div>\n<div class=\"detailprice\"><\/div>\n","protected":false},"excerpt":{"rendered":"<div id=\"ProductHeading\">\n<p>Support the emune system at times of stress<\/p>\n<\/div>\n<div class=\"prodContent\">\n<p>\u00a0In situations as <strong>travelling for competition<\/strong> or <strong>moving to a new yard<\/strong>, when <strong>fatigued<\/strong>, or when a support is required for <strong>health<\/strong>, Emune Solution, with extracts of Echinacea and Astragalus, may be used to aid the immune system.<\/p>\n<\/div>\n","protected":false},"featured_media":21732,"comment_status":"open","ping_status":"closed","template":"","meta":[],"product_brand":[],"product_cat":[3313,3326,3316,3315],"product_tag":[],"class_list":{"0":"post-32348","1":"product","2":"type-product","3":"status-publish","4":"has-post-thumbnail","6":"product_cat-competition","7":"product_cat-products-onsale-horses","8":"product_cat-vitamins-minerals","9":"product_cat-wellbeing","12":"first","13":"instock","14":"taxable","15":"shipping-taxable","16":"purchasable","17":"product-type-simple"},"yoast_head":"<!-- This site is optimized with the Yoast SEO Premium plugin v20.10 (Yoast SEO v27.5) - https:\/\/yoast.com\/product\/yoast-seo-premium-wordpress\/ -->\n<title>Emune Equine America - extracts of Echinacea, Astragalus and Turmeric<\/title>\n<meta name=\"description\" content=\"Emune Equine America for horses to support the emune system at times of illness and stress (travelling, when fatigued etc.).\" \/>\n<meta name=\"robots\" content=\"index, follow, max-snippet:-1, max-image-preview:large, max-video-preview:-1\" \/>\n<link rel=\"canonical\" href=\"https:\/\/tetraktis.si\/en\/izdelek\/emune-solution-for-horses-1-ltr\/\" \/>\n<meta property=\"og:locale\" content=\"en_US\" \/>\n<meta property=\"og:type\" content=\"article\" \/>\n<meta property=\"og:title\" content=\"Emune Equine America - extracts of Echinacea, Astragalus and Turmeric\" \/>\n<meta property=\"og:description\" content=\"Emune Equine America for horses to support the emune system at times of illness and stress (travelling, when fatigued etc.).\" \/>\n<meta property=\"og:url\" content=\"https:\/\/tetraktis.si\/en\/izdelek\/emune-solution-for-horses-1-ltr\/\" \/>\n<meta property=\"og:site_name\" content=\"Tetraktis- Equine America, Dorwest, Excel\" \/>\n<meta property=\"article:publisher\" content=\"https:\/\/business.facebook.com\/equineamericashop\/?business_id=193323571192825\" \/>\n<meta property=\"article:modified_time\" content=\"2025-10-27T10:14:50+00:00\" \/>\n<meta property=\"og:image\" content=\"https:\/\/tetraktis.si\/wp-content\/uploads\/2022\/04\/EMUNE.jpg\" \/>\n\t<meta property=\"og:image:width\" content=\"924\" \/>\n\t<meta property=\"og:image:height\" content=\"924\" \/>\n\t<meta property=\"og:image:type\" content=\"image\/jpeg\" \/>\n<meta name=\"twitter:card\" content=\"summary_large_image\" \/>\n<meta name=\"twitter:site\" content=\"@TetraktisInfo\" \/>\n<meta name=\"twitter:label1\" content=\"Est. reading time\" \/>\n\t<meta name=\"twitter:data1\" content=\"4 minutes\" \/>\n<script type=\"application\/ld+json\" class=\"yoast-schema-graph\">{\"@context\":\"https:\\\/\\\/schema.org\",\"@graph\":[{\"@type\":\"WebPage\",\"@id\":\"https:\\\/\\\/tetraktis.si\\\/en\\\/izdelek\\\/emune-solution-for-horses-1-ltr\\\/\",\"url\":\"https:\\\/\\\/tetraktis.si\\\/en\\\/izdelek\\\/emune-solution-for-horses-1-ltr\\\/\",\"name\":\"Emune Equine America - extracts of Echinacea, Astragalus and Turmeric\",\"isPartOf\":{\"@id\":\"https:\\\/\\\/tetraktis.si\\\/en\\\/#website\"},\"primaryImageOfPage\":{\"@id\":\"https:\\\/\\\/tetraktis.si\\\/en\\\/izdelek\\\/emune-solution-for-horses-1-ltr\\\/#primaryimage\"},\"image\":{\"@id\":\"https:\\\/\\\/tetraktis.si\\\/en\\\/izdelek\\\/emune-solution-for-horses-1-ltr\\\/#primaryimage\"},\"thumbnailUrl\":\"https:\\\/\\\/tetraktis.si\\\/wp-content\\\/uploads\\\/2022\\\/04\\\/EMUNE.jpg\",\"datePublished\":\"2022-04-27T13:51:04+00:00\",\"dateModified\":\"2025-10-27T10:14:50+00:00\",\"description\":\"Emune Equine America for horses to support the emune system at times of illness and stress (travelling, when fatigued etc.).\",\"breadcrumb\":{\"@id\":\"https:\\\/\\\/tetraktis.si\\\/en\\\/izdelek\\\/emune-solution-for-horses-1-ltr\\\/#breadcrumb\"},\"inLanguage\":\"en-US\",\"potentialAction\":[{\"@type\":\"ReadAction\",\"target\":[\"https:\\\/\\\/tetraktis.si\\\/en\\\/izdelek\\\/emune-solution-for-horses-1-ltr\\\/\"]}]},{\"@type\":\"ImageObject\",\"inLanguage\":\"en-US\",\"@id\":\"https:\\\/\\\/tetraktis.si\\\/en\\\/izdelek\\\/emune-solution-for-horses-1-ltr\\\/#primaryimage\",\"url\":\"https:\\\/\\\/tetraktis.si\\\/wp-content\\\/uploads\\\/2022\\\/04\\\/EMUNE.jpg\",\"contentUrl\":\"https:\\\/\\\/tetraktis.si\\\/wp-content\\\/uploads\\\/2022\\\/04\\\/EMUNE.jpg\",\"width\":924,\"height\":924},{\"@type\":\"BreadcrumbList\",\"@id\":\"https:\\\/\\\/tetraktis.si\\\/en\\\/izdelek\\\/emune-solution-for-horses-1-ltr\\\/#breadcrumb\",\"itemListElement\":[{\"@type\":\"ListItem\",\"position\":1,\"name\":\"Shop\",\"item\":\"https:\\\/\\\/tetraktis.si\\\/en\\\/shop-3\\\/\"},{\"@type\":\"ListItem\",\"position\":2,\"name\":\"Emune\u00ae solution for horses 1 ltr\"}]},{\"@type\":\"WebSite\",\"@id\":\"https:\\\/\\\/tetraktis.si\\\/en\\\/#website\",\"url\":\"https:\\\/\\\/tetraktis.si\\\/en\\\/\",\"name\":\"Tetraktis- Equine America, Dorwest, Excel\",\"description\":\"Samo najbolj\u0161e za va\u0161e \u017eivali\",\"publisher\":{\"@id\":\"https:\\\/\\\/tetraktis.si\\\/en\\\/#organization\"},\"potentialAction\":[{\"@type\":\"SearchAction\",\"target\":{\"@type\":\"EntryPoint\",\"urlTemplate\":\"https:\\\/\\\/tetraktis.si\\\/en\\\/?s={search_term_string}\"},\"query-input\":{\"@type\":\"PropertyValueSpecification\",\"valueRequired\":true,\"valueName\":\"search_term_string\"}}],\"inLanguage\":\"en-US\"},{\"@type\":\"Organization\",\"@id\":\"https:\\\/\\\/tetraktis.si\\\/en\\\/#organization\",\"name\":\"Tetraktis\",\"url\":\"https:\\\/\\\/tetraktis.si\\\/en\\\/\",\"logo\":{\"@type\":\"ImageObject\",\"inLanguage\":\"en-US\",\"@id\":\"https:\\\/\\\/tetraktis.si\\\/en\\\/#\\\/schema\\\/logo\\\/image\\\/\",\"url\":\"https:\\\/\\\/tetraktis.si\\\/wp-content\\\/uploads\\\/2022\\\/06\\\/logo.webp\",\"contentUrl\":\"https:\\\/\\\/tetraktis.si\\\/wp-content\\\/uploads\\\/2022\\\/06\\\/logo.webp\",\"width\":400,\"height\":211,\"caption\":\"Tetraktis\"},\"image\":{\"@id\":\"https:\\\/\\\/tetraktis.si\\\/en\\\/#\\\/schema\\\/logo\\\/image\\\/\"},\"sameAs\":[\"https:\\\/\\\/business.facebook.com\\\/equineamericashop\\\/?business_id=193323571192825\",\"https:\\\/\\\/x.com\\\/TetraktisInfo\",\"https:\\\/\\\/www.instagram.com\\\/tetraktisslovenija\\\/\",\"https:\\\/\\\/www.youtube.com\\\/channel\\\/UCk_PdKMdtpZ4pf0RRFL1vYA\"]}]}<\/script>\n<!-- \/ Yoast SEO Premium plugin. -->","yoast_head_json":{"title":"Emune Equine America - extracts of Echinacea, Astragalus and Turmeric","description":"Emune Equine America for horses to support the emune system at times of illness and stress (travelling, when fatigued etc.).","robots":{"index":"index","follow":"follow","max-snippet":"max-snippet:-1","max-image-preview":"max-image-preview:large","max-video-preview":"max-video-preview:-1"},"canonical":"https:\/\/tetraktis.si\/en\/izdelek\/emune-solution-for-horses-1-ltr\/","og_locale":"en_US","og_type":"article","og_title":"Emune Equine America - extracts of Echinacea, Astragalus and Turmeric","og_description":"Emune Equine America for horses to support the emune system at times of illness and stress (travelling, when fatigued etc.).","og_url":"https:\/\/tetraktis.si\/en\/izdelek\/emune-solution-for-horses-1-ltr\/","og_site_name":"Tetraktis- Equine America, Dorwest, Excel","article_publisher":"https:\/\/business.facebook.com\/equineamericashop\/?business_id=193323571192825","article_modified_time":"2025-10-27T10:14:50+00:00","og_image":[{"width":924,"height":924,"url":"https:\/\/tetraktis.si\/wp-content\/uploads\/2022\/04\/EMUNE.jpg","type":"image\/jpeg"}],"twitter_card":"summary_large_image","twitter_site":"@TetraktisInfo","twitter_misc":{"Est. reading time":"4 minutes"},"schema":{"@context":"https:\/\/schema.org","@graph":[{"@type":"WebPage","@id":"https:\/\/tetraktis.si\/en\/izdelek\/emune-solution-for-horses-1-ltr\/","url":"https:\/\/tetraktis.si\/en\/izdelek\/emune-solution-for-horses-1-ltr\/","name":"Emune Equine America - extracts of Echinacea, Astragalus and Turmeric","isPartOf":{"@id":"https:\/\/tetraktis.si\/en\/#website"},"primaryImageOfPage":{"@id":"https:\/\/tetraktis.si\/en\/izdelek\/emune-solution-for-horses-1-ltr\/#primaryimage"},"image":{"@id":"https:\/\/tetraktis.si\/en\/izdelek\/emune-solution-for-horses-1-ltr\/#primaryimage"},"thumbnailUrl":"https:\/\/tetraktis.si\/wp-content\/uploads\/2022\/04\/EMUNE.jpg","datePublished":"2022-04-27T13:51:04+00:00","dateModified":"2025-10-27T10:14:50+00:00","description":"Emune Equine America for horses to support the emune system at times of illness and stress (travelling, when fatigued etc.).","breadcrumb":{"@id":"https:\/\/tetraktis.si\/en\/izdelek\/emune-solution-for-horses-1-ltr\/#breadcrumb"},"inLanguage":"en-US","potentialAction":[{"@type":"ReadAction","target":["https:\/\/tetraktis.si\/en\/izdelek\/emune-solution-for-horses-1-ltr\/"]}]},{"@type":"ImageObject","inLanguage":"en-US","@id":"https:\/\/tetraktis.si\/en\/izdelek\/emune-solution-for-horses-1-ltr\/#primaryimage","url":"https:\/\/tetraktis.si\/wp-content\/uploads\/2022\/04\/EMUNE.jpg","contentUrl":"https:\/\/tetraktis.si\/wp-content\/uploads\/2022\/04\/EMUNE.jpg","width":924,"height":924},{"@type":"BreadcrumbList","@id":"https:\/\/tetraktis.si\/en\/izdelek\/emune-solution-for-horses-1-ltr\/#breadcrumb","itemListElement":[{"@type":"ListItem","position":1,"name":"Shop","item":"https:\/\/tetraktis.si\/en\/shop-3\/"},{"@type":"ListItem","position":2,"name":"Emune\u00ae solution for horses 1 ltr"}]},{"@type":"WebSite","@id":"https:\/\/tetraktis.si\/en\/#website","url":"https:\/\/tetraktis.si\/en\/","name":"Tetraktis- Equine America, Dorwest, Excel","description":"Samo najbolj\u0161e za va\u0161e \u017eivali","publisher":{"@id":"https:\/\/tetraktis.si\/en\/#organization"},"potentialAction":[{"@type":"SearchAction","target":{"@type":"EntryPoint","urlTemplate":"https:\/\/tetraktis.si\/en\/?s={search_term_string}"},"query-input":{"@type":"PropertyValueSpecification","valueRequired":true,"valueName":"search_term_string"}}],"inLanguage":"en-US"},{"@type":"Organization","@id":"https:\/\/tetraktis.si\/en\/#organization","name":"Tetraktis","url":"https:\/\/tetraktis.si\/en\/","logo":{"@type":"ImageObject","inLanguage":"en-US","@id":"https:\/\/tetraktis.si\/en\/#\/schema\/logo\/image\/","url":"https:\/\/tetraktis.si\/wp-content\/uploads\/2022\/06\/logo.webp","contentUrl":"https:\/\/tetraktis.si\/wp-content\/uploads\/2022\/06\/logo.webp","width":400,"height":211,"caption":"Tetraktis"},"image":{"@id":"https:\/\/tetraktis.si\/en\/#\/schema\/logo\/image\/"},"sameAs":["https:\/\/business.facebook.com\/equineamericashop\/?business_id=193323571192825","https:\/\/x.com\/TetraktisInfo","https:\/\/www.instagram.com\/tetraktisslovenija\/","https:\/\/www.youtube.com\/channel\/UCk_PdKMdtpZ4pf0RRFL1vYA"]}]}},"_links":{"self":[{"href":"https:\/\/tetraktis.si\/en\/wp-json\/wp\/v2\/product\/32348","targetHints":{"allow":["GET"]}}],"collection":[{"href":"https:\/\/tetraktis.si\/en\/wp-json\/wp\/v2\/product"}],"about":[{"href":"https:\/\/tetraktis.si\/en\/wp-json\/wp\/v2\/types\/product"}],"replies":[{"embeddable":true,"href":"https:\/\/tetraktis.si\/en\/wp-json\/wp\/v2\/comments?post=32348"}],"version-history":[{"count":1,"href":"https:\/\/tetraktis.si\/en\/wp-json\/wp\/v2\/product\/32348\/revisions"}],"predecessor-version":[{"id":37043,"href":"https:\/\/tetraktis.si\/en\/wp-json\/wp\/v2\/product\/32348\/revisions\/37043"}],"wp:featuredmedia":[{"embeddable":true,"href":"https:\/\/tetraktis.si\/en\/wp-json\/wp\/v2\/media\/21732"}],"wp:attachment":[{"href":"https:\/\/tetraktis.si\/en\/wp-json\/wp\/v2\/media?parent=32348"}],"wp:term":[{"taxonomy":"product_brand","embeddable":true,"href":"https:\/\/tetraktis.si\/en\/wp-json\/wp\/v2\/product_brand?post=32348"},{"taxonomy":"product_cat","embeddable":true,"href":"https:\/\/tetraktis.si\/en\/wp-json\/wp\/v2\/product_cat?post=32348"},{"taxonomy":"product_tag","embeddable":true,"href":"https:\/\/tetraktis.si\/en\/wp-json\/wp\/v2\/product_tag?post=32348"}],"curies":[{"name":"wp","href":"https:\/\/api.w.org\/{rel}","templated":true}]}}