{"id":32346,"date":"2022-04-27T15:51:04","date_gmt":"2022-04-27T13:51:04","guid":{"rendered":"https:\/\/cortaflex.si\/izdelek\/formula-1\/"},"modified":"2026-04-16T22:25:20","modified_gmt":"2026-04-16T20:25:20","slug":"formula-1","status":"publish","type":"product","link":"https:\/\/tetraktis.si\/en\/izdelek\/formula-1\/","title":{"rendered":"Formula 1"},"content":{"rendered":"<p><strong>Formula 1 PLUS CORTAFLEX\u00ae<\/strong>, fed alongside\u00a0an existing feeding regime will maximise performance and reduce the potential ill effects of training and\u00a0competition. <strong>Formula 1 PLUS CORTAFLEX\u00ae<\/strong> pellets have been produced using a cold compress technique to preserve\u00a0all of the nutritional benefits and with added oil to provide energy without additional starch.<\/p>\n<ul>\n<li>Soothe, coat and protect<strong> the stomach<\/strong>,<\/li>\n<li>Provide the essential <strong>vitamins and minerals<\/strong> for optimal <strong>condition and tissue regeneration<\/strong>,<\/li>\n<li>Supply <strong>probiotics<\/strong> to maximise food utilization and <strong>reduce stress<\/strong> on the hind gut,<\/li>\n<li>Increase <strong>energy and stamina<\/strong>, maximising performance and reducing recovery times,<\/li>\n<li>Build high quality <strong>muscle<\/strong> for strength and vigour,<\/li>\n<li>Increase <strong>bone density and strength<\/strong>,<\/li>\n<li>To <strong>protect joints<\/strong>, enhance flexibility and maximise concussion absorption.<\/li>\n<\/ul>\n<div class=\"descTitle\">\n<h2>Key Features<\/h2>\n<\/div>\n<div class=\"descInfo marginBottom\">\n<ul>\n<li><strong>Joint support:<\/strong>\u00a0Collagen, hyaluronic acid, key amino acids, Boswellia, Turmeric, Silicon and MSM<\/li>\n<li><strong>Digestive support:\u00a0<\/strong>Pectin, lecithin, liquorice, marshmallow, diatomaceous earth, probiotic<\/li>\n<li><strong>Muscle support:<\/strong>\u00a0Vitamin E, selenium, spirulina, rice bran, whey powder, copper<\/li>\n<li><strong>Immune support:<\/strong>\u00a0Echinacea<\/li>\n<li><strong>Energy support:<\/strong>\u00a0B vitamins<\/li>\n<li><strong>Health and wellbeing:<\/strong>\u00a0High level, broad spectrum mineral and vitamin premix<\/li>\n<\/ul>\n<\/div>\n<div class=\"descTitle\">\n<h2>About<\/h2>\n<\/div>\n<div class=\"descSub\">\n<p><strong>NEW IMPROVED &#8211;\u00a0FORMULA 1 PELLETS<\/strong><\/p>\n<p>Elite performance horses undertaking rigorous training, travelling,\u00a0<a name=\"_GoBack\"><\/a>competition or racing schedules may require additional support for their joints and muscles, digestive system, immune system and to maintain peak energy levels. Feeding several different supplements to meet these needs can be costly and time consuming. Formula 1 can solve this problem, combining key ingredients from Equine America\u2019s top performance products into one palatable, easy to feed pellet to provide nutritional support for gastric health, joints, muscles, bones, hooves and the immune system, as well as a broad spectrum mineral and vitamin supplement and probiotic.<\/p>\n<p>Available 3.6kg (36 days supply) and 10kg (100 servings )<\/p>\n<\/div>\n<div class=\"descSub\">\n<p><span style=\"font-size: 23.04px; color: #333333;\">High performance horses need a high performance fuel!<\/span><\/p>\n<\/div>\n<div class=\"descInfo marginBottom\">\n<ul>\n<li>Joint support: Collagen, hyaluronic acid, key amino acids, Boswellia, Turmeric, Silicon and MSM<\/li>\n<li>Digestive support: Pectin, lecithin, liquorice, marshmallow, diatomaceous earth, probiotic<\/li>\n<li>Muscle support: Vitamin E, selenium, spirulina, rice bran, whey powder, copper<\/li>\n<li>Immune support: Echinacea<\/li>\n<li>Energy support: B vitamins<\/li>\n<li>Health and wellbeing: High level, broad spectrum mineral and vitamin premix<\/li>\n<\/ul>\n<\/div>\n<p><a style=\"color: #9411a8;\" href=\"https:\/\/www.tetraktis.si\/wp-content\/uploads\/2019\/10\/FORMULA-1.pdf\">LABEL INFORMATION<\/a><\/p>\n","protected":false},"excerpt":{"rendered":"<p>When competing at top level, it can be necessary to have variety of <strong>supplements<\/strong> to aid performance.<\/p>\n<p>However, many different<strong> supplements<\/strong> can be costly and consume more time and space.<\/p>\n<p><strong>Formula 1<\/strong> solves this problem by combining six of<strong> Equine America&#8217;s<\/strong> top performance products into one easy to feed, palatable cold compressed pellet.<\/p>\n<p>&nbsp;<\/p>\n","protected":false},"featured_media":23775,"comment_status":"open","ping_status":"closed","template":"","meta":[],"product_brand":[],"product_cat":[3312,3313,3326,3314,3315],"product_tag":[],"class_list":{"0":"post-32346","1":"product","2":"type-product","3":"status-publish","4":"has-post-thumbnail","6":"product_cat-bones-muscles","7":"product_cat-competition","8":"product_cat-products-onsale-horses","9":"product_cat-mobility-joints","10":"product_cat-wellbeing","13":"first","14":"onbackorder","15":"taxable","16":"shipping-taxable","17":"purchasable","18":"product-type-simple"},"yoast_head":"<!-- This site is optimized with the Yoast SEO Premium plugin v20.10 (Yoast SEO v27.3) - https:\/\/yoast.com\/product\/yoast-seo-premium-wordpress\/ -->\n<title>FORMULA 1 PELLETS - by Equine America for competition horses<\/title>\n<meta name=\"description\" content=\"Formula 1- nutritional support for gastric health, joints, muscles, bones, hooves and the immune system, min., vit. and probiotics :-)\" \/>\n<meta name=\"robots\" content=\"index, follow, max-snippet:-1, max-image-preview:large, max-video-preview:-1\" \/>\n<link rel=\"canonical\" href=\"https:\/\/tetraktis.si\/en\/izdelek\/formula-1\/\" \/>\n<meta property=\"og:locale\" content=\"en_US\" \/>\n<meta property=\"og:type\" content=\"article\" \/>\n<meta property=\"og:title\" content=\"FORMULA 1 PELLETS - by Equine America for competition horses\" \/>\n<meta property=\"og:description\" content=\"Formula 1- nutritional support for gastric health, joints, muscles, bones, hooves and the immune system, min., vit. and probiotics :-)\" \/>\n<meta property=\"og:url\" content=\"https:\/\/tetraktis.si\/en\/izdelek\/formula-1\/\" \/>\n<meta property=\"og:site_name\" content=\"Tetraktis- Equine America, Dorwest, Excel\" \/>\n<meta property=\"article:publisher\" content=\"https:\/\/business.facebook.com\/equineamericashop\/?business_id=193323571192825\" \/>\n<meta property=\"article:modified_time\" content=\"2026-04-16T20:25:20+00:00\" \/>\n<meta property=\"og:image\" content=\"https:\/\/tetraktis.si\/wp-content\/uploads\/2022\/04\/FORMULA-1_36days-1.jpg\" \/>\n\t<meta property=\"og:image:width\" content=\"924\" \/>\n\t<meta property=\"og:image:height\" content=\"924\" \/>\n\t<meta property=\"og:image:type\" content=\"image\/jpeg\" \/>\n<meta name=\"twitter:card\" content=\"summary_large_image\" \/>\n<meta name=\"twitter:site\" content=\"@TetraktisInfo\" \/>\n<meta name=\"twitter:label1\" content=\"Est. reading time\" \/>\n\t<meta name=\"twitter:data1\" content=\"2 minutes\" \/>\n<script type=\"application\/ld+json\" class=\"yoast-schema-graph\">{\"@context\":\"https:\\\/\\\/schema.org\",\"@graph\":[{\"@type\":\"WebPage\",\"@id\":\"https:\\\/\\\/tetraktis.si\\\/en\\\/izdelek\\\/formula-1\\\/\",\"url\":\"https:\\\/\\\/tetraktis.si\\\/en\\\/izdelek\\\/formula-1\\\/\",\"name\":\"FORMULA 1 PELLETS - by Equine America for competition horses\",\"isPartOf\":{\"@id\":\"https:\\\/\\\/tetraktis.si\\\/en\\\/#website\"},\"primaryImageOfPage\":{\"@id\":\"https:\\\/\\\/tetraktis.si\\\/en\\\/izdelek\\\/formula-1\\\/#primaryimage\"},\"image\":{\"@id\":\"https:\\\/\\\/tetraktis.si\\\/en\\\/izdelek\\\/formula-1\\\/#primaryimage\"},\"thumbnailUrl\":\"https:\\\/\\\/tetraktis.si\\\/wp-content\\\/uploads\\\/2022\\\/04\\\/FORMULA-1_36days-1.jpg\",\"datePublished\":\"2022-04-27T13:51:04+00:00\",\"dateModified\":\"2026-04-16T20:25:20+00:00\",\"description\":\"Formula 1- nutritional support for gastric health, joints, muscles, bones, hooves and the immune system, min., vit. and probiotics :-)\",\"breadcrumb\":{\"@id\":\"https:\\\/\\\/tetraktis.si\\\/en\\\/izdelek\\\/formula-1\\\/#breadcrumb\"},\"inLanguage\":\"en-US\",\"potentialAction\":[{\"@type\":\"ReadAction\",\"target\":[\"https:\\\/\\\/tetraktis.si\\\/en\\\/izdelek\\\/formula-1\\\/\"]}]},{\"@type\":\"ImageObject\",\"inLanguage\":\"en-US\",\"@id\":\"https:\\\/\\\/tetraktis.si\\\/en\\\/izdelek\\\/formula-1\\\/#primaryimage\",\"url\":\"https:\\\/\\\/tetraktis.si\\\/wp-content\\\/uploads\\\/2022\\\/04\\\/FORMULA-1_36days-1.jpg\",\"contentUrl\":\"https:\\\/\\\/tetraktis.si\\\/wp-content\\\/uploads\\\/2022\\\/04\\\/FORMULA-1_36days-1.jpg\",\"width\":924,\"height\":924},{\"@type\":\"BreadcrumbList\",\"@id\":\"https:\\\/\\\/tetraktis.si\\\/en\\\/izdelek\\\/formula-1\\\/#breadcrumb\",\"itemListElement\":[{\"@type\":\"ListItem\",\"position\":1,\"name\":\"Shop\",\"item\":\"https:\\\/\\\/tetraktis.si\\\/en\\\/shop-3\\\/\"},{\"@type\":\"ListItem\",\"position\":2,\"name\":\"Formula 1\"}]},{\"@type\":\"WebSite\",\"@id\":\"https:\\\/\\\/tetraktis.si\\\/en\\\/#website\",\"url\":\"https:\\\/\\\/tetraktis.si\\\/en\\\/\",\"name\":\"Tetraktis- Equine America, Dorwest, Excel\",\"description\":\"Samo najbolj\u0161e za va\u0161e \u017eivali\",\"publisher\":{\"@id\":\"https:\\\/\\\/tetraktis.si\\\/en\\\/#organization\"},\"potentialAction\":[{\"@type\":\"SearchAction\",\"target\":{\"@type\":\"EntryPoint\",\"urlTemplate\":\"https:\\\/\\\/tetraktis.si\\\/en\\\/?s={search_term_string}\"},\"query-input\":{\"@type\":\"PropertyValueSpecification\",\"valueRequired\":true,\"valueName\":\"search_term_string\"}}],\"inLanguage\":\"en-US\"},{\"@type\":\"Organization\",\"@id\":\"https:\\\/\\\/tetraktis.si\\\/en\\\/#organization\",\"name\":\"Tetraktis\",\"url\":\"https:\\\/\\\/tetraktis.si\\\/en\\\/\",\"logo\":{\"@type\":\"ImageObject\",\"inLanguage\":\"en-US\",\"@id\":\"https:\\\/\\\/tetraktis.si\\\/en\\\/#\\\/schema\\\/logo\\\/image\\\/\",\"url\":\"https:\\\/\\\/tetraktis.si\\\/wp-content\\\/uploads\\\/2022\\\/06\\\/logo.webp\",\"contentUrl\":\"https:\\\/\\\/tetraktis.si\\\/wp-content\\\/uploads\\\/2022\\\/06\\\/logo.webp\",\"width\":400,\"height\":211,\"caption\":\"Tetraktis\"},\"image\":{\"@id\":\"https:\\\/\\\/tetraktis.si\\\/en\\\/#\\\/schema\\\/logo\\\/image\\\/\"},\"sameAs\":[\"https:\\\/\\\/business.facebook.com\\\/equineamericashop\\\/?business_id=193323571192825\",\"https:\\\/\\\/x.com\\\/TetraktisInfo\",\"https:\\\/\\\/www.instagram.com\\\/tetraktisslovenija\\\/\",\"https:\\\/\\\/www.youtube.com\\\/channel\\\/UCk_PdKMdtpZ4pf0RRFL1vYA\"]}]}<\/script>\n<!-- \/ Yoast SEO Premium plugin. -->","yoast_head_json":{"title":"FORMULA 1 PELLETS - by Equine America for competition horses","description":"Formula 1- nutritional support for gastric health, joints, muscles, bones, hooves and the immune system, min., vit. and probiotics :-)","robots":{"index":"index","follow":"follow","max-snippet":"max-snippet:-1","max-image-preview":"max-image-preview:large","max-video-preview":"max-video-preview:-1"},"canonical":"https:\/\/tetraktis.si\/en\/izdelek\/formula-1\/","og_locale":"en_US","og_type":"article","og_title":"FORMULA 1 PELLETS - by Equine America for competition horses","og_description":"Formula 1- nutritional support for gastric health, joints, muscles, bones, hooves and the immune system, min., vit. and probiotics :-)","og_url":"https:\/\/tetraktis.si\/en\/izdelek\/formula-1\/","og_site_name":"Tetraktis- Equine America, Dorwest, Excel","article_publisher":"https:\/\/business.facebook.com\/equineamericashop\/?business_id=193323571192825","article_modified_time":"2026-04-16T20:25:20+00:00","og_image":[{"width":924,"height":924,"url":"https:\/\/tetraktis.si\/wp-content\/uploads\/2022\/04\/FORMULA-1_36days-1.jpg","type":"image\/jpeg"}],"twitter_card":"summary_large_image","twitter_site":"@TetraktisInfo","twitter_misc":{"Est. reading time":"2 minutes"},"schema":{"@context":"https:\/\/schema.org","@graph":[{"@type":"WebPage","@id":"https:\/\/tetraktis.si\/en\/izdelek\/formula-1\/","url":"https:\/\/tetraktis.si\/en\/izdelek\/formula-1\/","name":"FORMULA 1 PELLETS - by Equine America for competition horses","isPartOf":{"@id":"https:\/\/tetraktis.si\/en\/#website"},"primaryImageOfPage":{"@id":"https:\/\/tetraktis.si\/en\/izdelek\/formula-1\/#primaryimage"},"image":{"@id":"https:\/\/tetraktis.si\/en\/izdelek\/formula-1\/#primaryimage"},"thumbnailUrl":"https:\/\/tetraktis.si\/wp-content\/uploads\/2022\/04\/FORMULA-1_36days-1.jpg","datePublished":"2022-04-27T13:51:04+00:00","dateModified":"2026-04-16T20:25:20+00:00","description":"Formula 1- nutritional support for gastric health, joints, muscles, bones, hooves and the immune system, min., vit. and probiotics :-)","breadcrumb":{"@id":"https:\/\/tetraktis.si\/en\/izdelek\/formula-1\/#breadcrumb"},"inLanguage":"en-US","potentialAction":[{"@type":"ReadAction","target":["https:\/\/tetraktis.si\/en\/izdelek\/formula-1\/"]}]},{"@type":"ImageObject","inLanguage":"en-US","@id":"https:\/\/tetraktis.si\/en\/izdelek\/formula-1\/#primaryimage","url":"https:\/\/tetraktis.si\/wp-content\/uploads\/2022\/04\/FORMULA-1_36days-1.jpg","contentUrl":"https:\/\/tetraktis.si\/wp-content\/uploads\/2022\/04\/FORMULA-1_36days-1.jpg","width":924,"height":924},{"@type":"BreadcrumbList","@id":"https:\/\/tetraktis.si\/en\/izdelek\/formula-1\/#breadcrumb","itemListElement":[{"@type":"ListItem","position":1,"name":"Shop","item":"https:\/\/tetraktis.si\/en\/shop-3\/"},{"@type":"ListItem","position":2,"name":"Formula 1"}]},{"@type":"WebSite","@id":"https:\/\/tetraktis.si\/en\/#website","url":"https:\/\/tetraktis.si\/en\/","name":"Tetraktis- Equine America, Dorwest, Excel","description":"Samo najbolj\u0161e za va\u0161e \u017eivali","publisher":{"@id":"https:\/\/tetraktis.si\/en\/#organization"},"potentialAction":[{"@type":"SearchAction","target":{"@type":"EntryPoint","urlTemplate":"https:\/\/tetraktis.si\/en\/?s={search_term_string}"},"query-input":{"@type":"PropertyValueSpecification","valueRequired":true,"valueName":"search_term_string"}}],"inLanguage":"en-US"},{"@type":"Organization","@id":"https:\/\/tetraktis.si\/en\/#organization","name":"Tetraktis","url":"https:\/\/tetraktis.si\/en\/","logo":{"@type":"ImageObject","inLanguage":"en-US","@id":"https:\/\/tetraktis.si\/en\/#\/schema\/logo\/image\/","url":"https:\/\/tetraktis.si\/wp-content\/uploads\/2022\/06\/logo.webp","contentUrl":"https:\/\/tetraktis.si\/wp-content\/uploads\/2022\/06\/logo.webp","width":400,"height":211,"caption":"Tetraktis"},"image":{"@id":"https:\/\/tetraktis.si\/en\/#\/schema\/logo\/image\/"},"sameAs":["https:\/\/business.facebook.com\/equineamericashop\/?business_id=193323571192825","https:\/\/x.com\/TetraktisInfo","https:\/\/www.instagram.com\/tetraktisslovenija\/","https:\/\/www.youtube.com\/channel\/UCk_PdKMdtpZ4pf0RRFL1vYA"]}]}},"_links":{"self":[{"href":"https:\/\/tetraktis.si\/en\/wp-json\/wp\/v2\/product\/32346","targetHints":{"allow":["GET"]}}],"collection":[{"href":"https:\/\/tetraktis.si\/en\/wp-json\/wp\/v2\/product"}],"about":[{"href":"https:\/\/tetraktis.si\/en\/wp-json\/wp\/v2\/types\/product"}],"replies":[{"embeddable":true,"href":"https:\/\/tetraktis.si\/en\/wp-json\/wp\/v2\/comments?post=32346"}],"version-history":[{"count":1,"href":"https:\/\/tetraktis.si\/en\/wp-json\/wp\/v2\/product\/32346\/revisions"}],"predecessor-version":[{"id":37042,"href":"https:\/\/tetraktis.si\/en\/wp-json\/wp\/v2\/product\/32346\/revisions\/37042"}],"wp:featuredmedia":[{"embeddable":true,"href":"https:\/\/tetraktis.si\/en\/wp-json\/wp\/v2\/media\/23775"}],"wp:attachment":[{"href":"https:\/\/tetraktis.si\/en\/wp-json\/wp\/v2\/media?parent=32346"}],"wp:term":[{"taxonomy":"product_brand","embeddable":true,"href":"https:\/\/tetraktis.si\/en\/wp-json\/wp\/v2\/product_brand?post=32346"},{"taxonomy":"product_cat","embeddable":true,"href":"https:\/\/tetraktis.si\/en\/wp-json\/wp\/v2\/product_cat?post=32346"},{"taxonomy":"product_tag","embeddable":true,"href":"https:\/\/tetraktis.si\/en\/wp-json\/wp\/v2\/product_tag?post=32346"}],"curies":[{"name":"wp","href":"https:\/\/api.w.org\/{rel}","templated":true}]}}